{"id":10809,"date":"2024-06-06T07:28:06","date_gmt":"2024-06-06T07:28:06","guid":{"rendered":"https:\/\/www.linkseride.com\/?post_type=product&#038;p=10809"},"modified":"2026-01-08T09:17:55","modified_gmt":"2026-01-08T09:17:55","slug":"m1p-pro-4000w-elektromotorrad-fur-erwachsene-50mph-usa-lager-auf-lager","status":"publish","type":"product","link":"https:\/\/www.linkseride.com\/de\/product\/m1p-pro-4000w-electric-motorcycle-for-adults-50mph-usa-warehouse-in-stock\/","title":{"rendered":"M1P Pro 4000W Elektromotorrad f\u00fcr Erwachsene 50MPH | US Warehouse"},"content":{"rendered":"<p>Wir sind begeistert von dem, was wir mit unserer elektrischen Zukunft vorhaben, einschlie\u00dflich <strong><a href=\"https:\/\/www.linkseride.com\/de\/electric-scooter-manufacturer\/\" target=\"_blank\" rel=\"noopener\">Elektroroller<\/a>, <a href=\"https:\/\/www.linkseride.com\/de\/fette-reifen-roller-elektrisch\/\" target=\"_blank\" rel=\"noopener\">Fat tire escooter<\/a>, <a href=\"https:\/\/www.linkseride.com\/de\/hersteller-von-elektromotorradern\/\" target=\"_blank\" rel=\"noopener\">Citycoco-Roller<\/a>, <a href=\"https:\/\/www.linkseride.com\/de\/hersteller-von-elektromopeds\/\" target=\"_blank\" rel=\"noopener\">elektrisches Moped<\/a><\/strong> und so weiter.<\/p>\n<p>M1P Pro 4000W Elektro-Motorrad f\u00fcr Erwachsene 50MPH USA Warehouse In Stock. Das neue M1P 2.0 Elektro-Motorrad f\u00fcr Erwachsene in den USA hat 4000W Motorleistung mit 60V 42 AH Batteriekapazit\u00e4t, Reichweite bis zu 110 Meilen.<\/p>\n<p><span style=\"font-size: 16px;\">Kontaktieren Sie uns, um weitere Einzelheiten zu erfahren.<\/span><\/p>\n<h2>Was sind die Hauptmerkmale dieses M1P Pro 4000W Elektromotorrads f\u00fcr Erwachsene?<\/h2>\n<table width=\"638\">\n<tbody>\n<tr>\n<td style=\"font-weight: 400;\" width=\"114\"><strong>Motor<\/strong><\/td>\n<td style=\"font-weight: 400;\" width=\"172\">60V 4000W<\/td>\n<td style=\"font-weight: 400;\" width=\"114\"><strong>Batterie<\/strong><\/td>\n<td style=\"font-weight: 400;\" width=\"238\">60V42Ah Li-Ionen-Akku<\/td>\n<\/tr>\n<tr>\n<td style=\"font-weight: 400;\" width=\"114\"><strong>Bremse<\/strong><\/td>\n<td style=\"font-weight: 400;\" width=\"172\">Doppelscheibenbremsen vorne und hinten<\/td>\n<td style=\"font-weight: 400;\" width=\"114\"><strong>Aufladezeit<\/strong><\/td>\n<td style=\"font-weight: 400;\" width=\"238\">3-4Stunden<\/td>\n<\/tr>\n<tr>\n<td style=\"font-weight: 400;\" width=\"114\"><strong>Licht<\/strong><\/td>\n<td style=\"font-weight: 400;\" width=\"172\">LED-Scheinwerfer, Abbiegelicht, R\u00fcckstrahler<\/td>\n<td style=\"font-weight: 400;\" width=\"114\"><strong>Sitz<\/strong><\/td>\n<td style=\"font-weight: 400;\" width=\"238\">Gerade Korn Kunstleder Sitz-Gr\u00f6\u00dfe: 18.1 * 12.6IN<\/td>\n<\/tr>\n<tr>\n<td style=\"font-weight: 400;\" width=\"114\"><strong>Maximale Belastung<\/strong><\/td>\n<td style=\"font-weight: 400;\" width=\"172\">200kgs<\/td>\n<td style=\"font-weight: 400;\" width=\"114\"><strong>Bereifung<\/strong><\/td>\n<td style=\"font-weight: 400;\" width=\"238\">14IN TNT Vakuum-Schlauchlos-Reifen<\/td>\n<\/tr>\n<tr>\n<td style=\"font-weight: 400;\" width=\"114\"><strong>Rahmen<\/strong><\/td>\n<td style=\"font-weight: 400;\" width=\"172\">Schwei\u00dfnahtloses Stahlrohr<\/td>\n<td style=\"font-weight: 400;\" width=\"114\"><strong>H\u00f6chstgeschwindigkeit<\/strong><\/td>\n<td style=\"font-weight: 400;\" width=\"238\">55mph<\/td>\n<\/tr>\n<tr>\n<td style=\"font-weight: 400;\" width=\"114\"><strong>Aufh\u00e4ngung<\/strong><\/td>\n<td style=\"font-weight: 400;\" width=\"172\">735-mm-Hydraulikgabel und 270-mm-Doppelring-Hydrauliksto\u00dfd\u00e4mpfer<\/td>\n<td style=\"font-weight: 400;\" width=\"114\"><strong>Ladeger\u00e4t<br \/>\n<\/strong><\/td>\n<td style=\"font-weight: 400;\" width=\"238\">67,2V ~ 5A smartes Ladeger\u00e4t (Ladezeit: 4-6 Stunden)<\/td>\n<\/tr>\n<\/tbody>\n<\/table>\n<h2>Was ist in diesem M1P Pro 4000W Elektro-Motorrad f\u00fcr Erwachsene Paket enthalten?<\/h2>\n<p>1* CityCoco Roller<br \/>\n1* Benutzerhandbuch<br \/>\n1* Batterieladeger\u00e4t<br \/>\n1* Spezifikation<br \/>\n1* Garantiekarte (Ein Jahr Garantie auf wichtige Ersatzteile, einschlie\u00dflich Motor, Ladeger\u00e4t, Steuerung Verpackung)<br \/>\nNormalerweise verwenden wir f\u00fcr den Versand 7-lagige Kartons mit Schaumstoffeinlage zum Schutz. Bei Bedarf sind auch Holz- oder Stahlrahmen erh\u00e4ltlich.<br \/>\nWir k\u00f6nnen die Waren in Ihre Markenboxen verpacken, nachdem wir Ihre Genehmigungsschreiben erhalten haben.<\/p>\n<h2><\/h2>\n<h2>Detailliertere Bilder f\u00fcr M1P Trike Scooter Electric USA<\/h2>\n<div id='gallery-1' class='gallery galleryid-10809 gallery-columns-3 gallery-size-full'><figure class='gallery-item'>\n\t\t\t<div class='gallery-icon landscape'>\n\t\t\t\t<img fetchpriority=\"high\" decoding=\"async\" width=\"1920\" height=\"1440\" src=\"https:\/\/www.linkseride.com\/wp-content\/uploads\/2023\/10\/Trike-Scooter-Electric-parts-cbb369dfbb9739dfbc0525b63a73e86d.png\" class=\"attachment-full size-full\" alt=\"Trike Scooter Elektrisch\" srcset=\"https:\/\/www.linkseride.com\/wp-content\/uploads\/2023\/10\/Trike-Scooter-Electric-parts-cbb369dfbb9739dfbc0525b63a73e86d.png 1920w, https:\/\/www.linkseride.com\/wp-content\/uploads\/2023\/10\/Trike-Scooter-Electric-parts-cbb369dfbb9739dfbc0525b63a73e86d-300x225.png 300w, https:\/\/www.linkseride.com\/wp-content\/uploads\/2023\/10\/Trike-Scooter-Electric-parts-cbb369dfbb9739dfbc0525b63a73e86d-1024x768.png 1024w, https:\/\/www.linkseride.com\/wp-content\/uploads\/2023\/10\/Trike-Scooter-Electric-parts-cbb369dfbb9739dfbc0525b63a73e86d-768x576.png 768w, https:\/\/www.linkseride.com\/wp-content\/uploads\/2023\/10\/Trike-Scooter-Electric-parts-cbb369dfbb9739dfbc0525b63a73e86d-1536x1152.png 1536w, https:\/\/www.linkseride.com\/wp-content\/uploads\/2023\/10\/Trike-Scooter-Electric-parts-cbb369dfbb9739dfbc0525b63a73e86d-600x450.png 600w\" sizes=\"(max-width: 1920px) 100vw, 1920px\" \/>\n\t\t\t<\/div><\/figure><figure class='gallery-item'>\n\t\t\t<div class='gallery-icon landscape'>\n\t\t\t\t<img decoding=\"async\" width=\"1784\" height=\"1338\" src=\"https:\/\/www.linkseride.com\/wp-content\/uploads\/2023\/10\/Trike-Scooter-Electric-parts-89d44f9d896684dd41cf3e2b0cd9a940.png\" class=\"attachment-full size-full\" alt=\"Trike Scooter Elektrisch\" srcset=\"https:\/\/www.linkseride.com\/wp-content\/uploads\/2023\/10\/Trike-Scooter-Electric-parts-89d44f9d896684dd41cf3e2b0cd9a940.png 1784w, https:\/\/www.linkseride.com\/wp-content\/uploads\/2023\/10\/Trike-Scooter-Electric-parts-89d44f9d896684dd41cf3e2b0cd9a940-300x225.png 300w, https:\/\/www.linkseride.com\/wp-content\/uploads\/2023\/10\/Trike-Scooter-Electric-parts-89d44f9d896684dd41cf3e2b0cd9a940-1024x768.png 1024w, https:\/\/www.linkseride.com\/wp-content\/uploads\/2023\/10\/Trike-Scooter-Electric-parts-89d44f9d896684dd41cf3e2b0cd9a940-768x576.png 768w, https:\/\/www.linkseride.com\/wp-content\/uploads\/2023\/10\/Trike-Scooter-Electric-parts-89d44f9d896684dd41cf3e2b0cd9a940-1536x1152.png 1536w, https:\/\/www.linkseride.com\/wp-content\/uploads\/2023\/10\/Trike-Scooter-Electric-parts-89d44f9d896684dd41cf3e2b0cd9a940-600x450.png 600w\" sizes=\"(max-width: 1784px) 100vw, 1784px\" \/>\n\t\t\t<\/div><\/figure><figure class='gallery-item'>\n\t\t\t<div class='gallery-icon landscape'>\n\t\t\t\t<img decoding=\"async\" width=\"1440\" height=\"1080\" src=\"https:\/\/www.linkseride.com\/wp-content\/uploads\/2023\/10\/Trike-Scooter-Electric-part-M1PTrike_rear_basket.png\" class=\"attachment-full size-full\" alt=\"Trike Scooter Elektrisch\" srcset=\"https:\/\/www.linkseride.com\/wp-content\/uploads\/2023\/10\/Trike-Scooter-Electric-part-M1PTrike_rear_basket.png 1440w, https:\/\/www.linkseride.com\/wp-content\/uploads\/2023\/10\/Trike-Scooter-Electric-part-M1PTrike_rear_basket-300x225.png 300w, https:\/\/www.linkseride.com\/wp-content\/uploads\/2023\/10\/Trike-Scooter-Electric-part-M1PTrike_rear_basket-1024x768.png 1024w, https:\/\/www.linkseride.com\/wp-content\/uploads\/2023\/10\/Trike-Scooter-Electric-part-M1PTrike_rear_basket-768x576.png 768w, https:\/\/www.linkseride.com\/wp-content\/uploads\/2023\/10\/Trike-Scooter-Electric-part-M1PTrike_rear_basket-600x450.png 600w\" sizes=\"(max-width: 1440px) 100vw, 1440px\" \/>\n\t\t\t<\/div><\/figure><figure class='gallery-item'>\n\t\t\t<div class='gallery-icon landscape'>\n\t\t\t\t<img loading=\"lazy\" decoding=\"async\" width=\"1440\" height=\"1080\" src=\"https:\/\/www.linkseride.com\/wp-content\/uploads\/2023\/10\/Trike-Scooter-Electric-parts-M1Ptrike_suspension.png\" class=\"attachment-full size-full\" alt=\"Trike Scooter Elektrisch\" srcset=\"https:\/\/www.linkseride.com\/wp-content\/uploads\/2023\/10\/Trike-Scooter-Electric-parts-M1Ptrike_suspension.png 1440w, https:\/\/www.linkseride.com\/wp-content\/uploads\/2023\/10\/Trike-Scooter-Electric-parts-M1Ptrike_suspension-300x225.png 300w, https:\/\/www.linkseride.com\/wp-content\/uploads\/2023\/10\/Trike-Scooter-Electric-parts-M1Ptrike_suspension-1024x768.png 1024w, https:\/\/www.linkseride.com\/wp-content\/uploads\/2023\/10\/Trike-Scooter-Electric-parts-M1Ptrike_suspension-768x576.png 768w, https:\/\/www.linkseride.com\/wp-content\/uploads\/2023\/10\/Trike-Scooter-Electric-parts-M1Ptrike_suspension-600x450.png 600w\" sizes=\"(max-width: 1440px) 100vw, 1440px\" \/>\n\t\t\t<\/div><\/figure><figure class='gallery-item'>\n\t\t\t<div class='gallery-icon landscape'>\n\t\t\t\t<img loading=\"lazy\" decoding=\"async\" width=\"1440\" height=\"1080\" src=\"https:\/\/www.linkseride.com\/wp-content\/uploads\/2023\/10\/Trike-Scooter-Electric-parts-M1Ptrike_wobbler.png\" class=\"attachment-full size-full\" alt=\"Trike Scooter Elektrisch\" srcset=\"https:\/\/www.linkseride.com\/wp-content\/uploads\/2023\/10\/Trike-Scooter-Electric-parts-M1Ptrike_wobbler.png 1440w, https:\/\/www.linkseride.com\/wp-content\/uploads\/2023\/10\/Trike-Scooter-Electric-parts-M1Ptrike_wobbler-300x225.png 300w, https:\/\/www.linkseride.com\/wp-content\/uploads\/2023\/10\/Trike-Scooter-Electric-parts-M1Ptrike_wobbler-1024x768.png 1024w, https:\/\/www.linkseride.com\/wp-content\/uploads\/2023\/10\/Trike-Scooter-Electric-parts-M1Ptrike_wobbler-768x576.png 768w, https:\/\/www.linkseride.com\/wp-content\/uploads\/2023\/10\/Trike-Scooter-Electric-parts-M1Ptrike_wobbler-600x450.png 600w\" sizes=\"(max-width: 1440px) 100vw, 1440px\" \/>\n\t\t\t<\/div><\/figure><figure class='gallery-item'>\n\t\t\t<div class='gallery-icon landscape'>\n\t\t\t\t<img loading=\"lazy\" decoding=\"async\" width=\"1920\" height=\"1920\" src=\"https:\/\/www.linkseride.com\/wp-content\/uploads\/2023\/10\/Trike-Scooter-Electric-parts-Tailtrunk.png\" class=\"attachment-full size-full\" alt=\"Trike Scooter Elektrisch\" srcset=\"https:\/\/www.linkseride.com\/wp-content\/uploads\/2023\/10\/Trike-Scooter-Electric-parts-Tailtrunk.png 1920w, https:\/\/www.linkseride.com\/wp-content\/uploads\/2023\/10\/Trike-Scooter-Electric-parts-Tailtrunk-300x300.png 300w, https:\/\/www.linkseride.com\/wp-content\/uploads\/2023\/10\/Trike-Scooter-Electric-parts-Tailtrunk-1024x1024.png 1024w, https:\/\/www.linkseride.com\/wp-content\/uploads\/2023\/10\/Trike-Scooter-Electric-parts-Tailtrunk-150x150.png 150w, https:\/\/www.linkseride.com\/wp-content\/uploads\/2023\/10\/Trike-Scooter-Electric-parts-Tailtrunk-768x768.png 768w, https:\/\/www.linkseride.com\/wp-content\/uploads\/2023\/10\/Trike-Scooter-Electric-parts-Tailtrunk-1536x1536.png 1536w, https:\/\/www.linkseride.com\/wp-content\/uploads\/2023\/10\/Trike-Scooter-Electric-parts-Tailtrunk-600x600.png 600w, https:\/\/www.linkseride.com\/wp-content\/uploads\/2023\/10\/Trike-Scooter-Electric-parts-Tailtrunk-100x100.png 100w\" sizes=\"(max-width: 1920px) 100vw, 1920px\" \/>\n\t\t\t<\/div><\/figure>\n\t\t<\/div>\n\n<p>Wir haben auch ein weiteres neues Citycoco-Rollermodell in Harley-Form, wenn Sie mehr Informationen ben\u00f6tigen, k\u00f6nnen Sie<a href=\"https:\/\/www.linkseride.com\/de\/electric-scooter-manufacturer\/\"> finden Sie hier.<\/a><\/p>\n<p>Weitere Einf\u00fchrungsvideos finden Sie hier: <a href=\"https:\/\/www.youtube.com\/c\/LinksErideTech\" target=\"_blank\" rel=\"noopener\">https:\/\/www.youtube.com\/c\/LinksErideTech<\/a><\/p>\n<div class=\"ast-oembed-container\" style=\"height: 100%;\"><iframe title=\"Alles, was Sie vor dem Kauf Ihres M1P-Elektro-Scooters wissen m\u00fcssen\" width=\"500\" height=\"281\" src=\"https:\/\/www.youtube.com\/embed\/KE1jDJdzs4Q?feature=oembed&#038;enablejsapi=1&#038;origin=https:\/\/www.linkseride.com\" frameborder=\"0\" allow=\"accelerometer; autoplay; clipboard-write; encrypted-media; gyroscope; picture-in-picture; web-share\" referrerpolicy=\"strict-origin-when-cross-origin\" allowfullscreen><\/iframe><\/div>","protected":false},"excerpt":{"rendered":"<p>\u25cf Linkseride M1P Pro 4000W Elektromotorrad f\u00fcr Erwachsene<\/p>\n<p>\u25cf Lithium-Batterie 60V42ah<\/p>\n<p>\u25cf 60v 4000w leistungsstarker Motor, 55mph maximale Geschwindigkeit.<\/p>\n<p>\u25cf Elektromotorr\u00e4der sind DOT-zertifiziert und ben\u00f6tigen keinen F\u00fchrerschein<\/p>\n<p>\u25cf OEM f\u00fcr alle Farben verf\u00fcgbar, Vertriebspartner weltweit gesucht<\/p>","protected":false},"featured_media":10811,"template":"","meta":{"site-sidebar-layout":"default","site-content-layout":"default","ast-site-content-layout":"default","site-content-style":"default","site-sidebar-style":"default","ast-global-header-display":"","ast-banner-title-visibility":"","ast-main-header-display":"","ast-hfb-above-header-display":"","ast-hfb-below-header-display":"","ast-hfb-mobile-header-display":"","site-post-title":"","ast-breadcrumbs-content":"","ast-featured-img":"","footer-sml-layout":"","ast-disable-related-posts":"","theme-transparent-header-meta":"default","adv-header-id-meta":"","stick-header-meta":"","header-above-stick-meta":"","header-main-stick-meta":"","header-below-stick-meta":"","astra-migrate-meta-layouts":"set","ast-page-background-enabled":"default","ast-page-background-meta":{"desktop":{"background-color":"","background-image":"","background-repeat":"repeat","background-position":"center center","background-size":"auto","background-attachment":"scroll","background-type":"","background-media":"","overlay-type":"","overlay-color":"","overlay-opacity":"","overlay-gradient":""},"tablet":{"background-color":"","background-image":"","background-repeat":"repeat","background-position":"center center","background-size":"auto","background-attachment":"scroll","background-type":"","background-media":"","overlay-type":"","overlay-color":"","overlay-opacity":"","overlay-gradient":""},"mobile":{"background-color":"","background-image":"","background-repeat":"repeat","background-position":"center center","background-size":"auto","background-attachment":"scroll","background-type":"","background-media":"","overlay-type":"","overlay-color":"","overlay-opacity":"","overlay-gradient":""}},"ast-content-background-meta":{"desktop":{"background-color":"var(--ast-global-color-5)","background-image":"","background-repeat":"repeat","background-position":"center center","background-size":"auto","background-attachment":"scroll","background-type":"","background-media":"","overlay-type":"","overlay-color":"","overlay-opacity":"","overlay-gradient":""},"tablet":{"background-color":"var(--ast-global-color-5)","background-image":"","background-repeat":"repeat","background-position":"center center","background-size":"auto","background-attachment":"scroll","background-type":"","background-media":"","overlay-type":"","overlay-color":"","overlay-opacity":"","overlay-gradient":""},"mobile":{"background-color":"var(--ast-global-color-5)","background-image":"","background-repeat":"repeat","background-position":"center center","background-size":"auto","background-attachment":"scroll","background-type":"","background-media":"","overlay-type":"","overlay-color":"","overlay-opacity":"","overlay-gradient":""}}},"product_brand":[],"product_cat":[27,28],"product_tag":[38,50],"class_list":{"0":"post-10809","1":"product","2":"type-product","3":"status-publish","4":"has-post-thumbnail","6":"product_cat-electric-motorcycle","7":"product_cat-electric-scooter","8":"product_tag-citycoco-scooter","9":"product_tag-fat-tire-scooter","10":"desktop-align-left","11":"tablet-align-left","12":"mobile-align-left","14":"first","15":"instock","16":"shipping-taxable","17":"product-type-simple"},"_links":{"self":[{"href":"https:\/\/www.linkseride.com\/de\/wp-json\/wp\/v2\/product\/10809","targetHints":{"allow":["GET"]}}],"collection":[{"href":"https:\/\/www.linkseride.com\/de\/wp-json\/wp\/v2\/product"}],"about":[{"href":"https:\/\/www.linkseride.com\/de\/wp-json\/wp\/v2\/types\/product"}],"wp:featuredmedia":[{"embeddable":true,"href":"https:\/\/www.linkseride.com\/de\/wp-json\/wp\/v2\/media\/10811"}],"wp:attachment":[{"href":"https:\/\/www.linkseride.com\/de\/wp-json\/wp\/v2\/media?parent=10809"}],"wp:term":[{"taxonomy":"product_brand","embeddable":true,"href":"https:\/\/www.linkseride.com\/de\/wp-json\/wp\/v2\/product_brand?post=10809"},{"taxonomy":"product_cat","embeddable":true,"href":"https:\/\/www.linkseride.com\/de\/wp-json\/wp\/v2\/product_cat?post=10809"},{"taxonomy":"product_tag","embeddable":true,"href":"https:\/\/www.linkseride.com\/de\/wp-json\/wp\/v2\/product_tag?post=10809"}],"curies":[{"name":"wp","href":"https:\/\/api.w.org\/{rel}","templated":true}]}}