{"id":11453,"date":"2026-01-08T09:36:50","date_gmt":"2026-01-08T09:36:50","guid":{"rendered":"https:\/\/www.linkseride.com\/?post_type=product&#038;p=11453"},"modified":"2026-01-08T10:02:56","modified_gmt":"2026-01-08T10:02:56","slug":"klassischer-citycoco-elektroroller","status":"publish","type":"product","link":"https:\/\/www.linkseride.com\/de\/product\/classic-citycoco-electric-scooter\/","title":{"rendered":"Linkseride X7 Classic Citycoco Elektro-Scooter Zweirad"},"content":{"rendered":"<h2>Linkseride X7 Classic Citycoco Elektro-Scooter Zweirad<\/h2>\n<p>Wir sind begeistert von dem, was wir mit unserer elektrischen Zukunft vorhaben, einschlie\u00dflich <strong><a href=\"https:\/\/www.linkseride.com\/de\/electric-scooter-manufacturer\/\" target=\"_blank\" rel=\"noopener\">Elektroroller<\/a>, <a href=\"https:\/\/www.linkseride.com\/de\/hersteller-von-elektromotorradern\/\" target=\"_blank\" rel=\"noopener\">Fat tire scooter<\/a>, <a href=\"https:\/\/www.linkseride.com\/de\/hersteller-von-elektromotorradern\/\" target=\"_blank\" rel=\"noopener\">Citycoco-Roller<\/a>, <a href=\"https:\/\/www.linkseride.com\/de\/hersteller-von-elektromopeds\/\" target=\"_blank\" rel=\"noopener\">elektrisches Moped<\/a><\/strong> und so weiter.<\/p>\n<p>Dieser zweir\u00e4drige Ein-Personen-Golfroller verf\u00fcgt \u00fcber eine austauschbare Lithium-Batterie, und die breite Fu\u00dfraste sorgt f\u00fcr eine bequeme, gut ausbalancierte Fahrt.<\/p>\n<h2><\/h2>\n<h2><\/h2>\n<h2>Welche Eigenschaften hat der X7 Classic Citycoco Elektro-Scooter Two Wheeler?<\/h2>\n<ul>\n<li>1500-2000w Nennleistung elektrischer Nabenmotor<\/li>\n<li><strong>60v<\/strong> <strong>12ah\/20AH Batterie verf\u00fcgbar<\/strong><\/li>\n<li>Standard 2ah Ladeger\u00e4t<\/li>\n<li>2-sitzige Option mit gepolstertem Material f\u00fcr ein besseres Fahrgef\u00fchl<\/li>\n<li>haben auch EWG-Version bezieht sich auf <a href=\"https:\/\/www.linkseride.com\/de\/product\/elektromotorrader-und-roller\/\" target=\"_blank\" rel=\"noopener\">cp-1.3\/cp-1.0\/cp-1.4<\/a><\/li>\n<\/ul>\n<table>\n<tbody>\n<tr>\n<td>Motorleistung<\/td>\n<td>1500-2000w<\/td>\n<\/tr>\n<tr>\n<td>Maximale Geschwindigkeit<\/td>\n<td>45km\/h<\/td>\n<\/tr>\n<tr>\n<td>Maximale Reichweite<\/td>\n<td>60km<\/td>\n<\/tr>\n<tr>\n<td>Batteriekapazit\u00e4t<\/td>\n<td>60V 20Ah, 60V 12Ah<\/td>\n<\/tr>\n<tr>\n<td>Material des Rahmens<\/td>\n<td>Nahtloses Stahlrohr<\/td>\n<\/tr>\n<tr>\n<td>Felgen<\/td>\n<td>8Zoll<\/td>\n<\/tr>\n<tr>\n<td>Maximale Belastung<\/td>\n<td>200kgs<\/td>\n<\/tr>\n<tr>\n<td>Maximales Klettern<\/td>\n<td>30\u00b0<\/td>\n<\/tr>\n<tr>\n<td>Bremse<\/td>\n<td>Hydraulische Scheibenbremse vorne und hinten<\/td>\n<\/tr>\n<tr>\n<td>Packungsgr\u00f6\u00dfe<\/td>\n<td>177x37x85cm<\/td>\n<\/tr>\n<tr>\n<td>N.W.\/G.W.<\/td>\n<td>75kg<\/td>\n<\/tr>\n<\/tbody>\n<\/table>\n<h2>Warum w\u00e4hlen Sie diese Art von X7 Classic Citycoco Elektro-Roller Zweirad?<\/h2>\n<p>Wir haben auch andere elektrische Single Rider Golf Scooter Modelle, wenn Sie mehr Informationen ben\u00f6tigen, k\u00f6nnen Sie<a href=\"https:\/\/www.linkseride.com\/de\/fette-reifen-golf-roller-golf-cart-trouring\/\" target=\"_blank\" rel=\"noopener\"> finden Sie hier.<\/a><\/p>\n<p>Weitere Einf\u00fchrungsvideos finden Sie hier: <a href=\"https:\/\/www.youtube.com\/c\/LinksErideTech\" target=\"_blank\" rel=\"noopener\">https:\/\/www.youtube.com\/c\/LinksErideTech<\/a><\/p>","protected":false},"excerpt":{"rendered":"<p>\u25cf X7 Classic Citycoco Elektro-Roller Zweirad<\/p>\n<p>\u25cf Retro-Look mit LED-Leuchten<\/p>\n<p>\u25cf 60v20ah Batterie bietet eine Reichweite von 35miles pro Ladung<\/p>\n<p>\u25cf 2-sitzige Option mit praktischerem Fahrgef\u00fchl<\/p>","protected":false},"featured_media":11457,"template":"","meta":{"site-sidebar-layout":"default","site-content-layout":"default","ast-site-content-layout":"default","site-content-style":"default","site-sidebar-style":"default","ast-global-header-display":"","ast-banner-title-visibility":"","ast-main-header-display":"","ast-hfb-above-header-display":"","ast-hfb-below-header-display":"","ast-hfb-mobile-header-display":"","site-post-title":"","ast-breadcrumbs-content":"","ast-featured-img":"","footer-sml-layout":"","ast-disable-related-posts":"","theme-transparent-header-meta":"default","adv-header-id-meta":"","stick-header-meta":"","header-above-stick-meta":"","header-main-stick-meta":"","header-below-stick-meta":"","astra-migrate-meta-layouts":"set","ast-page-background-enabled":"default","ast-page-background-meta":{"desktop":{"background-color":"","background-image":"","background-repeat":"repeat","background-position":"center center","background-size":"auto","background-attachment":"scroll","background-type":"","background-media":"","overlay-type":"","overlay-color":"","overlay-opacity":"","overlay-gradient":""},"tablet":{"background-color":"","background-image":"","background-repeat":"repeat","background-position":"center center","background-size":"auto","background-attachment":"scroll","background-type":"","background-media":"","overlay-type":"","overlay-color":"","overlay-opacity":"","overlay-gradient":""},"mobile":{"background-color":"","background-image":"","background-repeat":"repeat","background-position":"center center","background-size":"auto","background-attachment":"scroll","background-type":"","background-media":"","overlay-type":"","overlay-color":"","overlay-opacity":"","overlay-gradient":""}},"ast-content-background-meta":{"desktop":{"background-color":"var(--ast-global-color-5)","background-image":"","background-repeat":"repeat","background-position":"center center","background-size":"auto","background-attachment":"scroll","background-type":"","background-media":"","overlay-type":"","overlay-color":"","overlay-opacity":"","overlay-gradient":""},"tablet":{"background-color":"var(--ast-global-color-5)","background-image":"","background-repeat":"repeat","background-position":"center center","background-size":"auto","background-attachment":"scroll","background-type":"","background-media":"","overlay-type":"","overlay-color":"","overlay-opacity":"","overlay-gradient":""},"mobile":{"background-color":"var(--ast-global-color-5)","background-image":"","background-repeat":"repeat","background-position":"center center","background-size":"auto","background-attachment":"scroll","background-type":"","background-media":"","overlay-type":"","overlay-color":"","overlay-opacity":"","overlay-gradient":""}}},"product_brand":[],"product_cat":[28],"product_tag":[38],"class_list":{"0":"post-11453","1":"product","2":"type-product","3":"status-publish","4":"has-post-thumbnail","6":"product_cat-electric-scooter","7":"product_tag-citycoco-scooter","8":"desktop-align-left","9":"tablet-align-left","10":"mobile-align-left","12":"first","13":"instock","14":"shipping-taxable","15":"product-type-simple"},"_links":{"self":[{"href":"https:\/\/www.linkseride.com\/de\/wp-json\/wp\/v2\/product\/11453","targetHints":{"allow":["GET"]}}],"collection":[{"href":"https:\/\/www.linkseride.com\/de\/wp-json\/wp\/v2\/product"}],"about":[{"href":"https:\/\/www.linkseride.com\/de\/wp-json\/wp\/v2\/types\/product"}],"wp:featuredmedia":[{"embeddable":true,"href":"https:\/\/www.linkseride.com\/de\/wp-json\/wp\/v2\/media\/11457"}],"wp:attachment":[{"href":"https:\/\/www.linkseride.com\/de\/wp-json\/wp\/v2\/media?parent=11453"}],"wp:term":[{"taxonomy":"product_brand","embeddable":true,"href":"https:\/\/www.linkseride.com\/de\/wp-json\/wp\/v2\/product_brand?post=11453"},{"taxonomy":"product_cat","embeddable":true,"href":"https:\/\/www.linkseride.com\/de\/wp-json\/wp\/v2\/product_cat?post=11453"},{"taxonomy":"product_tag","embeddable":true,"href":"https:\/\/www.linkseride.com\/de\/wp-json\/wp\/v2\/product_tag?post=11453"}],"curies":[{"name":"wp","href":"https:\/\/api.w.org\/{rel}","templated":true}]}}