{"id":1773,"date":"2020-10-24T01:08:35","date_gmt":"2020-10-24T01:08:35","guid":{"rendered":"http:\/\/linkseride.com\/?post_type=product&#038;p=1773"},"modified":"2023-12-07T07:23:43","modified_gmt":"2023-12-07T07:23:43","slug":"3000-w-retro-elektromoped","status":"publish","type":"product","link":"https:\/\/www.linkseride.com\/de\/product\/3000w-retro-electric-moped\/","title":{"rendered":"LEM-01 Classic EV3000W Retro-Elektromoped im Vintage-Vespa-Stil"},"content":{"rendered":"<p>Dieses 3000-W-Retro-Elektromoped wurde mit einem <strong>3000-Watt-B\u00fcrstenlosmotor<\/strong>. Wir haben den Nabenmotor, der die effizienteste L\u00f6sung ist: keine Kette, kein Bogen, die gesamte Energie flie\u00dft direkt in die Nabe. Wir verwenden <strong>Quanshun-Drehscheibe<\/strong> <strong>Motor<\/strong>, Passend zu unserem 60-Volt-Entladungsregler mit 45 Ampere betr\u00e4gt die Nennleistung dieses Rollers 3000 Watt und die H\u00f6chstgeschwindigkeit 65 Kilometer pro Stunde, was mit L3e-Zertifikaten qualifiziert ist.<\/p>\n<p>Der neue Motor sorgt f\u00fcr ein komfortables und stabiles Fahrerlebnis mit diesem 3000-W-Retro-Elektromoped und ist dank des CBS-Bremssystems noch effizienter. Mit einem \u00fcberarbeiteten Rahmen und einem leistungsst\u00e4rkeren Motorsystem ist dieses Elektromoped im Vespa-Stil die perfekte Wahl f\u00fcr jedes Abenteuer.<\/p>\n<div id='gallery-1' class='gallery galleryid-1773 gallery-columns-4 gallery-size-full'><figure class='gallery-item'>\n\t\t\t<div class='gallery-icon landscape'>\n\t\t\t\t<img fetchpriority=\"high\" decoding=\"async\" width=\"645\" height=\"360\" src=\"https:\/\/www.linkseride.com\/wp-content\/uploads\/2020\/10\/6-5.jpg\" class=\"attachment-full size-full\" alt=\"Elektromotorroller\" srcset=\"https:\/\/www.linkseride.com\/wp-content\/uploads\/2020\/10\/6-5.jpg 645w, https:\/\/www.linkseride.com\/wp-content\/uploads\/2020\/10\/6-5-300x167.jpg 300w, https:\/\/www.linkseride.com\/wp-content\/uploads\/2020\/10\/6-5-600x335.jpg 600w\" sizes=\"(max-width: 645px) 100vw, 645px\" \/>\n\t\t\t<\/div><\/figure><figure class='gallery-item'>\n\t\t\t<div class='gallery-icon landscape'>\n\t\t\t\t<img decoding=\"async\" width=\"645\" height=\"360\" src=\"https:\/\/www.linkseride.com\/wp-content\/uploads\/2020\/10\/3-5.jpg\" class=\"attachment-full size-full\" alt=\"Elektromotorroller\" srcset=\"https:\/\/www.linkseride.com\/wp-content\/uploads\/2020\/10\/3-5.jpg 645w, https:\/\/www.linkseride.com\/wp-content\/uploads\/2020\/10\/3-5-300x167.jpg 300w, https:\/\/www.linkseride.com\/wp-content\/uploads\/2020\/10\/3-5-600x335.jpg 600w\" sizes=\"(max-width: 645px) 100vw, 645px\" \/>\n\t\t\t<\/div><\/figure><figure class='gallery-item'>\n\t\t\t<div class='gallery-icon landscape'>\n\t\t\t\t<img decoding=\"async\" width=\"645\" height=\"360\" src=\"https:\/\/www.linkseride.com\/wp-content\/uploads\/2020\/10\/2-5.jpg\" class=\"attachment-full size-full\" alt=\"Elektromotorroller\" srcset=\"https:\/\/www.linkseride.com\/wp-content\/uploads\/2020\/10\/2-5.jpg 645w, https:\/\/www.linkseride.com\/wp-content\/uploads\/2020\/10\/2-5-300x167.jpg 300w, https:\/\/www.linkseride.com\/wp-content\/uploads\/2020\/10\/2-5-600x335.jpg 600w\" sizes=\"(max-width: 645px) 100vw, 645px\" \/>\n\t\t\t<\/div><\/figure><figure class='gallery-item'>\n\t\t\t<div class='gallery-icon landscape'>\n\t\t\t\t<img loading=\"lazy\" decoding=\"async\" width=\"645\" height=\"360\" src=\"https:\/\/www.linkseride.com\/wp-content\/uploads\/2020\/10\/4-4.jpg\" class=\"attachment-full size-full\" alt=\"Elektromotorroller\" srcset=\"https:\/\/www.linkseride.com\/wp-content\/uploads\/2020\/10\/4-4.jpg 645w, https:\/\/www.linkseride.com\/wp-content\/uploads\/2020\/10\/4-4-300x167.jpg 300w, https:\/\/www.linkseride.com\/wp-content\/uploads\/2020\/10\/4-4-600x335.jpg 600w\" sizes=\"(max-width: 645px) 100vw, 645px\" \/>\n\t\t\t<\/div><\/figure>\n\t\t<\/div>\n\n<h4>Vergleich zwischen 2000-W- und 3000-W-Retro-Elektromopeds<\/h4>\n<table width=\"379\">\n<tbody>\n<tr>\n<td style=\"font-weight: 400;\" width=\"149\"><\/td>\n<td style=\"font-weight: 400;\" width=\"179\"><strong>LEM-01 2000 W<\/strong><\/td>\n<td style=\"font-weight: 400;\" width=\"51\"><strong>LEM-01 3000 W<\/strong><\/td>\n<\/tr>\n<tr>\n<td style=\"font-weight: 400;\" width=\"149\"><strong>Motorleistung<\/strong><\/td>\n<td style=\"font-weight: 400;\" width=\"179\">2000 W, 60 V, 10 Zoll, b\u00fcrstenloser QS-Motor<\/td>\n<td style=\"font-weight: 400;\" width=\"51\">3000 W, 60 V, 12 Zoll, b\u00fcrstenloser QS-Motor<\/td>\n<\/tr>\n<tr>\n<td style=\"font-weight: 400;\" width=\"149\"><strong>Controller<\/strong><\/td>\n<td style=\"font-weight: 400;\" width=\"179\">60 V, 18-polig, 45 A Entladung<\/td>\n<td style=\"font-weight: 400;\" width=\"51\">60V 55A Entladung<\/td>\n<\/tr>\n<tr>\n<td style=\"font-weight: 400;\" width=\"149\"><strong>Batteriekapazit\u00e4t<\/strong><\/td>\n<td style=\"font-weight: 400;\" width=\"179\">60 V, 20 Ah\/40 Ah<br \/>\n(Vollst\u00e4ndig geladen 72 V, Nennspannung 60 V)<\/td>\n<td style=\"font-weight: 400;\" width=\"51\">60 V, 40 Ah<br \/>\n(Vollst\u00e4ndig geladen 72 V, Nennspannung 60 V)<\/td>\n<\/tr>\n<tr>\n<td style=\"font-weight: 400;\" width=\"149\"><strong>Batterie-Nummer<\/strong><\/td>\n<td style=\"font-weight: 400;\" width=\"179\">1 Satz oder 2 S\u00e4tze (20 Ah pro Satz)<\/td>\n<td style=\"font-weight: 400;\" width=\"51\">1 Satz<\/td>\n<\/tr>\n<tr>\n<td style=\"font-weight: 400;\" width=\"149\"><strong>Batterie Gewicht<\/strong><\/td>\n<td style=\"font-weight: 400;\" width=\"179\">7.5KG pro Batterie<\/td>\n<td style=\"font-weight: 400;\" width=\"51\">15KG<\/td>\n<\/tr>\n<tr>\n<td style=\"font-weight: 400;\" width=\"149\"><strong>Ladeger\u00e4t\/Eingangsspannung<\/strong><\/td>\n<td style=\"font-weight: 400;\" width=\"179\">60 V, 4 A, 110\/220 V, 50\u201360 Hz<\/td>\n<td style=\"font-weight: 400;\" width=\"51\">60 V, 8 A, 110\/220 V, 50\u201360 Hz<\/td>\n<\/tr>\n<tr>\n<td style=\"font-weight: 400;\" width=\"149\"><strong>Klettern F\u00e4higkeit<\/strong><\/td>\n<td style=\"font-weight: 400;\" width=\"179\">20\u00b0<\/td>\n<td style=\"font-weight: 400;\" width=\"51\">22\u00b0<\/td>\n<\/tr>\n<tr>\n<td style=\"font-weight: 400;\" width=\"149\"><strong>Maximale Geschwindigkeit<\/strong><\/td>\n<td style=\"font-weight: 400;\" width=\"179\">45 km\/h<\/td>\n<td style=\"font-weight: 400;\" width=\"51\">65 km\/h<\/td>\n<\/tr>\n<tr>\n<td style=\"font-weight: 400;\" width=\"149\"><strong>Reichweite pro Ladung<\/strong><\/td>\n<td style=\"font-weight: 400;\" width=\"179\">40-45km (1 Batterie)<br \/>\n80\u201390 km (2 Akkus)<\/td>\n<td style=\"font-weight: 400;\" width=\"51\">65\u201370 km<\/td>\n<\/tr>\n<tr>\n<td style=\"font-weight: 400;\" width=\"149\"><strong>Anzeige\/Dashboard<\/strong><\/td>\n<td style=\"font-weight: 400;\" width=\"179\">Klassisches mechanisches Instrument<\/td>\n<td style=\"font-weight: 400;\" width=\"51\">LCD<\/td>\n<\/tr>\n<tr>\n<td style=\"font-weight: 400;\" width=\"149\"><strong>Bereifung<\/strong><\/td>\n<td style=\"font-weight: 400;\" width=\"179\">F &amp; R 110\/90-10 schlauchloser Reifen<\/td>\n<td style=\"font-weight: 400;\" width=\"51\">F &amp; R 120\/70-12 schlauchloser Reifen<\/td>\n<\/tr>\n<\/tbody>\n<\/table>\n<h5>Ma\u00dfgeschneiderte Zubeh\u00f6rteile f\u00fcr vordere und hintere Sto\u00dfstange, zus\u00e4tzliche Aufbewahrungsbox, Handyhalterung nach Wahl<\/h5>\n<p><img loading=\"lazy\" decoding=\"async\" class=\"aligncenter wp-image-4882\" src=\"http:\/\/linkseride.com\/wp-content\/uploads\/2020\/10\/accessories.jpg\" alt=\"Zubeh\u00f6r f\u00fcr Elektromotorroller Retro-Elektromoped\" width=\"1445\" height=\"292\" srcset=\"https:\/\/www.linkseride.com\/wp-content\/uploads\/2020\/10\/accessories.jpg 1024w, https:\/\/www.linkseride.com\/wp-content\/uploads\/2020\/10\/accessories-300x61.jpg 300w, https:\/\/www.linkseride.com\/wp-content\/uploads\/2020\/10\/accessories-768x155.jpg 768w, https:\/\/www.linkseride.com\/wp-content\/uploads\/2020\/10\/accessories-600x121.jpg 600w\" sizes=\"(max-width: 1445px) 100vw, 1445px\" \/><\/p>\n<p>Weitere Einf\u00fchrungsvideos finden Sie hier:\u00a0<a href=\"https:\/\/www.youtube.com\/channel\/UCw4wsO7M_kRsCHTxcFeqTAA\" target=\"_blank\" rel=\"noopener\">https:\/\/www.youtube.com\/channel\/UCw4wsO7M_kRsCHTxcFeqTAA<\/a><\/p>\n<div class=\"ast-oembed-container\" style=\"height: 100%;\"><iframe title=\"LinksEride 3000W Electric Moped Scooter Comparison Intro\" width=\"500\" height=\"281\" src=\"https:\/\/www.youtube.com\/embed\/gFE4BsTcyfc?feature=oembed\" frameborder=\"0\" allow=\"accelerometer; autoplay; clipboard-write; encrypted-media; gyroscope; picture-in-picture; web-share\" referrerpolicy=\"strict-origin-when-cross-origin\" allowfullscreen><\/iframe><\/div>\n<p>Wenn Sie auf der Suche nach einem Moped des Typs L1e (45 km\/h) dieses Retro-Elektromopedmodells sind, finden Sie hier detaillierte Informationen. <a href=\"https:\/\/www.linkseride.com\/de\/hersteller-von-retro-elektromopeds\/\">hier<\/a>.<\/p>","protected":false},"excerpt":{"rendered":"<p>\u25cf Zertifikate: Stra\u00dfenzulassung mit EWG-, COC- und UN38.3-Zertifikat<\/p>\n<p>\u25cf 3000-W-Retro-Elektromoped, modisch und umweltfreundlich<\/p>\n<p>\u25cf Wiederaufladbarer 60-V-Li-Ionen-Akku der Marke LG mit 40 Ah f\u00fcr eine Reichweite von bis zu 70 km (44 Meilen) Fahrspa\u00df<\/p>\n<p>\u25cf Motorleistung: 3000 W, Drehgriff, variable Geschwindigkeit, Gashebel, hohes Drehmoment, Motordrehzahl bis zu 65 km\/h (41 mph)<\/p>\n<p>\u25cf Farbe: verschiedene Farben zur Auswahl<\/p>","protected":false},"featured_media":1923,"template":"","meta":{"site-sidebar-layout":"default","site-content-layout":"default","ast-site-content-layout":"default","site-content-style":"default","site-sidebar-style":"default","ast-global-header-display":"","ast-banner-title-visibility":"","ast-main-header-display":"","ast-hfb-above-header-display":"","ast-hfb-below-header-display":"","ast-hfb-mobile-header-display":"","site-post-title":"","ast-breadcrumbs-content":"","ast-featured-img":"","footer-sml-layout":"","ast-disable-related-posts":"","theme-transparent-header-meta":"default","adv-header-id-meta":"","stick-header-meta":"","header-above-stick-meta":"","header-main-stick-meta":"","header-below-stick-meta":"","astra-migrate-meta-layouts":"set","ast-page-background-enabled":"default","ast-page-background-meta":{"desktop":{"background-color":"","background-image":"","background-repeat":"repeat","background-position":"center center","background-size":"auto","background-attachment":"scroll","background-type":"","background-media":"","overlay-type":"","overlay-color":"","overlay-opacity":"","overlay-gradient":""},"tablet":{"background-color":"","background-image":"","background-repeat":"repeat","background-position":"center center","background-size":"auto","background-attachment":"scroll","background-type":"","background-media":"","overlay-type":"","overlay-color":"","overlay-opacity":"","overlay-gradient":""},"mobile":{"background-color":"","background-image":"","background-repeat":"repeat","background-position":"center center","background-size":"auto","background-attachment":"scroll","background-type":"","background-media":"","overlay-type":"","overlay-color":"","overlay-opacity":"","overlay-gradient":""}},"ast-content-background-meta":{"desktop":{"background-color":"var(--ast-global-color-5)","background-image":"","background-repeat":"repeat","background-position":"center center","background-size":"auto","background-attachment":"scroll","background-type":"","background-media":"","overlay-type":"","overlay-color":"","overlay-opacity":"","overlay-gradient":""},"tablet":{"background-color":"var(--ast-global-color-5)","background-image":"","background-repeat":"repeat","background-position":"center center","background-size":"auto","background-attachment":"scroll","background-type":"","background-media":"","overlay-type":"","overlay-color":"","overlay-opacity":"","overlay-gradient":""},"mobile":{"background-color":"var(--ast-global-color-5)","background-image":"","background-repeat":"repeat","background-position":"center center","background-size":"auto","background-attachment":"scroll","background-type":"","background-media":"","overlay-type":"","overlay-color":"","overlay-opacity":"","overlay-gradient":""}}},"product_brand":[],"product_cat":[26],"product_tag":[],"class_list":{"0":"post-1773","1":"product","2":"type-product","3":"status-publish","4":"has-post-thumbnail","6":"product_cat-electric-moped","7":"desktop-align-left","8":"tablet-align-left","9":"mobile-align-left","11":"first","12":"instock","13":"shipping-taxable","14":"purchasable","15":"product-type-simple"},"_links":{"self":[{"href":"https:\/\/www.linkseride.com\/de\/wp-json\/wp\/v2\/product\/1773","targetHints":{"allow":["GET"]}}],"collection":[{"href":"https:\/\/www.linkseride.com\/de\/wp-json\/wp\/v2\/product"}],"about":[{"href":"https:\/\/www.linkseride.com\/de\/wp-json\/wp\/v2\/types\/product"}],"wp:featuredmedia":[{"embeddable":true,"href":"https:\/\/www.linkseride.com\/de\/wp-json\/wp\/v2\/media\/1923"}],"wp:attachment":[{"href":"https:\/\/www.linkseride.com\/de\/wp-json\/wp\/v2\/media?parent=1773"}],"wp:term":[{"taxonomy":"product_brand","embeddable":true,"href":"https:\/\/www.linkseride.com\/de\/wp-json\/wp\/v2\/product_brand?post=1773"},{"taxonomy":"product_cat","embeddable":true,"href":"https:\/\/www.linkseride.com\/de\/wp-json\/wp\/v2\/product_cat?post=1773"},{"taxonomy":"product_tag","embeddable":true,"href":"https:\/\/www.linkseride.com\/de\/wp-json\/wp\/v2\/product_tag?post=1773"}],"curies":[{"name":"wp","href":"https:\/\/api.w.org\/{rel}","templated":true}]}}