{"id":1841,"date":"2020-10-25T02:35:21","date_gmt":"2020-10-25T02:35:21","guid":{"rendered":"http:\/\/linkseride.com\/?post_type=product&#038;p=1841"},"modified":"2021-08-28T08:28:18","modified_gmt":"2021-08-28T08:28:18","slug":"4000w-li-ion-erwachsene-elektro-moped","status":"publish","type":"product","link":"https:\/\/www.linkseride.com\/de\/product\/4000w-li-ion-adult-electric-moped\/","title":{"rendered":"LEM-02 Erwachsener Elektro-Moped Ninja 4000W li-ion Batterie"},"content":{"rendered":"<p>Dies ist eine Upgrade-Version f\u00fcr 3000w. Diese Stra\u00dfe legal Erwachsene elektrische Moped, das Sie einen k\u00fchlen Stil bringt und m\u00f6chte zu einem Treffen als Gesch\u00e4ftsmann zu fahren. Dieses E-Moped ist sowohl f\u00fcr den t\u00e4glichen Gebrauch als Moped als auch als Gesch\u00e4ftsmodell geeignet. Die EWG-Zulassungsnummer und die VIN-Nummer sind auf der Aluminiumplatte am Rahmen eingraviert. Das COC-Papier, das alle Details dieses Erwachsenen-Elektromopeds aufzeigt, wird Ihnen zusammen mit dem Fahrzeug geliefert. Mit den oben genannten Dokumenten erhalten Sie ganz einfach eine lokale Zulassung.<\/p>\n<div id='gallery-1' class='gallery galleryid-1841 gallery-columns-4 gallery-size-full'><figure class='gallery-item'>\n\t\t\t<div class='gallery-icon landscape'>\n\t\t\t\t<img fetchpriority=\"high\" decoding=\"async\" width=\"645\" height=\"360\" src=\"https:\/\/www.linkseride.com\/wp-content\/uploads\/2020\/10\/11-3.jpg\" class=\"attachment-full size-full\" alt=\"Elektro-Moped f\u00fcr Erwachsene\" srcset=\"https:\/\/www.linkseride.com\/wp-content\/uploads\/2020\/10\/11-3.jpg 645w, https:\/\/www.linkseride.com\/wp-content\/uploads\/2020\/10\/11-3-300x167.jpg 300w, https:\/\/www.linkseride.com\/wp-content\/uploads\/2020\/10\/11-3-600x335.jpg 600w\" sizes=\"(max-width: 645px) 100vw, 645px\" \/>\n\t\t\t<\/div><\/figure><figure class='gallery-item'>\n\t\t\t<div class='gallery-icon landscape'>\n\t\t\t\t<img decoding=\"async\" width=\"645\" height=\"360\" src=\"https:\/\/www.linkseride.com\/wp-content\/uploads\/2020\/10\/10-3.jpg\" class=\"attachment-full size-full\" alt=\"Elektro-Moped f\u00fcr Erwachsene\" srcset=\"https:\/\/www.linkseride.com\/wp-content\/uploads\/2020\/10\/10-3.jpg 645w, https:\/\/www.linkseride.com\/wp-content\/uploads\/2020\/10\/10-3-300x167.jpg 300w, https:\/\/www.linkseride.com\/wp-content\/uploads\/2020\/10\/10-3-600x335.jpg 600w\" sizes=\"(max-width: 645px) 100vw, 645px\" \/>\n\t\t\t<\/div><\/figure><figure class='gallery-item'>\n\t\t\t<div class='gallery-icon landscape'>\n\t\t\t\t<img decoding=\"async\" width=\"645\" height=\"360\" src=\"https:\/\/www.linkseride.com\/wp-content\/uploads\/2020\/10\/9-2.jpg\" class=\"attachment-full size-full\" alt=\"Elektro-Moped f\u00fcr Erwachsene\" srcset=\"https:\/\/www.linkseride.com\/wp-content\/uploads\/2020\/10\/9-2.jpg 645w, https:\/\/www.linkseride.com\/wp-content\/uploads\/2020\/10\/9-2-300x167.jpg 300w, https:\/\/www.linkseride.com\/wp-content\/uploads\/2020\/10\/9-2-600x335.jpg 600w\" sizes=\"(max-width: 645px) 100vw, 645px\" \/>\n\t\t\t<\/div><\/figure><figure class='gallery-item'>\n\t\t\t<div class='gallery-icon landscape'>\n\t\t\t\t<img loading=\"lazy\" decoding=\"async\" width=\"645\" height=\"360\" src=\"https:\/\/www.linkseride.com\/wp-content\/uploads\/2020\/10\/12-2.jpg\" class=\"attachment-full size-full\" alt=\"Elektro-Moped f\u00fcr Erwachsene\" srcset=\"https:\/\/www.linkseride.com\/wp-content\/uploads\/2020\/10\/12-2.jpg 645w, https:\/\/www.linkseride.com\/wp-content\/uploads\/2020\/10\/12-2-300x167.jpg 300w, https:\/\/www.linkseride.com\/wp-content\/uploads\/2020\/10\/12-2-600x335.jpg 600w\" sizes=\"(max-width: 645px) 100vw, 645px\" \/>\n\t\t\t<\/div><\/figure>\n\t\t<\/div>\n\n<h4>Pr\u00fcfen Sie den Vergleich von 3000W VS 4000W Adult Electric Moped<\/h4>\n<table width=\"402\">\n<tbody>\n<tr>\n<td style=\"font-weight: 400;\" width=\"150\"><strong>Zertifikat<\/strong><\/td>\n<td style=\"font-weight: 400;\" width=\"201\"><strong>EURO 5 L1e-B, EEC &amp; COC-Zertifikat<\/strong><\/td>\n<td style=\"font-weight: 400;\" width=\"51\"><strong>EURO 5 L3e-B, EEC &amp; COC-Zertifikat<\/strong><\/td>\n<\/tr>\n<tr>\n<td style=\"font-weight: 400;\" width=\"150\"><strong>Artikel Nr.<\/strong><\/td>\n<td style=\"font-weight: 400;\" width=\"201\"><strong>LEM-02\u00a0<span style=\"color: #ff0000;\">3000W<\/span><\/strong><\/td>\n<td style=\"font-weight: 400;\" width=\"51\"><strong>LEM-02\u00a0<span style=\"color: #ff0000;\">4000W<\/span><\/strong><\/td>\n<\/tr>\n<tr>\n<td style=\"font-weight: 400;\" width=\"150\"><strong>Motor\u00a0<\/strong><\/td>\n<td style=\"font-weight: 400;\" width=\"201\">3000W 60V 12\u201d QS b\u00fcrstenloser Motor<\/td>\n<td style=\"font-weight: 400;\" width=\"51\">4000W 72V 12\u201d QS b\u00fcrstenloser Motor<\/td>\n<\/tr>\n<tr>\n<td style=\"font-weight: 400;\" width=\"150\"><strong>Controller<\/strong><\/td>\n<td style=\"font-weight: 400;\" width=\"201\">60V 55A Entladung<\/td>\n<td style=\"font-weight: 400;\" width=\"51\">72V 70A Entladung<\/td>\n<\/tr>\n<tr>\n<td style=\"font-weight: 400;\" width=\"150\"><strong>Batteriekapazit\u00e4t<\/strong><\/td>\n<td style=\"font-weight: 400;\" width=\"201\">60V 23,4\/47AH<br \/>\n(Voll aufgeladen 72 V, Nennspannung 60 V)<\/td>\n<td style=\"font-weight: 400;\" width=\"51\">72V40AH (Vollst\u00e4ndig 84V, Nennwert 72V)<\/td>\n<\/tr>\n<tr>\n<td style=\"font-weight: 400;\" width=\"150\"><strong>Batterie-Nummer<\/strong><\/td>\n<td style=\"font-weight: 400;\" width=\"201\">1 Satz oder 2 S\u00e4tze (23,4Ah pro Satz)<\/td>\n<td style=\"font-weight: 400;\" width=\"51\">1 Satz<\/td>\n<\/tr>\n<tr>\n<td style=\"font-weight: 400;\" width=\"150\"><strong>Batterie Gewicht<\/strong><\/td>\n<td style=\"font-weight: 400;\" width=\"201\">7.5KG pro Batterie<\/td>\n<td style=\"font-weight: 400;\" width=\"51\">15KG<\/td>\n<\/tr>\n<tr>\n<td style=\"font-weight: 400;\" width=\"150\"><strong>Ladeger\u00e4t\/Eingangsspannung<\/strong><\/td>\n<td style=\"font-weight: 400;\" width=\"201\">60V6A, 110\/220V, 50-60Hz<\/td>\n<td style=\"font-weight: 400;\" width=\"51\">72V8A, 110\/220V, 50-60Hz<\/td>\n<\/tr>\n<tr>\n<td style=\"font-weight: 400;\" width=\"150\"><strong>Klettern F\u00e4higkeit<\/strong><\/td>\n<td style=\"font-weight: 400;\" width=\"201\">25\u00b0<\/td>\n<td style=\"font-weight: 400;\" width=\"51\">30\u00b0<\/td>\n<\/tr>\n<tr>\n<td style=\"font-weight: 400;\" width=\"150\"><strong>Maximale Geschwindigkeit<\/strong><\/td>\n<td style=\"font-weight: 400;\" width=\"201\">45 km\/h (28mph)<\/td>\n<td style=\"font-weight: 400;\" width=\"51\">75 km\/h (45mph)<\/td>\n<\/tr>\n<tr>\n<td style=\"font-weight: 400;\" width=\"150\"><strong>Reichweite pro Ladung<\/strong><\/td>\n<td style=\"font-weight: 400;\" width=\"201\">40-45km (1 Batterie)<br \/>\n65-70km (2 Batterien)<\/td>\n<td style=\"font-weight: 400;\" width=\"51\">60-65 km (bis zu 41 Meilen)<\/td>\n<\/tr>\n<\/tbody>\n<\/table>\n<p>Weitere Einf\u00fchrungsvideos finden Sie hier:\u00a0<a href=\"https:\/\/www.youtube.com\/channel\/UCw4wsO7M_kRsCHTxcFeqTAA\" target=\"_blank\" rel=\"noopener\">https:\/\/www.youtube.com\/channel\/UCw4wsO7M_kRsCHTxcFeqTAA<\/a><\/p>\n<div class=\"ast-oembed-container\" style=\"height: 100%;\"><iframe title=\"China Elektro-Roller Ninja Road Legal Review 2021\" width=\"500\" height=\"281\" src=\"https:\/\/www.youtube.com\/embed\/_czBZ6OpKLg?feature=oembed\" frameborder=\"0\" allow=\"accelerometer; autoplay; clipboard-write; encrypted-media; gyroscope; picture-in-picture; web-share\" referrerpolicy=\"strict-origin-when-cross-origin\" allowfullscreen><\/iframe><\/div>\n<p>wir haben auch eine Version mit 3000w Motor. Es ist ein L1e Erwachsene elektrische Moped f\u00fcr Sie. <a href=\"https:\/\/www.linkseride.com\/de\/product\/3000w-electric-commuter-scooter\/\" target=\"_blank\" rel=\"noopener\">Klicken Sie hier, um weitere Informationen zu erhalten.<\/a><\/p>","protected":false},"excerpt":{"rendered":"<p>\u25cf Bescheinigungen: EEC, COC &amp; UN38.3 Zertifikat<\/p>\n<p>\u25cf Erwachsenen-Elektromoped mit 2 Fahrmodi, je nach Ihren Bed\u00fcrfnissen: Low-Speed-Modus kann die Laufleistung zu erweitern; High-Speed-Sport-Modus kann Leistung und Geschwindigkeit ausgleichen<\/p>\n<p>\u25cf herausnehmbarer Li-Ionen-Akku wiegt 15 kg und ist leicht zu tragen und aufzuladen<\/p>\n<p>\u25cf Hochleistungs-Scheibenbremse F &amp; R verk\u00fcrzt Ihren Bremsweg und garantiert Ihnen Sicherheit<\/p>\n<p>\u25cf 4000W b\u00fcrstenloser Elektromotor. H\u00f6chstgeschwindigkeit bis zu 75 km\/h (47Mph), entspricht 125cc.<\/p>\n<p>\u25cf Kundenspezifische Farbe oder Design verf\u00fcgbar<\/p>","protected":false},"featured_media":1842,"template":"","meta":{"site-sidebar-layout":"default","site-content-layout":"default","ast-site-content-layout":"default","site-content-style":"default","site-sidebar-style":"default","ast-global-header-display":"","ast-banner-title-visibility":"","ast-main-header-display":"","ast-hfb-above-header-display":"","ast-hfb-below-header-display":"","ast-hfb-mobile-header-display":"","site-post-title":"","ast-breadcrumbs-content":"","ast-featured-img":"","footer-sml-layout":"","ast-disable-related-posts":"","theme-transparent-header-meta":"default","adv-header-id-meta":"","stick-header-meta":"","header-above-stick-meta":"","header-main-stick-meta":"","header-below-stick-meta":"","astra-migrate-meta-layouts":"default","ast-page-background-enabled":"default","ast-page-background-meta":{"desktop":{"background-color":"","background-image":"","background-repeat":"repeat","background-position":"center center","background-size":"auto","background-attachment":"scroll","background-type":"","background-media":"","overlay-type":"","overlay-color":"","overlay-opacity":"","overlay-gradient":""},"tablet":{"background-color":"","background-image":"","background-repeat":"repeat","background-position":"center center","background-size":"auto","background-attachment":"scroll","background-type":"","background-media":"","overlay-type":"","overlay-color":"","overlay-opacity":"","overlay-gradient":""},"mobile":{"background-color":"","background-image":"","background-repeat":"repeat","background-position":"center center","background-size":"auto","background-attachment":"scroll","background-type":"","background-media":"","overlay-type":"","overlay-color":"","overlay-opacity":"","overlay-gradient":""}},"ast-content-background-meta":{"desktop":{"background-color":"var(--ast-global-color-5)","background-image":"","background-repeat":"repeat","background-position":"center center","background-size":"auto","background-attachment":"scroll","background-type":"","background-media":"","overlay-type":"","overlay-color":"","overlay-opacity":"","overlay-gradient":""},"tablet":{"background-color":"var(--ast-global-color-5)","background-image":"","background-repeat":"repeat","background-position":"center center","background-size":"auto","background-attachment":"scroll","background-type":"","background-media":"","overlay-type":"","overlay-color":"","overlay-opacity":"","overlay-gradient":""},"mobile":{"background-color":"var(--ast-global-color-5)","background-image":"","background-repeat":"repeat","background-position":"center center","background-size":"auto","background-attachment":"scroll","background-type":"","background-media":"","overlay-type":"","overlay-color":"","overlay-opacity":"","overlay-gradient":""}}},"product_brand":[],"product_cat":[26],"product_tag":[],"class_list":{"0":"post-1841","1":"product","2":"type-product","3":"status-publish","4":"has-post-thumbnail","6":"product_cat-electric-moped","7":"desktop-align-left","8":"tablet-align-left","9":"mobile-align-left","11":"first","12":"instock","13":"shipping-taxable","14":"purchasable","15":"product-type-simple"},"_links":{"self":[{"href":"https:\/\/www.linkseride.com\/de\/wp-json\/wp\/v2\/product\/1841","targetHints":{"allow":["GET"]}}],"collection":[{"href":"https:\/\/www.linkseride.com\/de\/wp-json\/wp\/v2\/product"}],"about":[{"href":"https:\/\/www.linkseride.com\/de\/wp-json\/wp\/v2\/types\/product"}],"wp:featuredmedia":[{"embeddable":true,"href":"https:\/\/www.linkseride.com\/de\/wp-json\/wp\/v2\/media\/1842"}],"wp:attachment":[{"href":"https:\/\/www.linkseride.com\/de\/wp-json\/wp\/v2\/media?parent=1841"}],"wp:term":[{"taxonomy":"product_brand","embeddable":true,"href":"https:\/\/www.linkseride.com\/de\/wp-json\/wp\/v2\/product_brand?post=1841"},{"taxonomy":"product_cat","embeddable":true,"href":"https:\/\/www.linkseride.com\/de\/wp-json\/wp\/v2\/product_cat?post=1841"},{"taxonomy":"product_tag","embeddable":true,"href":"https:\/\/www.linkseride.com\/de\/wp-json\/wp\/v2\/product_tag?post=1841"}],"curies":[{"name":"wp","href":"https:\/\/api.w.org\/{rel}","templated":true}]}}