{"id":1858,"date":"2020-10-25T05:12:47","date_gmt":"2020-10-25T05:12:47","guid":{"rendered":"http:\/\/linkseride.com\/?post_type=product&#038;p=1858"},"modified":"2021-08-28T08:14:10","modified_gmt":"2021-08-28T08:14:10","slug":"schwan-3000w-elektroroller-mit-strasenzulassung","status":"publish","type":"product","link":"https:\/\/www.linkseride.com\/de\/product\/swan-3000w-road-legal-electric-scooter\/","title":{"rendered":"LEM-03 Swan 3000W Eleganter Elektroroller mit Stra\u00dfenzulassung"},"content":{"rendered":"<p>Ein weiteres Modell SWAN bietet ein anderes Erscheinungsbild f\u00fcr Elektroroller. Es ist auch ein f\u00fcr die Stra\u00dfe zugelassener Elektroroller mit L1e-Zertifikat. Swan vereint die folgenden Vorteile: Eleganz, Beschleunigung, Komfort und Kontrolle. Das Moped ist sehr komfortabel, da die Sto\u00dfd\u00e4mpfer und die Vordergabel gut aufeinander abgestimmt sind und aus hochwertigem Material bestehen, das sowohl eine gute Stra\u00dfenlage als auch ein angenehmes Fahrgef\u00fchl gew\u00e4hrleisten kann. Obwohl dies eine sehr subjektive Meinung ist, ist die LEM-03-Serie elegant, ein perfekter Kompromiss f\u00fcr den Retro- und modernen Geist.<\/p>\n<div id='gallery-1' class='gallery galleryid-1858 gallery-columns-4 gallery-size-full'><figure class='gallery-item'>\n\t\t\t<div class='gallery-icon landscape'>\n\t\t\t\t<img fetchpriority=\"high\" decoding=\"async\" width=\"645\" height=\"360\" src=\"https:\/\/www.linkseride.com\/wp-content\/uploads\/2020\/10\/1-7.jpg\" class=\"attachment-full size-full\" alt=\"Elektroroller mit Stra\u00dfenzulassung\" srcset=\"https:\/\/www.linkseride.com\/wp-content\/uploads\/2020\/10\/1-7.jpg 645w, https:\/\/www.linkseride.com\/wp-content\/uploads\/2020\/10\/1-7-300x167.jpg 300w, https:\/\/www.linkseride.com\/wp-content\/uploads\/2020\/10\/1-7-600x335.jpg 600w\" sizes=\"(max-width: 645px) 100vw, 645px\" \/>\n\t\t\t<\/div><\/figure><figure class='gallery-item'>\n\t\t\t<div class='gallery-icon landscape'>\n\t\t\t\t<img decoding=\"async\" width=\"645\" height=\"360\" src=\"https:\/\/www.linkseride.com\/wp-content\/uploads\/2020\/10\/2-7.jpg\" class=\"attachment-full size-full\" alt=\"Elektroroller mit Stra\u00dfenzulassung\" srcset=\"https:\/\/www.linkseride.com\/wp-content\/uploads\/2020\/10\/2-7.jpg 645w, https:\/\/www.linkseride.com\/wp-content\/uploads\/2020\/10\/2-7-300x167.jpg 300w, https:\/\/www.linkseride.com\/wp-content\/uploads\/2020\/10\/2-7-600x335.jpg 600w\" sizes=\"(max-width: 645px) 100vw, 645px\" \/>\n\t\t\t<\/div><\/figure><figure class='gallery-item'>\n\t\t\t<div class='gallery-icon landscape'>\n\t\t\t\t<img decoding=\"async\" width=\"645\" height=\"360\" src=\"https:\/\/www.linkseride.com\/wp-content\/uploads\/2020\/10\/3-7.jpg\" class=\"attachment-full size-full\" alt=\"Elektroroller mit Stra\u00dfenzulassung\" srcset=\"https:\/\/www.linkseride.com\/wp-content\/uploads\/2020\/10\/3-7.jpg 645w, https:\/\/www.linkseride.com\/wp-content\/uploads\/2020\/10\/3-7-300x167.jpg 300w, https:\/\/www.linkseride.com\/wp-content\/uploads\/2020\/10\/3-7-600x335.jpg 600w\" sizes=\"(max-width: 645px) 100vw, 645px\" \/>\n\t\t\t<\/div><\/figure><figure class='gallery-item'>\n\t\t\t<div class='gallery-icon landscape'>\n\t\t\t\t<img loading=\"lazy\" decoding=\"async\" width=\"645\" height=\"360\" src=\"https:\/\/www.linkseride.com\/wp-content\/uploads\/2020\/10\/5-5.jpg\" class=\"attachment-full size-full\" alt=\"\" srcset=\"https:\/\/www.linkseride.com\/wp-content\/uploads\/2020\/10\/5-5.jpg 645w, https:\/\/www.linkseride.com\/wp-content\/uploads\/2020\/10\/5-5-300x167.jpg 300w, https:\/\/www.linkseride.com\/wp-content\/uploads\/2020\/10\/5-5-600x335.jpg 600w\" sizes=\"(max-width: 645px) 100vw, 645px\" \/>\n\t\t\t<\/div><\/figure>\n\t\t<\/div>\n\n<h4>Detaillierte Merkmale des stra\u00dfenzugelassenen Elektrorollers<\/h4>\n<h5 class=\"h5--accent strong home--uppercase\">12\u2033-Aluminium-Reifen ohne Schlauch<\/h5>\n<div class=\"rte\">\n<p>Schlauchlose Reifen haben eine bessere Abdichtung und Stabilit\u00e4t, was das Risiko eines Reifenplatzers erheblich verringern kann. Das breitere und dickere Wulstdesign sorgt daf\u00fcr, dass Tubeless-Reifen weniger wahrscheinlich platzen und die Felge sch\u00fctzen.<\/p>\n<\/div>\n<div id='gallery-2' class='gallery galleryid-1858 gallery-columns-2 gallery-size-full'><figure class='gallery-item'>\n\t\t\t<div class='gallery-icon landscape'>\n\t\t\t\t<img loading=\"lazy\" decoding=\"async\" width=\"645\" height=\"360\" src=\"https:\/\/www.linkseride.com\/wp-content\/uploads\/2020\/10\/front-tire-2.jpg\" class=\"attachment-full size-full\" alt=\"Elektroroller mit Stra\u00dfenzulassung\" srcset=\"https:\/\/www.linkseride.com\/wp-content\/uploads\/2020\/10\/front-tire-2.jpg 645w, https:\/\/www.linkseride.com\/wp-content\/uploads\/2020\/10\/front-tire-2-300x167.jpg 300w, https:\/\/www.linkseride.com\/wp-content\/uploads\/2020\/10\/front-tire-2-600x335.jpg 600w\" sizes=\"(max-width: 645px) 100vw, 645px\" \/>\n\t\t\t<\/div><\/figure><figure class='gallery-item'>\n\t\t\t<div class='gallery-icon landscape'>\n\t\t\t\t<img loading=\"lazy\" decoding=\"async\" width=\"645\" height=\"360\" src=\"https:\/\/www.linkseride.com\/wp-content\/uploads\/2020\/10\/rear-tire.jpg\" class=\"attachment-full size-full\" alt=\"\" srcset=\"https:\/\/www.linkseride.com\/wp-content\/uploads\/2020\/10\/rear-tire.jpg 645w, https:\/\/www.linkseride.com\/wp-content\/uploads\/2020\/10\/rear-tire-300x167.jpg 300w, https:\/\/www.linkseride.com\/wp-content\/uploads\/2020\/10\/rear-tire-600x335.jpg 600w\" sizes=\"(max-width: 645px) 100vw, 645px\" \/>\n\t\t\t<\/div><\/figure>\n\t\t<\/div>\n\n<h5 class=\"h5--accent strong home--uppercase\">2-Stufen-Schl\u00fcssel-Startsystem und Frontablagefach mit USB-Ladeger\u00e4t<\/h5>\n<div class=\"rte\">\n<p>2-Stufen-Startsystem, um sicherzustellen, dass Ihr Elektroroller nicht gestohlen werden kann. Sie m\u00fcssen die Spitze des Schl\u00fcssels verwenden, um das Schl\u00fcsselloch zu entriegeln und dann zu starten. Front Staufach einige Ihrer pers\u00f6nlichen Dinge und USB-Ladeger\u00e4t zu speichern, um Ihr Smartphone aufzuladen.<\/p>\n<\/div>\n<div class=\"rte\">\n<div id='gallery-3' class='gallery galleryid-1858 gallery-columns-2 gallery-size-full'><figure class='gallery-item'>\n\t\t\t<div class='gallery-icon landscape'>\n\t\t\t\t<img loading=\"lazy\" decoding=\"async\" width=\"645\" height=\"360\" src=\"https:\/\/www.linkseride.com\/wp-content\/uploads\/2020\/10\/front-storage.jpg\" class=\"attachment-full size-full\" alt=\"\" srcset=\"https:\/\/www.linkseride.com\/wp-content\/uploads\/2020\/10\/front-storage.jpg 645w, https:\/\/www.linkseride.com\/wp-content\/uploads\/2020\/10\/front-storage-300x167.jpg 300w, https:\/\/www.linkseride.com\/wp-content\/uploads\/2020\/10\/front-storage-600x335.jpg 600w\" sizes=\"(max-width: 645px) 100vw, 645px\" \/>\n\t\t\t<\/div><\/figure><figure class='gallery-item'>\n\t\t\t<div class='gallery-icon landscape'>\n\t\t\t\t<img loading=\"lazy\" decoding=\"async\" width=\"645\" height=\"360\" src=\"https:\/\/www.linkseride.com\/wp-content\/uploads\/2020\/10\/key-keyhole.jpg\" class=\"attachment-full size-full\" alt=\"\" srcset=\"https:\/\/www.linkseride.com\/wp-content\/uploads\/2020\/10\/key-keyhole.jpg 645w, https:\/\/www.linkseride.com\/wp-content\/uploads\/2020\/10\/key-keyhole-300x167.jpg 300w, https:\/\/www.linkseride.com\/wp-content\/uploads\/2020\/10\/key-keyhole-600x335.jpg 600w\" sizes=\"(max-width: 645px) 100vw, 645px\" \/>\n\t\t\t<\/div><\/figure>\n\t\t<\/div>\n\n<div class=\"rte\">\n<div class=\"rte\">\n<p>&nbsp;<\/p>\n<p>Weitere Einf\u00fchrungsvideos finden Sie hier:\u00a0<a href=\"https:\/\/www.youtube.com\/channel\/UCw4wsO7M_kRsCHTxcFeqTAA\" target=\"_blank\" rel=\"noopener\">https:\/\/www.youtube.com\/channel\/UCw4wsO7M_kRsCHTxcFeqTAA<\/a><\/p>\n<\/div>\n<\/div>\n<\/div>\n<div class=\"ast-oembed-container\" style=\"height: 100%;\"><iframe title=\"Swan Elektroroller 3000W 45km\/h Voller Bericht 2021 aus China LinksEride\" width=\"500\" height=\"281\" src=\"https:\/\/www.youtube.com\/embed\/oG5chtIj_d4?feature=oembed\" frameborder=\"0\" allow=\"accelerometer; autoplay; clipboard-write; encrypted-media; gyroscope; picture-in-picture; web-share\" referrerpolicy=\"strict-origin-when-cross-origin\" allowfullscreen><\/iframe><\/div>\n<p>Der f\u00fcr den Stra\u00dfenverkehr zugelassene Elektroroller Swan ist definitiv eine gro\u00dfartige und meiner Meinung nach bessere Alternative zu einem gleichwertigen Benzinmotorrad und als Pendlerl\u00f6sung. Es ist ein gro\u00dfartig aussehendes Fahrrad und aus jedem Winkel. Es ist angenehm f\u00fcr das Auge. Wir haben eine Upgrade-Version mit 4000W Motor und einer H\u00f6chstgeschwindigkeit von 75km\/h.<a href=\"https:\/\/www.linkseride.com\/de\/product\/swan-4000w-high-speed-electric-scooter\/\" target=\"_blank\" rel=\"noopener\"> L3e-Version, klicken Sie hier. <\/a><\/p>","protected":false},"excerpt":{"rendered":"<p>\u25cf Zertifikate: Stra\u00dfenzulassung Elektroroller mit EEC, COC &amp; UN38.3 Zertifikat<\/p>\n<p>\u25cfBatteriekapazit\u00e4t 72V40AH (voll 84V, Nennspannung 72V) f\u00fcr eine Reichweite von 70km (44miles) bei konstanter Geschwindigkeit<\/p>\n<p>\u25cf ausgestattet mit einem leistungsstarken 3000W b\u00fcrstenlosen QS-Motor. Kein Aufw\u00e4rmen erforderlich. Keine Emissionen. Einfach drehen und losfahren. Max Geschwindigkeit ist bis zu 45km\/h (28Mph)<\/p>\n<p>\u25cf Scheibenbremsen vorne und hinten f\u00fcr Sicherheit. Hydraulische Sto\u00dfd\u00e4mpfer vorne und hinten f\u00fcr maximalen Komfort!<\/p>\n<p>\u25cf USB-Ladeanschluss f\u00fcr Ihr Handy vorhanden<\/p>\n<p>\u25cf Werksdirektverkauf, kundenspezifisch und OEM<\/p>\n<p>&nbsp;<\/p>","protected":false},"featured_media":1859,"template":"","meta":{"site-sidebar-layout":"default","site-content-layout":"default","ast-site-content-layout":"default","site-content-style":"default","site-sidebar-style":"default","ast-global-header-display":"","ast-banner-title-visibility":"","ast-main-header-display":"","ast-hfb-above-header-display":"","ast-hfb-below-header-display":"","ast-hfb-mobile-header-display":"","site-post-title":"","ast-breadcrumbs-content":"","ast-featured-img":"","footer-sml-layout":"","ast-disable-related-posts":"","theme-transparent-header-meta":"default","adv-header-id-meta":"","stick-header-meta":"","header-above-stick-meta":"","header-main-stick-meta":"","header-below-stick-meta":"","astra-migrate-meta-layouts":"default","ast-page-background-enabled":"default","ast-page-background-meta":{"desktop":{"background-color":"","background-image":"","background-repeat":"repeat","background-position":"center center","background-size":"auto","background-attachment":"scroll","background-type":"","background-media":"","overlay-type":"","overlay-color":"","overlay-opacity":"","overlay-gradient":""},"tablet":{"background-color":"","background-image":"","background-repeat":"repeat","background-position":"center center","background-size":"auto","background-attachment":"scroll","background-type":"","background-media":"","overlay-type":"","overlay-color":"","overlay-opacity":"","overlay-gradient":""},"mobile":{"background-color":"","background-image":"","background-repeat":"repeat","background-position":"center center","background-size":"auto","background-attachment":"scroll","background-type":"","background-media":"","overlay-type":"","overlay-color":"","overlay-opacity":"","overlay-gradient":""}},"ast-content-background-meta":{"desktop":{"background-color":"var(--ast-global-color-5)","background-image":"","background-repeat":"repeat","background-position":"center center","background-size":"auto","background-attachment":"scroll","background-type":"","background-media":"","overlay-type":"","overlay-color":"","overlay-opacity":"","overlay-gradient":""},"tablet":{"background-color":"var(--ast-global-color-5)","background-image":"","background-repeat":"repeat","background-position":"center center","background-size":"auto","background-attachment":"scroll","background-type":"","background-media":"","overlay-type":"","overlay-color":"","overlay-opacity":"","overlay-gradient":""},"mobile":{"background-color":"var(--ast-global-color-5)","background-image":"","background-repeat":"repeat","background-position":"center center","background-size":"auto","background-attachment":"scroll","background-type":"","background-media":"","overlay-type":"","overlay-color":"","overlay-opacity":"","overlay-gradient":""}}},"product_brand":[],"product_cat":[26],"product_tag":[],"class_list":{"0":"post-1858","1":"product","2":"type-product","3":"status-publish","4":"has-post-thumbnail","6":"product_cat-electric-moped","7":"desktop-align-left","8":"tablet-align-left","9":"mobile-align-left","11":"first","12":"instock","13":"shipping-taxable","14":"purchasable","15":"product-type-simple"},"_links":{"self":[{"href":"https:\/\/www.linkseride.com\/de\/wp-json\/wp\/v2\/product\/1858","targetHints":{"allow":["GET"]}}],"collection":[{"href":"https:\/\/www.linkseride.com\/de\/wp-json\/wp\/v2\/product"}],"about":[{"href":"https:\/\/www.linkseride.com\/de\/wp-json\/wp\/v2\/types\/product"}],"wp:featuredmedia":[{"embeddable":true,"href":"https:\/\/www.linkseride.com\/de\/wp-json\/wp\/v2\/media\/1859"}],"wp:attachment":[{"href":"https:\/\/www.linkseride.com\/de\/wp-json\/wp\/v2\/media?parent=1858"}],"wp:term":[{"taxonomy":"product_brand","embeddable":true,"href":"https:\/\/www.linkseride.com\/de\/wp-json\/wp\/v2\/product_brand?post=1858"},{"taxonomy":"product_cat","embeddable":true,"href":"https:\/\/www.linkseride.com\/de\/wp-json\/wp\/v2\/product_cat?post=1858"},{"taxonomy":"product_tag","embeddable":true,"href":"https:\/\/www.linkseride.com\/de\/wp-json\/wp\/v2\/product_tag?post=1858"}],"curies":[{"name":"wp","href":"https:\/\/api.w.org\/{rel}","templated":true}]}}