{"id":1876,"date":"2020-10-25T06:49:18","date_gmt":"2020-10-25T06:49:18","guid":{"rendered":"http:\/\/linkseride.com\/?post_type=product&#038;p=1876"},"modified":"2021-09-11T03:31:51","modified_gmt":"2021-09-11T03:31:51","slug":"2000w-pendelnder-elektroroller","status":"publish","type":"product","link":"https:\/\/www.linkseride.com\/de\/product\/2000w-commute-electric-scooter\/","title":{"rendered":"LEM-04 Elfin 2000W leichter Elektroroller f\u00fcr den Pendelverkehr"},"content":{"rendered":"<p>Dieser kleine und moderne cummute Elektroroller Moped spielt eine wichtige Rolle in der Transport \u00d6kosystem. Gute Wahl, wenn Sie etwas leichter zu tragen und zu kontrollieren brauchen. 2000W Motor ist OK mit einer maximalen Geschwindigkeit von 45 km\/h (28Mph). \u00dcbrigens, es ist eine billigere elektrische Moped Option unter allen M\u00f6glichkeiten mit der gleichen Leistung.<\/p>\n<div id='gallery-1' class='gallery galleryid-1876 gallery-columns-4 gallery-size-full'><figure class='gallery-item'>\n\t\t\t<div class='gallery-icon landscape'>\n\t\t\t\t<img fetchpriority=\"high\" decoding=\"async\" width=\"645\" height=\"360\" src=\"https:\/\/www.linkseride.com\/wp-content\/uploads\/2020\/10\/1-8.jpg\" class=\"attachment-full size-full\" alt=\"Elektroroller f\u00fcr den Pendelverkehr\" srcset=\"https:\/\/www.linkseride.com\/wp-content\/uploads\/2020\/10\/1-8.jpg 645w, https:\/\/www.linkseride.com\/wp-content\/uploads\/2020\/10\/1-8-300x167.jpg 300w, https:\/\/www.linkseride.com\/wp-content\/uploads\/2020\/10\/1-8-600x335.jpg 600w\" sizes=\"(max-width: 645px) 100vw, 645px\" \/>\n\t\t\t<\/div><\/figure><figure class='gallery-item'>\n\t\t\t<div class='gallery-icon landscape'>\n\t\t\t\t<img decoding=\"async\" width=\"645\" height=\"360\" src=\"https:\/\/www.linkseride.com\/wp-content\/uploads\/2020\/10\/2-8.jpg\" class=\"attachment-full size-full\" alt=\"Elektroroller f\u00fcr den Pendelverkehr\" srcset=\"https:\/\/www.linkseride.com\/wp-content\/uploads\/2020\/10\/2-8.jpg 645w, https:\/\/www.linkseride.com\/wp-content\/uploads\/2020\/10\/2-8-300x167.jpg 300w, https:\/\/www.linkseride.com\/wp-content\/uploads\/2020\/10\/2-8-600x335.jpg 600w\" sizes=\"(max-width: 645px) 100vw, 645px\" \/>\n\t\t\t<\/div><\/figure><figure class='gallery-item'>\n\t\t\t<div class='gallery-icon landscape'>\n\t\t\t\t<img decoding=\"async\" width=\"645\" height=\"360\" src=\"https:\/\/www.linkseride.com\/wp-content\/uploads\/2020\/10\/3-8.jpg\" class=\"attachment-full size-full\" alt=\"Elektroroller f\u00fcr den Pendelverkehr\" srcset=\"https:\/\/www.linkseride.com\/wp-content\/uploads\/2020\/10\/3-8.jpg 645w, https:\/\/www.linkseride.com\/wp-content\/uploads\/2020\/10\/3-8-300x167.jpg 300w, https:\/\/www.linkseride.com\/wp-content\/uploads\/2020\/10\/3-8-600x335.jpg 600w\" sizes=\"(max-width: 645px) 100vw, 645px\" \/>\n\t\t\t<\/div><\/figure><figure class='gallery-item'>\n\t\t\t<div class='gallery-icon landscape'>\n\t\t\t\t<img loading=\"lazy\" decoding=\"async\" width=\"645\" height=\"360\" src=\"https:\/\/www.linkseride.com\/wp-content\/uploads\/2020\/10\/4-5.jpg\" class=\"attachment-full size-full\" alt=\"Elektroroller f\u00fcr den Pendelverkehr\" srcset=\"https:\/\/www.linkseride.com\/wp-content\/uploads\/2020\/10\/4-5.jpg 645w, https:\/\/www.linkseride.com\/wp-content\/uploads\/2020\/10\/4-5-300x167.jpg 300w, https:\/\/www.linkseride.com\/wp-content\/uploads\/2020\/10\/4-5-600x335.jpg 600w\" sizes=\"(max-width: 645px) 100vw, 645px\" \/>\n\t\t\t<\/div><\/figure>\n\t\t<\/div>\n\n<h4>Detaillierte Eigenschaften des Commute Elektro-Rollers<\/h4>\n<h5><\/h5>\n<h5>Intelligent gestaltete Kopfleuchte mit modernem LCD-Display<\/h5>\n<p>Die einfach gestaltete Kopfzeile mit qualifizierten LED-Leuchten mit E-Zeichen auf sie. Kombinieren Sie mit dem LCD-Display, so dass Sie deutlich sehen k\u00f6nnen, die Geschwindigkeit, die Sie w\u00e4hrend der Fahrt haben.<\/p>\n<div id='gallery-2' class='gallery galleryid-1876 gallery-columns-3 gallery-size-full'><figure class='gallery-item'>\n\t\t\t<div class='gallery-icon landscape'>\n\t\t\t\t<img loading=\"lazy\" decoding=\"async\" width=\"645\" height=\"360\" src=\"https:\/\/www.linkseride.com\/wp-content\/uploads\/2020\/10\/1.-front-head.jpg\" class=\"attachment-full size-full\" alt=\"Elektroroller pendeln\" srcset=\"https:\/\/www.linkseride.com\/wp-content\/uploads\/2020\/10\/1.-front-head.jpg 645w, https:\/\/www.linkseride.com\/wp-content\/uploads\/2020\/10\/1.-front-head-300x167.jpg 300w, https:\/\/www.linkseride.com\/wp-content\/uploads\/2020\/10\/1.-front-head-600x335.jpg 600w\" sizes=\"(max-width: 645px) 100vw, 645px\" \/>\n\t\t\t<\/div><\/figure><figure class='gallery-item'>\n\t\t\t<div class='gallery-icon landscape'>\n\t\t\t\t<img loading=\"lazy\" decoding=\"async\" width=\"645\" height=\"360\" src=\"https:\/\/www.linkseride.com\/wp-content\/uploads\/2020\/10\/1.-header.jpg\" class=\"attachment-full size-full\" alt=\"commute Elektroroller Kopfzeile\" srcset=\"https:\/\/www.linkseride.com\/wp-content\/uploads\/2020\/10\/1.-header.jpg 645w, https:\/\/www.linkseride.com\/wp-content\/uploads\/2020\/10\/1.-header-300x167.jpg 300w, https:\/\/www.linkseride.com\/wp-content\/uploads\/2020\/10\/1.-header-600x335.jpg 600w\" sizes=\"(max-width: 645px) 100vw, 645px\" \/>\n\t\t\t<\/div><\/figure><figure class='gallery-item'>\n\t\t\t<div class='gallery-icon landscape'>\n\t\t\t\t<img loading=\"lazy\" decoding=\"async\" width=\"645\" height=\"360\" src=\"https:\/\/www.linkseride.com\/wp-content\/uploads\/2020\/10\/1.-LCD-display-1.jpg\" class=\"attachment-full size-full\" alt=\"pendelnder Elektroroller LCD-Anzeige\" srcset=\"https:\/\/www.linkseride.com\/wp-content\/uploads\/2020\/10\/1.-LCD-display-1.jpg 645w, https:\/\/www.linkseride.com\/wp-content\/uploads\/2020\/10\/1.-LCD-display-1-300x167.jpg 300w, https:\/\/www.linkseride.com\/wp-content\/uploads\/2020\/10\/1.-LCD-display-1-600x335.jpg 600w\" sizes=\"(max-width: 645px) 100vw, 645px\" \/>\n\t\t\t<\/div><\/figure>\n\t\t<\/div>\n\n<h5 class=\"h5--accent strong home--uppercase\">10\u2033-Aluminium-Reifen ohne Schlauch<\/h5>\n<div class=\"rte\">\n<p>10inch Vorder- und Hinterreifen, so dass diese cummute Elektroroller mehr frendly in Gewicht und Sitzh\u00f6he f\u00fcr ein M\u00e4dchen. Tubeless Hinterradnabenmotor, Aluminium-Hinterradgabelabdeckung, um ein Gef\u00fchl von High-Tech zu schaffen.<\/p>\n<div id='gallery-3' class='gallery galleryid-1876 gallery-columns-2 gallery-size-full'><figure class='gallery-item'>\n\t\t\t<div class='gallery-icon landscape'>\n\t\t\t\t<img loading=\"lazy\" decoding=\"async\" width=\"645\" height=\"360\" src=\"https:\/\/www.linkseride.com\/wp-content\/uploads\/2020\/10\/2.-front-tire-2-1.jpg\" class=\"attachment-full size-full\" alt=\"Elektroroller pendeln\" srcset=\"https:\/\/www.linkseride.com\/wp-content\/uploads\/2020\/10\/2.-front-tire-2-1.jpg 645w, https:\/\/www.linkseride.com\/wp-content\/uploads\/2020\/10\/2.-front-tire-2-1-300x167.jpg 300w, https:\/\/www.linkseride.com\/wp-content\/uploads\/2020\/10\/2.-front-tire-2-1-600x335.jpg 600w\" sizes=\"(max-width: 645px) 100vw, 645px\" \/>\n\t\t\t<\/div><\/figure><figure class='gallery-item'>\n\t\t\t<div class='gallery-icon landscape'>\n\t\t\t\t<img loading=\"lazy\" decoding=\"async\" width=\"645\" height=\"360\" src=\"https:\/\/www.linkseride.com\/wp-content\/uploads\/2020\/10\/2.-rear-tire-1.jpg\" class=\"attachment-full size-full\" alt=\"Elektroroller pendeln\" srcset=\"https:\/\/www.linkseride.com\/wp-content\/uploads\/2020\/10\/2.-rear-tire-1.jpg 645w, https:\/\/www.linkseride.com\/wp-content\/uploads\/2020\/10\/2.-rear-tire-1-300x167.jpg 300w, https:\/\/www.linkseride.com\/wp-content\/uploads\/2020\/10\/2.-rear-tire-1-600x335.jpg 600w\" sizes=\"(max-width: 645px) 100vw, 645px\" \/>\n\t\t\t<\/div><\/figure>\n\t\t<\/div>\n\n<\/div>\n<h5 class=\"h5--accent strong home--uppercase\">Ladeanschluss f\u00fcr Smartphones<\/h5>\n<div class=\"rte\">\n<p>Dieses elektrische Moped ist mit einem USB-Ladeanschluss an der Vorderseite ausgestattet. Die Tasten und Schl\u00fcssell\u00f6cher sind mit leicht verst\u00e4ndlichen Symbolen f\u00fcr die Steuerung gekennzeichnet.<\/p>\n<h5 class=\"h5--accent strong home--uppercase\">60v 20ah\/26Ah Herausnehmbarer Li-Ionen-Akku<\/h5>\n<div class=\"rte\">\n<p>2 S\u00e4tze von 60v20Ah abnehmbaren Li-Ionen-Akkus sind leicht zu transportieren und k\u00f6nnen in 4-6 Stunden vollst\u00e4ndig aufgeladen werden.<\/p>\n<h5 class=\"h5--accent strong home--uppercase\">Seitlicher und mittlerer St\u00e4nder mit elektrischer Abschaltung<\/h5>\n<div class=\"rte\">\n<p>Der Seitenst\u00e4nder, der mit der Stromsteuerung verbunden ist und eine elektrische Power-Off-Funktion hat, um Unf\u00e4lle zu vermeiden, die durch das Ausschalten der Stromversorgung verursacht werden. Center Unterst\u00fctzung ist stark genug, kann die Stabilit\u00e4t der Sie Roller in Ihrer Garage zu halten.<\/p>\n<\/div>\n<\/div>\n<div id='gallery-4' class='gallery galleryid-1876 gallery-columns-3 gallery-size-full'><figure class='gallery-item'>\n\t\t\t<div class='gallery-icon landscape'>\n\t\t\t\t<img loading=\"lazy\" decoding=\"async\" width=\"645\" height=\"360\" src=\"https:\/\/www.linkseride.com\/wp-content\/uploads\/2020\/10\/3.-keys-USB-port.jpg\" class=\"attachment-full size-full\" alt=\"Elektroroller pendeln\" srcset=\"https:\/\/www.linkseride.com\/wp-content\/uploads\/2020\/10\/3.-keys-USB-port.jpg 645w, https:\/\/www.linkseride.com\/wp-content\/uploads\/2020\/10\/3.-keys-USB-port-300x167.jpg 300w, https:\/\/www.linkseride.com\/wp-content\/uploads\/2020\/10\/3.-keys-USB-port-600x335.jpg 600w\" sizes=\"(max-width: 645px) 100vw, 645px\" \/>\n\t\t\t<\/div><\/figure><figure class='gallery-item'>\n\t\t\t<div class='gallery-icon landscape'>\n\t\t\t\t<img loading=\"lazy\" decoding=\"async\" width=\"645\" height=\"360\" src=\"https:\/\/www.linkseride.com\/wp-content\/uploads\/2020\/10\/3.-battery-cage-and-battery.jpg\" class=\"attachment-full size-full\" alt=\"Elektroroller pendeln\" srcset=\"https:\/\/www.linkseride.com\/wp-content\/uploads\/2020\/10\/3.-battery-cage-and-battery.jpg 645w, https:\/\/www.linkseride.com\/wp-content\/uploads\/2020\/10\/3.-battery-cage-and-battery-300x167.jpg 300w, https:\/\/www.linkseride.com\/wp-content\/uploads\/2020\/10\/3.-battery-cage-and-battery-600x335.jpg 600w\" sizes=\"(max-width: 645px) 100vw, 645px\" \/>\n\t\t\t<\/div><\/figure><figure class='gallery-item'>\n\t\t\t<div class='gallery-icon landscape'>\n\t\t\t\t<img loading=\"lazy\" decoding=\"async\" width=\"645\" height=\"360\" src=\"https:\/\/www.linkseride.com\/wp-content\/uploads\/2020\/10\/3.-center-support.jpg\" class=\"attachment-full size-full\" alt=\"Elektroroller pendeln\" srcset=\"https:\/\/www.linkseride.com\/wp-content\/uploads\/2020\/10\/3.-center-support.jpg 645w, https:\/\/www.linkseride.com\/wp-content\/uploads\/2020\/10\/3.-center-support-300x167.jpg 300w, https:\/\/www.linkseride.com\/wp-content\/uploads\/2020\/10\/3.-center-support-600x335.jpg 600w\" sizes=\"(max-width: 645px) 100vw, 645px\" \/>\n\t\t\t<\/div><\/figure>\n\t\t<\/div>\n\n<p>&nbsp;<\/p>\n<\/div>\n<p>Sie k\u00f6nnen auch sehen, wir aktualisieren dieses Modell mit allen Aluminium-Vorder-und Hinterradgabel mit hinterer Abdeckung, die diese pendeln Elektro-Roller sieht anmutig macht. Die Sitzh\u00f6he ist perfekt f\u00fcr ein M\u00e4dchen passen. Wenn Sie einen Pendler-Roller brauchen, w\u00e4hlen Sie diese!<\/p>\n<p>Weitere Einf\u00fchrungsvideos finden Sie hier:\u00a0<a href=\"https:\/\/www.youtube.com\/channel\/UCw4wsO7M_kRsCHTxcFeqTAA\" target=\"_blank\" rel=\"noopener\">https:\/\/www.youtube.com\/channel\/UCw4wsO7M_kRsCHTxcFeqTAA<\/a><\/p>\n<div class=\"ast-oembed-container\" style=\"height: 100%;\"><iframe title=\"Chinesischer Elektroroller Elektro-Moped mit 2000W und 45km\/h Geschwindigkeit\" width=\"500\" height=\"281\" src=\"https:\/\/www.youtube.com\/embed\/qLVUC7gtZ_U?feature=oembed\" frameborder=\"0\" allow=\"accelerometer; autoplay; clipboard-write; encrypted-media; gyroscope; picture-in-picture; web-share\" referrerpolicy=\"strict-origin-when-cross-origin\" allowfullscreen><\/iframe><\/div>\n<p>f\u00fcr weitere EEC-Fahrradoptionen k\u00f6nnen Sie <a href=\"https:\/\/www.linkseride.com\/de\/product-electric-vehicle-manufacturer\/\" target=\"_blank\" rel=\"noopener\">klicken Sie hier.<\/a><\/p>","protected":false},"excerpt":{"rendered":"<p>\u25cf Zertifikate: Stra\u00dfenzulassung mit EWG-, COC- und UN38.3-Zertifikat<\/p>\n<p>\u25cf Leichtgewichtiger Elektroroller, 64 kg f\u00fcr Ihren t\u00e4glichen Weg<\/p>\n<p>\u25cf B\u00fcrstenloser 2000-W-Motor. Sofortiges Drehmoment liefert volle Leistung in einem Herzschlag. 5 Sekunden von 0-45km\/h (28Mph).<\/p>\n<p>\u25cf Batteriekapazit\u00e4t 60V, 26Ah. Voll aufgeladen, kann eine einzelne Batterie genug f\u00fcr bis zu 60km (37miles) Fahrt bieten.<\/p>\n<p>\u25cf Mode morden LCD Armaturenbrett ist hervorragend f\u00fcr Ansicht<\/p>\n<p>\u25cf individuelle Farbauswahl: gelb, rot, schwarz, grau<\/p>\n<p>&nbsp;<\/p>","protected":false},"featured_media":1878,"template":"","meta":{"site-sidebar-layout":"default","site-content-layout":"default","ast-site-content-layout":"default","site-content-style":"default","site-sidebar-style":"default","ast-global-header-display":"","ast-banner-title-visibility":"","ast-main-header-display":"","ast-hfb-above-header-display":"","ast-hfb-below-header-display":"","ast-hfb-mobile-header-display":"","site-post-title":"","ast-breadcrumbs-content":"","ast-featured-img":"","footer-sml-layout":"","ast-disable-related-posts":"","theme-transparent-header-meta":"default","adv-header-id-meta":"","stick-header-meta":"","header-above-stick-meta":"","header-main-stick-meta":"","header-below-stick-meta":"","astra-migrate-meta-layouts":"default","ast-page-background-enabled":"default","ast-page-background-meta":{"desktop":{"background-color":"","background-image":"","background-repeat":"repeat","background-position":"center center","background-size":"auto","background-attachment":"scroll","background-type":"","background-media":"","overlay-type":"","overlay-color":"","overlay-opacity":"","overlay-gradient":""},"tablet":{"background-color":"","background-image":"","background-repeat":"repeat","background-position":"center center","background-size":"auto","background-attachment":"scroll","background-type":"","background-media":"","overlay-type":"","overlay-color":"","overlay-opacity":"","overlay-gradient":""},"mobile":{"background-color":"","background-image":"","background-repeat":"repeat","background-position":"center center","background-size":"auto","background-attachment":"scroll","background-type":"","background-media":"","overlay-type":"","overlay-color":"","overlay-opacity":"","overlay-gradient":""}},"ast-content-background-meta":{"desktop":{"background-color":"var(--ast-global-color-5)","background-image":"","background-repeat":"repeat","background-position":"center center","background-size":"auto","background-attachment":"scroll","background-type":"","background-media":"","overlay-type":"","overlay-color":"","overlay-opacity":"","overlay-gradient":""},"tablet":{"background-color":"var(--ast-global-color-5)","background-image":"","background-repeat":"repeat","background-position":"center center","background-size":"auto","background-attachment":"scroll","background-type":"","background-media":"","overlay-type":"","overlay-color":"","overlay-opacity":"","overlay-gradient":""},"mobile":{"background-color":"var(--ast-global-color-5)","background-image":"","background-repeat":"repeat","background-position":"center center","background-size":"auto","background-attachment":"scroll","background-type":"","background-media":"","overlay-type":"","overlay-color":"","overlay-opacity":"","overlay-gradient":""}}},"product_brand":[],"product_cat":[26],"product_tag":[],"class_list":{"0":"post-1876","1":"product","2":"type-product","3":"status-publish","4":"has-post-thumbnail","6":"product_cat-electric-moped","7":"desktop-align-left","8":"tablet-align-left","9":"mobile-align-left","11":"first","12":"instock","13":"shipping-taxable","14":"purchasable","15":"product-type-simple"},"_links":{"self":[{"href":"https:\/\/www.linkseride.com\/de\/wp-json\/wp\/v2\/product\/1876","targetHints":{"allow":["GET"]}}],"collection":[{"href":"https:\/\/www.linkseride.com\/de\/wp-json\/wp\/v2\/product"}],"about":[{"href":"https:\/\/www.linkseride.com\/de\/wp-json\/wp\/v2\/types\/product"}],"wp:featuredmedia":[{"embeddable":true,"href":"https:\/\/www.linkseride.com\/de\/wp-json\/wp\/v2\/media\/1878"}],"wp:attachment":[{"href":"https:\/\/www.linkseride.com\/de\/wp-json\/wp\/v2\/media?parent=1876"}],"wp:term":[{"taxonomy":"product_brand","embeddable":true,"href":"https:\/\/www.linkseride.com\/de\/wp-json\/wp\/v2\/product_brand?post=1876"},{"taxonomy":"product_cat","embeddable":true,"href":"https:\/\/www.linkseride.com\/de\/wp-json\/wp\/v2\/product_cat?post=1876"},{"taxonomy":"product_tag","embeddable":true,"href":"https:\/\/www.linkseride.com\/de\/wp-json\/wp\/v2\/product_tag?post=1876"}],"curies":[{"name":"wp","href":"https:\/\/api.w.org\/{rel}","templated":true}]}}