{"id":1951,"date":"2020-10-25T11:50:36","date_gmt":"2020-10-25T11:50:36","guid":{"rendered":"http:\/\/linkseride.com\/?post_type=product&#038;p=1951"},"modified":"2022-12-16T03:41:31","modified_gmt":"2022-12-16T03:41:31","slug":"lec-02-2000w-elektrischer-harley-roller","status":"publish","type":"product","link":"https:\/\/www.linkseride.com\/de\/product\/lec-02-2000w-electric-harley-scooter\/","title":{"rendered":"LEC-M1 2000W Retro Zweirad-Elektro-Harley-Roller Citycoco"},"content":{"rendered":"<p>Der zweir\u00e4drige Elektro-Harley-Roller Citycoco ist Ihr perfekter Begleiter f\u00fcr die Stadt oder den Strand, mit einer stra\u00dfenzugelassenen H\u00f6chstgeschwindigkeit von 45 km\/h (28Mph) und einer Reichweite von 60km (37 Meilen). Zur Ausstattung geh\u00f6ren ein Bluetooth-Soundsystem mit Radio, ein pulverbeschichteter Rahmen f\u00fcr eine lange Lebensdauer, eine schl\u00fcssellose Z\u00fcndung, eine Alarmanlage mit Wegfahrsperre und eine Schnellladebatterie, die \u00fcberall aufgeladen werden kann. Entscheiden Sie sich f\u00fcr einen Harley-Motor, um neue Stra\u00dfen ohne den ganzen L\u00e4rm zu erkunden.<\/p>\n<h2>Sehen Sie sich die detaillierten Eigenschaften unseres M1 Electric Harley Scooters an.<\/h2>\n<div id='gallery-1' class='gallery galleryid-1951 gallery-columns-3 gallery-size-full'><figure class='gallery-item'>\n\t\t\t<div class='gallery-icon landscape'>\n\t\t\t\t<img fetchpriority=\"high\" decoding=\"async\" width=\"1024\" height=\"768\" src=\"https:\/\/www.linkseride.com\/wp-content\/uploads\/2020\/10\/1-3.jpg\" class=\"attachment-full size-full\" alt=\"\" srcset=\"https:\/\/www.linkseride.com\/wp-content\/uploads\/2020\/10\/1-3.jpg 1024w, https:\/\/www.linkseride.com\/wp-content\/uploads\/2020\/10\/1-3-300x225.jpg 300w, https:\/\/www.linkseride.com\/wp-content\/uploads\/2020\/10\/1-3-768x576.jpg 768w, https:\/\/www.linkseride.com\/wp-content\/uploads\/2020\/10\/1-3-600x450.jpg 600w\" sizes=\"(max-width: 1024px) 100vw, 1024px\" \/>\n\t\t\t<\/div><\/figure><figure class='gallery-item'>\n\t\t\t<div class='gallery-icon landscape'>\n\t\t\t\t<img decoding=\"async\" width=\"853\" height=\"640\" src=\"https:\/\/www.linkseride.com\/wp-content\/uploads\/2020\/10\/2-2.jpg\" class=\"attachment-full size-full\" alt=\"\" srcset=\"https:\/\/www.linkseride.com\/wp-content\/uploads\/2020\/10\/2-2.jpg 853w, https:\/\/www.linkseride.com\/wp-content\/uploads\/2020\/10\/2-2-300x225.jpg 300w, https:\/\/www.linkseride.com\/wp-content\/uploads\/2020\/10\/2-2-768x576.jpg 768w, https:\/\/www.linkseride.com\/wp-content\/uploads\/2020\/10\/2-2-600x450.jpg 600w\" sizes=\"(max-width: 853px) 100vw, 853px\" \/>\n\t\t\t<\/div><\/figure><figure class='gallery-item'>\n\t\t\t<div class='gallery-icon landscape'>\n\t\t\t\t<img decoding=\"async\" width=\"1024\" height=\"768\" src=\"https:\/\/www.linkseride.com\/wp-content\/uploads\/2020\/10\/3-3.jpg\" class=\"attachment-full size-full\" alt=\"\" srcset=\"https:\/\/www.linkseride.com\/wp-content\/uploads\/2020\/10\/3-3.jpg 1024w, https:\/\/www.linkseride.com\/wp-content\/uploads\/2020\/10\/3-3-300x225.jpg 300w, https:\/\/www.linkseride.com\/wp-content\/uploads\/2020\/10\/3-3-768x576.jpg 768w, https:\/\/www.linkseride.com\/wp-content\/uploads\/2020\/10\/3-3-600x450.jpg 600w\" sizes=\"(max-width: 1024px) 100vw, 1024px\" \/>\n\t\t\t<\/div><\/figure>\n\t\t<\/div>\n\n<p>Lenkerbreite: 78cm<br \/>\nH\u00f6he: 109cm<br \/>\nL\u00e4nge: 203cm<br \/>\nMotorleistung: 2000W\/3000W b\u00fcrstenloser Nabenmotor<br \/>\n<strong>Batteriekapazit\u00e4t: 60V 12Ah\/20Ah\/30Ah Li-Ion Batterie<\/strong><br \/>\nTragf\u00e4higkeit: &gt;180kgs\/396Ibs<br \/>\nAufladezeit: 6-8 Stunden<br \/>\n<strong>H\u00f6chstgeschwindigkeit: 50km\/h bei 2000W<\/strong><br \/>\n<strong>Reichweite pro Ladung: 35km-12Ah \/ 55KM-20Ah<\/strong><br \/>\nBremse: Scheibenbremse vorne und hinten<br \/>\nSitzh\u00f6he: 58CM<br \/>\nSteigf\u00e4higkeit: &gt;18 Grad<br \/>\nFarbe verf\u00fcgbar: Blau, Rot, Rosa, Gelb, Gr\u00fcn, Schwarz usw.<br \/>\n<strong>Verpackung: Karton-Verpackung<\/strong><br \/>\nNettogewicht: 80kgs<br \/>\nBruttogewicht: 92kgs<br \/>\nGr\u00f6\u00dfe des Kartons: 192\u00d737.5x77cm\/1St.<br \/>\nBeh\u00e4lter: 42pcs\/20GP, 87pcs\/40GP,102pcs\/40\u2019HQ<\/p>\n<h2>Satteltaschen und Taschen f\u00fcr Ihren elektrischen Harley-Roller.<\/h2>\n<div id='gallery-2' class='gallery galleryid-1951 gallery-columns-2 gallery-size-full'><figure class='gallery-item'>\n\t\t\t<div class='gallery-icon landscape'>\n\t\t\t\t<img loading=\"lazy\" decoding=\"async\" width=\"1024\" height=\"768\" src=\"https:\/\/www.linkseride.com\/wp-content\/uploads\/2020\/10\/4-1.jpg\" class=\"attachment-full size-full\" alt=\"Elektrischer Harley-Roller\" srcset=\"https:\/\/www.linkseride.com\/wp-content\/uploads\/2020\/10\/4-1.jpg 1024w, https:\/\/www.linkseride.com\/wp-content\/uploads\/2020\/10\/4-1-300x225.jpg 300w, https:\/\/www.linkseride.com\/wp-content\/uploads\/2020\/10\/4-1-768x576.jpg 768w, https:\/\/www.linkseride.com\/wp-content\/uploads\/2020\/10\/4-1-600x450.jpg 600w\" sizes=\"(max-width: 1024px) 100vw, 1024px\" \/>\n\t\t\t<\/div><\/figure><figure class='gallery-item'>\n\t\t\t<div class='gallery-icon landscape'>\n\t\t\t\t<img loading=\"lazy\" decoding=\"async\" width=\"1024\" height=\"683\" src=\"https:\/\/www.linkseride.com\/wp-content\/uploads\/2020\/10\/5678.jpg\" class=\"attachment-full size-full\" alt=\"Elektrischer Harley-Roller\" srcset=\"https:\/\/www.linkseride.com\/wp-content\/uploads\/2020\/10\/5678.jpg 1024w, https:\/\/www.linkseride.com\/wp-content\/uploads\/2020\/10\/5678-300x200.jpg 300w, https:\/\/www.linkseride.com\/wp-content\/uploads\/2020\/10\/5678-768x512.jpg 768w, https:\/\/www.linkseride.com\/wp-content\/uploads\/2020\/10\/5678-600x400.jpg 600w\" sizes=\"(max-width: 1024px) 100vw, 1024px\" \/>\n\t\t\t<\/div><\/figure>\n\t\t<\/div>\n\n<div id='gallery-3' class='gallery galleryid-1951 gallery-columns-2 gallery-size-full'><figure class='gallery-item'>\n\t\t\t<div class='gallery-icon landscape'>\n\t\t\t\t<img loading=\"lazy\" decoding=\"async\" width=\"1024\" height=\"768\" src=\"https:\/\/www.linkseride.com\/wp-content\/uploads\/2020\/10\/6-2.jpg\" class=\"attachment-full size-full\" alt=\"Elektrischer Harley-Roller\" srcset=\"https:\/\/www.linkseride.com\/wp-content\/uploads\/2020\/10\/6-2.jpg 1024w, https:\/\/www.linkseride.com\/wp-content\/uploads\/2020\/10\/6-2-300x225.jpg 300w, https:\/\/www.linkseride.com\/wp-content\/uploads\/2020\/10\/6-2-768x576.jpg 768w, https:\/\/www.linkseride.com\/wp-content\/uploads\/2020\/10\/6-2-600x450.jpg 600w\" sizes=\"(max-width: 1024px) 100vw, 1024px\" \/>\n\t\t\t<\/div><\/figure><figure class='gallery-item'>\n\t\t\t<div class='gallery-icon landscape'>\n\t\t\t\t<img loading=\"lazy\" decoding=\"async\" width=\"1024\" height=\"768\" src=\"https:\/\/www.linkseride.com\/wp-content\/uploads\/2020\/10\/5-1.jpg\" class=\"attachment-full size-full\" alt=\"Citycoco Elektro-Roller Gro\u00dfhandel\" srcset=\"https:\/\/www.linkseride.com\/wp-content\/uploads\/2020\/10\/5-1.jpg 1024w, https:\/\/www.linkseride.com\/wp-content\/uploads\/2020\/10\/5-1-300x225.jpg 300w, https:\/\/www.linkseride.com\/wp-content\/uploads\/2020\/10\/5-1-768x576.jpg 768w, https:\/\/www.linkseride.com\/wp-content\/uploads\/2020\/10\/5-1-600x450.jpg 600w\" sizes=\"(max-width: 1024px) 100vw, 1024px\" \/>\n\t\t\t<\/div><\/figure>\n\t\t<\/div>\n\n<h2>Was ist der gr\u00f6\u00dfte Unterschied zwischen M1 und <a href=\"https:\/\/www.linkseride.com\/de\/product\/m1p-fettbereifter-elektrischer-citycoco-roller\/\" target=\"_blank\" rel=\"noopener\">M1P<\/a> elektrischer Harley-Roller?<\/h2>\n<h5>Erstens: die Hinterradaufh\u00e4ngung.<\/h5>\n<p><img loading=\"lazy\" decoding=\"async\" class=\"aligncenter wp-image-3665 size-full\" src=\"http:\/\/linkseride.com\/wp-content\/uploads\/2020\/10\/QQ20210620-141834.png\" alt=\"\" width=\"707\" height=\"360\" srcset=\"https:\/\/www.linkseride.com\/wp-content\/uploads\/2020\/10\/QQ20210620-141834.png 707w, https:\/\/www.linkseride.com\/wp-content\/uploads\/2020\/10\/QQ20210620-141834-300x153.png 300w, https:\/\/www.linkseride.com\/wp-content\/uploads\/2020\/10\/QQ20210620-141834-600x306.png 600w\" sizes=\"(max-width: 707px) 100vw, 707px\" \/><\/p>\n<h5>zweitens, die Lichter.<\/h5>\n<p><img loading=\"lazy\" decoding=\"async\" class=\"aligncenter wp-image-3666 size-full\" src=\"http:\/\/linkseride.com\/wp-content\/uploads\/2020\/10\/QQ20210620-141911.png\" alt=\"\" width=\"706\" height=\"325\" srcset=\"https:\/\/www.linkseride.com\/wp-content\/uploads\/2020\/10\/QQ20210620-141911.png 706w, https:\/\/www.linkseride.com\/wp-content\/uploads\/2020\/10\/QQ20210620-141911-300x138.png 300w, https:\/\/www.linkseride.com\/wp-content\/uploads\/2020\/10\/QQ20210620-141911-600x276.png 600w\" sizes=\"(max-width: 706px) 100vw, 706px\" \/><\/p>\n<p>Wir haben auch andere neue Modelle in Harley-Form, wenn Sie mehr Informationen ben\u00f6tigen, k\u00f6nnen Sie<a href=\"https:\/\/www.linkseride.com\/de\/hersteller-von-elektromotorradern\/\" target=\"_blank\" rel=\"noopener\"> finden Sie hier.<\/a><\/p>\n<p><a href=\"https:\/\/www.youtube.com\/channel\/UCw4wsO7M_kRsCHTxcFeqTAA\" target=\"_blank\" rel=\"noopener\">youtube-Kanal<\/a> f\u00fcr unsere Produkteinf\u00fchrung:<\/p>\n<div class=\"ast-oembed-container\" style=\"height: 100%;\"><iframe title=\"Alles, was Sie vor dem Kauf Ihres M1P-Elektro-Scooters wissen m\u00fcssen\" width=\"500\" height=\"281\" src=\"https:\/\/www.youtube.com\/embed\/KE1jDJdzs4Q?feature=oembed\" frameborder=\"0\" allow=\"accelerometer; autoplay; clipboard-write; encrypted-media; gyroscope; picture-in-picture; web-share\" referrerpolicy=\"strict-origin-when-cross-origin\" allowfullscreen><\/iframe><\/div>\n<p>&nbsp;<\/p>\n<p>Sehen Sie sich hier unsere Produktionslinien an.<\/p>\n<div id='gallery-4' class='gallery galleryid-1951 gallery-columns-4 gallery-size-full'><figure class='gallery-item'>\n\t\t\t<div class='gallery-icon landscape'>\n\t\t\t\t<img loading=\"lazy\" decoding=\"async\" width=\"1024\" height=\"683\" src=\"https:\/\/www.linkseride.com\/wp-content\/uploads\/2020\/10\/factory-4.jpg\" class=\"attachment-full size-full\" alt=\"Fabrik f\u00fcr elektrische Harley-Roller\" srcset=\"https:\/\/www.linkseride.com\/wp-content\/uploads\/2020\/10\/factory-4.jpg 1024w, https:\/\/www.linkseride.com\/wp-content\/uploads\/2020\/10\/factory-4-300x200.jpg 300w, https:\/\/www.linkseride.com\/wp-content\/uploads\/2020\/10\/factory-4-768x512.jpg 768w, https:\/\/www.linkseride.com\/wp-content\/uploads\/2020\/10\/factory-4-600x400.jpg 600w\" sizes=\"(max-width: 1024px) 100vw, 1024px\" \/>\n\t\t\t<\/div><\/figure><figure class='gallery-item'>\n\t\t\t<div class='gallery-icon landscape'>\n\t\t\t\t<img loading=\"lazy\" decoding=\"async\" width=\"1024\" height=\"683\" src=\"https:\/\/www.linkseride.com\/wp-content\/uploads\/2020\/10\/factory-3.jpg\" class=\"attachment-full size-full\" alt=\"Elektrische Harley Scooter Fabrik China Roller Fabrik\" srcset=\"https:\/\/www.linkseride.com\/wp-content\/uploads\/2020\/10\/factory-3.jpg 1024w, https:\/\/www.linkseride.com\/wp-content\/uploads\/2020\/10\/factory-3-300x200.jpg 300w, https:\/\/www.linkseride.com\/wp-content\/uploads\/2020\/10\/factory-3-768x512.jpg 768w, https:\/\/www.linkseride.com\/wp-content\/uploads\/2020\/10\/factory-3-600x400.jpg 600w\" sizes=\"(max-width: 1024px) 100vw, 1024px\" \/>\n\t\t\t<\/div><\/figure><figure class='gallery-item'>\n\t\t\t<div class='gallery-icon landscape'>\n\t\t\t\t<img loading=\"lazy\" decoding=\"async\" width=\"1024\" height=\"683\" src=\"https:\/\/www.linkseride.com\/wp-content\/uploads\/2020\/10\/factory-2.jpg\" class=\"attachment-full size-full\" alt=\"Fabrik f\u00fcr elektrische Harley-Roller\" srcset=\"https:\/\/www.linkseride.com\/wp-content\/uploads\/2020\/10\/factory-2.jpg 1024w, https:\/\/www.linkseride.com\/wp-content\/uploads\/2020\/10\/factory-2-300x200.jpg 300w, https:\/\/www.linkseride.com\/wp-content\/uploads\/2020\/10\/factory-2-768x512.jpg 768w, https:\/\/www.linkseride.com\/wp-content\/uploads\/2020\/10\/factory-2-600x400.jpg 600w\" sizes=\"(max-width: 1024px) 100vw, 1024px\" \/>\n\t\t\t<\/div><\/figure><figure class='gallery-item'>\n\t\t\t<div class='gallery-icon landscape'>\n\t\t\t\t<img loading=\"lazy\" decoding=\"async\" width=\"1024\" height=\"683\" src=\"https:\/\/www.linkseride.com\/wp-content\/uploads\/2020\/10\/factory-1.jpg\" class=\"attachment-full size-full\" alt=\"Elektrische Harley Scooter Fabrik China Roller Fabrik Elektro-Roller Gro\u00dfhandel\" srcset=\"https:\/\/www.linkseride.com\/wp-content\/uploads\/2020\/10\/factory-1.jpg 1024w, https:\/\/www.linkseride.com\/wp-content\/uploads\/2020\/10\/factory-1-300x200.jpg 300w, https:\/\/www.linkseride.com\/wp-content\/uploads\/2020\/10\/factory-1-768x512.jpg 768w, https:\/\/www.linkseride.com\/wp-content\/uploads\/2020\/10\/factory-1-600x400.jpg 600w\" sizes=\"(max-width: 1024px) 100vw, 1024px\" \/>\n\t\t\t<\/div><\/figure>\n\t\t<\/div>\n\n<p>&nbsp;<\/p>\n<p>Verpackung und Verladung:<\/p>\n<div id='gallery-5' class='gallery galleryid-1951 gallery-columns-2 gallery-size-full'><figure class='gallery-item'>\n\t\t\t<div class='gallery-icon landscape'>\n\t\t\t\t<img loading=\"lazy\" decoding=\"async\" width=\"1024\" height=\"683\" src=\"https:\/\/www.linkseride.com\/wp-content\/uploads\/2020\/10\/loading-2.jpg\" class=\"attachment-full size-full\" alt=\"Fettes Rad Elektro-Roller China Roller Fabrik Elektro-Roller Gro\u00dfhandel\" srcset=\"https:\/\/www.linkseride.com\/wp-content\/uploads\/2020\/10\/loading-2.jpg 1024w, https:\/\/www.linkseride.com\/wp-content\/uploads\/2020\/10\/loading-2-300x200.jpg 300w, https:\/\/www.linkseride.com\/wp-content\/uploads\/2020\/10\/loading-2-768x512.jpg 768w, https:\/\/www.linkseride.com\/wp-content\/uploads\/2020\/10\/loading-2-600x400.jpg 600w\" sizes=\"(max-width: 1024px) 100vw, 1024px\" \/>\n\t\t\t<\/div><\/figure><figure class='gallery-item'>\n\t\t\t<div class='gallery-icon landscape'>\n\t\t\t\t<img loading=\"lazy\" decoding=\"async\" width=\"1024\" height=\"683\" src=\"https:\/\/www.linkseride.com\/wp-content\/uploads\/2020\/10\/loading-1.jpg\" class=\"attachment-full size-full\" alt=\"Elektrische Harley Scooter Fabrik China Roller Fabrik\" srcset=\"https:\/\/www.linkseride.com\/wp-content\/uploads\/2020\/10\/loading-1.jpg 1024w, https:\/\/www.linkseride.com\/wp-content\/uploads\/2020\/10\/loading-1-300x200.jpg 300w, https:\/\/www.linkseride.com\/wp-content\/uploads\/2020\/10\/loading-1-768x512.jpg 768w, https:\/\/www.linkseride.com\/wp-content\/uploads\/2020\/10\/loading-1-600x400.jpg 600w\" sizes=\"(max-width: 1024px) 100vw, 1024px\" \/>\n\t\t\t<\/div><\/figure>\n\t\t<\/div>","protected":false},"excerpt":{"rendered":"<p>\u25cf Bescheinigungen: Stra\u00dfenzulassung mit EEC, COC-Zertifikat<\/p>\n<p>\u25cf 2020 neuer Mietvertrag f\u00fcr elektrischen Harley-Roller citycoco<\/p>\n<p>Die dicken\/breiten Reifen sorgen daf\u00fcr, dass der Scooter von ganz alleine im Gleichgewicht bleibt. Auch wenn ein St\u00e4nder mitgeliefert wird, werden Sie ihn nicht wirklich brauchen<\/p>\n<p>\u25cf Die 2000w Roller b\u00fcrstenlosen Nabenmotor bieten diese Erwachsenen Elektroroller zu einer maximalen Geschwindigkeit von 28mph<\/p>\n<p>\u25cf Erwachsene Roller mit Front &amp; Rear led Scheinwerfer l\u00e4uft Funktion stellt sicher, dass Sie sehen und gesehen werden<\/p>\n<p>\u25cf LCD Power-Anzeige-System ist deutlicher zu zeigen, Batterie-Status f\u00fcr Benutzer<\/p>","protected":false},"featured_media":3640,"template":"","meta":{"site-sidebar-layout":"default","site-content-layout":"default","ast-site-content-layout":"default","site-content-style":"default","site-sidebar-style":"default","ast-global-header-display":"","ast-banner-title-visibility":"","ast-main-header-display":"","ast-hfb-above-header-display":"","ast-hfb-below-header-display":"","ast-hfb-mobile-header-display":"","site-post-title":"","ast-breadcrumbs-content":"","ast-featured-img":"","footer-sml-layout":"","ast-disable-related-posts":"","theme-transparent-header-meta":"default","adv-header-id-meta":"","stick-header-meta":"","header-above-stick-meta":"","header-main-stick-meta":"","header-below-stick-meta":"","astra-migrate-meta-layouts":"default","ast-page-background-enabled":"default","ast-page-background-meta":{"desktop":{"background-color":"","background-image":"","background-repeat":"repeat","background-position":"center center","background-size":"auto","background-attachment":"scroll","background-type":"","background-media":"","overlay-type":"","overlay-color":"","overlay-opacity":"","overlay-gradient":""},"tablet":{"background-color":"","background-image":"","background-repeat":"repeat","background-position":"center center","background-size":"auto","background-attachment":"scroll","background-type":"","background-media":"","overlay-type":"","overlay-color":"","overlay-opacity":"","overlay-gradient":""},"mobile":{"background-color":"","background-image":"","background-repeat":"repeat","background-position":"center center","background-size":"auto","background-attachment":"scroll","background-type":"","background-media":"","overlay-type":"","overlay-color":"","overlay-opacity":"","overlay-gradient":""}},"ast-content-background-meta":{"desktop":{"background-color":"var(--ast-global-color-5)","background-image":"","background-repeat":"repeat","background-position":"center center","background-size":"auto","background-attachment":"scroll","background-type":"","background-media":"","overlay-type":"","overlay-color":"","overlay-opacity":"","overlay-gradient":""},"tablet":{"background-color":"var(--ast-global-color-5)","background-image":"","background-repeat":"repeat","background-position":"center center","background-size":"auto","background-attachment":"scroll","background-type":"","background-media":"","overlay-type":"","overlay-color":"","overlay-opacity":"","overlay-gradient":""},"mobile":{"background-color":"var(--ast-global-color-5)","background-image":"","background-repeat":"repeat","background-position":"center center","background-size":"auto","background-attachment":"scroll","background-type":"","background-media":"","overlay-type":"","overlay-color":"","overlay-opacity":"","overlay-gradient":""}}},"product_brand":[],"product_cat":[27],"product_tag":[],"class_list":{"0":"post-1951","1":"product","2":"type-product","3":"status-publish","4":"has-post-thumbnail","6":"product_cat-electric-motorcycle","7":"desktop-align-left","8":"tablet-align-left","9":"mobile-align-left","11":"first","12":"instock","13":"shipping-taxable","14":"product-type-simple"},"_links":{"self":[{"href":"https:\/\/www.linkseride.com\/de\/wp-json\/wp\/v2\/product\/1951","targetHints":{"allow":["GET"]}}],"collection":[{"href":"https:\/\/www.linkseride.com\/de\/wp-json\/wp\/v2\/product"}],"about":[{"href":"https:\/\/www.linkseride.com\/de\/wp-json\/wp\/v2\/types\/product"}],"wp:featuredmedia":[{"embeddable":true,"href":"https:\/\/www.linkseride.com\/de\/wp-json\/wp\/v2\/media\/3640"}],"wp:attachment":[{"href":"https:\/\/www.linkseride.com\/de\/wp-json\/wp\/v2\/media?parent=1951"}],"wp:term":[{"taxonomy":"product_brand","embeddable":true,"href":"https:\/\/www.linkseride.com\/de\/wp-json\/wp\/v2\/product_brand?post=1951"},{"taxonomy":"product_cat","embeddable":true,"href":"https:\/\/www.linkseride.com\/de\/wp-json\/wp\/v2\/product_cat?post=1951"},{"taxonomy":"product_tag","embeddable":true,"href":"https:\/\/www.linkseride.com\/de\/wp-json\/wp\/v2\/product_tag?post=1951"}],"curies":[{"name":"wp","href":"https:\/\/api.w.org\/{rel}","templated":true}]}}