{"id":1986,"date":"2020-10-26T08:30:50","date_gmt":"2020-10-26T08:30:50","guid":{"rendered":"http:\/\/linkseride.com\/?post_type=product&#038;p=1986"},"modified":"2021-03-11T08:18:09","modified_gmt":"2021-03-11T08:18:09","slug":"lenovo-m2-smart-elektroroller","status":"publish","type":"product","link":"https:\/\/www.linkseride.com\/de\/product\/lenovo-m2-smart-electric-scooter\/","title":{"rendered":"Lenovo M2 Smart Electric Scooter ver\u00f6ffentlicht: 30 km Reichweite"},"content":{"rendered":"<p>Der intelligente Elektroroller Lenovo m2 erreicht eine H\u00f6chstgeschwindigkeit von 25 km\/h und hat mit einer einzigen Ladung eine Reichweite von bis zu 30 km, wodurch sich das Fahrzeug ideal f\u00fcr kurze Pendelstrecken und schnelle Besorgungen in der Nachbarschaft eignet. Der Lenovo M2 Elektroroller verf\u00fcgt \u00fcber Lithium-Batterien, die eine Leistung von bis zu 350 Watt erzeugen k\u00f6nnen. Dar\u00fcber hinaus ben\u00f6tigen die Batterien zwischen 3 und 4 Stunden, um vollst\u00e4ndig aufgeladen zu werden, und Benutzer k\u00f6nnen den Batteriestatus auch \u00fcber die WeChat-App \u00fcberpr\u00fcfen. Im Vergleich zum Xiaomi-Roller verf\u00fcgt der M2-Elektroroller zus\u00e4tzlich \u00fcber ein dreifaches Bremssystem sowie ein dreifaches Sto\u00dfd\u00e4mpfungssystem.<\/p>\n<p>Dar\u00fcber hinaus ist der intelligente Elektroroller Lenovo M2 mit einem LED-Bedienfeld ausgestattet, das die aktuelle Geschwindigkeit, Leistung, Gangstufe und andere Statusinformationen anzeigt. Das Geh\u00e4use des Lenovo M2 besteht aus einer Aluminiumlegierung und der Roller entspricht der Schutzklasse IP54.<\/p>","protected":false},"excerpt":{"rendered":"<p>\u25cf Lenovo M2 Smart-Elektroroller Superleistung, super Ausdauer bei voller Batterie.<\/p>\n<p>\u25cf 350-W-Motor, 7,5-Ah-Akku, H\u00f6chstgeschwindigkeit bis zu 25 km\/h und maximale Reichweite bis zu 30 km<\/p>\n<p>\u25cf Dreifaches Bremssystem: Scheibenbremse, Motorbremse, Pedalbremse<\/p>\n<p>\u25cf Dreifaches Federungssystem: Sto\u00dfd\u00e4mpfung, Reifend\u00e4mpfung, Federd\u00e4mpfung<\/p>\n<p>\u25cf Tragbares Klappdesign. Der Rahmen l\u00e4sst sich in 3 Sekunden zusammenklappen und somit leicht verstauen, was ihn zu einem perfekten sicheren Pendlerroller macht.<\/p>\n<p>\u25cf Innovative Technologie. Das LCD-Display, integriertes Bluetooth, Tempomat und Miniprogramm machen Ihr Fahrerlebnis noch angenehmer.<\/p>\n<p>\u25cf Staub- und wasserdicht gem\u00e4\u00df Schutzklasse IP54<\/p>\n<p>&nbsp;<\/p>","protected":false},"featured_media":1987,"template":"","meta":{"site-sidebar-layout":"default","site-content-layout":"default","ast-site-content-layout":"default","site-content-style":"default","site-sidebar-style":"default","ast-global-header-display":"","ast-banner-title-visibility":"","ast-main-header-display":"","ast-hfb-above-header-display":"","ast-hfb-below-header-display":"","ast-hfb-mobile-header-display":"","site-post-title":"","ast-breadcrumbs-content":"","ast-featured-img":"","footer-sml-layout":"","ast-disable-related-posts":"","theme-transparent-header-meta":"default","adv-header-id-meta":"","stick-header-meta":"","header-above-stick-meta":"","header-main-stick-meta":"","header-below-stick-meta":"","astra-migrate-meta-layouts":"default","ast-page-background-enabled":"default","ast-page-background-meta":{"desktop":{"background-color":"","background-image":"","background-repeat":"repeat","background-position":"center center","background-size":"auto","background-attachment":"scroll","background-type":"","background-media":"","overlay-type":"","overlay-color":"","overlay-opacity":"","overlay-gradient":""},"tablet":{"background-color":"","background-image":"","background-repeat":"repeat","background-position":"center center","background-size":"auto","background-attachment":"scroll","background-type":"","background-media":"","overlay-type":"","overlay-color":"","overlay-opacity":"","overlay-gradient":""},"mobile":{"background-color":"","background-image":"","background-repeat":"repeat","background-position":"center center","background-size":"auto","background-attachment":"scroll","background-type":"","background-media":"","overlay-type":"","overlay-color":"","overlay-opacity":"","overlay-gradient":""}},"ast-content-background-meta":{"desktop":{"background-color":"var(--ast-global-color-5)","background-image":"","background-repeat":"repeat","background-position":"center center","background-size":"auto","background-attachment":"scroll","background-type":"","background-media":"","overlay-type":"","overlay-color":"","overlay-opacity":"","overlay-gradient":""},"tablet":{"background-color":"var(--ast-global-color-5)","background-image":"","background-repeat":"repeat","background-position":"center center","background-size":"auto","background-attachment":"scroll","background-type":"","background-media":"","overlay-type":"","overlay-color":"","overlay-opacity":"","overlay-gradient":""},"mobile":{"background-color":"var(--ast-global-color-5)","background-image":"","background-repeat":"repeat","background-position":"center center","background-size":"auto","background-attachment":"scroll","background-type":"","background-media":"","overlay-type":"","overlay-color":"","overlay-opacity":"","overlay-gradient":""}}},"product_brand":[],"product_cat":[28],"product_tag":[],"class_list":{"0":"post-1986","1":"product","2":"type-product","3":"status-publish","4":"has-post-thumbnail","6":"product_cat-electric-scooter","7":"desktop-align-left","8":"tablet-align-left","9":"mobile-align-left","11":"first","12":"instock","13":"shipping-taxable","14":"purchasable","15":"product-type-simple"},"_links":{"self":[{"href":"https:\/\/www.linkseride.com\/de\/wp-json\/wp\/v2\/product\/1986","targetHints":{"allow":["GET"]}}],"collection":[{"href":"https:\/\/www.linkseride.com\/de\/wp-json\/wp\/v2\/product"}],"about":[{"href":"https:\/\/www.linkseride.com\/de\/wp-json\/wp\/v2\/types\/product"}],"wp:featuredmedia":[{"embeddable":true,"href":"https:\/\/www.linkseride.com\/de\/wp-json\/wp\/v2\/media\/1987"}],"wp:attachment":[{"href":"https:\/\/www.linkseride.com\/de\/wp-json\/wp\/v2\/media?parent=1986"}],"wp:term":[{"taxonomy":"product_brand","embeddable":true,"href":"https:\/\/www.linkseride.com\/de\/wp-json\/wp\/v2\/product_brand?post=1986"},{"taxonomy":"product_cat","embeddable":true,"href":"https:\/\/www.linkseride.com\/de\/wp-json\/wp\/v2\/product_cat?post=1986"},{"taxonomy":"product_tag","embeddable":true,"href":"https:\/\/www.linkseride.com\/de\/wp-json\/wp\/v2\/product_tag?post=1986"}],"curies":[{"name":"wp","href":"https:\/\/api.w.org\/{rel}","templated":true}]}}