{"id":3115,"date":"2021-03-02T07:36:43","date_gmt":"2021-03-02T07:36:43","guid":{"rendered":"http:\/\/linkseride.com\/?post_type=product&#038;p=3115"},"modified":"2021-03-11T08:10:27","modified_gmt":"2021-03-11T08:10:27","slug":"lem-09-500w-elektro-scooter-mit-pedalen","status":"publish","type":"product","link":"https:\/\/www.linkseride.com\/de\/product\/lem-09-500w-electric-scooter-with-pedals\/","title":{"rendered":"LEM-09 500W Elektro-Scooter mit Pedalen f\u00fcr Pendler"},"content":{"rendered":"<p>Hier ist ein weiteres Modell f\u00fcr den Elektroroller mit Pedalen. Dies ist absolut ein sch\u00f6nes Fahrrad f\u00fcr das Pendeln und die t\u00e4gliche Reise in den St\u00e4dten. Die 500-Watt-Elektro-Roller mit Pedalen ist gro\u00df wie ein Fahrzeug f\u00fcr Familien und Einzelpersonen, die einfach zu reisen oder die Fahrr\u00e4der f\u00fcr die Erholung oder Gesch\u00e4ft zu verwenden wollen. Die 500-Watt-Elektro-Scooter mit Pedalen ist in der Regel f\u00fcr den Einsatz von Menschen in st\u00e4dtischen Gebieten und diese eine keine Notwendigkeit, sich zu registrieren, da es als ein elektrisches Fahrrad eingestuft wird konzipiert. Dieser Roller ist sehr einfach zu bedienen, wenn man die grundlegenden Bedienelemente erlernt und dann langsam lernt, wie man ihn f\u00e4hrt. Er ist vollelektrisch!<\/p>\n<p>Wir haben alle sch\u00f6nen Farben f\u00fcr Sie zur Auswahl!<\/p>","protected":false},"excerpt":{"rendered":"<p>\u25cfMotorleistung: 500w Elektroroller mit Pedalen<\/p>\n<p>\u25cfBatterie Typ: 48V20ah \/ 60v20ah Blei-S\u00e4ure\/Lithium-Ionen-Akku<\/p>\n<p>\u25cfMaximalgeschwindigkeit: 35-40 km\/h<\/p>\n<p>\u25cfMax Reichweite: 40-45km\/55-60km<\/p>\n<p>Reifengr\u00f6\u00dfe: 16\u2033X3.0 schlauchloser Reifen<\/p>\n<p>\u25cfBremse: F &amp; R Scheibenbremsen<\/p>","protected":false},"featured_media":3116,"template":"","meta":{"site-sidebar-layout":"default","site-content-layout":"default","ast-site-content-layout":"default","site-content-style":"default","site-sidebar-style":"default","ast-global-header-display":"","ast-banner-title-visibility":"","ast-main-header-display":"","ast-hfb-above-header-display":"","ast-hfb-below-header-display":"","ast-hfb-mobile-header-display":"","site-post-title":"","ast-breadcrumbs-content":"","ast-featured-img":"","footer-sml-layout":"","ast-disable-related-posts":"","theme-transparent-header-meta":"default","adv-header-id-meta":"","stick-header-meta":"","header-above-stick-meta":"","header-main-stick-meta":"","header-below-stick-meta":"","astra-migrate-meta-layouts":"default","ast-page-background-enabled":"default","ast-page-background-meta":{"desktop":{"background-color":"","background-image":"","background-repeat":"repeat","background-position":"center center","background-size":"auto","background-attachment":"scroll","background-type":"","background-media":"","overlay-type":"","overlay-color":"","overlay-opacity":"","overlay-gradient":""},"tablet":{"background-color":"","background-image":"","background-repeat":"repeat","background-position":"center center","background-size":"auto","background-attachment":"scroll","background-type":"","background-media":"","overlay-type":"","overlay-color":"","overlay-opacity":"","overlay-gradient":""},"mobile":{"background-color":"","background-image":"","background-repeat":"repeat","background-position":"center center","background-size":"auto","background-attachment":"scroll","background-type":"","background-media":"","overlay-type":"","overlay-color":"","overlay-opacity":"","overlay-gradient":""}},"ast-content-background-meta":{"desktop":{"background-color":"var(--ast-global-color-5)","background-image":"","background-repeat":"repeat","background-position":"center center","background-size":"auto","background-attachment":"scroll","background-type":"","background-media":"","overlay-type":"","overlay-color":"","overlay-opacity":"","overlay-gradient":""},"tablet":{"background-color":"var(--ast-global-color-5)","background-image":"","background-repeat":"repeat","background-position":"center center","background-size":"auto","background-attachment":"scroll","background-type":"","background-media":"","overlay-type":"","overlay-color":"","overlay-opacity":"","overlay-gradient":""},"mobile":{"background-color":"var(--ast-global-color-5)","background-image":"","background-repeat":"repeat","background-position":"center center","background-size":"auto","background-attachment":"scroll","background-type":"","background-media":"","overlay-type":"","overlay-color":"","overlay-opacity":"","overlay-gradient":""}}},"product_brand":[],"product_cat":[26],"product_tag":[30],"class_list":{"0":"post-3115","1":"product","2":"type-product","3":"status-publish","4":"has-post-thumbnail","6":"product_cat-electric-moped","7":"product_tag-vespa-style-electric-scooter","8":"desktop-align-left","9":"tablet-align-left","10":"mobile-align-left","12":"first","13":"instock","14":"shipping-taxable","15":"purchasable","16":"product-type-simple"},"_links":{"self":[{"href":"https:\/\/www.linkseride.com\/de\/wp-json\/wp\/v2\/product\/3115","targetHints":{"allow":["GET"]}}],"collection":[{"href":"https:\/\/www.linkseride.com\/de\/wp-json\/wp\/v2\/product"}],"about":[{"href":"https:\/\/www.linkseride.com\/de\/wp-json\/wp\/v2\/types\/product"}],"wp:featuredmedia":[{"embeddable":true,"href":"https:\/\/www.linkseride.com\/de\/wp-json\/wp\/v2\/media\/3116"}],"wp:attachment":[{"href":"https:\/\/www.linkseride.com\/de\/wp-json\/wp\/v2\/media?parent=3115"}],"wp:term":[{"taxonomy":"product_brand","embeddable":true,"href":"https:\/\/www.linkseride.com\/de\/wp-json\/wp\/v2\/product_brand?post=3115"},{"taxonomy":"product_cat","embeddable":true,"href":"https:\/\/www.linkseride.com\/de\/wp-json\/wp\/v2\/product_cat?post=3115"},{"taxonomy":"product_tag","embeddable":true,"href":"https:\/\/www.linkseride.com\/de\/wp-json\/wp\/v2\/product_tag?post=3115"}],"curies":[{"name":"wp","href":"https:\/\/api.w.org\/{rel}","templated":true}]}}