{"id":3490,"date":"2021-06-16T06:37:52","date_gmt":"2021-06-16T06:37:52","guid":{"rendered":"http:\/\/linkseride.com\/?post_type=product&#038;p=3490"},"modified":"2022-12-16T03:35:53","modified_gmt":"2022-12-16T03:35:53","slug":"m6-groser-reifen-elektroroller-strasenmoped","status":"publish","type":"product","link":"https:\/\/www.linkseride.com\/de\/product\/m6-big-tire-electric-scooter-street-moped\/","title":{"rendered":"M6 Big Tire Elektro-Roller Stra\u00dfe Moped Fat Tire 2000W 3000W"},"content":{"rendered":"<p>Wir sind begeistert von dem, was wir mit unserer elektrischen Zukunft vorhaben, einschlie\u00dflich <strong>Elektro-Roller, <a href=\"https:\/\/www.linkseride.com\/de\/hersteller-von-elektromotorradern\/\" target=\"_blank\" rel=\"noopener\">Fat tire scooter<\/a>, <a href=\"https:\/\/www.linkseride.com\/de\/hersteller-von-elektromotorradern\/\" target=\"_blank\" rel=\"noopener\">Citycoco-Roller<\/a>, <a href=\"https:\/\/www.linkseride.com\/de\/hersteller-von-elektromopeds\/\" target=\"_blank\" rel=\"noopener\">elektrisches Moped<\/a><\/strong> und so weiter.<\/p>\n<p>Die Idee unseres M6 Big Tire Elektrorollers ist vom M6G glof Scooter abgeleitet. Er ist leicht und kann mit einer einzigen Ladung bis zu 60-70 km weit fahren. Mit diesem Design k\u00f6nnen wir eine Menge mehr Anpassungsideen haben, indem wir einen Beifahrersitz hinzuf\u00fcgen, oder den Sitz mit R\u00fcckenlehne hinzuf\u00fcgen.<\/p>\n<div id='gallery-1' class='gallery galleryid-3490 gallery-columns-2 gallery-size-full'><figure class='gallery-item'>\n\t\t\t<div class='gallery-icon landscape'>\n\t\t\t\t<a href=\"https:\/\/www.linkseride.com\/de\/?attachment_id=3503\"><img fetchpriority=\"high\" decoding=\"async\" width=\"1024\" height=\"683\" src=\"https:\/\/www.linkseride.com\/wp-content\/uploads\/2021\/06\/1-6.jpg\" class=\"attachment-full size-full\" alt=\"Elektro-Roller mit gro\u00dfen Reifen\" srcset=\"https:\/\/www.linkseride.com\/wp-content\/uploads\/2021\/06\/1-6.jpg 1024w, https:\/\/www.linkseride.com\/wp-content\/uploads\/2021\/06\/1-6-300x200.jpg 300w, https:\/\/www.linkseride.com\/wp-content\/uploads\/2021\/06\/1-6-768x512.jpg 768w, https:\/\/www.linkseride.com\/wp-content\/uploads\/2021\/06\/1-6-600x400.jpg 600w\" sizes=\"(max-width: 1024px) 100vw, 1024px\" \/><\/a>\n\t\t\t<\/div><\/figure><figure class='gallery-item'>\n\t\t\t<div class='gallery-icon landscape'>\n\t\t\t\t<a href=\"https:\/\/www.linkseride.com\/de\/?attachment_id=3504\"><img decoding=\"async\" width=\"1024\" height=\"683\" src=\"https:\/\/www.linkseride.com\/wp-content\/uploads\/2021\/06\/2-6.jpg\" class=\"attachment-full size-full\" alt=\"gro\u00dfe Reifen Elektro-Roller China Roller Fabrik Elektro-Roller Gro\u00dfhandel\" srcset=\"https:\/\/www.linkseride.com\/wp-content\/uploads\/2021\/06\/2-6.jpg 1024w, https:\/\/www.linkseride.com\/wp-content\/uploads\/2021\/06\/2-6-300x200.jpg 300w, https:\/\/www.linkseride.com\/wp-content\/uploads\/2021\/06\/2-6-768x512.jpg 768w, https:\/\/www.linkseride.com\/wp-content\/uploads\/2021\/06\/2-6-600x400.jpg 600w\" sizes=\"(max-width: 1024px) 100vw, 1024px\" \/><\/a>\n\t\t\t<\/div><\/figure>\n\t\t<\/div>\n\n<h2>Was sind die wichtigsten Merkmale des M6 Big Tire Electric Scooters?<\/h2>\n<div class=\"rte\">\n<div class=\"rte\">\n<div id='gallery-2' class='gallery galleryid-3490 gallery-columns-2 gallery-size-full'><figure class='gallery-item'>\n\t\t\t<div class='gallery-icon landscape'>\n\t\t\t\t<a href=\"https:\/\/www.linkseride.com\/wp-content\/uploads\/2021\/06\/3-4.jpg\"><img decoding=\"async\" width=\"1024\" height=\"683\" src=\"https:\/\/www.linkseride.com\/wp-content\/uploads\/2021\/06\/3-4.jpg\" class=\"attachment-full size-full\" alt=\"Elektro-Roller mit gro\u00dfen Reifen\" srcset=\"https:\/\/www.linkseride.com\/wp-content\/uploads\/2021\/06\/3-4.jpg 1024w, https:\/\/www.linkseride.com\/wp-content\/uploads\/2021\/06\/3-4-300x200.jpg 300w, https:\/\/www.linkseride.com\/wp-content\/uploads\/2021\/06\/3-4-768x512.jpg 768w, https:\/\/www.linkseride.com\/wp-content\/uploads\/2021\/06\/3-4-600x400.jpg 600w\" sizes=\"(max-width: 1024px) 100vw, 1024px\" \/><\/a>\n\t\t\t<\/div><\/figure><figure class='gallery-item'>\n\t\t\t<div class='gallery-icon landscape'>\n\t\t\t\t<a href=\"https:\/\/www.linkseride.com\/wp-content\/uploads\/2021\/06\/4-4.jpg\"><img loading=\"lazy\" decoding=\"async\" width=\"1024\" height=\"683\" src=\"https:\/\/www.linkseride.com\/wp-content\/uploads\/2021\/06\/4-4.jpg\" class=\"attachment-full size-full\" alt=\"Elektro-Roller mit gro\u00dfen Reifen\" srcset=\"https:\/\/www.linkseride.com\/wp-content\/uploads\/2021\/06\/4-4.jpg 1024w, https:\/\/www.linkseride.com\/wp-content\/uploads\/2021\/06\/4-4-300x200.jpg 300w, https:\/\/www.linkseride.com\/wp-content\/uploads\/2021\/06\/4-4-768x512.jpg 768w, https:\/\/www.linkseride.com\/wp-content\/uploads\/2021\/06\/4-4-600x400.jpg 600w\" sizes=\"(max-width: 1024px) 100vw, 1024px\" \/><\/a>\n\t\t\t<\/div><\/figure>\n\t\t<\/div>\n\n<p><strong>SCHNELL &amp; SPASS<\/strong> Mit einem 2000W \/ 3000W Motor, Drehgas und 3 Geschwindigkeiten bis zu 46,6 mph, ist der M2 Fat tire Elektroroller ein gro\u00dfartiger Weg, um quer durch die Stadt zu pendeln. Mit 20AH \/30AH \/40Ah \/50Ah Batteriegr\u00f6\u00dfe Optionen, Ihr bestes Leben ist in Reichweite.<\/p>\n<div id='gallery-3' class='gallery galleryid-3490 gallery-columns-2 gallery-size-full'><figure class='gallery-item'>\n\t\t\t<div class='gallery-icon landscape'>\n\t\t\t\t<a href=\"https:\/\/www.linkseride.com\/wp-content\/uploads\/2021\/06\/5-5.jpg\"><img loading=\"lazy\" decoding=\"async\" width=\"1024\" height=\"683\" src=\"https:\/\/www.linkseride.com\/wp-content\/uploads\/2021\/06\/5-5.jpg\" class=\"attachment-full size-full\" alt=\"Elektro-Roller mit gro\u00dfen Reifen\" srcset=\"https:\/\/www.linkseride.com\/wp-content\/uploads\/2021\/06\/5-5.jpg 1024w, https:\/\/www.linkseride.com\/wp-content\/uploads\/2021\/06\/5-5-300x200.jpg 300w, https:\/\/www.linkseride.com\/wp-content\/uploads\/2021\/06\/5-5-768x512.jpg 768w, https:\/\/www.linkseride.com\/wp-content\/uploads\/2021\/06\/5-5-600x400.jpg 600w\" sizes=\"(max-width: 1024px) 100vw, 1024px\" \/><\/a>\n\t\t\t<\/div><\/figure><figure class='gallery-item'>\n\t\t\t<div class='gallery-icon landscape'>\n\t\t\t\t<a href=\"https:\/\/www.linkseride.com\/wp-content\/uploads\/2021\/06\/6-4.jpg\"><img loading=\"lazy\" decoding=\"async\" width=\"1024\" height=\"683\" src=\"https:\/\/www.linkseride.com\/wp-content\/uploads\/2021\/06\/6-4.jpg\" class=\"attachment-full size-full\" alt=\"Elektro-Roller mit gro\u00dfen Reifen\" srcset=\"https:\/\/www.linkseride.com\/wp-content\/uploads\/2021\/06\/6-4.jpg 1024w, https:\/\/www.linkseride.com\/wp-content\/uploads\/2021\/06\/6-4-300x200.jpg 300w, https:\/\/www.linkseride.com\/wp-content\/uploads\/2021\/06\/6-4-768x512.jpg 768w, https:\/\/www.linkseride.com\/wp-content\/uploads\/2021\/06\/6-4-600x400.jpg 600w\" sizes=\"(max-width: 1024px) 100vw, 1024px\" \/><\/a>\n\t\t\t<\/div><\/figure>\n\t\t<\/div>\n\n<p><strong>SICHER UND KOMFORTABEL<\/strong>\u00a0Das Fahrrad verf\u00fcgt \u00fcber eine vordere, hintere und am Sitz montierte Scheibenbremse; jede Bremseinheit ist aus Aluminium mit einem leichten Kohlefaserrahmen und leichten, hochwertigen R\u00e4dern gefertigt. Dank der gro\u00dfen vorderen und hinteren Scheibenbremsen. Die hinteren Bremsen wurden bei der Installation mit zus\u00e4tzlichem Gummi und gr\u00f6\u00dferen Bremsbel\u00e4gen aufger\u00fcstet, was dieses Fahrrad zu einem noch spa\u00dfigeren Cruiser als sein Vorg\u00e4nger macht.<\/p>\n<div id='gallery-4' class='gallery galleryid-3490 gallery-columns-3 gallery-size-full'><figure class='gallery-item'>\n\t\t\t<div class='gallery-icon landscape'>\n\t\t\t\t<a href=\"https:\/\/www.linkseride.com\/wp-content\/uploads\/2021\/06\/7-4.jpg\"><img loading=\"lazy\" decoding=\"async\" width=\"1024\" height=\"683\" src=\"https:\/\/www.linkseride.com\/wp-content\/uploads\/2021\/06\/7-4.jpg\" class=\"attachment-full size-full\" alt=\"Elektro-Roller mit gro\u00dfen Reifen\" srcset=\"https:\/\/www.linkseride.com\/wp-content\/uploads\/2021\/06\/7-4.jpg 1024w, https:\/\/www.linkseride.com\/wp-content\/uploads\/2021\/06\/7-4-300x200.jpg 300w, https:\/\/www.linkseride.com\/wp-content\/uploads\/2021\/06\/7-4-768x512.jpg 768w, https:\/\/www.linkseride.com\/wp-content\/uploads\/2021\/06\/7-4-600x400.jpg 600w\" sizes=\"(max-width: 1024px) 100vw, 1024px\" \/><\/a>\n\t\t\t<\/div><\/figure><figure class='gallery-item'>\n\t\t\t<div class='gallery-icon landscape'>\n\t\t\t\t<a href=\"https:\/\/www.linkseride.com\/wp-content\/uploads\/2021\/06\/8-4.jpg\"><img loading=\"lazy\" decoding=\"async\" width=\"1024\" height=\"683\" src=\"https:\/\/www.linkseride.com\/wp-content\/uploads\/2021\/06\/8-4.jpg\" class=\"attachment-full size-full\" alt=\"Elektro-Roller mit gro\u00dfen Reifen\" srcset=\"https:\/\/www.linkseride.com\/wp-content\/uploads\/2021\/06\/8-4.jpg 1024w, https:\/\/www.linkseride.com\/wp-content\/uploads\/2021\/06\/8-4-300x200.jpg 300w, https:\/\/www.linkseride.com\/wp-content\/uploads\/2021\/06\/8-4-768x512.jpg 768w, https:\/\/www.linkseride.com\/wp-content\/uploads\/2021\/06\/8-4-600x400.jpg 600w\" sizes=\"(max-width: 1024px) 100vw, 1024px\" \/><\/a>\n\t\t\t<\/div><\/figure><figure class='gallery-item'>\n\t\t\t<div class='gallery-icon landscape'>\n\t\t\t\t<a href=\"https:\/\/www.linkseride.com\/wp-content\/uploads\/2021\/06\/9-3.jpg\"><img loading=\"lazy\" decoding=\"async\" width=\"1024\" height=\"683\" src=\"https:\/\/www.linkseride.com\/wp-content\/uploads\/2021\/06\/9-3.jpg\" class=\"attachment-full size-full\" alt=\"Elektro-Roller mit gro\u00dfen Reifen\" srcset=\"https:\/\/www.linkseride.com\/wp-content\/uploads\/2021\/06\/9-3.jpg 1024w, https:\/\/www.linkseride.com\/wp-content\/uploads\/2021\/06\/9-3-300x200.jpg 300w, https:\/\/www.linkseride.com\/wp-content\/uploads\/2021\/06\/9-3-768x512.jpg 768w, https:\/\/www.linkseride.com\/wp-content\/uploads\/2021\/06\/9-3-600x400.jpg 600w\" sizes=\"(max-width: 1024px) 100vw, 1024px\" \/><\/a>\n\t\t\t<\/div><\/figure>\n\t\t<\/div>\n\n<p><strong>CONVENIENCE <\/strong>\u00a0Die gro\u00dfe Fu\u00dfraste bietet einen komfortablen Halt w\u00e4hrend der Fahrt mit dem M6 Big Tire Elektro-Scooter.<\/p>\n<div id='gallery-5' class='gallery galleryid-3490 gallery-columns-2 gallery-size-full'><figure class='gallery-item'>\n\t\t\t<div class='gallery-icon landscape'>\n\t\t\t\t<a href=\"https:\/\/www.linkseride.com\/wp-content\/uploads\/2021\/06\/11-3.jpg\"><img loading=\"lazy\" decoding=\"async\" width=\"1024\" height=\"683\" src=\"https:\/\/www.linkseride.com\/wp-content\/uploads\/2021\/06\/11-3.jpg\" class=\"attachment-full size-full\" alt=\"\" srcset=\"https:\/\/www.linkseride.com\/wp-content\/uploads\/2021\/06\/11-3.jpg 1024w, https:\/\/www.linkseride.com\/wp-content\/uploads\/2021\/06\/11-3-300x200.jpg 300w, https:\/\/www.linkseride.com\/wp-content\/uploads\/2021\/06\/11-3-768x512.jpg 768w, https:\/\/www.linkseride.com\/wp-content\/uploads\/2021\/06\/11-3-600x400.jpg 600w\" sizes=\"(max-width: 1024px) 100vw, 1024px\" \/><\/a>\n\t\t\t<\/div><\/figure><figure class='gallery-item'>\n\t\t\t<div class='gallery-icon landscape'>\n\t\t\t\t<a href=\"https:\/\/www.linkseride.com\/wp-content\/uploads\/2021\/06\/10-3.jpg\"><img loading=\"lazy\" decoding=\"async\" width=\"1024\" height=\"683\" src=\"https:\/\/www.linkseride.com\/wp-content\/uploads\/2021\/06\/10-3.jpg\" class=\"attachment-full size-full\" alt=\"Elektro-Roller mit gro\u00dfen Reifen\" srcset=\"https:\/\/www.linkseride.com\/wp-content\/uploads\/2021\/06\/10-3.jpg 1024w, https:\/\/www.linkseride.com\/wp-content\/uploads\/2021\/06\/10-3-300x200.jpg 300w, https:\/\/www.linkseride.com\/wp-content\/uploads\/2021\/06\/10-3-768x512.jpg 768w, https:\/\/www.linkseride.com\/wp-content\/uploads\/2021\/06\/10-3-600x400.jpg 600w\" sizes=\"(max-width: 1024px) 100vw, 1024px\" \/><\/a>\n\t\t\t<\/div><\/figure>\n\t\t<\/div>\n\n<\/div>\n<\/div>\n<p>Wir haben auch ein weiteres neues Citycoco-Rollermodell in Harley-Form, wenn Sie mehr Informationen ben\u00f6tigen, k\u00f6nnen Sie<a href=\"https:\/\/www.linkseride.com\/de\/hersteller-von-elektromotorradern\/\" target=\"_blank\" rel=\"noopener\"> finden Sie hier.<\/a><\/p>\n<div class=\"ast-oembed-container\" style=\"height: 100%;\"><iframe title=\"M6 Big Tire Elektro-Roller Stra\u00dfe Moped Fat Tire 2000W 3000W 65km\/h EEC COC Gro\u00dfhandelspreis\" width=\"500\" height=\"281\" src=\"https:\/\/www.youtube.com\/embed\/QevR2hN8wUc?feature=oembed\" frameborder=\"0\" allow=\"accelerometer; autoplay; clipboard-write; encrypted-media; gyroscope; picture-in-picture; web-share\" referrerpolicy=\"strict-origin-when-cross-origin\" allowfullscreen><\/iframe><\/div>","protected":false},"excerpt":{"rendered":"<p>M6 Big Tire Electric Scooter verbindet nahtlos Stil mit umweltfreundlichen Funktionen<\/p>\n<p>\u25cf Mit einer Tragf\u00e4higkeit von 440 Pfund k\u00f6nnen bis zu zwei Fahrer stilvoll aufsteigen.<\/p>\n<p>\u25cf Fat Tire Scooter Gewicht ist 150 lbs mit 30AH Batterie.<\/p>\n<p>\u25cf Optionale Auswahl: 1 oder 2 Sitze optional, R\u00fcckenlehne mit Staufach optional<\/p>\n<p><strong>\u25cf <\/strong>5A Schnellladeger\u00e4t, kann in 5~6 Stunden vollst\u00e4ndig aufgeladen werden<\/p>","protected":false},"featured_media":3491,"template":"","meta":{"site-sidebar-layout":"default","site-content-layout":"default","ast-site-content-layout":"default","site-content-style":"default","site-sidebar-style":"default","ast-global-header-display":"","ast-banner-title-visibility":"","ast-main-header-display":"","ast-hfb-above-header-display":"","ast-hfb-below-header-display":"","ast-hfb-mobile-header-display":"","site-post-title":"","ast-breadcrumbs-content":"","ast-featured-img":"","footer-sml-layout":"","ast-disable-related-posts":"","theme-transparent-header-meta":"default","adv-header-id-meta":"","stick-header-meta":"","header-above-stick-meta":"","header-main-stick-meta":"","header-below-stick-meta":"","astra-migrate-meta-layouts":"default","ast-page-background-enabled":"default","ast-page-background-meta":{"desktop":{"background-color":"","background-image":"","background-repeat":"repeat","background-position":"center center","background-size":"auto","background-attachment":"scroll","background-type":"","background-media":"","overlay-type":"","overlay-color":"","overlay-opacity":"","overlay-gradient":""},"tablet":{"background-color":"","background-image":"","background-repeat":"repeat","background-position":"center center","background-size":"auto","background-attachment":"scroll","background-type":"","background-media":"","overlay-type":"","overlay-color":"","overlay-opacity":"","overlay-gradient":""},"mobile":{"background-color":"","background-image":"","background-repeat":"repeat","background-position":"center center","background-size":"auto","background-attachment":"scroll","background-type":"","background-media":"","overlay-type":"","overlay-color":"","overlay-opacity":"","overlay-gradient":""}},"ast-content-background-meta":{"desktop":{"background-color":"var(--ast-global-color-5)","background-image":"","background-repeat":"repeat","background-position":"center center","background-size":"auto","background-attachment":"scroll","background-type":"","background-media":"","overlay-type":"","overlay-color":"","overlay-opacity":"","overlay-gradient":""},"tablet":{"background-color":"var(--ast-global-color-5)","background-image":"","background-repeat":"repeat","background-position":"center center","background-size":"auto","background-attachment":"scroll","background-type":"","background-media":"","overlay-type":"","overlay-color":"","overlay-opacity":"","overlay-gradient":""},"mobile":{"background-color":"var(--ast-global-color-5)","background-image":"","background-repeat":"repeat","background-position":"center center","background-size":"auto","background-attachment":"scroll","background-type":"","background-media":"","overlay-type":"","overlay-color":"","overlay-opacity":"","overlay-gradient":""}}},"product_brand":[],"product_cat":[27,28],"product_tag":[38],"class_list":{"0":"post-3490","1":"product","2":"type-product","3":"status-publish","4":"has-post-thumbnail","6":"product_cat-electric-motorcycle","7":"product_cat-electric-scooter","8":"product_tag-citycoco-scooter","9":"desktop-align-left","10":"tablet-align-left","11":"mobile-align-left","13":"first","14":"instock","15":"shipping-taxable","16":"product-type-simple"},"_links":{"self":[{"href":"https:\/\/www.linkseride.com\/de\/wp-json\/wp\/v2\/product\/3490","targetHints":{"allow":["GET"]}}],"collection":[{"href":"https:\/\/www.linkseride.com\/de\/wp-json\/wp\/v2\/product"}],"about":[{"href":"https:\/\/www.linkseride.com\/de\/wp-json\/wp\/v2\/types\/product"}],"wp:featuredmedia":[{"embeddable":true,"href":"https:\/\/www.linkseride.com\/de\/wp-json\/wp\/v2\/media\/3491"}],"wp:attachment":[{"href":"https:\/\/www.linkseride.com\/de\/wp-json\/wp\/v2\/media?parent=3490"}],"wp:term":[{"taxonomy":"product_brand","embeddable":true,"href":"https:\/\/www.linkseride.com\/de\/wp-json\/wp\/v2\/product_brand?post=3490"},{"taxonomy":"product_cat","embeddable":true,"href":"https:\/\/www.linkseride.com\/de\/wp-json\/wp\/v2\/product_cat?post=3490"},{"taxonomy":"product_tag","embeddable":true,"href":"https:\/\/www.linkseride.com\/de\/wp-json\/wp\/v2\/product_tag?post=3490"}],"curies":[{"name":"wp","href":"https:\/\/api.w.org\/{rel}","templated":true}]}}