{"id":5035,"date":"2021-11-22T07:01:58","date_gmt":"2021-11-22T07:01:58","guid":{"rendered":"http:\/\/linkseride.com\/?post_type=product&#038;p=5035"},"modified":"2021-12-05T14:27:02","modified_gmt":"2021-12-05T14:27:02","slug":"x7-elektro-faltrad-e-pas-bike","status":"publish","type":"product","link":"https:\/\/www.linkseride.com\/de\/product\/x7-electric-folding-bike-e-pas-bike\/","title":{"rendered":"X7 Elektro-Faltrad E-PAS BIKE"},"content":{"rendered":"<table width=\"100%\">\n<tbody>\n<tr>\n<td><img decoding=\"async\" class=\"aligncenter\" src=\"https:\/\/cdn.shopify.com\/s\/files\/1\/2721\/7242\/files\/power_100x100.png?v=1588931357\" alt=\"\" width=\"74\" height=\"74\" \/><\/td>\n<td>\n<h3 style=\"text-align: left;\">\u00a0<strong>700W NABENMOTOR<\/strong><\/h3>\n<\/td>\n<td>\n<h4><img decoding=\"async\" class=\"aligncenter\" src=\"https:\/\/cdn.shopify.com\/s\/files\/1\/2721\/7242\/files\/1_89318afc-f1b5-47c6-ad35-68a19e133979_100x100.png?v=1588930275\" alt=\"\" width=\"83\" height=\"83\" \/><\/h4>\n<\/td>\n<td>\n<h3>TOP GESCHWINDIGKEIT\u00a0<strong>28 MPH<\/strong><\/h3>\n<\/td>\n<\/tr>\n<tr>\n<td><img decoding=\"async\" class=\"aligncenter\" src=\"https:\/\/cdn.shopify.com\/s\/files\/1\/2721\/7242\/files\/battery_100x100.png?v=1588928843\" alt=\"\" width=\"77\" height=\"77\" \/><\/td>\n<td>\n<h3>48V10.4AH<\/h3>\n<\/td>\n<td><img loading=\"lazy\" decoding=\"async\" class=\"aligncenter\" src=\"https:\/\/cdn.shopify.com\/s\/files\/1\/2721\/7242\/files\/1_7af7c125-e351-4f03-ab3e-65ee1e3fff60_100x100.png?v=1588930505\" alt=\"\" width=\"89\" height=\"89\" \/><\/td>\n<td>\n<h3><strong>55 MEILEN<\/strong><\/h3>\n<\/td>\n<\/tr>\n<tr>\n<td>\n<h3><img loading=\"lazy\" decoding=\"async\" class=\"aligncenter\" src=\"https:\/\/cdn.shopify.com\/s\/files\/1\/2721\/7242\/files\/7b98f62f920fff0dd3e96e643c93cc88_100x100.png?v=1588928533\" alt=\"\" width=\"87\" height=\"87\" \/><\/h3>\n<\/td>\n<td>\n<h3><strong>180 LBS<\/strong> MAX BELASTUNG<\/h3>\n<\/td>\n<td>\n<h4><img loading=\"lazy\" decoding=\"async\" class=\"aligncenter\" src=\"https:\/\/cdn.shopify.com\/s\/files\/1\/2721\/7242\/files\/rider_100x100.png?v=1588930714\" alt=\"\" width=\"92\" height=\"92\" \/><\/h4>\n<\/td>\n<td>\n<h3>K\u00d6RPERGR\u00d6SSE DES FAHRERS:\u00a0 <strong>5&#8217;4&#8221; &#8211; 6&#8217;5&#8221;<\/strong><\/h3>\n<\/td>\n<\/tr>\n<\/tbody>\n<\/table>\n<p><!--more--><\/p>\n<h3><\/h3>\n<h3 style=\"text-align: center;\"><strong>WAS ENTHALTEN IST\u00a0<\/strong><\/h3>\n<table width=\"100%\">\n<tbody>\n<tr>\n<td>Das Fahrrad selbst<\/td>\n<td>Integriertes Frontlicht und Bremslicht<\/td>\n<\/tr>\n<tr>\n<td>Ladeger\u00e4t und Batterie<\/td>\n<td>Benutzerhandbuch<\/td>\n<\/tr>\n<\/tbody>\n<\/table>\n<div id='gallery-1' class='gallery galleryid-5035 gallery-columns-3 gallery-size-full'><figure class='gallery-item'>\n\t\t\t<div class='gallery-icon portrait'>\n\t\t\t\t<img loading=\"lazy\" decoding=\"async\" width=\"1417\" height=\"1418\" src=\"https:\/\/www.linkseride.com\/wp-content\/uploads\/2021\/11\/X7-1.jpg\" class=\"attachment-full size-full\" alt=\"X7 Elektro-Faltrad\" srcset=\"https:\/\/www.linkseride.com\/wp-content\/uploads\/2021\/11\/X7-1.jpg 1417w, https:\/\/www.linkseride.com\/wp-content\/uploads\/2021\/11\/X7-1-300x300.jpg 300w, https:\/\/www.linkseride.com\/wp-content\/uploads\/2021\/11\/X7-1-1024x1024.jpg 1024w, https:\/\/www.linkseride.com\/wp-content\/uploads\/2021\/11\/X7-1-150x150.jpg 150w, https:\/\/www.linkseride.com\/wp-content\/uploads\/2021\/11\/X7-1-768x769.jpg 768w, https:\/\/www.linkseride.com\/wp-content\/uploads\/2021\/11\/X7-1-600x600.jpg 600w, https:\/\/www.linkseride.com\/wp-content\/uploads\/2021\/11\/X7-1-100x100.jpg 100w\" sizes=\"(max-width: 1417px) 100vw, 1417px\" \/>\n\t\t\t<\/div><\/figure><figure class='gallery-item'>\n\t\t\t<div class='gallery-icon portrait'>\n\t\t\t\t<img loading=\"lazy\" decoding=\"async\" width=\"1417\" height=\"1418\" src=\"https:\/\/www.linkseride.com\/wp-content\/uploads\/2021\/11\/X7-2.jpg\" class=\"attachment-full size-full\" alt=\"X7 Elektro-Faltrad\" srcset=\"https:\/\/www.linkseride.com\/wp-content\/uploads\/2021\/11\/X7-2.jpg 1417w, https:\/\/www.linkseride.com\/wp-content\/uploads\/2021\/11\/X7-2-300x300.jpg 300w, https:\/\/www.linkseride.com\/wp-content\/uploads\/2021\/11\/X7-2-1024x1024.jpg 1024w, https:\/\/www.linkseride.com\/wp-content\/uploads\/2021\/11\/X7-2-150x150.jpg 150w, https:\/\/www.linkseride.com\/wp-content\/uploads\/2021\/11\/X7-2-768x769.jpg 768w, https:\/\/www.linkseride.com\/wp-content\/uploads\/2021\/11\/X7-2-600x600.jpg 600w, https:\/\/www.linkseride.com\/wp-content\/uploads\/2021\/11\/X7-2-100x100.jpg 100w\" sizes=\"(max-width: 1417px) 100vw, 1417px\" \/>\n\t\t\t<\/div><\/figure><figure class='gallery-item'>\n\t\t\t<div class='gallery-icon portrait'>\n\t\t\t\t<img loading=\"lazy\" decoding=\"async\" width=\"1417\" height=\"1418\" src=\"https:\/\/www.linkseride.com\/wp-content\/uploads\/2021\/11\/X7-3.jpg\" class=\"attachment-full size-full\" alt=\"X7 Elektro-Faltrad\" srcset=\"https:\/\/www.linkseride.com\/wp-content\/uploads\/2021\/11\/X7-3.jpg 1417w, https:\/\/www.linkseride.com\/wp-content\/uploads\/2021\/11\/X7-3-300x300.jpg 300w, https:\/\/www.linkseride.com\/wp-content\/uploads\/2021\/11\/X7-3-1024x1024.jpg 1024w, https:\/\/www.linkseride.com\/wp-content\/uploads\/2021\/11\/X7-3-150x150.jpg 150w, https:\/\/www.linkseride.com\/wp-content\/uploads\/2021\/11\/X7-3-768x769.jpg 768w, https:\/\/www.linkseride.com\/wp-content\/uploads\/2021\/11\/X7-3-600x600.jpg 600w, https:\/\/www.linkseride.com\/wp-content\/uploads\/2021\/11\/X7-3-100x100.jpg 100w\" sizes=\"(max-width: 1417px) 100vw, 1417px\" \/>\n\t\t\t<\/div><\/figure>\n\t\t<\/div>\n\n<h3><\/h3>\n<h3 style=\"text-align: center;\"><strong>SPEZIFIKATION<\/strong><\/h3>\n<table width=\"100%\">\n<tbody>\n<tr>\n<td>Motor: 750W b\u00fcrstenloser Heckmotor<\/td>\n<td>Batterie: 48V10.4AH LG Lithium Batterie<\/td>\n<\/tr>\n<tr>\n<td>Ladeger\u00e4t: 54.6V 2.0Ah<\/td>\n<td>Steuerung: Intelligente 18A-Steuerung<\/td>\n<\/tr>\n<tr>\n<td>Rahmen: Aluminium-Legierung Folding Frame<\/td>\n<td>Bereifung: 20\u2033*4.0<\/td>\n<\/tr>\n<tr>\n<td>Rad: 20-Zoll-Legierungsspeichenrad<\/td>\n<td>Vorderradgabel: Aluminium-Schulter Magnesium-Beine abschlie\u00dfbare Luftfederung; T:120mm<\/td>\n<\/tr>\n<tr>\n<td>Aufh\u00e4ngung: Vollfederung<\/td>\n<td>Bremse: Hydraulische Scheibenbremse<\/td>\n<\/tr>\n<tr>\n<td>Schaltwerk: Shimano 8-Gang-Schaltwerk<\/td>\n<td>Anzeige: Monochromes LCD-Display<\/td>\n<\/tr>\n<tr>\n<td>Drosselklappe: Daumen<\/td>\n<td>Zus\u00e4tzliche Funktionen: Tempomat, Gehmodus<\/td>\n<\/tr>\n<tr>\n<td>Geschwindigkeit: 25-28MPH<\/td>\n<td>Reichweite: 30-35 Meilen (Elektro-Modus), 55-65 Meilen (PAS-Modus)<\/td>\n<\/tr>\n<tr>\n<td>Empfohlene Belastung: 280 lbs<\/td>\n<td>N.W.\/G.W.: 64lbs\/75lbs<\/td>\n<\/tr>\n<tr>\n<td>Verpackungsgr\u00f6\u00dfe: 79*59*42 cm<\/td>\n<td>Faltma\u00df: 78*54*77 cm<\/td>\n<\/tr>\n<tr>\n<td><\/td>\n<td><\/td>\n<\/tr>\n<\/tbody>\n<\/table>\n<p>Weitere Einf\u00fchrungsvideos finden Sie hier: <a href=\"https:\/\/www.youtube.com\/c\/LinksErideTech\" target=\"_blank\" rel=\"noopener\">https:\/\/www.youtube.com\/c\/LinksErideTech<\/a><\/p>\n<p>Wenn Sie nach anderen elektrischen Klappradmodellen suchen, finden Sie detaillierte Informationen <a href=\"https:\/\/www.linkseride.com\/de\/electric-bike-manufacturer\/\" target=\"_blank\" rel=\"noopener\">hier<\/a>.<\/p>","protected":false},"excerpt":{"rendered":"<p>\u25cf Der leistungsstarke 750-Watt-Hochgeschwindigkeitsmotor der b\u00fcrstenlosen Hinterradnabe des Elektro-Faltrads befl\u00fcgelt selbst das unwegsamste Terrain<\/p>\n<p>\u25cf 48V 15AH bedeutet mehr Kapazit\u00e4t, mehr Leistung und eine gr\u00f6\u00dfere Reichweite, die auch eine lange Lebensdauer und hohe Leistung gew\u00e4hrleistet<\/p>\n<p>\u25cf Abschlie\u00dfbare Sto\u00dfd\u00e4mpfer an der Vordergabel und Sto\u00dfd\u00e4mpfer aus Aluminium hinten<\/p>\n<p>Das aufger\u00fcstete Ladesystem kann 55lbs tragen, was sehr gut f\u00fcr den t\u00e4glichen Pendlerverkehr geeignet ist<\/p>\n<p>\u25cfLCD-Display mit Hintergrundbeleuchtung, das die Kontrolle des Stands w\u00e4hrend der Fahrt erleichtert<\/p>","protected":false},"featured_media":5040,"template":"","meta":{"site-sidebar-layout":"default","site-content-layout":"default","ast-site-content-layout":"default","site-content-style":"default","site-sidebar-style":"default","ast-global-header-display":"","ast-banner-title-visibility":"","ast-main-header-display":"","ast-hfb-above-header-display":"","ast-hfb-below-header-display":"","ast-hfb-mobile-header-display":"","site-post-title":"","ast-breadcrumbs-content":"","ast-featured-img":"","footer-sml-layout":"","ast-disable-related-posts":"","theme-transparent-header-meta":"default","adv-header-id-meta":"","stick-header-meta":"","header-above-stick-meta":"","header-main-stick-meta":"","header-below-stick-meta":"","astra-migrate-meta-layouts":"default","ast-page-background-enabled":"default","ast-page-background-meta":{"desktop":{"background-color":"","background-image":"","background-repeat":"repeat","background-position":"center center","background-size":"auto","background-attachment":"scroll","background-type":"","background-media":"","overlay-type":"","overlay-color":"","overlay-opacity":"","overlay-gradient":""},"tablet":{"background-color":"","background-image":"","background-repeat":"repeat","background-position":"center center","background-size":"auto","background-attachment":"scroll","background-type":"","background-media":"","overlay-type":"","overlay-color":"","overlay-opacity":"","overlay-gradient":""},"mobile":{"background-color":"","background-image":"","background-repeat":"repeat","background-position":"center center","background-size":"auto","background-attachment":"scroll","background-type":"","background-media":"","overlay-type":"","overlay-color":"","overlay-opacity":"","overlay-gradient":""}},"ast-content-background-meta":{"desktop":{"background-color":"var(--ast-global-color-5)","background-image":"","background-repeat":"repeat","background-position":"center center","background-size":"auto","background-attachment":"scroll","background-type":"","background-media":"","overlay-type":"","overlay-color":"","overlay-opacity":"","overlay-gradient":""},"tablet":{"background-color":"var(--ast-global-color-5)","background-image":"","background-repeat":"repeat","background-position":"center center","background-size":"auto","background-attachment":"scroll","background-type":"","background-media":"","overlay-type":"","overlay-color":"","overlay-opacity":"","overlay-gradient":""},"mobile":{"background-color":"var(--ast-global-color-5)","background-image":"","background-repeat":"repeat","background-position":"center center","background-size":"auto","background-attachment":"scroll","background-type":"","background-media":"","overlay-type":"","overlay-color":"","overlay-opacity":"","overlay-gradient":""}}},"product_brand":[],"product_cat":[29],"product_tag":[],"class_list":{"0":"post-5035","1":"product","2":"type-product","3":"status-publish","4":"has-post-thumbnail","6":"product_cat-electric-bike","7":"desktop-align-left","8":"tablet-align-left","9":"mobile-align-left","11":"first","12":"instock","13":"shipping-taxable","14":"purchasable","15":"product-type-simple"},"_links":{"self":[{"href":"https:\/\/www.linkseride.com\/de\/wp-json\/wp\/v2\/product\/5035","targetHints":{"allow":["GET"]}}],"collection":[{"href":"https:\/\/www.linkseride.com\/de\/wp-json\/wp\/v2\/product"}],"about":[{"href":"https:\/\/www.linkseride.com\/de\/wp-json\/wp\/v2\/types\/product"}],"wp:featuredmedia":[{"embeddable":true,"href":"https:\/\/www.linkseride.com\/de\/wp-json\/wp\/v2\/media\/5040"}],"wp:attachment":[{"href":"https:\/\/www.linkseride.com\/de\/wp-json\/wp\/v2\/media?parent=5035"}],"wp:term":[{"taxonomy":"product_brand","embeddable":true,"href":"https:\/\/www.linkseride.com\/de\/wp-json\/wp\/v2\/product_brand?post=5035"},{"taxonomy":"product_cat","embeddable":true,"href":"https:\/\/www.linkseride.com\/de\/wp-json\/wp\/v2\/product_cat?post=5035"},{"taxonomy":"product_tag","embeddable":true,"href":"https:\/\/www.linkseride.com\/de\/wp-json\/wp\/v2\/product_tag?post=5035"}],"curies":[{"name":"wp","href":"https:\/\/api.w.org\/{rel}","templated":true}]}}