{"id":5110,"date":"2021-12-24T09:40:15","date_gmt":"2021-12-24T09:40:15","guid":{"rendered":"http:\/\/linkseride.com\/?post_type=product&#038;p=5110"},"modified":"2022-04-09T06:16:22","modified_gmt":"2022-04-09T06:16:22","slug":"60v40ah-m2-scooter-lithium-battery","status":"publish","type":"product","link":"https:\/\/www.linkseride.com\/de\/product\/60v40ah-m2-scooter-lithium-battery\/","title":{"rendered":"60 V, 40 Ah, M2, Lithium-Akku f\u00fcr Fat-Tire-Scooter"},"content":{"rendered":"<h6>Linkseride 60V40Ah M2 Fat Tire Scooter Lithium Battery<\/h6>\n<p>&nbsp;<\/p>\n<p>Quick Swap Battery: 60V 40Ah capacity<br \/>\n1. Einpassung: Anwenden auf 1500W &amp; 2000W &amp; 3000W Scooter Motor<br \/>\n2. CE RoHS UN38.3 SDB<br \/>\n3. Schiff von unserem USA &amp; EU-Lager, Lieferung an T\u00fcr in 5-7 Tag<\/p>\n<p>&nbsp;<\/p>\n<p>Ladespannung: 67,2 V Nennspannung: 60 V<br \/>\nGewicht des Akkupacks: Etwa 8,5 kg<br \/>\nEingang: 110V-240V<br \/>\nKapazit\u00e4t: Aufger\u00fcstet 30Ah \/ 40AH<br \/>\nEntladestrom : 40A \/ 50A<br \/>\nAkku-Typ: Wiederaufladbarer Lithium-Ionen-Akku.<br \/>\nAusgangsspannung: 40-67,2 V DC<br \/>\nLadestrom: 5A<br \/>\nLadestrom: standardm\u00e4\u00dfig 5A, maximal 8,5A<br \/>\nProduktlebensdauer: Zykluslebensdauer Mehr als 1000 Mal, DOD bei 80%<br \/>\nLadetemperatur: 0~45C<br \/>\nEntladetemperatur: -20~60C<br \/>\nLagertemperatur: -20~45C<\/p>\n<p>&nbsp;<\/p>\n<h6>Charging of the Scooter Lithium Battery\uff1a<\/h6>\n<p>\u2022 It takes 6-8 hours for a full charge for a 40Ah completely empty battery<br \/>\n- Bitte verwenden Sie zum Laden Ihres Akkus immer das mitgelieferte Original-Ladeger\u00e4t.<br \/>\n- Laden Sie Ihre Batterie zuerst auf, sobald Sie Ihre Roller erhalten<br \/>\n- Lagerung: Laden oder entladen Sie den Akku vor der Lagerung auf eine Kapazit\u00e4t von etwa 80%. Laden Sie den Akku mindestens einmal alle drei Monate auf eine Kapazit\u00e4t von ca. 80% auf. Lagern Sie den Akku bei Temperaturen zwischen 5 \u00b0C und 20 \u00b0C (41 \u00b0F und 68 \u00b0F). Der Entlade- und Ladeanschluss sollte stets sauber sein.<\/p>\n<h6>Vorsichtsma\u00dfnahmen bei der Handhabung:<\/h6>\n<p>- Die Batterie darf nicht zerlegt, zerquetscht oder durchstochen werden.<br \/>\n- Schlie\u00dfen Sie die externen Kontakte einer Batterie nicht kurz.<br \/>\n- Werfen Sie eine Batterie nicht ins Feuer oder Wasser.<br \/>\n- Setzen Sie eine Batterie keinen Temperaturen \u00fcber 60 \u00b0C (140 \u00b0F) aus.<br \/>\n- Halten Sie die Batterie von Kindern fern.<br \/>\n- Setzen Sie den Akku keinen \u00fcberm\u00e4\u00dfigen St\u00f6\u00dfen oder Vibrationen aus. Verwenden Sie keinen besch\u00e4digten Akku.<\/p>\n<h6>Transport:<\/h6>\n<p>Pr\u00fcfen Sie vor dem Transport von Lithium-Ionen-Batterieprodukten stets alle geltenden lokalen, nationalen und internationalen Vorschriften. Kontaktieren Sie uns f\u00fcr Details, bevor Sie eine Bestellung aufgeben.<\/p>\n<p>quick look at how to change or install the scooter battery here<\/p>\n<div class=\"ast-oembed-container\" style=\"height: 100%;\"><iframe title=\"M2 Electric Scooter Chopper Scooter Fat Tire Citycoco with 2000w 3000w 45ah 65km:h 100km+ range\" width=\"500\" height=\"281\" src=\"https:\/\/www.youtube.com\/embed\/c41lu7iZSfk?feature=oembed\" frameborder=\"0\" allow=\"accelerometer; autoplay; clipboard-write; encrypted-media; gyroscope; picture-in-picture; web-share\" referrerpolicy=\"strict-origin-when-cross-origin\" allowfullscreen><\/iframe><\/div>\n<p>Weitere Videos auf unserem Youtube-Kanal: <a href=\"https:\/\/www.youtube.com\/c\/LinksErideTech\" target=\"_blank\" rel=\"noopener\">https:\/\/www.youtube.com\/c\/LinksErideTech<\/a><\/p>\n<p>Wenn Sie auf der Suche nach anderen Ersatzteilen f\u00fcr die Fat tire Scooter sind, schauen Sie hier: <a href=\"https:\/\/www.linkseride.com\/de\/zubehor-fur-fat-tire-roller-roller-ersatzteile\/\" target=\"_blank\" rel=\"noopener\">http:\/\/linkseride.com\/fat-tire-scooter-accessories-scooter-parts\/<\/a><\/p>","protected":false},"excerpt":{"rendered":"<p>\u25cf 60V40Ah M2 Fat Tire Scooter Lithium Battery<\/p>\n<p class=\"p1\"><span class=\"s1\">\u25cf<\/span><span class=\"s2\"> <b>Passform:<\/b> Anwendbar auf 1500W &amp; 2000W &amp; 3000W Scooter Motor<\/span><\/p>\n<p class=\"p1\"><span class=\"s1\">\u25cf<\/span><span class=\"s2\"> <b>Lagerbestand:<\/b> Modell M1P\/M2\/M8 fette Reifen Roller US &amp; EU Lager verf\u00fcgbar<\/span><\/p>","protected":false},"featured_media":5111,"template":"","meta":{"site-sidebar-layout":"default","site-content-layout":"default","ast-site-content-layout":"default","site-content-style":"default","site-sidebar-style":"default","ast-global-header-display":"","ast-banner-title-visibility":"","ast-main-header-display":"","ast-hfb-above-header-display":"","ast-hfb-below-header-display":"","ast-hfb-mobile-header-display":"","site-post-title":"","ast-breadcrumbs-content":"","ast-featured-img":"","footer-sml-layout":"","ast-disable-related-posts":"","theme-transparent-header-meta":"default","adv-header-id-meta":"","stick-header-meta":"","header-above-stick-meta":"","header-main-stick-meta":"","header-below-stick-meta":"","astra-migrate-meta-layouts":"default","ast-page-background-enabled":"default","ast-page-background-meta":{"desktop":{"background-color":"","background-image":"","background-repeat":"repeat","background-position":"center center","background-size":"auto","background-attachment":"scroll","background-type":"","background-media":"","overlay-type":"","overlay-color":"","overlay-opacity":"","overlay-gradient":""},"tablet":{"background-color":"","background-image":"","background-repeat":"repeat","background-position":"center center","background-size":"auto","background-attachment":"scroll","background-type":"","background-media":"","overlay-type":"","overlay-color":"","overlay-opacity":"","overlay-gradient":""},"mobile":{"background-color":"","background-image":"","background-repeat":"repeat","background-position":"center center","background-size":"auto","background-attachment":"scroll","background-type":"","background-media":"","overlay-type":"","overlay-color":"","overlay-opacity":"","overlay-gradient":""}},"ast-content-background-meta":{"desktop":{"background-color":"var(--ast-global-color-5)","background-image":"","background-repeat":"repeat","background-position":"center center","background-size":"auto","background-attachment":"scroll","background-type":"","background-media":"","overlay-type":"","overlay-color":"","overlay-opacity":"","overlay-gradient":""},"tablet":{"background-color":"var(--ast-global-color-5)","background-image":"","background-repeat":"repeat","background-position":"center center","background-size":"auto","background-attachment":"scroll","background-type":"","background-media":"","overlay-type":"","overlay-color":"","overlay-opacity":"","overlay-gradient":""},"mobile":{"background-color":"var(--ast-global-color-5)","background-image":"","background-repeat":"repeat","background-position":"center center","background-size":"auto","background-attachment":"scroll","background-type":"","background-media":"","overlay-type":"","overlay-color":"","overlay-opacity":"","overlay-gradient":""}}},"product_brand":[],"product_cat":[15],"product_tag":[],"class_list":{"0":"post-5110","1":"product","2":"type-product","3":"status-publish","4":"has-post-thumbnail","6":"product_cat-uncategorized","7":"desktop-align-left","8":"tablet-align-left","9":"mobile-align-left","11":"first","12":"instock","13":"shipping-taxable","14":"product-type-simple"},"_links":{"self":[{"href":"https:\/\/www.linkseride.com\/de\/wp-json\/wp\/v2\/product\/5110","targetHints":{"allow":["GET"]}}],"collection":[{"href":"https:\/\/www.linkseride.com\/de\/wp-json\/wp\/v2\/product"}],"about":[{"href":"https:\/\/www.linkseride.com\/de\/wp-json\/wp\/v2\/types\/product"}],"wp:featuredmedia":[{"embeddable":true,"href":"https:\/\/www.linkseride.com\/de\/wp-json\/wp\/v2\/media\/5111"}],"wp:attachment":[{"href":"https:\/\/www.linkseride.com\/de\/wp-json\/wp\/v2\/media?parent=5110"}],"wp:term":[{"taxonomy":"product_brand","embeddable":true,"href":"https:\/\/www.linkseride.com\/de\/wp-json\/wp\/v2\/product_brand?post=5110"},{"taxonomy":"product_cat","embeddable":true,"href":"https:\/\/www.linkseride.com\/de\/wp-json\/wp\/v2\/product_cat?post=5110"},{"taxonomy":"product_tag","embeddable":true,"href":"https:\/\/www.linkseride.com\/de\/wp-json\/wp\/v2\/product_tag?post=5110"}],"curies":[{"name":"wp","href":"https:\/\/api.w.org\/{rel}","templated":true}]}}