{"id":9215,"date":"2023-03-10T07:01:18","date_gmt":"2023-03-10T07:01:18","guid":{"rendered":"http:\/\/linkseride.com\/?post_type=product&#038;p=9215"},"modified":"2024-01-12T03:32:17","modified_gmt":"2024-01-12T03:32:17","slug":"elektromotorrad-wirbelsturm","status":"publish","type":"product","link":"https:\/\/www.linkseride.com\/de\/product\/electric-motorcycle-hurricane\/","title":{"rendered":"LEC-11 Elektro-Motorrad Hurricane f\u00fcr Erwachsene 8KW 150km\/h"},"content":{"rendered":"<p>Wir freuen uns, unser neuestes High-End-Elektromotorradmodell Hurricane vorstellen zu k\u00f6nnen. Dieses schnittige und elegante Modell wurde mit Blick auf leidenschaftliche Elektro-Sportmotorrad-Enthusiasten entwickelt und ist das Ergebnis von zwei Jahren Investition und 1 Million Dollar in Forschung und Entwicklung.<\/p>\n<p>Unser Unternehmen besitzt die Exklusivrechte f\u00fcr das Aussehen der Hurricane, was sie zu einer einzigartigen und sehr begehrten Erg\u00e4nzung auf dem Markt f\u00fcr Elektromotorr\u00e4der macht. Die Hurricane ist in drei Versionen erh\u00e4ltlich: 3000W, 5000W und 8000W, mit H\u00f6chstgeschwindigkeiten von 100km\/h, 120km\/h bzw. 150km\/h. Es entspricht einem 125ccm-Motorrad.<\/p>\n<p>Angesichts der wachsenden Nachfrage nach Elektromotorr\u00e4dern, insbesondere in Europa, ist der Storm auf dem besten Weg, ein wichtiger Akteur in der Branche zu werden. Seien Sie dabei, wenn wir einen neuen Standard f\u00fcr das Hochgeschwindigkeits-Elektromotorrad Hurricane setzen.<\/p>\n<table width=\"755\">\n<tbody>\n<tr>\n<td style=\"text-align: center;\" width=\"212\"><strong>Modell<\/strong><\/td>\n<td style=\"text-align: center;\" width=\"180\"><strong>Wirbelsturm E<\/strong><\/td>\n<td style=\"text-align: center;\" width=\"180\"><strong>Wirbelsturm<\/strong><\/td>\n<td style=\"text-align: center;\" width=\"180\"><strong>Wirbelsturm S<\/strong><\/td>\n<\/tr>\n<tr>\n<td><strong>Foto<\/strong><\/td>\n<td><img fetchpriority=\"high\" decoding=\"async\" class=\"alignnone size-medium wp-image-9176\" src=\"http:\/\/linkseride.com\/wp-content\/uploads\/2020\/10\/electric-motorcycle-1-300x204.png\" alt=\"Elektromotorrad\" width=\"300\" height=\"204\" srcset=\"https:\/\/www.linkseride.com\/wp-content\/uploads\/2020\/10\/electric-motorcycle-1-300x204.png 300w, https:\/\/www.linkseride.com\/wp-content\/uploads\/2020\/10\/electric-motorcycle-1-1024x697.png 1024w, https:\/\/www.linkseride.com\/wp-content\/uploads\/2020\/10\/electric-motorcycle-1-768x523.png 768w, https:\/\/www.linkseride.com\/wp-content\/uploads\/2020\/10\/electric-motorcycle-1-1536x1045.png 1536w, https:\/\/www.linkseride.com\/wp-content\/uploads\/2020\/10\/electric-motorcycle-1-2048x1394.png 2048w, https:\/\/www.linkseride.com\/wp-content\/uploads\/2020\/10\/electric-motorcycle-1-600x408.png 600w\" sizes=\"(max-width: 300px) 100vw, 300px\" \/><\/td>\n<td><img decoding=\"async\" class=\"alignnone size-medium wp-image-9177\" src=\"http:\/\/linkseride.com\/wp-content\/uploads\/2020\/10\/electric-motorcycle-2-300x198.png\" alt=\"Elektromotorrad\" width=\"300\" height=\"198\" srcset=\"https:\/\/www.linkseride.com\/wp-content\/uploads\/2020\/10\/electric-motorcycle-2-300x198.png 300w, https:\/\/www.linkseride.com\/wp-content\/uploads\/2020\/10\/electric-motorcycle-2-768x506.png 768w, https:\/\/www.linkseride.com\/wp-content\/uploads\/2020\/10\/electric-motorcycle-2-600x395.png 600w, https:\/\/www.linkseride.com\/wp-content\/uploads\/2020\/10\/electric-motorcycle-2.png 927w\" sizes=\"(max-width: 300px) 100vw, 300px\" \/><\/td>\n<td><img decoding=\"async\" class=\"alignnone size-medium wp-image-9178\" src=\"http:\/\/linkseride.com\/wp-content\/uploads\/2020\/10\/electric-motorcycle-3-300x202.png\" alt=\"Elektromotorrad\" width=\"300\" height=\"202\" srcset=\"https:\/\/www.linkseride.com\/wp-content\/uploads\/2020\/10\/electric-motorcycle-3-300x202.png 300w, https:\/\/www.linkseride.com\/wp-content\/uploads\/2020\/10\/electric-motorcycle-3-768x518.png 768w, https:\/\/www.linkseride.com\/wp-content\/uploads\/2020\/10\/electric-motorcycle-3-600x404.png 600w, https:\/\/www.linkseride.com\/wp-content\/uploads\/2020\/10\/electric-motorcycle-3.png 936w\" sizes=\"(max-width: 300px) 100vw, 300px\" \/><\/td>\n<\/tr>\n<tr>\n<td style=\"text-align: center;\" colspan=\"4\"><strong>Technische Daten<\/strong><\/td>\n<\/tr>\n<tr>\n<td><strong>H\u00f6chstgeschwindigkeit (max)<\/strong><\/td>\n<td>100 km\/h (62 mph)<\/td>\n<td>120 km\/h (75 mph)<\/td>\n<td>150 km\/h (93 mph)<\/td>\n<\/tr>\n<tr>\n<td><strong>Spitzendrehmoment<\/strong><\/td>\n<td>108 Nm<\/td>\n<td>118 Nm<\/td>\n<td>148 Nm<\/td>\n<\/tr>\n<tr>\n<td><strong>Maximale Kapazit\u00e4t<\/strong><\/td>\n<td>3,6 kWh (72V52Ah)<\/td>\n<td>6,2 kWh (72V86Ah)<\/td>\n<td>7,2 kWh (72V102Ah)<\/td>\n<\/tr>\n<tr>\n<td><strong>Garantie des Netzteils<\/strong><\/td>\n<td>2 Jahre\/unbegrenzte Kilometerzahl<\/td>\n<td>2 Jahre\/unbegrenzte Kilometerzahl<\/td>\n<td>2 Jahre\/unbegrenzte Kilometerzahl<\/td>\n<\/tr>\n<tr>\n<td style=\"text-align: center;\" colspan=\"4\"><strong>Bereich<\/strong><\/td>\n<\/tr>\n<tr>\n<td><strong>Stadt<\/strong><\/td>\n<td>120 km (75 Meilen)<\/td>\n<td>180 km (112 Meilen)<\/td>\n<td>200 km (124 Meilen)<\/td>\n<\/tr>\n<tr>\n<td><strong>Schnellstra\u00dfe, 80 km\/h (50 mph)<\/strong><\/td>\n<td>80 km (50 Meilen)<\/td>\n<td>120 km (75 Meilen)<\/td>\n<td>135 km (84 Meilen)<\/td>\n<\/tr>\n<tr>\n<td><strong>Schnellstra\u00dfe, 113 km\/h (70 mph)<\/strong><\/td>\n<td>\/<\/td>\n<td>90 km<\/td>\n<td>100 km (62 Meilen)<\/td>\n<\/tr>\n<tr>\n<td><strong>Schnellstra\u00dfe, 130 km\/h (80 mph)<\/strong><\/td>\n<td>\/<\/td>\n<td>\/<\/td>\n<td>85 km (53 Meilen)<\/td>\n<\/tr>\n<tr>\n<td style=\"text-align: center;\" colspan=\"4\"><strong>Motor<\/strong><\/td>\n<\/tr>\n<tr>\n<td><strong>Spitzendrehmoment<\/strong><\/td>\n<td>108 Nm<\/td>\n<td>118 Nm<\/td>\n<td>148 Nm<\/td>\n<\/tr>\n<tr>\n<td><strong>Nennleistung<\/strong><\/td>\n<td>3 kW<\/td>\n<td>5 kW<\/td>\n<td>8 kW<\/td>\n<\/tr>\n<tr>\n<td><strong>Spitzenleistung<\/strong><\/td>\n<td>4 kW<\/td>\n<td>6 kW<\/td>\n<td>11 kW<\/td>\n<\/tr>\n<tr>\n<td><strong>H\u00f6chstgeschwindigkeit (max)<\/strong><\/td>\n<td>100 km\/h (63 mph)<\/td>\n<td>120 km\/h (75 mph)<\/td>\n<td>150 km\/h (93 mph)<\/td>\n<\/tr>\n<tr>\n<td><strong>H\u00f6chstgeschwindigkeit (anhaltend)<\/strong><\/td>\n<td>80 km\/h (50 mph)<\/td>\n<td>100 km\/h (62 mph)<\/td>\n<td>130 km\/h (81 mph)<\/td>\n<\/tr>\n<tr>\n<td><strong>Typ<\/strong><\/td>\n<td>B\u00fcrstenlose DC-Nabe<\/td>\n<td>B\u00fcrstenlose DC-Nabe<\/td>\n<td>B\u00fcrstenlose DC-Nabe<\/td>\n<\/tr>\n<tr>\n<td><strong>Controller<\/strong><\/td>\n<td>Sinuswelle<\/td>\n<td>Sinuswelle<\/td>\n<td>Sinuswelle<\/td>\n<\/tr>\n<tr>\n<td style=\"text-align: center;\" colspan=\"4\"><strong>Stromnetz<\/strong><\/td>\n<\/tr>\n<tr>\n<td><strong>Maximale Kapazit\u00e4t<\/strong><\/td>\n<td>3,6 kWh (72V52Ah)<\/td>\n<td>6,2 kWh (72V86Ah)<\/td>\n<td>7,2 kWh (72V102Ah)<\/td>\n<\/tr>\n<tr>\n<td><strong>Typ des Ladeger\u00e4ts<\/strong><\/td>\n<td>10A Ladeger\u00e4t<\/td>\n<td>10A Ladeger\u00e4t<\/td>\n<td>18A Auto-Schnellladeger\u00e4t<\/td>\n<\/tr>\n<tr>\n<td><strong>Ladezeit (10A-Ladeger\u00e4t)<\/strong><\/td>\n<td>5,5 Stunden<\/td>\n<td>9 Stunden<\/td>\n<td>\/<\/td>\n<\/tr>\n<tr>\n<td><strong>Ladezeit (18A Auto-Schnellladeger\u00e4t)<\/strong><\/td>\n<td>3 Stunden<\/td>\n<td>5 Stunden<\/td>\n<td>6 Stunden<\/td>\n<\/tr>\n<tr>\n<td><strong>Eingabe<\/strong><\/td>\n<td>Standard 110 V oder 220 V<\/td>\n<td>Standard 110 V oder 220 V<\/td>\n<td>Standard 110 V oder 220 V<\/td>\n<\/tr>\n<\/tbody>\n<\/table>\n<p>Wenn Sie andere Elektromotorr\u00e4der f\u00fcr Erwachsene sehen m\u00f6chten, finden Sie unter anderem\u00a0<a href=\"https:\/\/www.linkseride.com\/de\/hersteller-von-elektromotorradern\/\" target=\"_blank\" rel=\"noopener\">hier<\/a>.<\/p>\n<p>Weitere Einf\u00fchrungsvideos finden Sie hier: <a href=\"https:\/\/www.youtube.com\/c\/LinksErideTech\" target=\"_blank\" rel=\"noopener\">https:\/\/www.youtube.com\/c\/LinksErideTech<\/a><\/p>\n<div class=\"ast-oembed-container\" style=\"height: 100%;\"><iframe title=\"Linkseride Electric Motorcycle Hurricane Max Speed 150kmph Road Legal EEC DOT Proved\" width=\"500\" height=\"281\" src=\"https:\/\/www.youtube.com\/embed\/EzYFOSMy33Q?feature=oembed\" frameborder=\"0\" allow=\"accelerometer; autoplay; clipboard-write; encrypted-media; gyroscope; picture-in-picture; web-share\" referrerpolicy=\"strict-origin-when-cross-origin\" allowfullscreen><\/iframe><\/div>","protected":false},"excerpt":{"rendered":"<p>Die Reichweite des Elektromotorrads Hurricane betr\u00e4gt bis zu 135 km (84 Meilen). Haben Sie keine Angst, auf halber Strecke die Leistung zu verlieren.<\/p>\n<p>\u25cf Das Elektromotorrad Hurricane hat 2 Schichten innen und 4 Schichten au\u00dfen, insgesamt 6 Schichten.<\/p>\n<p>\u25cf Scheibenbremse mit hydraulischen Kolbenbremss\u00e4tteln und CBS. Bei einer Geschwindigkeit von weniger als 100 km\/h betr\u00e4gt der Bremsweg etwa 15 m.<\/p>\n<p>\u25cf Der Strom wird abgeschaltet, wenn der Kickstand ausschwenkt<\/p>\n<p>\u25cf Anpassungen sind m\u00f6glich!<\/p>","protected":false},"featured_media":9179,"template":"","meta":{"site-sidebar-layout":"default","site-content-layout":"default","ast-site-content-layout":"default","site-content-style":"default","site-sidebar-style":"default","ast-global-header-display":"","ast-banner-title-visibility":"","ast-main-header-display":"","ast-hfb-above-header-display":"","ast-hfb-below-header-display":"","ast-hfb-mobile-header-display":"","site-post-title":"","ast-breadcrumbs-content":"","ast-featured-img":"","footer-sml-layout":"","ast-disable-related-posts":"","theme-transparent-header-meta":"default","adv-header-id-meta":"","stick-header-meta":"","header-above-stick-meta":"","header-main-stick-meta":"","header-below-stick-meta":"","astra-migrate-meta-layouts":"set","ast-page-background-enabled":"default","ast-page-background-meta":{"desktop":{"background-color":"","background-image":"","background-repeat":"repeat","background-position":"center center","background-size":"auto","background-attachment":"scroll","background-type":"","background-media":"","overlay-type":"","overlay-color":"","overlay-opacity":"","overlay-gradient":""},"tablet":{"background-color":"","background-image":"","background-repeat":"repeat","background-position":"center center","background-size":"auto","background-attachment":"scroll","background-type":"","background-media":"","overlay-type":"","overlay-color":"","overlay-opacity":"","overlay-gradient":""},"mobile":{"background-color":"","background-image":"","background-repeat":"repeat","background-position":"center center","background-size":"auto","background-attachment":"scroll","background-type":"","background-media":"","overlay-type":"","overlay-color":"","overlay-opacity":"","overlay-gradient":""}},"ast-content-background-meta":{"desktop":{"background-color":"var(--ast-global-color-5)","background-image":"","background-repeat":"repeat","background-position":"center center","background-size":"auto","background-attachment":"scroll","background-type":"","background-media":"","overlay-type":"","overlay-color":"","overlay-opacity":"","overlay-gradient":""},"tablet":{"background-color":"var(--ast-global-color-5)","background-image":"","background-repeat":"repeat","background-position":"center center","background-size":"auto","background-attachment":"scroll","background-type":"","background-media":"","overlay-type":"","overlay-color":"","overlay-opacity":"","overlay-gradient":""},"mobile":{"background-color":"var(--ast-global-color-5)","background-image":"","background-repeat":"repeat","background-position":"center center","background-size":"auto","background-attachment":"scroll","background-type":"","background-media":"","overlay-type":"","overlay-color":"","overlay-opacity":"","overlay-gradient":""}}},"product_brand":[],"product_cat":[27],"product_tag":[],"class_list":{"0":"post-9215","1":"product","2":"type-product","3":"status-publish","4":"has-post-thumbnail","6":"product_cat-electric-motorcycle","7":"desktop-align-left","8":"tablet-align-left","9":"mobile-align-left","11":"first","12":"instock","13":"shipping-taxable","14":"purchasable","15":"product-type-simple"},"_links":{"self":[{"href":"https:\/\/www.linkseride.com\/de\/wp-json\/wp\/v2\/product\/9215","targetHints":{"allow":["GET"]}}],"collection":[{"href":"https:\/\/www.linkseride.com\/de\/wp-json\/wp\/v2\/product"}],"about":[{"href":"https:\/\/www.linkseride.com\/de\/wp-json\/wp\/v2\/types\/product"}],"wp:featuredmedia":[{"embeddable":true,"href":"https:\/\/www.linkseride.com\/de\/wp-json\/wp\/v2\/media\/9179"}],"wp:attachment":[{"href":"https:\/\/www.linkseride.com\/de\/wp-json\/wp\/v2\/media?parent=9215"}],"wp:term":[{"taxonomy":"product_brand","embeddable":true,"href":"https:\/\/www.linkseride.com\/de\/wp-json\/wp\/v2\/product_brand?post=9215"},{"taxonomy":"product_cat","embeddable":true,"href":"https:\/\/www.linkseride.com\/de\/wp-json\/wp\/v2\/product_cat?post=9215"},{"taxonomy":"product_tag","embeddable":true,"href":"https:\/\/www.linkseride.com\/de\/wp-json\/wp\/v2\/product_tag?post=9215"}],"curies":[{"name":"wp","href":"https:\/\/api.w.org\/{rel}","templated":true}]}}