{"id":9645,"date":"2023-10-13T06:29:15","date_gmt":"2023-10-13T06:29:15","guid":{"rendered":"https:\/\/www.linkseride.com\/?post_type=product&#038;p=9645"},"modified":"2023-10-13T06:43:43","modified_gmt":"2023-10-13T06:43:43","slug":"citycoco-elektro-roller-3000w-60ah","status":"publish","type":"product","link":"https:\/\/www.linkseride.com\/de\/product\/citycoco-electric-scooters-3000w-60ah\/","title":{"rendered":"Citycoco Elektro-Roller 3000W 60AH Chopper Modell CP-4MAX"},"content":{"rendered":"<p>Wir sind begeistert von dem, was wir mit unserer elektrischen Zukunft vorhaben, einschlie\u00dflich <strong><a href=\"https:\/\/www.linkseride.com\/de\/electric-scooter-manufacturer\/\" target=\"_blank\" rel=\"noopener\">Elektroroller<\/a>, <a href=\"https:\/\/www.linkseride.com\/de\/fette-reifen-roller-elektrisch\/\" target=\"_blank\" rel=\"noopener\">Fat tire escooter<\/a>, <a href=\"https:\/\/www.linkseride.com\/de\/hersteller-von-elektromotorradern\/\" target=\"_blank\" rel=\"noopener\">Citycoco-Roller<\/a>, <a href=\"https:\/\/www.linkseride.com\/de\/hersteller-von-elektromopeds\/\" target=\"_blank\" rel=\"noopener\">elektrisches Moped<\/a><\/strong> und so weiter.<\/p>\n<p>Linkseride Citycoco Elektro-Roller 3000W 60AH Chopper Modell CP-4MAX . Dies ist die Luxus-Version mit 3000w leistungsstarken Motor, 80km\/h maximale Geschwindigkeit. Wir verwenden 60v 40ah Batterie, abnehmbar, einzelne Batterie, die eine 80-100km Reichweite bieten kann.<\/p>\n<p><span style=\"font-size: 16px;\">Kontaktieren Sie uns, um weitere Einzelheiten zu erfahren.<\/span><\/p>\n<h2>Was sind die wichtigsten Merkmale dieser Citycoco Elektro-Roller 3000W 60AH Chopper Modell CP-4MAX ?<\/h2>\n<table width=\"638\">\n<tbody>\n<tr>\n<td style=\"font-weight: 400;\" width=\"114\"><strong>Motor<\/strong><\/td>\n<td style=\"font-weight: 400;\" width=\"172\">3000-4000W<\/td>\n<td style=\"font-weight: 400;\" width=\"114\"><strong>Batterie<\/strong><\/td>\n<td style=\"font-weight: 400;\" width=\"238\">Herausnehmbare Lithium-Batterie<\/td>\n<\/tr>\n<tr>\n<td style=\"font-weight: 400;\" width=\"114\"><strong>Bremse<\/strong><\/td>\n<td style=\"font-weight: 400;\" width=\"172\">Doppelscheibenbremsen vorne und hinten<\/td>\n<td style=\"font-weight: 400;\" width=\"114\"><strong>Batteriekapazit\u00e4t<\/strong><\/td>\n<td style=\"font-weight: 400;\" width=\"238\">40Ah\/50Ah\/60Ah Batterie<\/td>\n<\/tr>\n<tr>\n<td style=\"font-weight: 400;\" width=\"114\"><strong>Licht<\/strong><\/td>\n<td style=\"font-weight: 400;\" width=\"172\">LED-Scheinwerfer, Abbiegelicht, R\u00fcckstrahler<\/td>\n<td style=\"font-weight: 400;\" width=\"114\"><strong>Ladezeit<\/strong><\/td>\n<td style=\"font-weight: 400;\" width=\"238\">6h<\/td>\n<\/tr>\n<tr>\n<td style=\"font-weight: 400;\" width=\"114\"><strong>Anzeige<\/strong><\/td>\n<td style=\"font-weight: 400;\" width=\"172\">LCD-Anzeige<\/td>\n<td style=\"font-weight: 400;\" width=\"114\"><strong>Bereifung<\/strong><\/td>\n<td style=\"font-weight: 400;\" width=\"238\">Reifennabe 12 Zoll Aluminiumrad<\/td>\n<\/tr>\n<tr>\n<td style=\"font-weight: 400;\" width=\"114\"><strong>Rahmen<\/strong><\/td>\n<td style=\"font-weight: 400;\" width=\"172\">Nahtloses Stahlrohr<\/td>\n<td style=\"font-weight: 400;\" width=\"114\"><strong>H\u00f6chstgeschwindigkeit<\/strong><\/td>\n<td style=\"font-weight: 400;\" width=\"238\">60-80km\/h<\/td>\n<\/tr>\n<tr>\n<td style=\"font-weight: 400;\" width=\"114\"><strong>Aufh\u00e4ngung<\/strong><\/td>\n<td style=\"font-weight: 400;\" width=\"172\">Vordere Aufh\u00e4ngung Gabel;Hinterer Doppelfederd\u00e4mpfer<\/td>\n<td style=\"font-weight: 400;\" width=\"114\"><strong>Maximale Reichweite<\/strong><\/td>\n<td style=\"font-weight: 400;\" width=\"238\">45-60km <span style=\"font-family: inherit; font-size: 16px; font-weight: 400;\">pro Ladung (abh\u00e4ngig von Gewicht\/Gel\u00e4nde\/Wetter\/etc)<\/span><\/td>\n<\/tr>\n<\/tbody>\n<\/table>\n<h2>Detailliertere Bilder f\u00fcr Citycoco Elektro-Roller Modell CP-4MAX<\/h2>\n<p>Wir haben auch eine andere neue Citycoco Elektro-Roller, wenn Sie mehr Informationen ben\u00f6tigen, k\u00f6nnen Sie <a href=\"https:\/\/www.linkseride.com\/de\/electric-scooter-manufacturer\/\">hier finden<\/a>.<\/p>\n<p>Weitere Einf\u00fchrungsvideos finden Sie hier:\u00a0<a href=\"https:\/\/www.youtube.com\/channel\/UCw4wsO7M_kRsCHTxcFeqTAA\" target=\"_blank\" rel=\"noopener\">https:\/\/www.youtube.com\/channel\/UCw4wsO7M_kRsCHTxcFeqTAA<\/a><\/p>\n<div class=\"ast-oembed-container\" style=\"height: 100%;\"><iframe title=\"Linkseride Luxury Citycoco Scooter Modell CP-9 Fat Scooter 4000w 85kmph\" width=\"500\" height=\"281\" src=\"https:\/\/www.youtube.com\/embed\/qc319QTteHA?feature=oembed\" frameborder=\"0\" allow=\"accelerometer; autoplay; clipboard-write; encrypted-media; gyroscope; picture-in-picture; web-share\" referrerpolicy=\"strict-origin-when-cross-origin\" allowfullscreen><\/iframe><\/div>","protected":false},"excerpt":{"rendered":"<p>\u25cf Linkseride Citycoco Elektroroller 3000W 60AH Chopper Modell CP-4MAX<\/p>\n<p>\u25cf Lithium-Batterie 40ah\/60ah optional<\/p>\n<p>\u25cf60v 3000w starker Motor, 80km\/h H\u00f6chstgeschwindigkeit.<\/p>\n<p>\u25cf Doppelscheibenbremsen vorne und hinten<\/p>\n<p>\u25cf OEM f\u00fcr alle Farben verf\u00fcgbar, H\u00e4ndler gesucht<\/p>","protected":false},"featured_media":9646,"template":"","meta":{"site-sidebar-layout":"default","site-content-layout":"default","ast-site-content-layout":"default","site-content-style":"default","site-sidebar-style":"default","ast-global-header-display":"","ast-banner-title-visibility":"","ast-main-header-display":"","ast-hfb-above-header-display":"","ast-hfb-below-header-display":"","ast-hfb-mobile-header-display":"","site-post-title":"","ast-breadcrumbs-content":"","ast-featured-img":"","footer-sml-layout":"","ast-disable-related-posts":"","theme-transparent-header-meta":"default","adv-header-id-meta":"","stick-header-meta":"","header-above-stick-meta":"","header-main-stick-meta":"","header-below-stick-meta":"","astra-migrate-meta-layouts":"default","ast-page-background-enabled":"default","ast-page-background-meta":{"desktop":{"background-color":"","background-image":"","background-repeat":"repeat","background-position":"center center","background-size":"auto","background-attachment":"scroll","background-type":"","background-media":"","overlay-type":"","overlay-color":"","overlay-opacity":"","overlay-gradient":""},"tablet":{"background-color":"","background-image":"","background-repeat":"repeat","background-position":"center center","background-size":"auto","background-attachment":"scroll","background-type":"","background-media":"","overlay-type":"","overlay-color":"","overlay-opacity":"","overlay-gradient":""},"mobile":{"background-color":"","background-image":"","background-repeat":"repeat","background-position":"center center","background-size":"auto","background-attachment":"scroll","background-type":"","background-media":"","overlay-type":"","overlay-color":"","overlay-opacity":"","overlay-gradient":""}},"ast-content-background-meta":{"desktop":{"background-color":"var(--ast-global-color-5)","background-image":"","background-repeat":"repeat","background-position":"center center","background-size":"auto","background-attachment":"scroll","background-type":"","background-media":"","overlay-type":"","overlay-color":"","overlay-opacity":"","overlay-gradient":""},"tablet":{"background-color":"var(--ast-global-color-5)","background-image":"","background-repeat":"repeat","background-position":"center center","background-size":"auto","background-attachment":"scroll","background-type":"","background-media":"","overlay-type":"","overlay-color":"","overlay-opacity":"","overlay-gradient":""},"mobile":{"background-color":"var(--ast-global-color-5)","background-image":"","background-repeat":"repeat","background-position":"center center","background-size":"auto","background-attachment":"scroll","background-type":"","background-media":"","overlay-type":"","overlay-color":"","overlay-opacity":"","overlay-gradient":""}}},"product_brand":[],"product_cat":[27,28],"product_tag":[38,50],"class_list":{"0":"post-9645","1":"product","2":"type-product","3":"status-publish","4":"has-post-thumbnail","6":"product_cat-electric-motorcycle","7":"product_cat-electric-scooter","8":"product_tag-citycoco-scooter","9":"product_tag-fat-tire-scooter","10":"desktop-align-left","11":"tablet-align-left","12":"mobile-align-left","14":"first","15":"instock","16":"shipping-taxable","17":"product-type-simple"},"_links":{"self":[{"href":"https:\/\/www.linkseride.com\/de\/wp-json\/wp\/v2\/product\/9645","targetHints":{"allow":["GET"]}}],"collection":[{"href":"https:\/\/www.linkseride.com\/de\/wp-json\/wp\/v2\/product"}],"about":[{"href":"https:\/\/www.linkseride.com\/de\/wp-json\/wp\/v2\/types\/product"}],"wp:featuredmedia":[{"embeddable":true,"href":"https:\/\/www.linkseride.com\/de\/wp-json\/wp\/v2\/media\/9646"}],"wp:attachment":[{"href":"https:\/\/www.linkseride.com\/de\/wp-json\/wp\/v2\/media?parent=9645"}],"wp:term":[{"taxonomy":"product_brand","embeddable":true,"href":"https:\/\/www.linkseride.com\/de\/wp-json\/wp\/v2\/product_brand?post=9645"},{"taxonomy":"product_cat","embeddable":true,"href":"https:\/\/www.linkseride.com\/de\/wp-json\/wp\/v2\/product_cat?post=9645"},{"taxonomy":"product_tag","embeddable":true,"href":"https:\/\/www.linkseride.com\/de\/wp-json\/wp\/v2\/product_tag?post=9645"}],"curies":[{"name":"wp","href":"https:\/\/api.w.org\/{rel}","templated":true}]}}