{"id":10568,"date":"2024-01-18T09:44:27","date_gmt":"2024-01-18T09:44:27","guid":{"rendered":"https:\/\/www.linkseride.com\/?post_type=product&#038;p=10568"},"modified":"2024-01-19T09:01:35","modified_gmt":"2024-01-19T09:01:35","slug":"three-wheels-cargo-tricycle-1000w-60v","status":"publish","type":"product","link":"https:\/\/www.linkseride.com\/es\/product\/three-wheels-cargo-tricycle-1000w-60v\/","title":{"rendered":"Linkseride LET-05 Three Wheels Cargo Tricycle 1000W 60V"},"content":{"rendered":"<p>Nos apasiona lo que estamos haciendo con nuestro futuro el\u00e9ctrico, incluyendo <strong><a href=\"https:\/\/www.linkseride.com\/es\/fabricante-de-patinetes-electricos\/\" target=\"_blank\" rel=\"noopener\">trotinetas el\u00e9ctricas<\/a>, <a href=\"https:\/\/www.linkseride.com\/es\/fabricante-de-ciclomotores-electricos\/\" target=\"_blank\" rel=\"noopener\">electric moped, <\/a><a href=\"https:\/\/www.linkseride.com\/es\/electric-cargo-tricycle-manufacturer\/\" target=\"_blank\" rel=\"noopener\">electric cargo tricycle<\/a>, <a href=\"https:\/\/www.linkseride.com\/es\/electric-cargo-tricycle-manufacturer\/\" target=\"_blank\" rel=\"noopener\">electric leisure tricycle<\/a>,<\/strong> y dem\u00e1s.<\/p>\n<p>Linkseride LET-05 Three Wheels Cargo Tricycle 1000W 60V.<br \/>\nIntroducing our Three Wheels Cargo Tricycle 1000W 60V, a versatile and sustainable solution for efficient cargo transport. Equipped with a robust 1000W 60V electric motor, this tricycle offers flexibility with various cargo sizes to meet diverse business needs. Cargo size option:1300*900mm; 1500*1000mm, 1600*1050mm; 1800*1100mm<\/p>\n<p>From last-mile delivery to heavy-duty transport. Choose the ideal battery capacity to customize your tricycle&#8217;s range and performance. Whether you opt for the compact model for urban spaces or the heavy-duty transporter for substantial cargo loads, our Three Wheels Cargo Tricycle combines power, efficiency, and customization for an unparalleled cargo transport experience.<\/p>\n<p><span style=\"font-size: 16px;\">Cont\u00e1ctenos para obtener m\u00e1s detalles.<\/span><\/p>\n<h2>What is the key features of thisLET-05 Three Wheels Cargo Tricycle 1000W 60V?<\/h2>\n<table width=\"638\">\n<tbody>\n<tr>\n<td style=\"font-weight: 400;\" width=\"114\"><strong>Motor<\/strong><\/td>\n<td style=\"font-weight: 400;\" width=\"172\">800w-1500w<\/td>\n<td style=\"font-weight: 400;\" width=\"114\"><strong>Charge time\u00a0<\/strong><\/td>\n<td style=\"font-weight: 400;\" width=\"238\">6-8 horas<\/td>\n<\/tr>\n<tr>\n<td style=\"font-weight: 400;\" width=\"114\"><strong>Freno<\/strong><\/td>\n<td style=\"font-weight: 400;\" width=\"172\">Freno de tambor delantero y trasero<\/td>\n<td style=\"font-weight: 400;\" width=\"114\"><strong>Capacidad de la bater\u00eda<\/strong><\/td>\n<td style=\"font-weight: 400;\" width=\"238\">40Ah battery<\/td>\n<\/tr>\n<tr>\n<td style=\"font-weight: 400;\" width=\"114\"><strong>Bater\u00eda<\/strong><\/td>\n<td style=\"font-weight: 400;\" width=\"172\">60 V, 20 Ah-52 Ah, plomo-\u00e1cido<\/td>\n<td style=\"font-weight: 400;\" width=\"114\"><strong>Escalada m\u00e1xima <\/strong><\/td>\n<td style=\"font-weight: 400;\" width=\"238\">30\u00b0<\/td>\n<\/tr>\n<tr>\n<td style=\"font-weight: 400;\" width=\"114\"><strong>Carga m\u00e1xima<\/strong><\/td>\n<td style=\"font-weight: 400;\" width=\"172\">500-600 kg<\/td>\n<td style=\"font-weight: 400;\" width=\"114\"><strong>Llantas<\/strong><\/td>\n<td style=\"font-weight: 400;\" width=\"238\">F: 350-12, R: 375-12<\/td>\n<\/tr>\n<tr>\n<td style=\"font-weight: 400;\" width=\"114\"><strong>Marco<\/strong><\/td>\n<td style=\"font-weight: 400;\" width=\"172\">Steel tube<\/td>\n<td style=\"font-weight: 400;\" width=\"114\"><strong>Velocidad m\u00e1xima<\/strong><\/td>\n<td style=\"font-weight: 400;\" width=\"238\">30-45km\/h<\/td>\n<\/tr>\n<tr>\n<td style=\"font-weight: 400;\" width=\"114\"><strong>Suspensi\u00f3n<\/strong><\/td>\n<td style=\"font-weight: 400;\" width=\"172\">Horquilla de suspensi\u00f3n delantera; amortiguador trasero de doble resorte.<\/td>\n<td style=\"font-weight: 400;\" width=\"114\"><strong>Loading capacity<\/strong><\/td>\n<td style=\"font-weight: 400;\" width=\"238\">SKD: 20units\/20GP, 45units\/4HQ<\/td>\n<\/tr>\n<\/tbody>\n<\/table>\n<h2><\/h2>\n<h2>More detailed images for LET-05 Three Wheels Cargo Tricycle 1000W 60V<\/h2>\n<div id='gallery-1' class='gallery galleryid-10568 gallery-columns-2 gallery-size-full'><figure class='gallery-item'>\n\t\t\t<div class='gallery-icon landscape'>\n\t\t\t\t<img fetchpriority=\"high\" decoding=\"async\" width=\"2143\" height=\"1603\" src=\"https:\/\/www.linkseride.com\/wp-content\/uploads\/2024\/01\/three-wheel-cargo-tricycle-2.jpg\" class=\"attachment-full size-full\" alt=\"triciclo de carga de tres ruedas\" srcset=\"https:\/\/www.linkseride.com\/wp-content\/uploads\/2024\/01\/three-wheel-cargo-tricycle-2.jpg 2143w, https:\/\/www.linkseride.com\/wp-content\/uploads\/2024\/01\/three-wheel-cargo-tricycle-2-300x224.jpg 300w, https:\/\/www.linkseride.com\/wp-content\/uploads\/2024\/01\/three-wheel-cargo-tricycle-2-1024x766.jpg 1024w, https:\/\/www.linkseride.com\/wp-content\/uploads\/2024\/01\/three-wheel-cargo-tricycle-2-768x574.jpg 768w, https:\/\/www.linkseride.com\/wp-content\/uploads\/2024\/01\/three-wheel-cargo-tricycle-2-1536x1149.jpg 1536w, https:\/\/www.linkseride.com\/wp-content\/uploads\/2024\/01\/three-wheel-cargo-tricycle-2-2048x1532.jpg 2048w, https:\/\/www.linkseride.com\/wp-content\/uploads\/2024\/01\/three-wheel-cargo-tricycle-2-600x449.jpg 600w\" sizes=\"(max-width: 2143px) 100vw, 2143px\" \/>\n\t\t\t<\/div><\/figure><figure class='gallery-item'>\n\t\t\t<div class='gallery-icon landscape'>\n\t\t\t\t<img decoding=\"async\" width=\"2143\" height=\"1603\" src=\"https:\/\/www.linkseride.com\/wp-content\/uploads\/2024\/01\/three-wheel-cargo-tricycle-1.jpg\" class=\"attachment-full size-full\" alt=\"triciclo de carga de tres ruedas\" srcset=\"https:\/\/www.linkseride.com\/wp-content\/uploads\/2024\/01\/three-wheel-cargo-tricycle-1.jpg 2143w, https:\/\/www.linkseride.com\/wp-content\/uploads\/2024\/01\/three-wheel-cargo-tricycle-1-300x224.jpg 300w, https:\/\/www.linkseride.com\/wp-content\/uploads\/2024\/01\/three-wheel-cargo-tricycle-1-1024x766.jpg 1024w, https:\/\/www.linkseride.com\/wp-content\/uploads\/2024\/01\/three-wheel-cargo-tricycle-1-768x574.jpg 768w, https:\/\/www.linkseride.com\/wp-content\/uploads\/2024\/01\/three-wheel-cargo-tricycle-1-1536x1149.jpg 1536w, https:\/\/www.linkseride.com\/wp-content\/uploads\/2024\/01\/three-wheel-cargo-tricycle-1-2048x1532.jpg 2048w, https:\/\/www.linkseride.com\/wp-content\/uploads\/2024\/01\/three-wheel-cargo-tricycle-1-600x449.jpg 600w\" sizes=\"(max-width: 2143px) 100vw, 2143px\" \/>\n\t\t\t<\/div><\/figure>\n\t\t<\/div>\n\n<p>Tambi\u00e9n tenemos otro nuevo modelo de scooter Citycoco con forma de Harley. Si necesita m\u00e1s informaci\u00f3n, puede<a href=\"https:\/\/www.linkseride.com\/es\/electric-cargo-tricycle-manufacturer\/\" target=\"_blank\" rel=\"noopener\"> Encu\u00e9ntralo aqu\u00ed.<\/a><\/p>\n<p>Aqu\u00ed puedes encontrar m\u00e1s videos de presentaci\u00f3n: <a href=\"https:\/\/www.youtube.com\/c\/LinksErideTech\" target=\"_blank\" rel=\"noopener\">https:\/\/www.youtube.com\/c\/LinksErideTech<\/a><\/p>","protected":false},"excerpt":{"rendered":"<p>\u25cf Linkseride LET-05 Three Wheels Cargo Tricycle 1000W 60V<\/p>\n<p>\u25cf Lead-acid battery 20Ah\/32Ah\/45Ah\/52Ah<\/p>\n<p>\u25cf 60v 1000w powerful engine, 45km\/h max speed.<\/p>\n<p>\u25cf Front and rear drum brake<\/p>\n<p>\u25cf OEM disponible para todos los colores, se buscan distribuidores en todo el mundo.<\/p>","protected":false},"featured_media":10572,"template":"","meta":{"site-sidebar-layout":"default","site-content-layout":"default","ast-site-content-layout":"default","site-content-style":"default","site-sidebar-style":"default","ast-global-header-display":"","ast-banner-title-visibility":"","ast-main-header-display":"","ast-hfb-above-header-display":"","ast-hfb-below-header-display":"","ast-hfb-mobile-header-display":"","site-post-title":"","ast-breadcrumbs-content":"","ast-featured-img":"","footer-sml-layout":"","ast-disable-related-posts":"","theme-transparent-header-meta":"default","adv-header-id-meta":"","stick-header-meta":"","header-above-stick-meta":"","header-main-stick-meta":"","header-below-stick-meta":"","astra-migrate-meta-layouts":"set","ast-page-background-enabled":"default","ast-page-background-meta":{"desktop":{"background-color":"","background-image":"","background-repeat":"repeat","background-position":"center center","background-size":"auto","background-attachment":"scroll","background-type":"","background-media":"","overlay-type":"","overlay-color":"","overlay-opacity":"","overlay-gradient":""},"tablet":{"background-color":"","background-image":"","background-repeat":"repeat","background-position":"center center","background-size":"auto","background-attachment":"scroll","background-type":"","background-media":"","overlay-type":"","overlay-color":"","overlay-opacity":"","overlay-gradient":""},"mobile":{"background-color":"","background-image":"","background-repeat":"repeat","background-position":"center center","background-size":"auto","background-attachment":"scroll","background-type":"","background-media":"","overlay-type":"","overlay-color":"","overlay-opacity":"","overlay-gradient":""}},"ast-content-background-meta":{"desktop":{"background-color":"var(--ast-global-color-5)","background-image":"","background-repeat":"repeat","background-position":"center center","background-size":"auto","background-attachment":"scroll","background-type":"","background-media":"","overlay-type":"","overlay-color":"","overlay-opacity":"","overlay-gradient":""},"tablet":{"background-color":"var(--ast-global-color-5)","background-image":"","background-repeat":"repeat","background-position":"center center","background-size":"auto","background-attachment":"scroll","background-type":"","background-media":"","overlay-type":"","overlay-color":"","overlay-opacity":"","overlay-gradient":""},"mobile":{"background-color":"var(--ast-global-color-5)","background-image":"","background-repeat":"repeat","background-position":"center center","background-size":"auto","background-attachment":"scroll","background-type":"","background-media":"","overlay-type":"","overlay-color":"","overlay-opacity":"","overlay-gradient":""}}},"product_brand":[],"product_cat":[27,28],"product_tag":[38,50],"class_list":{"0":"post-10568","1":"product","2":"type-product","3":"status-publish","4":"has-post-thumbnail","6":"product_cat-electric-motorcycle","7":"product_cat-electric-scooter","8":"product_tag-citycoco-scooter","9":"product_tag-fat-tire-scooter","10":"desktop-align-left","11":"tablet-align-left","12":"mobile-align-left","14":"first","15":"instock","16":"shipping-taxable","17":"product-type-simple"},"_links":{"self":[{"href":"https:\/\/www.linkseride.com\/es\/wp-json\/wp\/v2\/product\/10568","targetHints":{"allow":["GET"]}}],"collection":[{"href":"https:\/\/www.linkseride.com\/es\/wp-json\/wp\/v2\/product"}],"about":[{"href":"https:\/\/www.linkseride.com\/es\/wp-json\/wp\/v2\/types\/product"}],"wp:featuredmedia":[{"embeddable":true,"href":"https:\/\/www.linkseride.com\/es\/wp-json\/wp\/v2\/media\/10572"}],"wp:attachment":[{"href":"https:\/\/www.linkseride.com\/es\/wp-json\/wp\/v2\/media?parent=10568"}],"wp:term":[{"taxonomy":"product_brand","embeddable":true,"href":"https:\/\/www.linkseride.com\/es\/wp-json\/wp\/v2\/product_brand?post=10568"},{"taxonomy":"product_cat","embeddable":true,"href":"https:\/\/www.linkseride.com\/es\/wp-json\/wp\/v2\/product_cat?post=10568"},{"taxonomy":"product_tag","embeddable":true,"href":"https:\/\/www.linkseride.com\/es\/wp-json\/wp\/v2\/product_tag?post=10568"}],"curies":[{"name":"wp","href":"https:\/\/api.w.org\/{rel}","templated":true}]}}