{"id":10906,"date":"2024-07-18T03:14:25","date_gmt":"2024-07-18T03:14:25","guid":{"rendered":"https:\/\/www.linkseride.com\/?post_type=product&#038;p=10906"},"modified":"2024-07-18T05:55:48","modified_gmt":"2024-07-18T05:55:48","slug":"let-04-electric-powered-cargo-truck","status":"publish","type":"product","link":"https:\/\/www.linkseride.com\/es\/product\/let-04-electric-powered-cargo-truck\/","title":{"rendered":"Linkseride LET-04 Cheap Price With Strong Power Electric Powered Cargo Truck"},"content":{"rendered":"<h2>Linkseride LET-04 Cheap Price With Strong Power Electric Powered Cargo Truck<\/h2>\n<p>Nos apasiona lo que estamos haciendo con nuestro futuro el\u00e9ctrico, incluyendo <strong>patinetes el\u00e9ctricos, <a href=\"https:\/\/www.linkseride.com\/es\/fabricante-de-motocicletas-electricas\/\" target=\"_blank\" rel=\"noopener\">patineta con llantas gruesas<\/a>, <a href=\"https:\/\/www.linkseride.com\/es\/fabricante-de-motocicletas-electricas\/\" target=\"_blank\" rel=\"noopener\">patineta citycoco<\/a>, <a href=\"https:\/\/www.linkseride.com\/es\/fabricante-de-ciclomotores-electricos\/\" target=\"_blank\" rel=\"noopener\">ciclomotor el\u00e9ctrico<\/a><\/strong> y dem\u00e1s.<\/p>\n<p>This electric powered cargo truck make driving more safe,make works more easier,make life better.<\/p>\n<p>&nbsp;<\/p>\n<div id='gallery-1' class='gallery galleryid-10906 gallery-columns-2 gallery-size-full'><figure class='gallery-item'>\n\t\t\t<div class='gallery-icon landscape'>\n\t\t\t\t<img fetchpriority=\"high\" decoding=\"async\" width=\"1040\" height=\"1040\" src=\"https:\/\/www.linkseride.com\/wp-content\/uploads\/2024\/07\/1-3.jpg\" class=\"attachment-full size-full\" alt=\"Electric Powered Cargo Truck\" srcset=\"https:\/\/www.linkseride.com\/wp-content\/uploads\/2024\/07\/1-3.jpg 1040w, https:\/\/www.linkseride.com\/wp-content\/uploads\/2024\/07\/1-3-300x300.jpg 300w, https:\/\/www.linkseride.com\/wp-content\/uploads\/2024\/07\/1-3-1024x1024.jpg 1024w, https:\/\/www.linkseride.com\/wp-content\/uploads\/2024\/07\/1-3-150x150.jpg 150w, https:\/\/www.linkseride.com\/wp-content\/uploads\/2024\/07\/1-3-768x768.jpg 768w, https:\/\/www.linkseride.com\/wp-content\/uploads\/2024\/07\/1-3-600x600.jpg 600w, https:\/\/www.linkseride.com\/wp-content\/uploads\/2024\/07\/1-3-100x100.jpg 100w\" sizes=\"(max-width: 1040px) 100vw, 1040px\" \/>\n\t\t\t<\/div><\/figure><figure class='gallery-item'>\n\t\t\t<div class='gallery-icon landscape'>\n\t\t\t\t<img decoding=\"async\" width=\"1040\" height=\"1040\" src=\"https:\/\/www.linkseride.com\/wp-content\/uploads\/2024\/07\/2-5.jpg\" class=\"attachment-full size-full\" alt=\"\" srcset=\"https:\/\/www.linkseride.com\/wp-content\/uploads\/2024\/07\/2-5.jpg 1040w, https:\/\/www.linkseride.com\/wp-content\/uploads\/2024\/07\/2-5-300x300.jpg 300w, https:\/\/www.linkseride.com\/wp-content\/uploads\/2024\/07\/2-5-1024x1024.jpg 1024w, https:\/\/www.linkseride.com\/wp-content\/uploads\/2024\/07\/2-5-150x150.jpg 150w, https:\/\/www.linkseride.com\/wp-content\/uploads\/2024\/07\/2-5-768x768.jpg 768w, https:\/\/www.linkseride.com\/wp-content\/uploads\/2024\/07\/2-5-600x600.jpg 600w, https:\/\/www.linkseride.com\/wp-content\/uploads\/2024\/07\/2-5-100x100.jpg 100w\" sizes=\"(max-width: 1040px) 100vw, 1040px\" \/>\n\t\t\t<\/div><\/figure>\n\t\t<\/div>\n\n<div id='gallery-2' class='gallery galleryid-10906 gallery-columns-2 gallery-size-full'><figure class='gallery-item'>\n\t\t\t<div class='gallery-icon landscape'>\n\t\t\t\t<img decoding=\"async\" width=\"1040\" height=\"1040\" src=\"https:\/\/www.linkseride.com\/wp-content\/uploads\/2024\/07\/5-3.jpg\" class=\"attachment-full size-full\" alt=\"\" srcset=\"https:\/\/www.linkseride.com\/wp-content\/uploads\/2024\/07\/5-3.jpg 1040w, https:\/\/www.linkseride.com\/wp-content\/uploads\/2024\/07\/5-3-300x300.jpg 300w, https:\/\/www.linkseride.com\/wp-content\/uploads\/2024\/07\/5-3-1024x1024.jpg 1024w, https:\/\/www.linkseride.com\/wp-content\/uploads\/2024\/07\/5-3-150x150.jpg 150w, https:\/\/www.linkseride.com\/wp-content\/uploads\/2024\/07\/5-3-768x768.jpg 768w, https:\/\/www.linkseride.com\/wp-content\/uploads\/2024\/07\/5-3-600x600.jpg 600w, https:\/\/www.linkseride.com\/wp-content\/uploads\/2024\/07\/5-3-100x100.jpg 100w\" sizes=\"(max-width: 1040px) 100vw, 1040px\" \/>\n\t\t\t<\/div><\/figure><figure class='gallery-item'>\n\t\t\t<div class='gallery-icon landscape'>\n\t\t\t\t<img loading=\"lazy\" decoding=\"async\" width=\"1040\" height=\"1040\" src=\"https:\/\/www.linkseride.com\/wp-content\/uploads\/2024\/07\/7-1.jpg\" class=\"attachment-full size-full\" alt=\"Electric Powered Cargo Truck\" srcset=\"https:\/\/www.linkseride.com\/wp-content\/uploads\/2024\/07\/7-1.jpg 1040w, https:\/\/www.linkseride.com\/wp-content\/uploads\/2024\/07\/7-1-300x300.jpg 300w, https:\/\/www.linkseride.com\/wp-content\/uploads\/2024\/07\/7-1-1024x1024.jpg 1024w, https:\/\/www.linkseride.com\/wp-content\/uploads\/2024\/07\/7-1-150x150.jpg 150w, https:\/\/www.linkseride.com\/wp-content\/uploads\/2024\/07\/7-1-768x768.jpg 768w, https:\/\/www.linkseride.com\/wp-content\/uploads\/2024\/07\/7-1-600x600.jpg 600w, https:\/\/www.linkseride.com\/wp-content\/uploads\/2024\/07\/7-1-100x100.jpg 100w\" sizes=\"(max-width: 1040px) 100vw, 1040px\" \/>\n\t\t\t<\/div><\/figure>\n\t\t<\/div>\n\n<h2>what is the features of this LET-04 Electric Powered Cargo Truck<\/h2>\n<ul>\n<li>800w-1500w rated power electric hub motor<\/li>\n<li><strong>60 V, 20 Ah-52 Ah<\/strong> <strong>\u00a0bater\u00eda <\/strong>proporciona un alcance m\u00e1ximo de 40 millas<\/li>\n<li>different usage with the electric powered cargo truck, either for adults or for electric powered cargo truck<\/li>\n<li>Opci\u00f3n de 2 asientos con material acolchado para mejorar la sensaci\u00f3n al conducir.<\/li>\n<li>La pantalla LCD muestra el veloc\u00edmetro, el kilometraje, el voltaje y el nivel de potencia.<br \/>\n<table width=\"389\">\n<tbody>\n<tr>\n<td width=\"161\">Potencia del motor<\/td>\n<td width=\"228\">800w-1500w<\/td>\n<\/tr>\n<tr>\n<td>Velocidad m\u00e1xima<\/td>\n<td width=\"228\">35-40 km\/h<\/td>\n<\/tr>\n<tr>\n<td>Bater\u00eda<\/td>\n<td>60 V, 20 Ah-52 Ah, plomo-\u00e1cido<\/td>\n<\/tr>\n<tr>\n<td>Tiempo de carga<\/td>\n<td>6-8 horas<\/td>\n<\/tr>\n<tr>\n<td>Material del armaz\u00f3n<\/td>\n<td>acero<\/td>\n<\/tr>\n<tr>\n<td>Llantas<\/td>\n<td>F: 350-12, R: 375-12<\/td>\n<\/tr>\n<tr>\n<td>Carga m\u00e1xima<\/td>\n<td>500-600 kg<\/td>\n<\/tr>\n<tr>\n<td>Escalada m\u00e1xima<\/td>\n<td>30\u00b0<\/td>\n<\/tr>\n<tr>\n<td>Freno<\/td>\n<td>Freno de tambor delantero y trasero<\/td>\n<\/tr>\n<tr>\n<td>Vehicle size L x W x H(mm)<\/td>\n<td>2970*1000*1350mm<\/td>\n<\/tr>\n<tr>\n<td>Cargo box size (mm)<\/td>\n<td>1500*1000*300mm<\/td>\n<\/tr>\n<\/tbody>\n<\/table>\n<\/li>\n<\/ul>\n<h2>Why choosing this kind of Electric Powered Cargo Truck?<\/h2>\n<p>Tambi\u00e9n tenemos otros modelos de scooters el\u00e9ctricos de golf para un solo pasajero. Si necesita m\u00e1s informaci\u00f3n, puede<a href=\"https:\/\/www.linkseride.com\/es\/fat-tire-golf-scooter-golf-cart-trouring\/\" target=\"_blank\" rel=\"noopener\"> Encu\u00e9ntralo aqu\u00ed.<\/a><\/p>\n<p>Aqu\u00ed puedes encontrar m\u00e1s videos de presentaci\u00f3n: <a href=\"https:\/\/www.youtube.com\/c\/LinksErideTech\" target=\"_blank\" rel=\"noopener\">https:\/\/www.youtube.com\/c\/LinksErideTech<\/a><\/p>","protected":false},"excerpt":{"rendered":"<p>\u25cf LET-04 electric powered cargo truck with 800w-1500w rated power electric hub motor<\/p>\n<p>\u25cf <strong>60 V, 20 Ah<\/strong>-52 Ah<strong>\u00a0bater\u00eda <\/strong>proporciona un alcance m\u00e1ximo de 40 millas<\/p>\n<p>\u25cf different usage with the electric powered cargo truck, either for adults or for electric powered cargo truck<\/p>\n<p>\u25cf Opci\u00f3n de 2 asientos con material acolchado para mejorar la sensaci\u00f3n al conducir.<\/p>\n<p>\u25cf La pantalla LCD muestra el veloc\u00edmetro, el kilometraje, el voltaje y el nivel de potencia.<\/p>","protected":false},"featured_media":10907,"template":"","meta":{"site-sidebar-layout":"default","site-content-layout":"default","ast-site-content-layout":"default","site-content-style":"default","site-sidebar-style":"default","ast-global-header-display":"","ast-banner-title-visibility":"","ast-main-header-display":"","ast-hfb-above-header-display":"","ast-hfb-below-header-display":"","ast-hfb-mobile-header-display":"","site-post-title":"","ast-breadcrumbs-content":"","ast-featured-img":"","footer-sml-layout":"","ast-disable-related-posts":"","theme-transparent-header-meta":"default","adv-header-id-meta":"","stick-header-meta":"","header-above-stick-meta":"","header-main-stick-meta":"","header-below-stick-meta":"","astra-migrate-meta-layouts":"set","ast-page-background-enabled":"default","ast-page-background-meta":{"desktop":{"background-color":"","background-image":"","background-repeat":"repeat","background-position":"center center","background-size":"auto","background-attachment":"scroll","background-type":"","background-media":"","overlay-type":"","overlay-color":"","overlay-opacity":"","overlay-gradient":""},"tablet":{"background-color":"","background-image":"","background-repeat":"repeat","background-position":"center center","background-size":"auto","background-attachment":"scroll","background-type":"","background-media":"","overlay-type":"","overlay-color":"","overlay-opacity":"","overlay-gradient":""},"mobile":{"background-color":"","background-image":"","background-repeat":"repeat","background-position":"center center","background-size":"auto","background-attachment":"scroll","background-type":"","background-media":"","overlay-type":"","overlay-color":"","overlay-opacity":"","overlay-gradient":""}},"ast-content-background-meta":{"desktop":{"background-color":"var(--ast-global-color-5)","background-image":"","background-repeat":"repeat","background-position":"center center","background-size":"auto","background-attachment":"scroll","background-type":"","background-media":"","overlay-type":"","overlay-color":"","overlay-opacity":"","overlay-gradient":""},"tablet":{"background-color":"var(--ast-global-color-5)","background-image":"","background-repeat":"repeat","background-position":"center center","background-size":"auto","background-attachment":"scroll","background-type":"","background-media":"","overlay-type":"","overlay-color":"","overlay-opacity":"","overlay-gradient":""},"mobile":{"background-color":"var(--ast-global-color-5)","background-image":"","background-repeat":"repeat","background-position":"center center","background-size":"auto","background-attachment":"scroll","background-type":"","background-media":"","overlay-type":"","overlay-color":"","overlay-opacity":"","overlay-gradient":""}}},"product_brand":[],"product_cat":[28],"product_tag":[38,47,48],"class_list":{"0":"post-10906","1":"product","2":"type-product","3":"status-publish","4":"has-post-thumbnail","6":"product_cat-electric-scooter","7":"product_tag-citycoco-scooter","8":"product_tag-golf-scooter","9":"product_tag-single-rider-golf-scooter","10":"desktop-align-left","11":"tablet-align-left","12":"mobile-align-left","14":"first","15":"instock","16":"shipping-taxable","17":"product-type-simple"},"_links":{"self":[{"href":"https:\/\/www.linkseride.com\/es\/wp-json\/wp\/v2\/product\/10906","targetHints":{"allow":["GET"]}}],"collection":[{"href":"https:\/\/www.linkseride.com\/es\/wp-json\/wp\/v2\/product"}],"about":[{"href":"https:\/\/www.linkseride.com\/es\/wp-json\/wp\/v2\/types\/product"}],"wp:featuredmedia":[{"embeddable":true,"href":"https:\/\/www.linkseride.com\/es\/wp-json\/wp\/v2\/media\/10907"}],"wp:attachment":[{"href":"https:\/\/www.linkseride.com\/es\/wp-json\/wp\/v2\/media?parent=10906"}],"wp:term":[{"taxonomy":"product_brand","embeddable":true,"href":"https:\/\/www.linkseride.com\/es\/wp-json\/wp\/v2\/product_brand?post=10906"},{"taxonomy":"product_cat","embeddable":true,"href":"https:\/\/www.linkseride.com\/es\/wp-json\/wp\/v2\/product_cat?post=10906"},{"taxonomy":"product_tag","embeddable":true,"href":"https:\/\/www.linkseride.com\/es\/wp-json\/wp\/v2\/product_tag?post=10906"}],"curies":[{"name":"wp","href":"https:\/\/api.w.org\/{rel}","templated":true}]}}