{"id":11176,"date":"2025-05-20T04:34:59","date_gmt":"2025-05-20T04:34:59","guid":{"rendered":"https:\/\/www.linkseride.com\/?post_type=product&#038;p=11176"},"modified":"2025-05-23T05:57:09","modified_gmt":"2025-05-23T05:57:09","slug":"m10-scooter-electrico-citycoco-e","status":"publish","type":"product","link":"https:\/\/www.linkseride.com\/es\/product\/m10-electric-citycoco-e-scooter\/","title":{"rendered":"2025 Electric Citycoco E-Scooter Nuevas mejoras Modelo de eje corto Adecuado para Brasil 2000 W"},"content":{"rendered":"<h2>2025 Electric Citycoco E-Scooter Nuevas mejoras Modelo de eje corto Adecuado para Brasil 2000 W<\/h2>\n<p>Nos apasiona lo que estamos haciendo con nuestro futuro el\u00e9ctrico, incluyendo <strong>patinetes el\u00e9ctricos, <a href=\"https:\/\/www.linkseride.com\/es\/electric-motorcycle-manufacturer\/\" target=\"_blank\" rel=\"noopener\">patineta con llantas gruesas<\/a>, <a href=\"https:\/\/www.linkseride.com\/es\/electric-motorcycle-manufacturer\/\" target=\"_blank\" rel=\"noopener\">patineta citycoco<\/a>, <a href=\"https:\/\/www.linkseride.com\/es\/fabricante-de-ciclomotores-electricos\/\" target=\"_blank\" rel=\"noopener\">ciclomotor el\u00e9ctrico<\/a><\/strong> y dem\u00e1s.<\/p>\n<p>\u00a1Esta motocicleta el\u00e9ctrica Brazil Mini Electric Citycoco Scooter 1500W hace que tu vida diaria sea m\u00e1s segura, divertida y c\u00f3moda!<\/p>\n<h2>\u00bfCu\u00e1les son las caracter\u00edsticas de este patineta el\u00e9ctrica Citycoco E-Scooter?<\/h2>\n<table width=\"849\">\n<tbody>\n<tr>\n<td width=\"153\"><strong>TAMA\u00d1O\u00a0<\/strong><\/td>\n<td width=\"248\">1500*630*920 mm<\/td>\n<td width=\"168\"><strong>POTENCIA NOMINAL (W)<\/strong><\/td>\n<td width=\"279\">1000 W<\/td>\n<\/tr>\n<tr>\n<td width=\"153\"><strong>DIMENSIONES DEL EMBALAJE\u00a0<\/strong><\/td>\n<td width=\"248\">1250*400*750 mm<\/td>\n<td width=\"168\"><strong>GRADIENTE<\/strong><\/td>\n<td width=\"279\">\u226440\u00b0<\/td>\n<\/tr>\n<tr>\n<td width=\"153\"><strong>Material del armaz\u00f3n:<\/strong><\/td>\n<td width=\"248\">hierro<\/td>\n<td width=\"168\"><strong>CERTIFICADO<\/strong><\/td>\n<td width=\"279\">CE, ROHS<\/td>\n<\/tr>\n<tr>\n<td width=\"153\"><strong>VELOCIDAD (km\/h)<\/strong><\/td>\n<td width=\"248\">l\u00edmite 32 km\/h, liberaci\u00f3n 45 km\/h<\/td>\n<td width=\"168\"><strong>Tiempo de carga<\/strong><\/td>\n<td width=\"279\">4-6 horas<\/td>\n<\/tr>\n<tr>\n<td width=\"153\"><strong>CHOQUE\u00a0<\/strong><\/td>\n<td width=\"248\">DOBLE<\/td>\n<td width=\"168\"><strong>VOLTAJE DE ENTRADA (V)<\/strong><\/td>\n<td width=\"279\">100 ~ 240 V<\/td>\n<\/tr>\n<tr>\n<td width=\"153\"><strong>VOLTAJE NOMINAL (V)<\/strong><\/td>\n<td width=\"248\">60 V<\/td>\n<td width=\"168\"><strong>VOLTAJE DE SALIDA (V)<\/strong><\/td>\n<td width=\"279\">67,2 V<\/td>\n<\/tr>\n<tr>\n<td width=\"153\"><strong>CAPACIDAD (mAh)<\/strong><\/td>\n<td width=\"248\">12AH              20AH<\/td>\n<td width=\"168\"><strong>CORRIENTE NOMINAL (A)<\/strong><\/td>\n<td width=\"279\">2A<\/td>\n<\/tr>\n<tr>\n<td width=\"153\"><strong>Alcance (km)<\/strong><\/td>\n<td width=\"248\">25-30 km        40-45 km<\/td>\n<td width=\"168\"><strong>CERTIFICADO<\/strong><\/td>\n<td width=\"279\">CE, UL, SAA<\/td>\n<\/tr>\n<tr>\n<td width=\"153\"><strong>SMART BMS<\/strong><\/td>\n<td width=\"248\">Carga de equilibrio \/ Protecci\u00f3n contra sobrecargas \/ Protecci\u00f3n contra baja tensi\u00f3n \/ Protecci\u00f3n contra altas temperaturas<\/td>\n<td width=\"168\"><strong>NEUM\u00c1TICO<\/strong><\/td>\n<td width=\"279\">Neum\u00e1tico sin c\u00e1mara F &amp; R de 10 pulgadas<\/td>\n<\/tr>\n<tr>\n<td width=\"153\"><strong>FRENO: (delantero y trasero)<\/strong><\/td>\n<td width=\"248\">Freno de disco hidr\u00e1ulico<\/td>\n<td width=\"168\"><strong>N.W.<\/strong><\/td>\n<td width=\"279\">55 kg<\/td>\n<\/tr>\n<\/tbody>\n<\/table>\n<p>Tambi\u00e9n tenemos otros modelos de scooters el\u00e9ctricos Citycoco. Si necesita m\u00e1s informaci\u00f3n, puede<a href=\"https:\/\/www.linkseride.com\/es\/fabricante-de-patinetes-electricos\/\" target=\"_blank\" rel=\"noopener\"> Encu\u00e9ntralo aqu\u00ed.<\/a><\/p>\n<p>Aqu\u00ed puedes encontrar m\u00e1s videos de presentaci\u00f3n: <a href=\"https:\/\/www.youtube.com\/c\/LinksErideTech\" target=\"_blank\" rel=\"noopener\">https:\/\/www.youtube.com\/c\/LinksErideTech<\/a><\/p>\n<p>&nbsp;<\/p>","protected":false},"excerpt":{"rendered":"<p>\u25cfTriciclo el\u00e9ctrico Citycoco con motor el\u00e9ctrico en el cubo de 1000 W de potencia nominal.<\/p>\n<p>\u25cf <strong>60 V\/12 Ah 20 Ah<\/strong>\u00a0<strong>\u00a0bater\u00eda <\/strong>proporciona un alcance m\u00e1ximo de 40 millas<\/p>\n<p>\u25cf 1,3 m de distancia entre ejes corta, apto para circular por carretera<\/p>\n<p>\u25cf La pantalla LCD muestra el veloc\u00edmetro, el kilometraje, el voltaje y el nivel de potencia.<\/p>","protected":false},"featured_media":11209,"template":"","meta":{"site-sidebar-layout":"default","site-content-layout":"default","ast-site-content-layout":"default","site-content-style":"default","site-sidebar-style":"default","ast-global-header-display":"","ast-banner-title-visibility":"","ast-main-header-display":"","ast-hfb-above-header-display":"","ast-hfb-below-header-display":"","ast-hfb-mobile-header-display":"","site-post-title":"","ast-breadcrumbs-content":"","ast-featured-img":"","footer-sml-layout":"","ast-disable-related-posts":"","theme-transparent-header-meta":"default","adv-header-id-meta":"","stick-header-meta":"","header-above-stick-meta":"","header-main-stick-meta":"","header-below-stick-meta":"","astra-migrate-meta-layouts":"set","ast-page-background-enabled":"default","ast-page-background-meta":{"desktop":{"background-color":"","background-image":"","background-repeat":"repeat","background-position":"center center","background-size":"auto","background-attachment":"scroll","background-type":"","background-media":"","overlay-type":"","overlay-color":"","overlay-opacity":"","overlay-gradient":""},"tablet":{"background-color":"","background-image":"","background-repeat":"repeat","background-position":"center center","background-size":"auto","background-attachment":"scroll","background-type":"","background-media":"","overlay-type":"","overlay-color":"","overlay-opacity":"","overlay-gradient":""},"mobile":{"background-color":"","background-image":"","background-repeat":"repeat","background-position":"center center","background-size":"auto","background-attachment":"scroll","background-type":"","background-media":"","overlay-type":"","overlay-color":"","overlay-opacity":"","overlay-gradient":""}},"ast-content-background-meta":{"desktop":{"background-color":"var(--ast-global-color-5)","background-image":"","background-repeat":"repeat","background-position":"center center","background-size":"auto","background-attachment":"scroll","background-type":"","background-media":"","overlay-type":"","overlay-color":"","overlay-opacity":"","overlay-gradient":""},"tablet":{"background-color":"var(--ast-global-color-5)","background-image":"","background-repeat":"repeat","background-position":"center center","background-size":"auto","background-attachment":"scroll","background-type":"","background-media":"","overlay-type":"","overlay-color":"","overlay-opacity":"","overlay-gradient":""},"mobile":{"background-color":"var(--ast-global-color-5)","background-image":"","background-repeat":"repeat","background-position":"center center","background-size":"auto","background-attachment":"scroll","background-type":"","background-media":"","overlay-type":"","overlay-color":"","overlay-opacity":"","overlay-gradient":""}}},"product_brand":[],"product_cat":[28],"product_tag":[38,47,48],"class_list":{"0":"post-11176","1":"product","2":"type-product","3":"status-publish","4":"has-post-thumbnail","6":"product_cat-electric-scooter","7":"product_tag-citycoco-scooter","8":"product_tag-golf-scooter","9":"product_tag-single-rider-golf-scooter","10":"desktop-align-left","11":"tablet-align-left","12":"mobile-align-left","14":"first","15":"instock","16":"shipping-taxable","17":"product-type-simple"},"_links":{"self":[{"href":"https:\/\/www.linkseride.com\/es\/wp-json\/wp\/v2\/product\/11176","targetHints":{"allow":["GET"]}}],"collection":[{"href":"https:\/\/www.linkseride.com\/es\/wp-json\/wp\/v2\/product"}],"about":[{"href":"https:\/\/www.linkseride.com\/es\/wp-json\/wp\/v2\/types\/product"}],"wp:featuredmedia":[{"embeddable":true,"href":"https:\/\/www.linkseride.com\/es\/wp-json\/wp\/v2\/media\/11209"}],"wp:attachment":[{"href":"https:\/\/www.linkseride.com\/es\/wp-json\/wp\/v2\/media?parent=11176"}],"wp:term":[{"taxonomy":"product_brand","embeddable":true,"href":"https:\/\/www.linkseride.com\/es\/wp-json\/wp\/v2\/product_brand?post=11176"},{"taxonomy":"product_cat","embeddable":true,"href":"https:\/\/www.linkseride.com\/es\/wp-json\/wp\/v2\/product_cat?post=11176"},{"taxonomy":"product_tag","embeddable":true,"href":"https:\/\/www.linkseride.com\/es\/wp-json\/wp\/v2\/product_tag?post=11176"}],"curies":[{"name":"wp","href":"https:\/\/api.w.org\/{rel}","templated":true}]}}