{"id":11309,"date":"2025-12-02T03:19:21","date_gmt":"2025-12-02T03:19:21","guid":{"rendered":"https:\/\/www.linkseride.com\/?post_type=product&#038;p=11309"},"modified":"2025-12-03T03:28:19","modified_gmt":"2025-12-03T03:28:19","slug":"new-electric-dirt-bike-for-teens","status":"publish","type":"product","link":"https:\/\/www.linkseride.com\/es\/product\/new-electric-dirt-bike-for-teens\/","title":{"rendered":"New Electric Dirt Bike for Teens S4 Plus 500w"},"content":{"rendered":"<p>Nos apasiona lo que estamos haciendo con nuestro futuro el\u00e9ctrico, incluyendo <strong><a href=\"https:\/\/www.linkseride.com\/es\/fabricante-de-patinetes-electricos\/\" target=\"_blank\" rel=\"noopener\">trotinetas el\u00e9ctricas<\/a>, <a href=\"https:\/\/www.linkseride.com\/es\/patineta-electrica-con-llantas-gruesas\/\" target=\"_blank\" rel=\"noopener\">escooter con llantas gruesas<\/a>, <a href=\"https:\/\/www.linkseride.com\/es\/fabricante-de-motocicletas-electricas\/\" target=\"_blank\" rel=\"noopener\">patineta citycoco<\/a>, <a href=\"https:\/\/www.linkseride.com\/es\/fabricante-de-ciclomotores-electricos\/\" target=\"_blank\" rel=\"noopener\">ciclomotor el\u00e9ctrico<\/a><\/strong> y dem\u00e1s.<\/p>\n<p>This New Electric Dirt Bike for Teens S4 Plus\u00a0features a race-grade inverted front fork and a 750-lb spring shock, providing smoother, more responsive damping. It easily absorbs bumps and gives young riders stable control as they explore trails and develop off-road skills.<\/p>\n<p><span style=\"font-size: 16px;\">Cont\u00e1ctenos para obtener m\u00e1s detalles.<\/span><\/p>\n<h2>What is the key features of this New Electric Dirt Bike for Teens S4 Plus<\/h2>\n<table width=\"100%\">\n<tbody>\n<tr>\n<td><img decoding=\"async\" class=\"aligncenter\" src=\"https:\/\/cdn.shopify.com\/s\/files\/1\/2721\/7242\/files\/power_100x100.png?v=1588931357\" alt=\"\" width=\"74\" height=\"74\" \/><\/td>\n<td>\n<h3 style=\"text-align: left;\">800W Brushless Motor<\/h3>\n<\/td>\n<td>\n<h4><img decoding=\"async\" class=\"aligncenter\" src=\"https:\/\/cdn.shopify.com\/s\/files\/1\/2721\/7242\/files\/1_89318afc-f1b5-47c6-ad35-68a19e133979_100x100.png?v=1588930275\" alt=\"\" width=\"83\" height=\"83\" \/><\/h4>\n<\/td>\n<td>\n<h3>TOP SPEED 18mph<\/h3>\n<\/td>\n<\/tr>\n<tr>\n<td><img decoding=\"async\" class=\"aligncenter\" src=\"https:\/\/cdn.shopify.com\/s\/files\/1\/2721\/7242\/files\/battery_100x100.png?v=1588928843\" alt=\"\" width=\"77\" height=\"77\" \/><\/td>\n<td>\n<h3>36V 10.4Ah<\/h3>\n<\/td>\n<td><img loading=\"lazy\" decoding=\"async\" class=\"aligncenter\" src=\"https:\/\/cdn.shopify.com\/s\/files\/1\/2721\/7242\/files\/1_7af7c125-e351-4f03-ab3e-65ee1e3fff60_100x100.png?v=1588930505\" alt=\"\" width=\"89\" height=\"89\" \/><\/td>\n<td>\n<h3>24 &#8211; 28 miles<\/h3>\n<\/td>\n<\/tr>\n<tr>\n<td>\n<h3><img loading=\"lazy\" decoding=\"async\" class=\"aligncenter\" src=\"https:\/\/cdn.shopify.com\/s\/files\/1\/2721\/7242\/files\/7b98f62f920fff0dd3e96e643c93cc88_100x100.png?v=1588928533\" alt=\"\" width=\"87\" height=\"87\" \/><\/h3>\n<\/td>\n<td>\n<h3>176.4 lbs LOAD<\/h3>\n<\/td>\n<td>\n<h4><img loading=\"lazy\" decoding=\"async\" class=\"aligncenter\" src=\"https:\/\/cdn.shopify.com\/s\/files\/1\/2721\/7242\/files\/rider_100x100.png?v=1588930714\" alt=\"\" width=\"92\" height=\"92\" \/><\/h4>\n<\/td>\n<td>\n<h3>18cm Ground Clearance<\/h3>\n<\/td>\n<\/tr>\n<\/tbody>\n<\/table>\n<p><img loading=\"lazy\" decoding=\"async\" class=\"aligncenter wp-image-11318 size-full\" src=\"https:\/\/www.linkseride.com\/wp-content\/uploads\/2025\/12\/electric-dirt-bike-for-teens.jpg\" alt=\"electric dirt bike for teens\" width=\"1892\" height=\"592\" srcset=\"https:\/\/www.linkseride.com\/wp-content\/uploads\/2025\/12\/electric-dirt-bike-for-teens.jpg 1892w, https:\/\/www.linkseride.com\/wp-content\/uploads\/2025\/12\/electric-dirt-bike-for-teens-300x94.jpg 300w, https:\/\/www.linkseride.com\/wp-content\/uploads\/2025\/12\/electric-dirt-bike-for-teens-1024x320.jpg 1024w, https:\/\/www.linkseride.com\/wp-content\/uploads\/2025\/12\/electric-dirt-bike-for-teens-768x240.jpg 768w, https:\/\/www.linkseride.com\/wp-content\/uploads\/2025\/12\/electric-dirt-bike-for-teens-1536x481.jpg 1536w, https:\/\/www.linkseride.com\/wp-content\/uploads\/2025\/12\/electric-dirt-bike-for-teens-18x6.jpg 18w, https:\/\/www.linkseride.com\/wp-content\/uploads\/2025\/12\/electric-dirt-bike-for-teens-600x188.jpg 600w\" sizes=\"(max-width: 1892px) 100vw, 1892px\" \/><\/p>\n<p><img loading=\"lazy\" decoding=\"async\" class=\"aligncenter wp-image-11334 size-full\" src=\"https:\/\/www.linkseride.com\/wp-content\/uploads\/2025\/12\/Electric-Dirt-Bike-for-Teens-9.jpg\" alt=\"Electric Dirt Bike for Teens\" width=\"1366\" height=\"768\" srcset=\"https:\/\/www.linkseride.com\/wp-content\/uploads\/2025\/12\/Electric-Dirt-Bike-for-Teens-9.jpg 1366w, https:\/\/www.linkseride.com\/wp-content\/uploads\/2025\/12\/Electric-Dirt-Bike-for-Teens-9-300x169.jpg 300w, https:\/\/www.linkseride.com\/wp-content\/uploads\/2025\/12\/Electric-Dirt-Bike-for-Teens-9-1024x576.jpg 1024w, https:\/\/www.linkseride.com\/wp-content\/uploads\/2025\/12\/Electric-Dirt-Bike-for-Teens-9-768x432.jpg 768w, https:\/\/www.linkseride.com\/wp-content\/uploads\/2025\/12\/Electric-Dirt-Bike-for-Teens-9-18x10.jpg 18w, https:\/\/www.linkseride.com\/wp-content\/uploads\/2025\/12\/Electric-Dirt-Bike-for-Teens-9-600x337.jpg 600w\" sizes=\"(max-width: 1366px) 100vw, 1366px\" \/><\/p>\n<p><!--more--><\/p>\n<h3 style=\"text-align: center;\"><strong>COMPARISION FOR S4 AND S4 PLUS ELECTRIC DIRT BIKE FOR TEENS<\/strong><\/h3>\n<table width=\"425\">\n<tbody>\n<tr>\n<td width=\"120\">Item<\/td>\n<td style=\"text-align: center;\" width=\"152\">\n<h5><strong>S4<\/strong><\/h5>\n<\/td>\n<td style=\"text-align: center;\" width=\"152\">\n<h5><strong>S4 plus<\/strong><\/h5>\n<\/td>\n<\/tr>\n<tr>\n<td>Imagen<\/td>\n<td><img loading=\"lazy\" decoding=\"async\" class=\"alignnone size-medium wp-image-11322 aligncenter\" src=\"https:\/\/www.linkseride.com\/wp-content\/uploads\/2025\/12\/teens-e-dirt-bike-300x300.jpg\" alt=\"teens e dirt bike\" width=\"300\" height=\"300\" srcset=\"https:\/\/www.linkseride.com\/wp-content\/uploads\/2025\/12\/teens-e-dirt-bike-300x300.jpg 300w, https:\/\/www.linkseride.com\/wp-content\/uploads\/2025\/12\/teens-e-dirt-bike-1024x1024.jpg 1024w, https:\/\/www.linkseride.com\/wp-content\/uploads\/2025\/12\/teens-e-dirt-bike-150x150.jpg 150w, https:\/\/www.linkseride.com\/wp-content\/uploads\/2025\/12\/teens-e-dirt-bike-768x768.jpg 768w, https:\/\/www.linkseride.com\/wp-content\/uploads\/2025\/12\/teens-e-dirt-bike-12x12.jpg 12w, https:\/\/www.linkseride.com\/wp-content\/uploads\/2025\/12\/teens-e-dirt-bike-600x600.jpg 600w, https:\/\/www.linkseride.com\/wp-content\/uploads\/2025\/12\/teens-e-dirt-bike-100x100.jpg 100w, https:\/\/www.linkseride.com\/wp-content\/uploads\/2025\/12\/teens-e-dirt-bike.jpg 1500w\" sizes=\"(max-width: 300px) 100vw, 300px\" \/><\/td>\n<td><img loading=\"lazy\" decoding=\"async\" class=\"size-medium wp-image-11320 aligncenter\" src=\"https:\/\/www.linkseride.com\/wp-content\/uploads\/2025\/12\/Electric-Dirt-Bike-for-Teens-8-300x300.jpg\" alt=\"Electric Dirt Bike for Teens\" width=\"300\" height=\"300\" srcset=\"https:\/\/www.linkseride.com\/wp-content\/uploads\/2025\/12\/Electric-Dirt-Bike-for-Teens-8-300x300.jpg 300w, https:\/\/www.linkseride.com\/wp-content\/uploads\/2025\/12\/Electric-Dirt-Bike-for-Teens-8-1024x1024.jpg 1024w, https:\/\/www.linkseride.com\/wp-content\/uploads\/2025\/12\/Electric-Dirt-Bike-for-Teens-8-150x150.jpg 150w, https:\/\/www.linkseride.com\/wp-content\/uploads\/2025\/12\/Electric-Dirt-Bike-for-Teens-8-768x768.jpg 768w, https:\/\/www.linkseride.com\/wp-content\/uploads\/2025\/12\/Electric-Dirt-Bike-for-Teens-8-12x12.jpg 12w, https:\/\/www.linkseride.com\/wp-content\/uploads\/2025\/12\/Electric-Dirt-Bike-for-Teens-8-600x600.jpg 600w, https:\/\/www.linkseride.com\/wp-content\/uploads\/2025\/12\/Electric-Dirt-Bike-for-Teens-8-100x100.jpg 100w, https:\/\/www.linkseride.com\/wp-content\/uploads\/2025\/12\/Electric-Dirt-Bike-for-Teens-8.jpg 1500w\" sizes=\"(max-width: 300px) 100vw, 300px\" \/><\/td>\n<\/tr>\n<tr>\n<td>Bike Size<\/td>\n<td>16&#8243; * 2.4<\/td>\n<td>16&#8243; * 2.4<\/td>\n<\/tr>\n<tr>\n<td>Motor<\/td>\n<td>500W (peak 800w)<\/td>\n<td>500W (peak 800w)<\/td>\n<\/tr>\n<tr>\n<td>Bater\u00eda<\/td>\n<td>36V 10.4AH<\/td>\n<td>36V 10.4AH<\/td>\n<\/tr>\n<tr>\n<td>Top speed<\/td>\n<td>18mph (6\/12\/18 mph)<\/td>\n<td>18mph (6\/12\/18 mph)<\/td>\n<\/tr>\n<tr>\n<td>Range per charge<\/td>\n<td>24-28miles<\/td>\n<td>24-28miles<\/td>\n<\/tr>\n<tr>\n<td>Cargador<\/td>\n<td><strong>36V 1.5Ah<\/strong><\/td>\n<td><strong>36V 2Ah<\/strong><\/td>\n<\/tr>\n<tr>\n<td>Freno<\/td>\n<td><strong>Line brake<\/strong><\/td>\n<td><strong>Oil brake<\/strong><\/td>\n<\/tr>\n<tr>\n<td>Front fork<\/td>\n<td><strong>Right fork<\/strong><\/td>\n<td><strong>Inverted fork<\/strong><\/td>\n<\/tr>\n<tr>\n<td>Front fender<\/td>\n<td><strong>no<\/strong><\/td>\n<td><strong>yes<\/strong><\/td>\n<\/tr>\n<tr>\n<td>Peso<\/td>\n<td>66.1 lbs<\/td>\n<td>66.1 lbs<\/td>\n<\/tr>\n<tr>\n<td>Maximum Load<\/td>\n<td>\u00a0176.4 lbs<\/td>\n<td>\u00a0176.4 lbs<\/td>\n<\/tr>\n<tr>\n<td>Recommended Age<\/td>\n<td>8+<\/td>\n<td>8+<\/td>\n<\/tr>\n<tr>\n<td>Product Size<\/td>\n<td>48.4&#8243; * 22.8&#8243; * 33.5&#8243;<\/td>\n<td>48.4&#8243; * 22.8&#8243; * 33.5&#8243;<\/td>\n<\/tr>\n<tr>\n<td>Package Size<\/td>\n<td>44.3&#8243; * 9.4&#8243; * 24.4&#8243;<\/td>\n<td>44.3&#8243; * 9.4&#8243; * 24.4&#8243;<\/td>\n<\/tr>\n<\/tbody>\n<\/table>\n<div class=\"ast-oembed-container\" style=\"height: 100%;\"><iframe title=\"New Electric Dirt Bike for Teens S4 Plus 500w\" width=\"500\" height=\"281\" src=\"https:\/\/www.youtube.com\/embed\/f-s3qSWbW0w?feature=oembed&#038;enablejsapi=1&#038;origin=https:\/\/www.linkseride.com\" frameborder=\"0\" allow=\"accelerometer; autoplay; clipboard-write; encrypted-media; gyroscope; picture-in-picture; web-share\" referrerpolicy=\"strict-origin-when-cross-origin\" allowfullscreen><\/iframe><\/div>\n<p><span style=\"font-size: 16px;\">Aqu\u00ed puedes encontrar m\u00e1s videos de presentaci\u00f3n: <\/span><a style=\"font-size: 16px; background-color: #ffffff;\" href=\"https:\/\/www.youtube.com\/c\/LinksErideTech\" target=\"_blank\" rel=\"noopener\">https:\/\/www.youtube.com\/c\/LinksErideTech<\/a><\/p>\n<p>If you are looking for other electric folding bike models, you can find detailed information <a href=\"https:\/\/www.linkseride.com\/es\/electric-bike-manufacturer\/\" target=\"_blank\" rel=\"noopener\">aqu\u00ed<\/a>.<\/p>","protected":false},"excerpt":{"rendered":"<p>\u25cf Electric Dirt Bike for Teens S4 Plus<\/p>\n<p>\u25cf500W brushless gear motor peak power 800w<\/p>\n<p>\u25cf 36V 10.4Ah lithium battery delivers 2\u20133 hours of non-stop riding and up to 28 miles per charge<\/p>\n<p>\u25cf inverted front fork offer a steady and comfortable riding<\/p>","protected":false},"featured_media":11311,"template":"","meta":{"site-sidebar-layout":"default","site-content-layout":"default","ast-site-content-layout":"default","site-content-style":"default","site-sidebar-style":"default","ast-global-header-display":"","ast-banner-title-visibility":"","ast-main-header-display":"","ast-hfb-above-header-display":"","ast-hfb-below-header-display":"","ast-hfb-mobile-header-display":"","site-post-title":"","ast-breadcrumbs-content":"","ast-featured-img":"","footer-sml-layout":"","ast-disable-related-posts":"","theme-transparent-header-meta":"default","adv-header-id-meta":"","stick-header-meta":"","header-above-stick-meta":"","header-main-stick-meta":"","header-below-stick-meta":"","astra-migrate-meta-layouts":"set","ast-page-background-enabled":"default","ast-page-background-meta":{"desktop":{"background-color":"","background-image":"","background-repeat":"repeat","background-position":"center center","background-size":"auto","background-attachment":"scroll","background-type":"","background-media":"","overlay-type":"","overlay-color":"","overlay-opacity":"","overlay-gradient":""},"tablet":{"background-color":"","background-image":"","background-repeat":"repeat","background-position":"center center","background-size":"auto","background-attachment":"scroll","background-type":"","background-media":"","overlay-type":"","overlay-color":"","overlay-opacity":"","overlay-gradient":""},"mobile":{"background-color":"","background-image":"","background-repeat":"repeat","background-position":"center center","background-size":"auto","background-attachment":"scroll","background-type":"","background-media":"","overlay-type":"","overlay-color":"","overlay-opacity":"","overlay-gradient":""}},"ast-content-background-meta":{"desktop":{"background-color":"var(--ast-global-color-5)","background-image":"","background-repeat":"repeat","background-position":"center center","background-size":"auto","background-attachment":"scroll","background-type":"","background-media":"","overlay-type":"","overlay-color":"","overlay-opacity":"","overlay-gradient":""},"tablet":{"background-color":"var(--ast-global-color-5)","background-image":"","background-repeat":"repeat","background-position":"center center","background-size":"auto","background-attachment":"scroll","background-type":"","background-media":"","overlay-type":"","overlay-color":"","overlay-opacity":"","overlay-gradient":""},"mobile":{"background-color":"var(--ast-global-color-5)","background-image":"","background-repeat":"repeat","background-position":"center center","background-size":"auto","background-attachment":"scroll","background-type":"","background-media":"","overlay-type":"","overlay-color":"","overlay-opacity":"","overlay-gradient":""}}},"product_brand":[],"product_cat":[29],"product_tag":[],"class_list":{"0":"post-11309","1":"product","2":"type-product","3":"status-publish","4":"has-post-thumbnail","6":"product_cat-electric-bike","7":"desktop-align-left","8":"tablet-align-left","9":"mobile-align-left","11":"first","12":"instock","13":"shipping-taxable","14":"product-type-simple"},"_links":{"self":[{"href":"https:\/\/www.linkseride.com\/es\/wp-json\/wp\/v2\/product\/11309","targetHints":{"allow":["GET"]}}],"collection":[{"href":"https:\/\/www.linkseride.com\/es\/wp-json\/wp\/v2\/product"}],"about":[{"href":"https:\/\/www.linkseride.com\/es\/wp-json\/wp\/v2\/types\/product"}],"wp:featuredmedia":[{"embeddable":true,"href":"https:\/\/www.linkseride.com\/es\/wp-json\/wp\/v2\/media\/11311"}],"wp:attachment":[{"href":"https:\/\/www.linkseride.com\/es\/wp-json\/wp\/v2\/media?parent=11309"}],"wp:term":[{"taxonomy":"product_brand","embeddable":true,"href":"https:\/\/www.linkseride.com\/es\/wp-json\/wp\/v2\/product_brand?post=11309"},{"taxonomy":"product_cat","embeddable":true,"href":"https:\/\/www.linkseride.com\/es\/wp-json\/wp\/v2\/product_cat?post=11309"},{"taxonomy":"product_tag","embeddable":true,"href":"https:\/\/www.linkseride.com\/es\/wp-json\/wp\/v2\/product_tag?post=11309"}],"curies":[{"name":"wp","href":"https:\/\/api.w.org\/{rel}","templated":true}]}}