{"id":1792,"date":"2020-10-24T12:38:14","date_gmt":"2020-10-24T12:38:14","guid":{"rendered":"http:\/\/linkseride.com\/?post_type=product&#038;p=1792"},"modified":"2021-08-28T07:25:07","modified_gmt":"2021-08-28T07:25:07","slug":"patinete-electrico-de-3000-w-para-desplazamientos-urbanos","status":"publish","type":"product","link":"https:\/\/www.linkseride.com\/es\/product\/3000w-electric-commuter-scooter\/","title":{"rendered":"LEM-02 Scooter el\u00e9ctrico Ninja 3000W para desplazamientos urbanos"},"content":{"rendered":"<p>A la gente siempre le gusta ver algo diferente en la ciudad. Si es as\u00ed, esta motocicleta el\u00e9ctrica LEM-02 es mucho m\u00e1s elegante cuando decides recorrer la ciudad. Bien dise\u00f1ada y fabricada, las luces delanteras y traseras te garantizan una buena sensaci\u00f3n al conducir por la noche. Este modelo de motocicleta el\u00e9ctrica de dos ruedas es una motocicleta de alto rendimiento que te ofrece una experiencia de conducci\u00f3n excelente.<\/p>\n<p>A continuaci\u00f3n, destacamos una caracter\u00edstica especial de esta bicicleta.<\/p>\n<p>En primer lugar, las luces. Todas las luces iluminadas cuentan con la certificaci\u00f3n E-mark. Se puede ver el brillante faro delantero LED, y esta parte para viajes largos tambi\u00e9n cuenta con la certificaci\u00f3n E-mark.<\/p>\n<p>En segundo lugar, la horquilla trasera de esta moto Ninja es de aluminio. A diferencia de otros modelos, que tienen cubiertas traseras de pl\u00e1stico. Por lo tanto, el costo total de esta Ninja ser\u00e1 un poco m\u00e1s alto debido a estas piezas mejoradas. Sin embargo, muchos la eligen precisamente por estos cambios de alta calidad.<\/p>\n<div id='gallery-1' class='gallery galleryid-1792 gallery-columns-4 gallery-size-full'><figure class='gallery-item'>\n\t\t\t<div class='gallery-icon landscape'>\n\t\t\t\t<img fetchpriority=\"high\" decoding=\"async\" width=\"645\" height=\"360\" src=\"https:\/\/www.linkseride.com\/wp-content\/uploads\/2020\/10\/1-6.jpg\" class=\"attachment-full size-full\" alt=\"Triciclo el\u00e9ctrico\" srcset=\"https:\/\/www.linkseride.com\/wp-content\/uploads\/2020\/10\/1-6.jpg 645w, https:\/\/www.linkseride.com\/wp-content\/uploads\/2020\/10\/1-6-300x167.jpg 300w, https:\/\/www.linkseride.com\/wp-content\/uploads\/2020\/10\/1-6-600x335.jpg 600w\" sizes=\"(max-width: 645px) 100vw, 645px\" \/>\n\t\t\t<\/div><\/figure><figure class='gallery-item'>\n\t\t\t<div class='gallery-icon landscape'>\n\t\t\t\t<img decoding=\"async\" width=\"645\" height=\"360\" src=\"https:\/\/www.linkseride.com\/wp-content\/uploads\/2020\/10\/3-6.jpg\" class=\"attachment-full size-full\" alt=\"Triciclo el\u00e9ctrico\" srcset=\"https:\/\/www.linkseride.com\/wp-content\/uploads\/2020\/10\/3-6.jpg 645w, https:\/\/www.linkseride.com\/wp-content\/uploads\/2020\/10\/3-6-300x167.jpg 300w, https:\/\/www.linkseride.com\/wp-content\/uploads\/2020\/10\/3-6-600x335.jpg 600w\" sizes=\"(max-width: 645px) 100vw, 645px\" \/>\n\t\t\t<\/div><\/figure><figure class='gallery-item'>\n\t\t\t<div class='gallery-icon landscape'>\n\t\t\t\t<img decoding=\"async\" width=\"645\" height=\"360\" src=\"https:\/\/www.linkseride.com\/wp-content\/uploads\/2020\/10\/5-4.jpg\" class=\"attachment-full size-full\" alt=\"Triciclo el\u00e9ctrico\" srcset=\"https:\/\/www.linkseride.com\/wp-content\/uploads\/2020\/10\/5-4.jpg 645w, https:\/\/www.linkseride.com\/wp-content\/uploads\/2020\/10\/5-4-300x167.jpg 300w, https:\/\/www.linkseride.com\/wp-content\/uploads\/2020\/10\/5-4-600x335.jpg 600w\" sizes=\"(max-width: 645px) 100vw, 645px\" \/>\n\t\t\t<\/div><\/figure><figure class='gallery-item'>\n\t\t\t<div class='gallery-icon landscape'>\n\t\t\t\t<img loading=\"lazy\" decoding=\"async\" width=\"645\" height=\"360\" src=\"https:\/\/www.linkseride.com\/wp-content\/uploads\/2020\/10\/2-6.jpg\" class=\"attachment-full size-full\" alt=\"Triciclo el\u00e9ctrico\" srcset=\"https:\/\/www.linkseride.com\/wp-content\/uploads\/2020\/10\/2-6.jpg 645w, https:\/\/www.linkseride.com\/wp-content\/uploads\/2020\/10\/2-6-300x167.jpg 300w, https:\/\/www.linkseride.com\/wp-content\/uploads\/2020\/10\/2-6-600x335.jpg 600w\" sizes=\"(max-width: 645px) 100vw, 645px\" \/>\n\t\t\t<\/div><\/figure>\n\t\t<\/div>\n\n<h4>Caracter\u00edsticas detalladas de la motocicleta el\u00e9ctrica para desplazamientos urbanos<\/h4>\n<h5>Luz delantera de dise\u00f1o deportivo con pantalla LCD<\/h5>\n<p>El panel frontal con luces LED integradas se combina con la pantalla LCD para que puedas ver claramente lo que aparece en la pantalla mientras conduces.<\/p>\n<div class=\"rte\">\n<div class=\"rte\">\n<div id='gallery-2' class='gallery galleryid-1792 gallery-columns-2 gallery-size-full'><figure class='gallery-item'>\n\t\t\t<div class='gallery-icon landscape'>\n\t\t\t\t<img loading=\"lazy\" decoding=\"async\" width=\"645\" height=\"360\" src=\"https:\/\/www.linkseride.com\/wp-content\/uploads\/2020\/10\/1.-header-3.jpg\" class=\"attachment-full size-full\" alt=\"Triciclo el\u00e9ctrico\" srcset=\"https:\/\/www.linkseride.com\/wp-content\/uploads\/2020\/10\/1.-header-3.jpg 645w, https:\/\/www.linkseride.com\/wp-content\/uploads\/2020\/10\/1.-header-3-300x167.jpg 300w, https:\/\/www.linkseride.com\/wp-content\/uploads\/2020\/10\/1.-header-3-600x335.jpg 600w\" sizes=\"(max-width: 645px) 100vw, 645px\" \/>\n\t\t\t<\/div><\/figure><figure class='gallery-item'>\n\t\t\t<div class='gallery-icon landscape'>\n\t\t\t\t<img loading=\"lazy\" decoding=\"async\" width=\"645\" height=\"360\" src=\"https:\/\/www.linkseride.com\/wp-content\/uploads\/2020\/10\/1.-LCD-display.jpg\" class=\"attachment-full size-full\" alt=\"Triciclo el\u00e9ctrico\" srcset=\"https:\/\/www.linkseride.com\/wp-content\/uploads\/2020\/10\/1.-LCD-display.jpg 645w, https:\/\/www.linkseride.com\/wp-content\/uploads\/2020\/10\/1.-LCD-display-300x167.jpg 300w, https:\/\/www.linkseride.com\/wp-content\/uploads\/2020\/10\/1.-LCD-display-600x335.jpg 600w\" sizes=\"(max-width: 645px) 100vw, 645px\" \/>\n\t\t\t<\/div><\/figure>\n\t\t<\/div>\n\n<\/div>\n<\/div>\n<h5 class=\"h5--accent strong home--uppercase\">Llantas sin c\u00e1mara de aluminio de 12\u2033<\/h5>\n<div class=\"rte\">\n<p>Neum\u00e1tico de 12 pulgadas, doble amortiguador y suspensi\u00f3n trasera con doble brazo oscilante. Motor en el buje, sistema CBS, cubierta trasera de la horquilla de aluminio para crear una sensaci\u00f3n de alta tecnolog\u00eda.<\/p>\n<div id='gallery-3' class='gallery galleryid-1792 gallery-columns-2 gallery-size-full'><figure class='gallery-item'>\n\t\t\t<div class='gallery-icon landscape'>\n\t\t\t\t<img loading=\"lazy\" decoding=\"async\" width=\"645\" height=\"360\" src=\"https:\/\/www.linkseride.com\/wp-content\/uploads\/2020\/10\/2.-rear-tire.jpg\" class=\"attachment-full size-full\" alt=\"moto para ir al trabajo\" srcset=\"https:\/\/www.linkseride.com\/wp-content\/uploads\/2020\/10\/2.-rear-tire.jpg 645w, https:\/\/www.linkseride.com\/wp-content\/uploads\/2020\/10\/2.-rear-tire-300x167.jpg 300w, https:\/\/www.linkseride.com\/wp-content\/uploads\/2020\/10\/2.-rear-tire-600x335.jpg 600w\" sizes=\"(max-width: 645px) 100vw, 645px\" \/>\n\t\t\t<\/div><\/figure><figure class='gallery-item'>\n\t\t\t<div class='gallery-icon landscape'>\n\t\t\t\t<img loading=\"lazy\" decoding=\"async\" width=\"645\" height=\"360\" src=\"https:\/\/www.linkseride.com\/wp-content\/uploads\/2020\/10\/2.-front-tire-2.jpg\" class=\"attachment-full size-full\" alt=\"moto para ir al trabajo\" srcset=\"https:\/\/www.linkseride.com\/wp-content\/uploads\/2020\/10\/2.-front-tire-2.jpg 645w, https:\/\/www.linkseride.com\/wp-content\/uploads\/2020\/10\/2.-front-tire-2-300x167.jpg 300w, https:\/\/www.linkseride.com\/wp-content\/uploads\/2020\/10\/2.-front-tire-2-600x335.jpg 600w\" sizes=\"(max-width: 645px) 100vw, 645px\" \/>\n\t\t\t<\/div><\/figure>\n\t\t<\/div>\n\n<h5 class=\"h5--accent strong home--uppercase\">Asiento de espuma c\u00f3modo con reposapi\u00e9s<\/h5>\n<div class=\"rte\">\n<p>El c\u00f3modo acolchado de espuma se adapta a dos personas para transportar a tu ser querido, lo que lo hace ideal para viajes largos. Deshazte de los baches repentinos y disfruta de la libertad de conducir.<\/p>\n<\/div>\n<div class=\"rte\">\n<div id='gallery-4' class='gallery galleryid-1792 gallery-columns-2 gallery-size-full'><figure class='gallery-item'>\n\t\t\t<div class='gallery-icon landscape'>\n\t\t\t\t<img loading=\"lazy\" decoding=\"async\" width=\"645\" height=\"360\" src=\"https:\/\/www.linkseride.com\/wp-content\/uploads\/2020\/10\/3.-confortable-seat.jpg\" class=\"attachment-full size-full\" alt=\"moto para ir al trabajo\" srcset=\"https:\/\/www.linkseride.com\/wp-content\/uploads\/2020\/10\/3.-confortable-seat.jpg 645w, https:\/\/www.linkseride.com\/wp-content\/uploads\/2020\/10\/3.-confortable-seat-300x167.jpg 300w, https:\/\/www.linkseride.com\/wp-content\/uploads\/2020\/10\/3.-confortable-seat-600x335.jpg 600w\" sizes=\"(max-width: 645px) 100vw, 645px\" \/>\n\t\t\t<\/div><\/figure><figure class='gallery-item'>\n\t\t\t<div class='gallery-icon landscape'>\n\t\t\t\t<img loading=\"lazy\" decoding=\"async\" width=\"645\" height=\"360\" src=\"https:\/\/www.linkseride.com\/wp-content\/uploads\/2020\/10\/3.-foot-peg.jpg\" class=\"attachment-full size-full\" alt=\"moto para ir al trabajo\" srcset=\"https:\/\/www.linkseride.com\/wp-content\/uploads\/2020\/10\/3.-foot-peg.jpg 645w, https:\/\/www.linkseride.com\/wp-content\/uploads\/2020\/10\/3.-foot-peg-300x167.jpg 300w, https:\/\/www.linkseride.com\/wp-content\/uploads\/2020\/10\/3.-foot-peg-600x335.jpg 600w\" sizes=\"(max-width: 645px) 100vw, 645px\" \/>\n\t\t\t<\/div><\/figure>\n\t\t<\/div>\n\n<\/div>\n<\/div>\n<h5 class=\"h5--accent strong home--uppercase\">Sistema de arranque con llave de dos pasos y soporte central resistente<\/h5>\n<div class=\"rte\">\n<p>Sistema de arranque en dos pasos para garantizar que no te roben la motocicleta. Es necesario utilizar la parte superior de la llave para desbloquear la cerradura y luego arrancar. S\u00f3lido soporte central para garantizar la estabilidad de la motocicleta cuando la empujas hacia tu cochera.<\/p>\n<div id='gallery-5' class='gallery galleryid-1792 gallery-columns-2 gallery-size-full'><figure class='gallery-item'>\n\t\t\t<div class='gallery-icon landscape'>\n\t\t\t\t<img loading=\"lazy\" decoding=\"async\" width=\"645\" height=\"360\" src=\"https:\/\/www.linkseride.com\/wp-content\/uploads\/2020\/10\/4.-key-and-keyhole.jpg\" class=\"attachment-full size-full\" alt=\"moto para ir al trabajo\" srcset=\"https:\/\/www.linkseride.com\/wp-content\/uploads\/2020\/10\/4.-key-and-keyhole.jpg 645w, https:\/\/www.linkseride.com\/wp-content\/uploads\/2020\/10\/4.-key-and-keyhole-300x167.jpg 300w, https:\/\/www.linkseride.com\/wp-content\/uploads\/2020\/10\/4.-key-and-keyhole-600x335.jpg 600w\" sizes=\"(max-width: 645px) 100vw, 645px\" \/>\n\t\t\t<\/div><\/figure><figure class='gallery-item'>\n\t\t\t<div class='gallery-icon landscape'>\n\t\t\t\t<img loading=\"lazy\" decoding=\"async\" width=\"645\" height=\"360\" src=\"https:\/\/www.linkseride.com\/wp-content\/uploads\/2020\/10\/4.-rear-fork.jpg\" class=\"attachment-full size-full\" alt=\"moto para ir al trabajo\" srcset=\"https:\/\/www.linkseride.com\/wp-content\/uploads\/2020\/10\/4.-rear-fork.jpg 645w, https:\/\/www.linkseride.com\/wp-content\/uploads\/2020\/10\/4.-rear-fork-300x167.jpg 300w, https:\/\/www.linkseride.com\/wp-content\/uploads\/2020\/10\/4.-rear-fork-600x335.jpg 600w\" sizes=\"(max-width: 645px) 100vw, 645px\" \/>\n\t\t\t<\/div><\/figure>\n\t\t<\/div>\n\n<\/div>\n<h5 class=\"h5--accent strong home--uppercase\">Luz delantera y trasera homologada<\/h5>\n<div class=\"rte\">\n<p>Luces delanteras y traseras homologadas, tal y como se indica a continuaci\u00f3n, para garantizar la seguridad al conducir incluso en la oscuridad de la noche. Todas las luces est\u00e1n homologadas con la marca CE E.<\/p>\n<div id='gallery-6' class='gallery galleryid-1792 gallery-columns-4 gallery-size-full'><figure class='gallery-item'>\n\t\t\t<div class='gallery-icon landscape'>\n\t\t\t\t<img loading=\"lazy\" decoding=\"async\" width=\"645\" height=\"360\" src=\"https:\/\/www.linkseride.com\/wp-content\/uploads\/2020\/10\/5.-front-light.jpg\" class=\"attachment-full size-full\" alt=\"moto para ir al trabajo\" srcset=\"https:\/\/www.linkseride.com\/wp-content\/uploads\/2020\/10\/5.-front-light.jpg 645w, https:\/\/www.linkseride.com\/wp-content\/uploads\/2020\/10\/5.-front-light-300x167.jpg 300w, https:\/\/www.linkseride.com\/wp-content\/uploads\/2020\/10\/5.-front-light-600x335.jpg 600w\" sizes=\"(max-width: 645px) 100vw, 645px\" \/>\n\t\t\t<\/div><\/figure><figure class='gallery-item'>\n\t\t\t<div class='gallery-icon landscape'>\n\t\t\t\t<img loading=\"lazy\" decoding=\"async\" width=\"645\" height=\"360\" src=\"https:\/\/www.linkseride.com\/wp-content\/uploads\/2020\/10\/5.-rear-braking-light.jpg\" class=\"attachment-full size-full\" alt=\"moto para ir al trabajo\" srcset=\"https:\/\/www.linkseride.com\/wp-content\/uploads\/2020\/10\/5.-rear-braking-light.jpg 645w, https:\/\/www.linkseride.com\/wp-content\/uploads\/2020\/10\/5.-rear-braking-light-300x167.jpg 300w, https:\/\/www.linkseride.com\/wp-content\/uploads\/2020\/10\/5.-rear-braking-light-600x335.jpg 600w\" sizes=\"(max-width: 645px) 100vw, 645px\" \/>\n\t\t\t<\/div><\/figure><figure class='gallery-item'>\n\t\t\t<div class='gallery-icon landscape'>\n\t\t\t\t<img loading=\"lazy\" decoding=\"async\" width=\"645\" height=\"360\" src=\"https:\/\/www.linkseride.com\/wp-content\/uploads\/2020\/10\/5.-rear-light-2.jpg\" class=\"attachment-full size-full\" alt=\"moto para ir al trabajo\" srcset=\"https:\/\/www.linkseride.com\/wp-content\/uploads\/2020\/10\/5.-rear-light-2.jpg 645w, https:\/\/www.linkseride.com\/wp-content\/uploads\/2020\/10\/5.-rear-light-2-300x167.jpg 300w, https:\/\/www.linkseride.com\/wp-content\/uploads\/2020\/10\/5.-rear-light-2-600x335.jpg 600w\" sizes=\"(max-width: 645px) 100vw, 645px\" \/>\n\t\t\t<\/div><\/figure><figure class='gallery-item'>\n\t\t\t<div class='gallery-icon landscape'>\n\t\t\t\t<img loading=\"lazy\" decoding=\"async\" width=\"645\" height=\"360\" src=\"https:\/\/www.linkseride.com\/wp-content\/uploads\/2020\/10\/5.-rear-light.jpg\" class=\"attachment-full size-full\" alt=\"moto para ir al trabajo\" srcset=\"https:\/\/www.linkseride.com\/wp-content\/uploads\/2020\/10\/5.-rear-light.jpg 645w, https:\/\/www.linkseride.com\/wp-content\/uploads\/2020\/10\/5.-rear-light-300x167.jpg 300w, https:\/\/www.linkseride.com\/wp-content\/uploads\/2020\/10\/5.-rear-light-600x335.jpg 600w\" sizes=\"(max-width: 645px) 100vw, 645px\" \/>\n\t\t\t<\/div><\/figure>\n\t\t<\/div>\n\n<p>Aqu\u00ed puedes encontrar m\u00e1s videos de presentaci\u00f3n:\u00a0<a href=\"https:\/\/www.youtube.com\/channel\/UCw4wsO7M_kRsCHTxcFeqTAA\" target=\"_blank\" rel=\"noopener\">https:\/\/www.youtube.com\/channel\/UCw4wsO7M_kRsCHTxcFeqTAA<\/a><\/p>\n<\/div>\n<div class=\"ast-oembed-container\" style=\"height: 100%;\"><iframe title=\"Ciclomotor el\u00e9ctrico Ninja 2021 homologado para circular por carretera, procedente de China.\" width=\"500\" height=\"281\" src=\"https:\/\/www.youtube.com\/embed\/8Bh2XUWCYCc?feature=oembed\" frameborder=\"0\" allow=\"accelerometer; autoplay; clipboard-write; encrypted-media; gyroscope; picture-in-picture; web-share\" referrerpolicy=\"strict-origin-when-cross-origin\" allowfullscreen><\/iframe><\/div>\n<p>Esta motocicleta el\u00e9ctrica para desplazamientos urbanos es f\u00e1cil de entender y manejar. Si est\u00e1 buscando una versi\u00f3n mejorada del motor de 4000 W, puede consultar f\u00e1cilmente la <a href=\"https:\/\/www.linkseride.com\/es\/product\/ciclomotor-electrico-para-adultos-de-4000-w-con-bateria-de-iones-de-litio\/\" target=\"_blank\" rel=\"noopener\">detalles aqu\u00ed.<\/a><\/p>","protected":false},"excerpt":{"rendered":"<p>\u25cf Certificados: Homologado para circular por carretera con certificados EEC, COC y UN38.3.<\/p>\n<p>\u25cf Scooter para desplazamientos diarios con motor el\u00e9ctrico: motor el\u00e9ctrico sin escobillas de 3000 W. Opciones disponibles de motor en el buje y motor central.<\/p>\n<p>\u25cf Llantas de aleaci\u00f3n de aluminio de 12 pulgadas, para garantizar una mayor estabilidad, seguridad y agarre en todo tipo de superficies.<\/p>\n<p>\u25cf Alto rendimiento: suspensi\u00f3n delantera y trasera y sistema de frenos de disco delantero y trasero para garantizar una conducci\u00f3n suave y c\u00f3moda.<\/p>\n<p>\u25cf La bater\u00eda recargable de iones de litio es extra\u00edble para facilitar la carga. Tambi\u00e9n dispone de puerto de carga r\u00e1pida.<\/p>\n<p>\u25cf Colores y dise\u00f1os personalizados disponibles.<\/p>","protected":false},"featured_media":1940,"template":"","meta":{"site-sidebar-layout":"default","site-content-layout":"default","ast-site-content-layout":"default","site-content-style":"default","site-sidebar-style":"default","ast-global-header-display":"","ast-banner-title-visibility":"","ast-main-header-display":"","ast-hfb-above-header-display":"","ast-hfb-below-header-display":"","ast-hfb-mobile-header-display":"","site-post-title":"","ast-breadcrumbs-content":"","ast-featured-img":"","footer-sml-layout":"","ast-disable-related-posts":"","theme-transparent-header-meta":"default","adv-header-id-meta":"","stick-header-meta":"","header-above-stick-meta":"","header-main-stick-meta":"","header-below-stick-meta":"","astra-migrate-meta-layouts":"default","ast-page-background-enabled":"default","ast-page-background-meta":{"desktop":{"background-color":"","background-image":"","background-repeat":"repeat","background-position":"center center","background-size":"auto","background-attachment":"scroll","background-type":"","background-media":"","overlay-type":"","overlay-color":"","overlay-opacity":"","overlay-gradient":""},"tablet":{"background-color":"","background-image":"","background-repeat":"repeat","background-position":"center center","background-size":"auto","background-attachment":"scroll","background-type":"","background-media":"","overlay-type":"","overlay-color":"","overlay-opacity":"","overlay-gradient":""},"mobile":{"background-color":"","background-image":"","background-repeat":"repeat","background-position":"center center","background-size":"auto","background-attachment":"scroll","background-type":"","background-media":"","overlay-type":"","overlay-color":"","overlay-opacity":"","overlay-gradient":""}},"ast-content-background-meta":{"desktop":{"background-color":"var(--ast-global-color-5)","background-image":"","background-repeat":"repeat","background-position":"center center","background-size":"auto","background-attachment":"scroll","background-type":"","background-media":"","overlay-type":"","overlay-color":"","overlay-opacity":"","overlay-gradient":""},"tablet":{"background-color":"var(--ast-global-color-5)","background-image":"","background-repeat":"repeat","background-position":"center center","background-size":"auto","background-attachment":"scroll","background-type":"","background-media":"","overlay-type":"","overlay-color":"","overlay-opacity":"","overlay-gradient":""},"mobile":{"background-color":"var(--ast-global-color-5)","background-image":"","background-repeat":"repeat","background-position":"center center","background-size":"auto","background-attachment":"scroll","background-type":"","background-media":"","overlay-type":"","overlay-color":"","overlay-opacity":"","overlay-gradient":""}}},"product_brand":[],"product_cat":[26],"product_tag":[],"class_list":{"0":"post-1792","1":"product","2":"type-product","3":"status-publish","4":"has-post-thumbnail","6":"product_cat-electric-moped","7":"desktop-align-left","8":"tablet-align-left","9":"mobile-align-left","11":"first","12":"instock","13":"shipping-taxable","14":"purchasable","15":"product-type-simple"},"_links":{"self":[{"href":"https:\/\/www.linkseride.com\/es\/wp-json\/wp\/v2\/product\/1792","targetHints":{"allow":["GET"]}}],"collection":[{"href":"https:\/\/www.linkseride.com\/es\/wp-json\/wp\/v2\/product"}],"about":[{"href":"https:\/\/www.linkseride.com\/es\/wp-json\/wp\/v2\/types\/product"}],"wp:featuredmedia":[{"embeddable":true,"href":"https:\/\/www.linkseride.com\/es\/wp-json\/wp\/v2\/media\/1940"}],"wp:attachment":[{"href":"https:\/\/www.linkseride.com\/es\/wp-json\/wp\/v2\/media?parent=1792"}],"wp:term":[{"taxonomy":"product_brand","embeddable":true,"href":"https:\/\/www.linkseride.com\/es\/wp-json\/wp\/v2\/product_brand?post=1792"},{"taxonomy":"product_cat","embeddable":true,"href":"https:\/\/www.linkseride.com\/es\/wp-json\/wp\/v2\/product_cat?post=1792"},{"taxonomy":"product_tag","embeddable":true,"href":"https:\/\/www.linkseride.com\/es\/wp-json\/wp\/v2\/product_tag?post=1792"}],"curies":[{"name":"wp","href":"https:\/\/api.w.org\/{rel}","templated":true}]}}