{"id":1858,"date":"2020-10-25T05:12:47","date_gmt":"2020-10-25T05:12:47","guid":{"rendered":"http:\/\/linkseride.com\/?post_type=product&#038;p=1858"},"modified":"2021-08-28T08:14:10","modified_gmt":"2021-08-28T08:14:10","slug":"swan-3000w-road-legal-electric-scooter","status":"publish","type":"product","link":"https:\/\/www.linkseride.com\/es\/product\/swan-3000w-road-legal-electric-scooter\/","title":{"rendered":"LEM-03 Swan 3000W: elegante scooter el\u00e9ctrico homologado para circular por carretera"},"content":{"rendered":"<p>Another model SWAN provides another appearance for electric scooter. It&#8217;s also a road-legal electric scooter with L1e certificate. Swan combines the following advantages: elegance, acceleration, comfort, and control. The moped is very comfortable because the shock absorber and front fork match well and with high-quality material that can ensure a good road holding as well as feeling comfortable. Although this is a very subjective opinion, the LEM-03 series is elegant, a perfect compromise for the retro and modern spirit.<\/p>\n<div id='gallery-1' class='gallery galleryid-1858 gallery-columns-4 gallery-size-full'><figure class='gallery-item'>\n\t\t\t<div class='gallery-icon landscape'>\n\t\t\t\t<img fetchpriority=\"high\" decoding=\"async\" width=\"645\" height=\"360\" src=\"https:\/\/www.linkseride.com\/wp-content\/uploads\/2020\/10\/1-7.jpg\" class=\"attachment-full size-full\" alt=\"moto el\u00e9ctrica homologada para circular por carretera\" srcset=\"https:\/\/www.linkseride.com\/wp-content\/uploads\/2020\/10\/1-7.jpg 645w, https:\/\/www.linkseride.com\/wp-content\/uploads\/2020\/10\/1-7-300x167.jpg 300w, https:\/\/www.linkseride.com\/wp-content\/uploads\/2020\/10\/1-7-600x335.jpg 600w\" sizes=\"(max-width: 645px) 100vw, 645px\" \/>\n\t\t\t<\/div><\/figure><figure class='gallery-item'>\n\t\t\t<div class='gallery-icon landscape'>\n\t\t\t\t<img decoding=\"async\" width=\"645\" height=\"360\" src=\"https:\/\/www.linkseride.com\/wp-content\/uploads\/2020\/10\/2-7.jpg\" class=\"attachment-full size-full\" alt=\"moto el\u00e9ctrica homologada para circular por carretera\" srcset=\"https:\/\/www.linkseride.com\/wp-content\/uploads\/2020\/10\/2-7.jpg 645w, https:\/\/www.linkseride.com\/wp-content\/uploads\/2020\/10\/2-7-300x167.jpg 300w, https:\/\/www.linkseride.com\/wp-content\/uploads\/2020\/10\/2-7-600x335.jpg 600w\" sizes=\"(max-width: 645px) 100vw, 645px\" \/>\n\t\t\t<\/div><\/figure><figure class='gallery-item'>\n\t\t\t<div class='gallery-icon landscape'>\n\t\t\t\t<img decoding=\"async\" width=\"645\" height=\"360\" src=\"https:\/\/www.linkseride.com\/wp-content\/uploads\/2020\/10\/3-7.jpg\" class=\"attachment-full size-full\" alt=\"moto el\u00e9ctrica homologada para circular por carretera\" srcset=\"https:\/\/www.linkseride.com\/wp-content\/uploads\/2020\/10\/3-7.jpg 645w, https:\/\/www.linkseride.com\/wp-content\/uploads\/2020\/10\/3-7-300x167.jpg 300w, https:\/\/www.linkseride.com\/wp-content\/uploads\/2020\/10\/3-7-600x335.jpg 600w\" sizes=\"(max-width: 645px) 100vw, 645px\" \/>\n\t\t\t<\/div><\/figure><figure class='gallery-item'>\n\t\t\t<div class='gallery-icon landscape'>\n\t\t\t\t<img loading=\"lazy\" decoding=\"async\" width=\"645\" height=\"360\" src=\"https:\/\/www.linkseride.com\/wp-content\/uploads\/2020\/10\/5-5.jpg\" class=\"attachment-full size-full\" alt=\"\" srcset=\"https:\/\/www.linkseride.com\/wp-content\/uploads\/2020\/10\/5-5.jpg 645w, https:\/\/www.linkseride.com\/wp-content\/uploads\/2020\/10\/5-5-300x167.jpg 300w, https:\/\/www.linkseride.com\/wp-content\/uploads\/2020\/10\/5-5-600x335.jpg 600w\" sizes=\"(max-width: 645px) 100vw, 645px\" \/>\n\t\t\t<\/div><\/figure>\n\t\t<\/div>\n\n<h4>Detailed Feature of the road legal electric scooter<\/h4>\n<h5 class=\"h5--accent strong home--uppercase\">Llantas sin c\u00e1mara de aluminio de 12\u2033<\/h5>\n<div class=\"rte\">\n<p>Tubeless tires have better sealing and stability, which can greatly reduce the risk of tire blowout. The wider and thicker bead design ensures that tubeless tires are less likely to burst and protect the rim.<\/p>\n<\/div>\n<div id='gallery-2' class='gallery galleryid-1858 gallery-columns-2 gallery-size-full'><figure class='gallery-item'>\n\t\t\t<div class='gallery-icon landscape'>\n\t\t\t\t<img loading=\"lazy\" decoding=\"async\" width=\"645\" height=\"360\" src=\"https:\/\/www.linkseride.com\/wp-content\/uploads\/2020\/10\/front-tire-2.jpg\" class=\"attachment-full size-full\" alt=\"moto el\u00e9ctrica homologada para circular por carretera\" srcset=\"https:\/\/www.linkseride.com\/wp-content\/uploads\/2020\/10\/front-tire-2.jpg 645w, https:\/\/www.linkseride.com\/wp-content\/uploads\/2020\/10\/front-tire-2-300x167.jpg 300w, https:\/\/www.linkseride.com\/wp-content\/uploads\/2020\/10\/front-tire-2-600x335.jpg 600w\" sizes=\"(max-width: 645px) 100vw, 645px\" \/>\n\t\t\t<\/div><\/figure><figure class='gallery-item'>\n\t\t\t<div class='gallery-icon landscape'>\n\t\t\t\t<img loading=\"lazy\" decoding=\"async\" width=\"645\" height=\"360\" src=\"https:\/\/www.linkseride.com\/wp-content\/uploads\/2020\/10\/rear-tire.jpg\" class=\"attachment-full size-full\" alt=\"\" srcset=\"https:\/\/www.linkseride.com\/wp-content\/uploads\/2020\/10\/rear-tire.jpg 645w, https:\/\/www.linkseride.com\/wp-content\/uploads\/2020\/10\/rear-tire-300x167.jpg 300w, https:\/\/www.linkseride.com\/wp-content\/uploads\/2020\/10\/rear-tire-600x335.jpg 600w\" sizes=\"(max-width: 645px) 100vw, 645px\" \/>\n\t\t\t<\/div><\/figure>\n\t\t<\/div>\n\n<h5 class=\"h5--accent strong home--uppercase\">2-Step key start system and front storage box with USB charger<\/h5>\n<div class=\"rte\">\n<p>2-step start system to make sure your electric scooter won\u2019t be stolen. Need to use the top of the key to unlock the keyhole and then get start. Front storage box to store some of your personal things and USB charger to charge your smart phone.<\/p>\n<\/div>\n<div class=\"rte\">\n<div id='gallery-3' class='gallery galleryid-1858 gallery-columns-2 gallery-size-full'><figure class='gallery-item'>\n\t\t\t<div class='gallery-icon landscape'>\n\t\t\t\t<img loading=\"lazy\" decoding=\"async\" width=\"645\" height=\"360\" src=\"https:\/\/www.linkseride.com\/wp-content\/uploads\/2020\/10\/front-storage.jpg\" class=\"attachment-full size-full\" alt=\"\" srcset=\"https:\/\/www.linkseride.com\/wp-content\/uploads\/2020\/10\/front-storage.jpg 645w, https:\/\/www.linkseride.com\/wp-content\/uploads\/2020\/10\/front-storage-300x167.jpg 300w, https:\/\/www.linkseride.com\/wp-content\/uploads\/2020\/10\/front-storage-600x335.jpg 600w\" sizes=\"(max-width: 645px) 100vw, 645px\" \/>\n\t\t\t<\/div><\/figure><figure class='gallery-item'>\n\t\t\t<div class='gallery-icon landscape'>\n\t\t\t\t<img loading=\"lazy\" decoding=\"async\" width=\"645\" height=\"360\" src=\"https:\/\/www.linkseride.com\/wp-content\/uploads\/2020\/10\/key-keyhole.jpg\" class=\"attachment-full size-full\" alt=\"\" srcset=\"https:\/\/www.linkseride.com\/wp-content\/uploads\/2020\/10\/key-keyhole.jpg 645w, https:\/\/www.linkseride.com\/wp-content\/uploads\/2020\/10\/key-keyhole-300x167.jpg 300w, https:\/\/www.linkseride.com\/wp-content\/uploads\/2020\/10\/key-keyhole-600x335.jpg 600w\" sizes=\"(max-width: 645px) 100vw, 645px\" \/>\n\t\t\t<\/div><\/figure>\n\t\t<\/div>\n\n<div class=\"rte\">\n<div class=\"rte\">\n<p>&nbsp;<\/p>\n<p>Aqu\u00ed puedes encontrar m\u00e1s videos de presentaci\u00f3n:\u00a0<a href=\"https:\/\/www.youtube.com\/channel\/UCw4wsO7M_kRsCHTxcFeqTAA\" target=\"_blank\" rel=\"noopener\">https:\/\/www.youtube.com\/channel\/UCw4wsO7M_kRsCHTxcFeqTAA<\/a><\/p>\n<\/div>\n<\/div>\n<\/div>\n<div class=\"ast-oembed-container\" style=\"height: 100%;\"><iframe title=\"Swan Electric Scooter 3000W 45km\/h Full Review 2021 from China LinksEride\" width=\"500\" height=\"281\" src=\"https:\/\/www.youtube.com\/embed\/oG5chtIj_d4?feature=oembed\" frameborder=\"0\" allow=\"accelerometer; autoplay; clipboard-write; encrypted-media; gyroscope; picture-in-picture; web-share\" referrerpolicy=\"strict-origin-when-cross-origin\" allowfullscreen><\/iframe><\/div>\n<p>The road legal electric scooter Swan definitely makes a great and in my opinion better alternative to an equivalent petrol bike and as a commuter solution. It is a great-looking bike and from any angle. It is pleasing to the eye. We&#8217;ve got an upgrade version with 4000w motor and max speed 75km\/h.<a href=\"https:\/\/www.linkseride.com\/es\/product\/swan-4000w-high-speed-electric-scooter\/\" target=\"_blank\" rel=\"noopener\"> L3e version, click here. <\/a><\/p>","protected":false},"excerpt":{"rendered":"<p>\u25cf Certs: Road legal Electric Scooter with EEC, COC &amp; UN38.3 Certificate<\/p>\n<p>\u25cfbattery capacity 72V40AH (Fully 84V, Rated 72V) to ensure range 70km (44miles) under Constant speed<\/p>\n<p>\u25cf equipped with a powerful 3000W brushless QS motor. No need to warm up. No emissions. twist and go. Max Speed is up to 45km\/h(28Mph)<\/p>\n<p>\u25cf Front &amp; rear disc brakes for safety. Front &amp; rear hydraulic shocks for maximum comfort!<\/p>\n<p>\u25cf USB charge port available for your phone<\/p>\n<p>\u25cf Factory-direct Sales, Provide customized and OEM<\/p>\n<p>&nbsp;<\/p>","protected":false},"featured_media":1859,"template":"","meta":{"site-sidebar-layout":"default","site-content-layout":"default","ast-site-content-layout":"default","site-content-style":"default","site-sidebar-style":"default","ast-global-header-display":"","ast-banner-title-visibility":"","ast-main-header-display":"","ast-hfb-above-header-display":"","ast-hfb-below-header-display":"","ast-hfb-mobile-header-display":"","site-post-title":"","ast-breadcrumbs-content":"","ast-featured-img":"","footer-sml-layout":"","ast-disable-related-posts":"","theme-transparent-header-meta":"default","adv-header-id-meta":"","stick-header-meta":"","header-above-stick-meta":"","header-main-stick-meta":"","header-below-stick-meta":"","astra-migrate-meta-layouts":"default","ast-page-background-enabled":"default","ast-page-background-meta":{"desktop":{"background-color":"","background-image":"","background-repeat":"repeat","background-position":"center center","background-size":"auto","background-attachment":"scroll","background-type":"","background-media":"","overlay-type":"","overlay-color":"","overlay-opacity":"","overlay-gradient":""},"tablet":{"background-color":"","background-image":"","background-repeat":"repeat","background-position":"center center","background-size":"auto","background-attachment":"scroll","background-type":"","background-media":"","overlay-type":"","overlay-color":"","overlay-opacity":"","overlay-gradient":""},"mobile":{"background-color":"","background-image":"","background-repeat":"repeat","background-position":"center center","background-size":"auto","background-attachment":"scroll","background-type":"","background-media":"","overlay-type":"","overlay-color":"","overlay-opacity":"","overlay-gradient":""}},"ast-content-background-meta":{"desktop":{"background-color":"var(--ast-global-color-5)","background-image":"","background-repeat":"repeat","background-position":"center center","background-size":"auto","background-attachment":"scroll","background-type":"","background-media":"","overlay-type":"","overlay-color":"","overlay-opacity":"","overlay-gradient":""},"tablet":{"background-color":"var(--ast-global-color-5)","background-image":"","background-repeat":"repeat","background-position":"center center","background-size":"auto","background-attachment":"scroll","background-type":"","background-media":"","overlay-type":"","overlay-color":"","overlay-opacity":"","overlay-gradient":""},"mobile":{"background-color":"var(--ast-global-color-5)","background-image":"","background-repeat":"repeat","background-position":"center center","background-size":"auto","background-attachment":"scroll","background-type":"","background-media":"","overlay-type":"","overlay-color":"","overlay-opacity":"","overlay-gradient":""}}},"product_brand":[],"product_cat":[26],"product_tag":[],"class_list":{"0":"post-1858","1":"product","2":"type-product","3":"status-publish","4":"has-post-thumbnail","6":"product_cat-electric-moped","7":"desktop-align-left","8":"tablet-align-left","9":"mobile-align-left","11":"first","12":"instock","13":"shipping-taxable","14":"purchasable","15":"product-type-simple"},"_links":{"self":[{"href":"https:\/\/www.linkseride.com\/es\/wp-json\/wp\/v2\/product\/1858","targetHints":{"allow":["GET"]}}],"collection":[{"href":"https:\/\/www.linkseride.com\/es\/wp-json\/wp\/v2\/product"}],"about":[{"href":"https:\/\/www.linkseride.com\/es\/wp-json\/wp\/v2\/types\/product"}],"wp:featuredmedia":[{"embeddable":true,"href":"https:\/\/www.linkseride.com\/es\/wp-json\/wp\/v2\/media\/1859"}],"wp:attachment":[{"href":"https:\/\/www.linkseride.com\/es\/wp-json\/wp\/v2\/media?parent=1858"}],"wp:term":[{"taxonomy":"product_brand","embeddable":true,"href":"https:\/\/www.linkseride.com\/es\/wp-json\/wp\/v2\/product_brand?post=1858"},{"taxonomy":"product_cat","embeddable":true,"href":"https:\/\/www.linkseride.com\/es\/wp-json\/wp\/v2\/product_cat?post=1858"},{"taxonomy":"product_tag","embeddable":true,"href":"https:\/\/www.linkseride.com\/es\/wp-json\/wp\/v2\/product_tag?post=1858"}],"curies":[{"name":"wp","href":"https:\/\/api.w.org\/{rel}","templated":true}]}}