{"id":1867,"date":"2020-10-25T05:21:15","date_gmt":"2020-10-25T05:21:15","guid":{"rendered":"http:\/\/linkseride.com\/?post_type=product&#038;p=1867"},"modified":"2021-08-28T08:25:58","modified_gmt":"2021-08-28T08:25:58","slug":"swan-4000w-high-speed-electric-scooter","status":"publish","type":"product","link":"https:\/\/www.linkseride.com\/es\/product\/swan-4000w-high-speed-electric-scooter\/","title":{"rendered":"LEM-03 Swan 4000W Europa Patineta el\u00e9ctrica de alta velocidad"},"content":{"rendered":"<p>This is another popular model called Swan. Compare with other models, it&#8217;s a high-speed Electric Scooter. With 4000Watt power, its acceleration is better than the average. Going through some of the controls, everything goes on the accelerator. it&#8217;s a simple twist and go. It&#8217;s as easy as riding an e-bike, almost a bike. The more you twist it the faster it goes.<\/p>\n<p>The electric motor is directly integrated in the rear wheel, no chain or belt drive is required. This configuration reduces maintenance and reduces the risk of damage while providing excellent performance due to the absence of an intermediate transmission.<\/p>\n<div id='gallery-1' class='gallery galleryid-1867 gallery-columns-4 gallery-size-full'><figure class='gallery-item'>\n\t\t\t<div class='gallery-icon landscape'>\n\t\t\t\t<img fetchpriority=\"high\" decoding=\"async\" width=\"645\" height=\"360\" src=\"https:\/\/www.linkseride.com\/wp-content\/uploads\/2020\/10\/7-2.jpg\" class=\"attachment-full size-full\" alt=\"High Speed Electric Scooter\" srcset=\"https:\/\/www.linkseride.com\/wp-content\/uploads\/2020\/10\/7-2.jpg 645w, https:\/\/www.linkseride.com\/wp-content\/uploads\/2020\/10\/7-2-300x167.jpg 300w, https:\/\/www.linkseride.com\/wp-content\/uploads\/2020\/10\/7-2-600x335.jpg 600w\" sizes=\"(max-width: 645px) 100vw, 645px\" \/>\n\t\t\t<\/div><\/figure><figure class='gallery-item'>\n\t\t\t<div class='gallery-icon landscape'>\n\t\t\t\t<img decoding=\"async\" width=\"645\" height=\"360\" src=\"https:\/\/www.linkseride.com\/wp-content\/uploads\/2020\/10\/8-2.jpg\" class=\"attachment-full size-full\" alt=\"High Speed Electric Scooter\" srcset=\"https:\/\/www.linkseride.com\/wp-content\/uploads\/2020\/10\/8-2.jpg 645w, https:\/\/www.linkseride.com\/wp-content\/uploads\/2020\/10\/8-2-300x167.jpg 300w, https:\/\/www.linkseride.com\/wp-content\/uploads\/2020\/10\/8-2-600x335.jpg 600w\" sizes=\"(max-width: 645px) 100vw, 645px\" \/>\n\t\t\t<\/div><\/figure><figure class='gallery-item'>\n\t\t\t<div class='gallery-icon landscape'>\n\t\t\t\t<img decoding=\"async\" width=\"645\" height=\"360\" src=\"https:\/\/www.linkseride.com\/wp-content\/uploads\/2020\/10\/9-3.jpg\" class=\"attachment-full size-full\" alt=\"High Speed Electric Scooter\" srcset=\"https:\/\/www.linkseride.com\/wp-content\/uploads\/2020\/10\/9-3.jpg 645w, https:\/\/www.linkseride.com\/wp-content\/uploads\/2020\/10\/9-3-300x167.jpg 300w, https:\/\/www.linkseride.com\/wp-content\/uploads\/2020\/10\/9-3-600x335.jpg 600w\" sizes=\"(max-width: 645px) 100vw, 645px\" \/>\n\t\t\t<\/div><\/figure><figure class='gallery-item'>\n\t\t\t<div class='gallery-icon landscape'>\n\t\t\t\t<img loading=\"lazy\" decoding=\"async\" width=\"645\" height=\"360\" src=\"https:\/\/www.linkseride.com\/wp-content\/uploads\/2020\/10\/10-4.jpg\" class=\"attachment-full size-full\" alt=\"High Speed Electric Scooter\" srcset=\"https:\/\/www.linkseride.com\/wp-content\/uploads\/2020\/10\/10-4.jpg 645w, https:\/\/www.linkseride.com\/wp-content\/uploads\/2020\/10\/10-4-300x167.jpg 300w, https:\/\/www.linkseride.com\/wp-content\/uploads\/2020\/10\/10-4-600x335.jpg 600w\" sizes=\"(max-width: 645px) 100vw, 645px\" \/>\n\t\t\t<\/div><\/figure>\n\t\t<\/div>\n\n<h4>Check the comparison of 3000W VS 4000W High Speed Electric Scooter<\/h4>\n<table width=\"361\">\n<tbody>\n<tr>\n<td style=\"font-weight: 400;\" width=\"137\"><\/td>\n<td style=\"font-weight: 400;\" width=\"173\"><strong>3000 W<\/strong><\/td>\n<td style=\"font-weight: 400;\" width=\"51\"><strong>4000 W\u00a0<\/strong><\/td>\n<\/tr>\n<tr>\n<td style=\"font-weight: 400;\" width=\"137\"><strong>Certificado<\/strong><\/td>\n<td style=\"font-weight: 400;\" width=\"173\">EURO\u00a05\u00a0L1e-B\u00a0EEC\u00a0&amp;\u00a0COC\u00a0Certificate<\/td>\n<td style=\"font-weight: 400;\" width=\"51\">EURO\u00a05\u00a0L1e-B\u00a0EEC\u00a0&amp;\u00a0COC\u00a0Certificate<\/td>\n<\/tr>\n<tr>\n<td style=\"font-weight: 400;\" width=\"137\"><strong>Item\u00a0No.<\/strong><\/td>\n<td style=\"font-weight: 400;\" width=\"173\">LEM-03\u00a03000W<\/td>\n<td style=\"font-weight: 400;\" width=\"51\">LEM-03\u00a04000W<\/td>\n<\/tr>\n<tr>\n<td style=\"font-weight: 400;\" width=\"137\"><strong>Motor power<\/strong><\/td>\n<td style=\"font-weight: 400;\" width=\"173\">3000W\u00a072V\u00a012\u201d\u00a0QS\u00a0brush-less\u00a0motor<\/td>\n<td style=\"font-weight: 400;\" width=\"51\">Motor sin escobillas QS de 4000 W, 72 V y 12 pulgadas.<\/td>\n<\/tr>\n<tr>\n<td style=\"font-weight: 400;\" width=\"137\"><strong>Controlador<\/strong><\/td>\n<td style=\"font-weight: 400;\" width=\"173\">72V\u00a055A\u00a0discharge<\/td>\n<td style=\"font-weight: 400;\" width=\"51\">Descarga de 72 V y 70 A<\/td>\n<\/tr>\n<tr>\n<td style=\"font-weight: 400;\" width=\"137\"><strong>Capacidad para escalar<\/strong><\/td>\n<td style=\"font-weight: 400;\" width=\"173\">25 \u00b0<\/td>\n<td style=\"font-weight: 400;\" width=\"51\">30\u00b0<\/td>\n<\/tr>\n<tr>\n<td style=\"font-weight: 400;\" width=\"137\"><strong>Velocidad m\u00e1xima<\/strong><\/td>\n<td style=\"font-weight: 400;\" width=\"173\">45 km\/h (28 mph)<\/td>\n<td style=\"font-weight: 400;\" width=\"51\">75 km\/h (45 mph)<\/td>\n<\/tr>\n<tr>\n<td style=\"font-weight: 400;\" width=\"137\"><strong>Autonom\u00eda por carga<\/strong><\/td>\n<td style=\"font-weight: 400;\" width=\"173\">65-70km\u00a0(up\u00a0to\u00a044miles)<\/td>\n<td style=\"font-weight: 400;\" width=\"51\">60-65 km (hasta 41 millas)<\/td>\n<\/tr>\n<\/tbody>\n<\/table>\n<p>Aqu\u00ed puedes encontrar m\u00e1s videos de presentaci\u00f3n:\u00a0<a href=\"https:\/\/www.youtube.com\/channel\/UCw4wsO7M_kRsCHTxcFeqTAA\" target=\"_blank\" rel=\"noopener\">https:\/\/www.youtube.com\/channel\/UCw4wsO7M_kRsCHTxcFeqTAA<\/a><\/p>\n<div class=\"ast-oembed-container\" style=\"height: 100%;\"><iframe title=\"Electric Scooter with Moped 4000W 75km\/h motorbike Review from China Manufacturer\" width=\"500\" height=\"281\" src=\"https:\/\/www.youtube.com\/embed\/iBKR4Z2u5bA?feature=oembed\" frameborder=\"0\" allow=\"accelerometer; autoplay; clipboard-write; encrypted-media; gyroscope; picture-in-picture; web-share\" referrerpolicy=\"strict-origin-when-cross-origin\" allowfullscreen><\/iframe><\/div>\n<p>If you are looking for an L1e version with 3000W motor, pls click <a href=\"https:\/\/www.linkseride.com\/es\/product\/lem-03-swan-3000w-elegant-commuting-electric-moped\/\" target=\"_blank\" rel=\"noopener\">aqu\u00ed<\/a>.<\/p>","protected":false},"excerpt":{"rendered":"<p>\u25cf Certificados: Homologado para circular por carretera con certificados EEC, COC y UN38.3.<\/p>\n<p>\u25cf High Speed Electric Scooter, Retro style, fashionable and environmentally-friendly electric power<\/p>\n<p>\u25cf Hand-operated, front and rear disc brake provides stopping power<\/p>\n<p>\u25cf Rechargeable 60V, 40Ah Li-ion Battery LG brand makes its range up to 70km (44miles) of driving pleasure<\/p>\n<p>\u25cf Powered engine: the 3000W, twist-grip, variable-speed, throttle, high-torque, motor speeds up to 65 km\/h (41Mph)<\/p>\n<p>\u25cf Factory-direct sales, provide customized and OEM<\/p>\n<p>&nbsp;<\/p>","protected":false},"featured_media":1868,"template":"","meta":{"site-sidebar-layout":"default","site-content-layout":"default","ast-site-content-layout":"default","site-content-style":"default","site-sidebar-style":"default","ast-global-header-display":"","ast-banner-title-visibility":"","ast-main-header-display":"","ast-hfb-above-header-display":"","ast-hfb-below-header-display":"","ast-hfb-mobile-header-display":"","site-post-title":"","ast-breadcrumbs-content":"","ast-featured-img":"","footer-sml-layout":"","ast-disable-related-posts":"","theme-transparent-header-meta":"default","adv-header-id-meta":"","stick-header-meta":"","header-above-stick-meta":"","header-main-stick-meta":"","header-below-stick-meta":"","astra-migrate-meta-layouts":"default","ast-page-background-enabled":"default","ast-page-background-meta":{"desktop":{"background-color":"","background-image":"","background-repeat":"repeat","background-position":"center center","background-size":"auto","background-attachment":"scroll","background-type":"","background-media":"","overlay-type":"","overlay-color":"","overlay-opacity":"","overlay-gradient":""},"tablet":{"background-color":"","background-image":"","background-repeat":"repeat","background-position":"center center","background-size":"auto","background-attachment":"scroll","background-type":"","background-media":"","overlay-type":"","overlay-color":"","overlay-opacity":"","overlay-gradient":""},"mobile":{"background-color":"","background-image":"","background-repeat":"repeat","background-position":"center center","background-size":"auto","background-attachment":"scroll","background-type":"","background-media":"","overlay-type":"","overlay-color":"","overlay-opacity":"","overlay-gradient":""}},"ast-content-background-meta":{"desktop":{"background-color":"var(--ast-global-color-5)","background-image":"","background-repeat":"repeat","background-position":"center center","background-size":"auto","background-attachment":"scroll","background-type":"","background-media":"","overlay-type":"","overlay-color":"","overlay-opacity":"","overlay-gradient":""},"tablet":{"background-color":"var(--ast-global-color-5)","background-image":"","background-repeat":"repeat","background-position":"center center","background-size":"auto","background-attachment":"scroll","background-type":"","background-media":"","overlay-type":"","overlay-color":"","overlay-opacity":"","overlay-gradient":""},"mobile":{"background-color":"var(--ast-global-color-5)","background-image":"","background-repeat":"repeat","background-position":"center center","background-size":"auto","background-attachment":"scroll","background-type":"","background-media":"","overlay-type":"","overlay-color":"","overlay-opacity":"","overlay-gradient":""}}},"product_brand":[],"product_cat":[26],"product_tag":[],"class_list":{"0":"post-1867","1":"product","2":"type-product","3":"status-publish","4":"has-post-thumbnail","6":"product_cat-electric-moped","7":"desktop-align-left","8":"tablet-align-left","9":"mobile-align-left","11":"first","12":"instock","13":"shipping-taxable","14":"purchasable","15":"product-type-simple"},"_links":{"self":[{"href":"https:\/\/www.linkseride.com\/es\/wp-json\/wp\/v2\/product\/1867","targetHints":{"allow":["GET"]}}],"collection":[{"href":"https:\/\/www.linkseride.com\/es\/wp-json\/wp\/v2\/product"}],"about":[{"href":"https:\/\/www.linkseride.com\/es\/wp-json\/wp\/v2\/types\/product"}],"wp:featuredmedia":[{"embeddable":true,"href":"https:\/\/www.linkseride.com\/es\/wp-json\/wp\/v2\/media\/1868"}],"wp:attachment":[{"href":"https:\/\/www.linkseride.com\/es\/wp-json\/wp\/v2\/media?parent=1867"}],"wp:term":[{"taxonomy":"product_brand","embeddable":true,"href":"https:\/\/www.linkseride.com\/es\/wp-json\/wp\/v2\/product_brand?post=1867"},{"taxonomy":"product_cat","embeddable":true,"href":"https:\/\/www.linkseride.com\/es\/wp-json\/wp\/v2\/product_cat?post=1867"},{"taxonomy":"product_tag","embeddable":true,"href":"https:\/\/www.linkseride.com\/es\/wp-json\/wp\/v2\/product_tag?post=1867"}],"curies":[{"name":"wp","href":"https:\/\/api.w.org\/{rel}","templated":true}]}}