{"id":1951,"date":"2020-10-25T11:50:36","date_gmt":"2020-10-25T11:50:36","guid":{"rendered":"http:\/\/linkseride.com\/?post_type=product&#038;p=1951"},"modified":"2022-12-16T03:41:31","modified_gmt":"2022-12-16T03:41:31","slug":"scooter-electrica-harley-de-2000-w-modelo-lec-02","status":"publish","type":"product","link":"https:\/\/www.linkseride.com\/es\/product\/lec-02-2000w-electric-harley-scooter\/","title":{"rendered":"LEC-M1 2000 W: scooter el\u00e9ctrico retro de dos ruedas estilo Harley de Citycoco"},"content":{"rendered":"<p>El scooter el\u00e9ctrico de dos ruedas Harley Citycoco, tu compa\u00f1ero perfecto para la ciudad o la playa, con una velocidad m\u00e1xima homologada de 45 km\/h (28 mph) y una autonom\u00eda de 60 km (37 millas). Entre sus caracter\u00edsticas se incluyen un sistema de sonido Bluetooth con radio, un chasis con recubrimiento en polvo para una mayor durabilidad, encendido sin llave, alarma con bloqueo de ruedas e inmovilizador, y bater\u00eda de extracci\u00f3n r\u00e1pida para cargarla en cualquier lugar. Elige Harley Motor para explorar nuevos caminos sin todo ese ruido.<\/p>\n<h2>Echa un vistazo a algunas de las caracter\u00edsticas detalladas de nuestro patinete el\u00e9ctrico Harley M1.<\/h2>\n<div id='gallery-1' class='gallery galleryid-1951 gallery-columns-3 gallery-size-full'><figure class='gallery-item'>\n\t\t\t<div class='gallery-icon landscape'>\n\t\t\t\t<img fetchpriority=\"high\" decoding=\"async\" width=\"1024\" height=\"768\" src=\"https:\/\/www.linkseride.com\/wp-content\/uploads\/2020\/10\/1-3.jpg\" class=\"attachment-full size-full\" alt=\"\" srcset=\"https:\/\/www.linkseride.com\/wp-content\/uploads\/2020\/10\/1-3.jpg 1024w, https:\/\/www.linkseride.com\/wp-content\/uploads\/2020\/10\/1-3-300x225.jpg 300w, https:\/\/www.linkseride.com\/wp-content\/uploads\/2020\/10\/1-3-768x576.jpg 768w, https:\/\/www.linkseride.com\/wp-content\/uploads\/2020\/10\/1-3-600x450.jpg 600w\" sizes=\"(max-width: 1024px) 100vw, 1024px\" \/>\n\t\t\t<\/div><\/figure><figure class='gallery-item'>\n\t\t\t<div class='gallery-icon landscape'>\n\t\t\t\t<img decoding=\"async\" width=\"853\" height=\"640\" src=\"https:\/\/www.linkseride.com\/wp-content\/uploads\/2020\/10\/2-2.jpg\" class=\"attachment-full size-full\" alt=\"\" srcset=\"https:\/\/www.linkseride.com\/wp-content\/uploads\/2020\/10\/2-2.jpg 853w, https:\/\/www.linkseride.com\/wp-content\/uploads\/2020\/10\/2-2-300x225.jpg 300w, https:\/\/www.linkseride.com\/wp-content\/uploads\/2020\/10\/2-2-768x576.jpg 768w, https:\/\/www.linkseride.com\/wp-content\/uploads\/2020\/10\/2-2-600x450.jpg 600w\" sizes=\"(max-width: 853px) 100vw, 853px\" \/>\n\t\t\t<\/div><\/figure><figure class='gallery-item'>\n\t\t\t<div class='gallery-icon landscape'>\n\t\t\t\t<img decoding=\"async\" width=\"1024\" height=\"768\" src=\"https:\/\/www.linkseride.com\/wp-content\/uploads\/2020\/10\/3-3.jpg\" class=\"attachment-full size-full\" alt=\"\" srcset=\"https:\/\/www.linkseride.com\/wp-content\/uploads\/2020\/10\/3-3.jpg 1024w, https:\/\/www.linkseride.com\/wp-content\/uploads\/2020\/10\/3-3-300x225.jpg 300w, https:\/\/www.linkseride.com\/wp-content\/uploads\/2020\/10\/3-3-768x576.jpg 768w, https:\/\/www.linkseride.com\/wp-content\/uploads\/2020\/10\/3-3-600x450.jpg 600w\" sizes=\"(max-width: 1024px) 100vw, 1024px\" \/>\n\t\t\t<\/div><\/figure>\n\t\t<\/div>\n\n<p>Ancho del manillar: 78 cm<br \/>\nAltura: 109 cm<br \/>\nLongitud: 203 cm<br \/>\nPotencia del motor: motor sin escobillas en el buje de 2000 W\/3000 W<br \/>\n<strong>Capacidad de la bater\u00eda: bater\u00eda de iones de litio de 60 V y 12 Ah\/20 Ah\/30 Ah<\/strong><br \/>\nCapacidad de carga: &gt;180 kg\/396 lb<br \/>\nTiempo de carga: 6-8 horas<br \/>\n<strong>Velocidad m\u00e1xima: 50 km\/h para 2000 W<\/strong><br \/>\n<strong>Autonom\u00eda por carga: 35 km (12 Ah) \/ 55 km (20 Ah)<\/strong><br \/>\nFrenos: frenos de disco delanteros y traseros<br \/>\nAltura del asiento: 58 cm<br \/>\nCapacidad de superaci\u00f3n de pendientes: &gt;18 grados<br \/>\nColores disponibles: azul, rojo, rosa, amarillo, verde, negro, etc.<br \/>\n<strong>Embalaje: Embalaje en caja de cart\u00f3n<\/strong><br \/>\nPeso neto: 80 kg<br \/>\nPeso bruto: 92 kg<br \/>\nDimensiones de la caja de env\u00edo: 192 \u00d7 37,5 \u00d7 77 cm \/ 1 unidad<br \/>\nContenedor: 42 unidades\/20 GP, 87 unidades\/40 GP, 102 unidades\/40\u2019 HQ<\/p>\n<h2>Hay maletas y bolsas de sill\u00edn disponibles para tu scooter el\u00e9ctrica Harley.<\/h2>\n<div id='gallery-2' class='gallery galleryid-1951 gallery-columns-2 gallery-size-full'><figure class='gallery-item'>\n\t\t\t<div class='gallery-icon landscape'>\n\t\t\t\t<img loading=\"lazy\" decoding=\"async\" width=\"1024\" height=\"768\" src=\"https:\/\/www.linkseride.com\/wp-content\/uploads\/2020\/10\/4-1.jpg\" class=\"attachment-full size-full\" alt=\"Scooter el\u00e9ctrica Harley\" srcset=\"https:\/\/www.linkseride.com\/wp-content\/uploads\/2020\/10\/4-1.jpg 1024w, https:\/\/www.linkseride.com\/wp-content\/uploads\/2020\/10\/4-1-300x225.jpg 300w, https:\/\/www.linkseride.com\/wp-content\/uploads\/2020\/10\/4-1-768x576.jpg 768w, https:\/\/www.linkseride.com\/wp-content\/uploads\/2020\/10\/4-1-600x450.jpg 600w\" sizes=\"(max-width: 1024px) 100vw, 1024px\" \/>\n\t\t\t<\/div><\/figure><figure class='gallery-item'>\n\t\t\t<div class='gallery-icon landscape'>\n\t\t\t\t<img loading=\"lazy\" decoding=\"async\" width=\"1024\" height=\"683\" src=\"https:\/\/www.linkseride.com\/wp-content\/uploads\/2020\/10\/5678.jpg\" class=\"attachment-full size-full\" alt=\"Scooter el\u00e9ctrica Harley\" srcset=\"https:\/\/www.linkseride.com\/wp-content\/uploads\/2020\/10\/5678.jpg 1024w, https:\/\/www.linkseride.com\/wp-content\/uploads\/2020\/10\/5678-300x200.jpg 300w, https:\/\/www.linkseride.com\/wp-content\/uploads\/2020\/10\/5678-768x512.jpg 768w, https:\/\/www.linkseride.com\/wp-content\/uploads\/2020\/10\/5678-600x400.jpg 600w\" sizes=\"(max-width: 1024px) 100vw, 1024px\" \/>\n\t\t\t<\/div><\/figure>\n\t\t<\/div>\n\n<div id='gallery-3' class='gallery galleryid-1951 gallery-columns-2 gallery-size-full'><figure class='gallery-item'>\n\t\t\t<div class='gallery-icon landscape'>\n\t\t\t\t<img loading=\"lazy\" decoding=\"async\" width=\"1024\" height=\"768\" src=\"https:\/\/www.linkseride.com\/wp-content\/uploads\/2020\/10\/6-2.jpg\" class=\"attachment-full size-full\" alt=\"Scooter el\u00e9ctrica Harley\" srcset=\"https:\/\/www.linkseride.com\/wp-content\/uploads\/2020\/10\/6-2.jpg 1024w, https:\/\/www.linkseride.com\/wp-content\/uploads\/2020\/10\/6-2-300x225.jpg 300w, https:\/\/www.linkseride.com\/wp-content\/uploads\/2020\/10\/6-2-768x576.jpg 768w, https:\/\/www.linkseride.com\/wp-content\/uploads\/2020\/10\/6-2-600x450.jpg 600w\" sizes=\"(max-width: 1024px) 100vw, 1024px\" \/>\n\t\t\t<\/div><\/figure><figure class='gallery-item'>\n\t\t\t<div class='gallery-icon landscape'>\n\t\t\t\t<img loading=\"lazy\" decoding=\"async\" width=\"1024\" height=\"768\" src=\"https:\/\/www.linkseride.com\/wp-content\/uploads\/2020\/10\/5-1.jpg\" class=\"attachment-full size-full\" alt=\"Venta al por mayor de scooters el\u00e9ctricos Citycoco\" srcset=\"https:\/\/www.linkseride.com\/wp-content\/uploads\/2020\/10\/5-1.jpg 1024w, https:\/\/www.linkseride.com\/wp-content\/uploads\/2020\/10\/5-1-300x225.jpg 300w, https:\/\/www.linkseride.com\/wp-content\/uploads\/2020\/10\/5-1-768x576.jpg 768w, https:\/\/www.linkseride.com\/wp-content\/uploads\/2020\/10\/5-1-600x450.jpg 600w\" sizes=\"(max-width: 1024px) 100vw, 1024px\" \/>\n\t\t\t<\/div><\/figure>\n\t\t<\/div>\n\n<h2>\u00bfCu\u00e1l es la mayor diferencia entre el M1 y <a href=\"https:\/\/www.linkseride.com\/es\/product\/m1p-fat-tire-electric-citycoco-scooter\/\" target=\"_blank\" rel=\"noopener\">M1P<\/a> \u00bfUna scooter el\u00e9ctrica Harley?<\/h2>\n<h5>En primer lugar, la suspensi\u00f3n trasera.<\/h5>\n<p><img loading=\"lazy\" decoding=\"async\" class=\"aligncenter wp-image-3665 size-full\" src=\"http:\/\/linkseride.com\/wp-content\/uploads\/2020\/10\/QQ20210620-141834.png\" alt=\"\" width=\"707\" height=\"360\" srcset=\"https:\/\/www.linkseride.com\/wp-content\/uploads\/2020\/10\/QQ20210620-141834.png 707w, https:\/\/www.linkseride.com\/wp-content\/uploads\/2020\/10\/QQ20210620-141834-300x153.png 300w, https:\/\/www.linkseride.com\/wp-content\/uploads\/2020\/10\/QQ20210620-141834-600x306.png 600w\" sizes=\"(max-width: 707px) 100vw, 707px\" \/><\/p>\n<h5>En segundo lugar, las luces.<\/h5>\n<p><img loading=\"lazy\" decoding=\"async\" class=\"aligncenter wp-image-3666 size-full\" src=\"http:\/\/linkseride.com\/wp-content\/uploads\/2020\/10\/QQ20210620-141911.png\" alt=\"\" width=\"706\" height=\"325\" srcset=\"https:\/\/www.linkseride.com\/wp-content\/uploads\/2020\/10\/QQ20210620-141911.png 706w, https:\/\/www.linkseride.com\/wp-content\/uploads\/2020\/10\/QQ20210620-141911-300x138.png 300w, https:\/\/www.linkseride.com\/wp-content\/uploads\/2020\/10\/QQ20210620-141911-600x276.png 600w\" sizes=\"(max-width: 706px) 100vw, 706px\" \/><\/p>\n<p>Tambi\u00e9n tenemos otros modelos nuevos con forma de Harley; si necesitas m\u00e1s informaci\u00f3n, puedes<a href=\"https:\/\/www.linkseride.com\/es\/fabricante-de-motocicletas-electricas\/\" target=\"_blank\" rel=\"noopener\"> Encu\u00e9ntralo aqu\u00ed.<\/a><\/p>\n<p><a href=\"https:\/\/www.youtube.com\/channel\/UCw4wsO7M_kRsCHTxcFeqTAA\" target=\"_blank\" rel=\"noopener\">canal de YouTube<\/a> Para la presentaci\u00f3n de nuestro producto:<\/p>\n<div class=\"ast-oembed-container\" style=\"height: 100%;\"><iframe title=\"Todo lo que necesitas saber antes de comprar tu patinete el\u00e9ctrico M1P\" width=\"500\" height=\"281\" src=\"https:\/\/www.youtube.com\/embed\/KE1jDJdzs4Q?feature=oembed\" frameborder=\"0\" allow=\"accelerometer; autoplay; clipboard-write; encrypted-media; gyroscope; picture-in-picture; web-share\" referrerpolicy=\"strict-origin-when-cross-origin\" allowfullscreen><\/iframe><\/div>\n<p>&nbsp;<\/p>\n<p>Echa un vistazo a nuestras l\u00edneas de producci\u00f3n aqu\u00ed.<\/p>\n<div id='gallery-4' class='gallery galleryid-1951 gallery-columns-4 gallery-size-full'><figure class='gallery-item'>\n\t\t\t<div class='gallery-icon landscape'>\n\t\t\t\t<img loading=\"lazy\" decoding=\"async\" width=\"1024\" height=\"683\" src=\"https:\/\/www.linkseride.com\/wp-content\/uploads\/2020\/10\/factory-4.jpg\" class=\"attachment-full size-full\" alt=\"F\u00e1brica de scooters el\u00e9ctricos Harley\" srcset=\"https:\/\/www.linkseride.com\/wp-content\/uploads\/2020\/10\/factory-4.jpg 1024w, https:\/\/www.linkseride.com\/wp-content\/uploads\/2020\/10\/factory-4-300x200.jpg 300w, https:\/\/www.linkseride.com\/wp-content\/uploads\/2020\/10\/factory-4-768x512.jpg 768w, https:\/\/www.linkseride.com\/wp-content\/uploads\/2020\/10\/factory-4-600x400.jpg 600w\" sizes=\"(max-width: 1024px) 100vw, 1024px\" \/>\n\t\t\t<\/div><\/figure><figure class='gallery-item'>\n\t\t\t<div class='gallery-icon landscape'>\n\t\t\t\t<img loading=\"lazy\" decoding=\"async\" width=\"1024\" height=\"683\" src=\"https:\/\/www.linkseride.com\/wp-content\/uploads\/2020\/10\/factory-3.jpg\" class=\"attachment-full size-full\" alt=\"F\u00e1brica de scooters el\u00e9ctricos Harley en China\" srcset=\"https:\/\/www.linkseride.com\/wp-content\/uploads\/2020\/10\/factory-3.jpg 1024w, https:\/\/www.linkseride.com\/wp-content\/uploads\/2020\/10\/factory-3-300x200.jpg 300w, https:\/\/www.linkseride.com\/wp-content\/uploads\/2020\/10\/factory-3-768x512.jpg 768w, https:\/\/www.linkseride.com\/wp-content\/uploads\/2020\/10\/factory-3-600x400.jpg 600w\" sizes=\"(max-width: 1024px) 100vw, 1024px\" \/>\n\t\t\t<\/div><\/figure><figure class='gallery-item'>\n\t\t\t<div class='gallery-icon landscape'>\n\t\t\t\t<img loading=\"lazy\" decoding=\"async\" width=\"1024\" height=\"683\" src=\"https:\/\/www.linkseride.com\/wp-content\/uploads\/2020\/10\/factory-2.jpg\" class=\"attachment-full size-full\" alt=\"F\u00e1brica de scooters el\u00e9ctricos Harley\" srcset=\"https:\/\/www.linkseride.com\/wp-content\/uploads\/2020\/10\/factory-2.jpg 1024w, https:\/\/www.linkseride.com\/wp-content\/uploads\/2020\/10\/factory-2-300x200.jpg 300w, https:\/\/www.linkseride.com\/wp-content\/uploads\/2020\/10\/factory-2-768x512.jpg 768w, https:\/\/www.linkseride.com\/wp-content\/uploads\/2020\/10\/factory-2-600x400.jpg 600w\" sizes=\"(max-width: 1024px) 100vw, 1024px\" \/>\n\t\t\t<\/div><\/figure><figure class='gallery-item'>\n\t\t\t<div class='gallery-icon landscape'>\n\t\t\t\t<img loading=\"lazy\" decoding=\"async\" width=\"1024\" height=\"683\" src=\"https:\/\/www.linkseride.com\/wp-content\/uploads\/2020\/10\/factory-1.jpg\" class=\"attachment-full size-full\" alt=\"F\u00e1brica de patinetes el\u00e9ctricos Harley en China; f\u00e1brica de patinetes; venta al por mayor de patinetes el\u00e9ctricos\" srcset=\"https:\/\/www.linkseride.com\/wp-content\/uploads\/2020\/10\/factory-1.jpg 1024w, https:\/\/www.linkseride.com\/wp-content\/uploads\/2020\/10\/factory-1-300x200.jpg 300w, https:\/\/www.linkseride.com\/wp-content\/uploads\/2020\/10\/factory-1-768x512.jpg 768w, https:\/\/www.linkseride.com\/wp-content\/uploads\/2020\/10\/factory-1-600x400.jpg 600w\" sizes=\"(max-width: 1024px) 100vw, 1024px\" \/>\n\t\t\t<\/div><\/figure>\n\t\t<\/div>\n\n<p>&nbsp;<\/p>\n<p>embalaje y carga:<\/p>\n<div id='gallery-5' class='gallery galleryid-1951 gallery-columns-2 gallery-size-full'><figure class='gallery-item'>\n\t\t\t<div class='gallery-icon landscape'>\n\t\t\t\t<img loading=\"lazy\" decoding=\"async\" width=\"1024\" height=\"683\" src=\"https:\/\/www.linkseride.com\/wp-content\/uploads\/2020\/10\/loading-2.jpg\" class=\"attachment-full size-full\" alt=\"patinete el\u00e9ctrico de ruedas anchas f\u00e1brica de patinetes en China venta al por mayor de patinetes el\u00e9ctricos\" srcset=\"https:\/\/www.linkseride.com\/wp-content\/uploads\/2020\/10\/loading-2.jpg 1024w, https:\/\/www.linkseride.com\/wp-content\/uploads\/2020\/10\/loading-2-300x200.jpg 300w, https:\/\/www.linkseride.com\/wp-content\/uploads\/2020\/10\/loading-2-768x512.jpg 768w, https:\/\/www.linkseride.com\/wp-content\/uploads\/2020\/10\/loading-2-600x400.jpg 600w\" sizes=\"(max-width: 1024px) 100vw, 1024px\" \/>\n\t\t\t<\/div><\/figure><figure class='gallery-item'>\n\t\t\t<div class='gallery-icon landscape'>\n\t\t\t\t<img loading=\"lazy\" decoding=\"async\" width=\"1024\" height=\"683\" src=\"https:\/\/www.linkseride.com\/wp-content\/uploads\/2020\/10\/loading-1.jpg\" class=\"attachment-full size-full\" alt=\"F\u00e1brica de scooters el\u00e9ctricos Harley en China\" srcset=\"https:\/\/www.linkseride.com\/wp-content\/uploads\/2020\/10\/loading-1.jpg 1024w, https:\/\/www.linkseride.com\/wp-content\/uploads\/2020\/10\/loading-1-300x200.jpg 300w, https:\/\/www.linkseride.com\/wp-content\/uploads\/2020\/10\/loading-1-768x512.jpg 768w, https:\/\/www.linkseride.com\/wp-content\/uploads\/2020\/10\/loading-1-600x400.jpg 600w\" sizes=\"(max-width: 1024px) 100vw, 1024px\" \/>\n\t\t\t<\/div><\/figure>\n\t\t<\/div>","protected":false},"excerpt":{"rendered":"<p>\u25cf Certificados: Homologado para circular por carretera con certificado EEC y COC.<\/p>\n<p>\u25cf Nuevo contrato de alquiler de 2020 para la scooter el\u00e9ctrica Harley Citycoco<\/p>\n<p>\u25cf Los neum\u00e1ticos anchos y gruesos mantienen este patineta equilibrado por s\u00ed solo. Aunque viene equipado con un soporte, realmente no lo necesitar\u00e1s.<\/p>\n<p>\u25cf El motor sin escobillas de 2000 W del cubo de la scooter proporciona a esta scooter el\u00e9ctrica para adultos una velocidad m\u00e1xima de 45 km\/h.<\/p>\n<p>\u25cf Las scooters para adultos con luces LED delanteras y traseras garantizan que veas y seas visto.<\/p>\n<p>\u25cf El sistema de visualizaci\u00f3n de energ\u00eda LCD muestra de forma m\u00e1s clara el estado de la bater\u00eda al usuario.<\/p>","protected":false},"featured_media":3640,"template":"","meta":{"site-sidebar-layout":"default","site-content-layout":"default","ast-site-content-layout":"default","site-content-style":"default","site-sidebar-style":"default","ast-global-header-display":"","ast-banner-title-visibility":"","ast-main-header-display":"","ast-hfb-above-header-display":"","ast-hfb-below-header-display":"","ast-hfb-mobile-header-display":"","site-post-title":"","ast-breadcrumbs-content":"","ast-featured-img":"","footer-sml-layout":"","ast-disable-related-posts":"","theme-transparent-header-meta":"default","adv-header-id-meta":"","stick-header-meta":"","header-above-stick-meta":"","header-main-stick-meta":"","header-below-stick-meta":"","astra-migrate-meta-layouts":"default","ast-page-background-enabled":"default","ast-page-background-meta":{"desktop":{"background-color":"","background-image":"","background-repeat":"repeat","background-position":"center center","background-size":"auto","background-attachment":"scroll","background-type":"","background-media":"","overlay-type":"","overlay-color":"","overlay-opacity":"","overlay-gradient":""},"tablet":{"background-color":"","background-image":"","background-repeat":"repeat","background-position":"center center","background-size":"auto","background-attachment":"scroll","background-type":"","background-media":"","overlay-type":"","overlay-color":"","overlay-opacity":"","overlay-gradient":""},"mobile":{"background-color":"","background-image":"","background-repeat":"repeat","background-position":"center center","background-size":"auto","background-attachment":"scroll","background-type":"","background-media":"","overlay-type":"","overlay-color":"","overlay-opacity":"","overlay-gradient":""}},"ast-content-background-meta":{"desktop":{"background-color":"var(--ast-global-color-5)","background-image":"","background-repeat":"repeat","background-position":"center center","background-size":"auto","background-attachment":"scroll","background-type":"","background-media":"","overlay-type":"","overlay-color":"","overlay-opacity":"","overlay-gradient":""},"tablet":{"background-color":"var(--ast-global-color-5)","background-image":"","background-repeat":"repeat","background-position":"center center","background-size":"auto","background-attachment":"scroll","background-type":"","background-media":"","overlay-type":"","overlay-color":"","overlay-opacity":"","overlay-gradient":""},"mobile":{"background-color":"var(--ast-global-color-5)","background-image":"","background-repeat":"repeat","background-position":"center center","background-size":"auto","background-attachment":"scroll","background-type":"","background-media":"","overlay-type":"","overlay-color":"","overlay-opacity":"","overlay-gradient":""}}},"product_brand":[],"product_cat":[27],"product_tag":[],"class_list":{"0":"post-1951","1":"product","2":"type-product","3":"status-publish","4":"has-post-thumbnail","6":"product_cat-electric-motorcycle","7":"desktop-align-left","8":"tablet-align-left","9":"mobile-align-left","11":"first","12":"instock","13":"shipping-taxable","14":"product-type-simple"},"_links":{"self":[{"href":"https:\/\/www.linkseride.com\/es\/wp-json\/wp\/v2\/product\/1951","targetHints":{"allow":["GET"]}}],"collection":[{"href":"https:\/\/www.linkseride.com\/es\/wp-json\/wp\/v2\/product"}],"about":[{"href":"https:\/\/www.linkseride.com\/es\/wp-json\/wp\/v2\/types\/product"}],"wp:featuredmedia":[{"embeddable":true,"href":"https:\/\/www.linkseride.com\/es\/wp-json\/wp\/v2\/media\/3640"}],"wp:attachment":[{"href":"https:\/\/www.linkseride.com\/es\/wp-json\/wp\/v2\/media?parent=1951"}],"wp:term":[{"taxonomy":"product_brand","embeddable":true,"href":"https:\/\/www.linkseride.com\/es\/wp-json\/wp\/v2\/product_brand?post=1951"},{"taxonomy":"product_cat","embeddable":true,"href":"https:\/\/www.linkseride.com\/es\/wp-json\/wp\/v2\/product_cat?post=1951"},{"taxonomy":"product_tag","embeddable":true,"href":"https:\/\/www.linkseride.com\/es\/wp-json\/wp\/v2\/product_tag?post=1951"}],"curies":[{"name":"wp","href":"https:\/\/api.w.org\/{rel}","templated":true}]}}