{"id":1960,"date":"2020-10-25T11:53:09","date_gmt":"2020-10-25T11:53:09","guid":{"rendered":"http:\/\/linkseride.com\/?post_type=product&#038;p=1960"},"modified":"2021-06-01T04:44:53","modified_gmt":"2021-06-01T04:44:53","slug":"lec-06-patineta-electrica-con-ruedas-gruesas-de-2000-w","status":"publish","type":"product","link":"https:\/\/www.linkseride.com\/es\/product\/lec-06-2000w-fat-wheels-electric-scooter\/","title":{"rendered":"LEC-6.0 2000 W Citycoco Patineta el\u00e9ctrica con ruedas gruesas"},"content":{"rendered":"<p>Esta motocicleta el\u00e9ctrica con ruedas gruesas y legal tiene un aspecto futurista. La \u00faltima tecnolog\u00eda el\u00e9ctrica y de bater\u00edas, junto con un innovador dise\u00f1o de chasis y suspensi\u00f3n, le dan una gran ventaja en el mercado actual de las motocicletas el\u00e9ctricas. \u00a1Tambi\u00e9n tendremos una opci\u00f3n mejorada de alta velocidad en el pr\u00f3ximo a\u00f1o 2021! \u00a1Cont\u00e1ctenos para obtener m\u00e1s informaci\u00f3n!<\/p>","protected":false},"excerpt":{"rendered":"<p>\u25cf Certificados: Homologado para circular por carretera con certificado EEC y COC.<\/p>\n<p>\u25cf Nuevo contrato de alquiler para 2020 de patinetes el\u00e9ctricos con ruedas gruesas estilo Harley Citycoco.<\/p>\n<p>\u25cf Los neum\u00e1ticos anchos y gruesos mantienen este patineta equilibrado por s\u00ed solo. Aunque viene equipado con un soporte, realmente no lo necesitar\u00e1s.<\/p>\n<p>\u25cf El motor sin escobillas de 2000 W del cubo de la scooter proporciona a esta scooter el\u00e9ctrica para adultos una velocidad m\u00e1xima de 45 km\/h.<\/p>\n<p>\u25cf Las scooters para adultos con luces LED delanteras y traseras garantizan que veas y seas visto.<\/p>\n<p>\u25cf El sistema de visualizaci\u00f3n de energ\u00eda LCD muestra de forma m\u00e1s clara el estado de la bater\u00eda al usuario.<\/p>\n<p>&nbsp;<\/p>","protected":false},"featured_media":1961,"template":"","meta":{"site-sidebar-layout":"default","site-content-layout":"default","ast-site-content-layout":"default","site-content-style":"default","site-sidebar-style":"default","ast-global-header-display":"","ast-banner-title-visibility":"","ast-main-header-display":"","ast-hfb-above-header-display":"","ast-hfb-below-header-display":"","ast-hfb-mobile-header-display":"","site-post-title":"","ast-breadcrumbs-content":"","ast-featured-img":"","footer-sml-layout":"","ast-disable-related-posts":"","theme-transparent-header-meta":"default","adv-header-id-meta":"","stick-header-meta":"","header-above-stick-meta":"","header-main-stick-meta":"","header-below-stick-meta":"","astra-migrate-meta-layouts":"default","ast-page-background-enabled":"default","ast-page-background-meta":{"desktop":{"background-color":"","background-image":"","background-repeat":"repeat","background-position":"center center","background-size":"auto","background-attachment":"scroll","background-type":"","background-media":"","overlay-type":"","overlay-color":"","overlay-opacity":"","overlay-gradient":""},"tablet":{"background-color":"","background-image":"","background-repeat":"repeat","background-position":"center center","background-size":"auto","background-attachment":"scroll","background-type":"","background-media":"","overlay-type":"","overlay-color":"","overlay-opacity":"","overlay-gradient":""},"mobile":{"background-color":"","background-image":"","background-repeat":"repeat","background-position":"center center","background-size":"auto","background-attachment":"scroll","background-type":"","background-media":"","overlay-type":"","overlay-color":"","overlay-opacity":"","overlay-gradient":""}},"ast-content-background-meta":{"desktop":{"background-color":"var(--ast-global-color-5)","background-image":"","background-repeat":"repeat","background-position":"center center","background-size":"auto","background-attachment":"scroll","background-type":"","background-media":"","overlay-type":"","overlay-color":"","overlay-opacity":"","overlay-gradient":""},"tablet":{"background-color":"var(--ast-global-color-5)","background-image":"","background-repeat":"repeat","background-position":"center center","background-size":"auto","background-attachment":"scroll","background-type":"","background-media":"","overlay-type":"","overlay-color":"","overlay-opacity":"","overlay-gradient":""},"mobile":{"background-color":"var(--ast-global-color-5)","background-image":"","background-repeat":"repeat","background-position":"center center","background-size":"auto","background-attachment":"scroll","background-type":"","background-media":"","overlay-type":"","overlay-color":"","overlay-opacity":"","overlay-gradient":""}}},"product_brand":[],"product_cat":[27],"product_tag":[],"class_list":{"0":"post-1960","1":"product","2":"type-product","3":"status-publish","4":"has-post-thumbnail","6":"product_cat-electric-motorcycle","7":"desktop-align-left","8":"tablet-align-left","9":"mobile-align-left","11":"first","12":"instock","13":"shipping-taxable","14":"purchasable","15":"product-type-simple"},"_links":{"self":[{"href":"https:\/\/www.linkseride.com\/es\/wp-json\/wp\/v2\/product\/1960","targetHints":{"allow":["GET"]}}],"collection":[{"href":"https:\/\/www.linkseride.com\/es\/wp-json\/wp\/v2\/product"}],"about":[{"href":"https:\/\/www.linkseride.com\/es\/wp-json\/wp\/v2\/types\/product"}],"wp:featuredmedia":[{"embeddable":true,"href":"https:\/\/www.linkseride.com\/es\/wp-json\/wp\/v2\/media\/1961"}],"wp:attachment":[{"href":"https:\/\/www.linkseride.com\/es\/wp-json\/wp\/v2\/media?parent=1960"}],"wp:term":[{"taxonomy":"product_brand","embeddable":true,"href":"https:\/\/www.linkseride.com\/es\/wp-json\/wp\/v2\/product_brand?post=1960"},{"taxonomy":"product_cat","embeddable":true,"href":"https:\/\/www.linkseride.com\/es\/wp-json\/wp\/v2\/product_cat?post=1960"},{"taxonomy":"product_tag","embeddable":true,"href":"https:\/\/www.linkseride.com\/es\/wp-json\/wp\/v2\/product_tag?post=1960"}],"curies":[{"name":"wp","href":"https:\/\/api.w.org\/{rel}","templated":true}]}}