{"id":3177,"date":"2021-04-21T09:57:42","date_gmt":"2021-04-21T09:57:42","guid":{"rendered":"http:\/\/linkseride.com\/?post_type=product&#038;p=3177"},"modified":"2024-01-10T07:07:57","modified_gmt":"2024-01-10T07:07:57","slug":"fabrica-de-scooters-de-china-scooter-electrico","status":"publish","type":"product","link":"https:\/\/www.linkseride.com\/es\/product\/china-scooter-factory-electric-scooter\/","title":{"rendered":"LEM-10 F\u00e1brica de scooters de China Scooter el\u00e9ctrico EEC Nuevo modelo 2021"},"content":{"rendered":"<p>Como f\u00e1brica china de scooters con tantos a\u00f1os de experiencia en el sector el\u00e9ctrico, sabemos en qu\u00e9 aspectos destacamos y en cu\u00e1les no. Confiamos en el control de calidad de nuestros scooters, que se someten a una inspecci\u00f3n 100% antes de su env\u00edo. Sin embargo, en materia de innovaci\u00f3n, estamos un poco por detr\u00e1s de otras f\u00e1bricas chinas de scooters, como Xiaomi, Supersoco o Horwin. Para este nuevo modelo 2021, hemos mejorado el sistema de bater\u00eda al igual que Mi y hemos aprendido de otros para adaptarnos mejor al mercado. En combinaci\u00f3n con nuestro sistema de control de calidad, este nuevo modelo le ayudar\u00e1 a obtener m\u00e1s beneficios durante las ventas.<\/p>\n<div id='gallery-1' class='gallery galleryid-3177 gallery-columns-3 gallery-size-full'><figure class='gallery-item'>\n\t\t\t<div class='gallery-icon landscape'>\n\t\t\t\t<img fetchpriority=\"high\" decoding=\"async\" width=\"645\" height=\"360\" src=\"https:\/\/www.linkseride.com\/wp-content\/uploads\/2021\/04\/1.jpg\" class=\"attachment-full size-full\" alt=\"\" srcset=\"https:\/\/www.linkseride.com\/wp-content\/uploads\/2021\/04\/1.jpg 645w, https:\/\/www.linkseride.com\/wp-content\/uploads\/2021\/04\/1-300x167.jpg 300w, https:\/\/www.linkseride.com\/wp-content\/uploads\/2021\/04\/1-600x335.jpg 600w\" sizes=\"(max-width: 645px) 100vw, 645px\" \/>\n\t\t\t<\/div><\/figure><figure class='gallery-item'>\n\t\t\t<div class='gallery-icon landscape'>\n\t\t\t\t<img decoding=\"async\" width=\"645\" height=\"360\" src=\"https:\/\/www.linkseride.com\/wp-content\/uploads\/2021\/04\/2.jpg\" class=\"attachment-full size-full\" alt=\"F\u00e1brica de scooters de China\" srcset=\"https:\/\/www.linkseride.com\/wp-content\/uploads\/2021\/04\/2.jpg 645w, https:\/\/www.linkseride.com\/wp-content\/uploads\/2021\/04\/2-300x167.jpg 300w, https:\/\/www.linkseride.com\/wp-content\/uploads\/2021\/04\/2-600x335.jpg 600w\" sizes=\"(max-width: 645px) 100vw, 645px\" \/>\n\t\t\t<\/div><\/figure><figure class='gallery-item'>\n\t\t\t<div class='gallery-icon landscape'>\n\t\t\t\t<img decoding=\"async\" width=\"645\" height=\"360\" src=\"https:\/\/www.linkseride.com\/wp-content\/uploads\/2021\/04\/3.jpg\" class=\"attachment-full size-full\" alt=\"F\u00e1brica de scooters de China\" srcset=\"https:\/\/www.linkseride.com\/wp-content\/uploads\/2021\/04\/3.jpg 645w, https:\/\/www.linkseride.com\/wp-content\/uploads\/2021\/04\/3-300x167.jpg 300w, https:\/\/www.linkseride.com\/wp-content\/uploads\/2021\/04\/3-600x335.jpg 600w\" sizes=\"(max-width: 645px) 100vw, 645px\" \/>\n\t\t\t<\/div><\/figure>\n\t\t<\/div>\n\n<h4>Caracter\u00edsticas detalladas de la f\u00e1brica china de scooters Scooter el\u00e9ctrico EEC<\/h4>\n<h5>Dise\u00f1o frontal de alta costura y pantalla LCD<\/h5>\n<p>Panel frontal de dise\u00f1o sencillo con luces LED homologadas E-mark integradas para garantizar tu seguridad durante la noche. Se combina con la pantalla LCD para ofrecerte informaci\u00f3n clara sobre la velocidad durante la conducci\u00f3n.<\/p>\n<p>&nbsp;<\/p>\n<div class=\"rte\">\n<div class=\"rte\">\n<div id='gallery-2' class='gallery galleryid-3177 gallery-columns-3 gallery-size-full'><figure class='gallery-item'>\n\t\t\t<div class='gallery-icon landscape'>\n\t\t\t\t<img loading=\"lazy\" decoding=\"async\" width=\"645\" height=\"360\" src=\"https:\/\/www.linkseride.com\/wp-content\/uploads\/2021\/04\/1.-front-look.jpg\" class=\"attachment-full size-full\" alt=\"Cabecera frontal de la f\u00e1brica de scooters de China\" srcset=\"https:\/\/www.linkseride.com\/wp-content\/uploads\/2021\/04\/1.-front-look.jpg 645w, https:\/\/www.linkseride.com\/wp-content\/uploads\/2021\/04\/1.-front-look-300x167.jpg 300w, https:\/\/www.linkseride.com\/wp-content\/uploads\/2021\/04\/1.-front-look-600x335.jpg 600w\" sizes=\"(max-width: 645px) 100vw, 645px\" \/>\n\t\t\t<\/div><\/figure><figure class='gallery-item'>\n\t\t\t<div class='gallery-icon landscape'>\n\t\t\t\t<img loading=\"lazy\" decoding=\"async\" width=\"645\" height=\"360\" src=\"https:\/\/www.linkseride.com\/wp-content\/uploads\/2021\/04\/1.-header.jpg\" class=\"attachment-full size-full\" alt=\"Cabecera frontal de la f\u00e1brica de scooters de China\" srcset=\"https:\/\/www.linkseride.com\/wp-content\/uploads\/2021\/04\/1.-header.jpg 645w, https:\/\/www.linkseride.com\/wp-content\/uploads\/2021\/04\/1.-header-300x167.jpg 300w, https:\/\/www.linkseride.com\/wp-content\/uploads\/2021\/04\/1.-header-600x335.jpg 600w\" sizes=\"(max-width: 645px) 100vw, 645px\" \/>\n\t\t\t<\/div><\/figure><figure class='gallery-item'>\n\t\t\t<div class='gallery-icon landscape'>\n\t\t\t\t<img loading=\"lazy\" decoding=\"async\" width=\"645\" height=\"360\" src=\"https:\/\/www.linkseride.com\/wp-content\/uploads\/2021\/04\/1.-LCD-display.jpg\" class=\"attachment-full size-full\" alt=\"Pantalla LCD de f\u00e1brica de scooters de China\" srcset=\"https:\/\/www.linkseride.com\/wp-content\/uploads\/2021\/04\/1.-LCD-display.jpg 645w, https:\/\/www.linkseride.com\/wp-content\/uploads\/2021\/04\/1.-LCD-display-300x167.jpg 300w, https:\/\/www.linkseride.com\/wp-content\/uploads\/2021\/04\/1.-LCD-display-600x335.jpg 600w\" sizes=\"(max-width: 645px) 100vw, 645px\" \/>\n\t\t\t<\/div><\/figure>\n\t\t<\/div>\n\n<\/div>\n<\/div>\n<h5 class=\"h5--accent strong home--uppercase\">Llantas sin c\u00e1mara de aluminio de 12\u2033<\/h5>\n<div class=\"rte\">\n<p>Neum\u00e1tico de 12 pulgadas, doble amortiguador y suspensi\u00f3n trasera con doble brazo oscilante. Motor en el buje, sistema CBS, cubierta trasera de aluminio para crear una sensaci\u00f3n de alta tecnolog\u00eda.<\/p>\n<\/div>\n<div class=\"rte\">\n<div id='gallery-3' class='gallery galleryid-3177 gallery-columns-2 gallery-size-full'><figure class='gallery-item'>\n\t\t\t<div class='gallery-icon landscape'>\n\t\t\t\t<img loading=\"lazy\" decoding=\"async\" width=\"645\" height=\"360\" src=\"https:\/\/www.linkseride.com\/wp-content\/uploads\/2021\/04\/2.-rear-tire.jpg\" class=\"attachment-full size-full\" alt=\"Neum\u00e1tico trasero para f\u00e1brica de scooters en China\" srcset=\"https:\/\/www.linkseride.com\/wp-content\/uploads\/2021\/04\/2.-rear-tire.jpg 645w, https:\/\/www.linkseride.com\/wp-content\/uploads\/2021\/04\/2.-rear-tire-300x167.jpg 300w, https:\/\/www.linkseride.com\/wp-content\/uploads\/2021\/04\/2.-rear-tire-600x335.jpg 600w\" sizes=\"(max-width: 645px) 100vw, 645px\" \/>\n\t\t\t<\/div><\/figure><figure class='gallery-item'>\n\t\t\t<div class='gallery-icon landscape'>\n\t\t\t\t<img loading=\"lazy\" decoding=\"async\" width=\"645\" height=\"360\" src=\"https:\/\/www.linkseride.com\/wp-content\/uploads\/2021\/04\/2.-front-tire.jpg\" class=\"attachment-full size-full\" alt=\"Neum\u00e1tico delantero para f\u00e1brica de scooters en China\" srcset=\"https:\/\/www.linkseride.com\/wp-content\/uploads\/2021\/04\/2.-front-tire.jpg 645w, https:\/\/www.linkseride.com\/wp-content\/uploads\/2021\/04\/2.-front-tire-300x167.jpg 300w, https:\/\/www.linkseride.com\/wp-content\/uploads\/2021\/04\/2.-front-tire-600x335.jpg 600w\" sizes=\"(max-width: 645px) 100vw, 645px\" \/>\n\t\t\t<\/div><\/figure>\n\t\t<\/div>\n\n<h5 class=\"h5--accent strong home--uppercase\">Bater\u00eda de iones de litio extra\u00edble de 60 V y 26 Ah<\/h5>\n<div class=\"rte\">\n<p>2 juegos de bater\u00edas de iones de litio extra\u00edbles de 60 V y 26 Ah te garantizan un largo recorrido sin preocuparte por la bater\u00eda. La autonom\u00eda m\u00e1xima puede alcanzar los 120 km con 2 bater\u00edas. Adem\u00e1s, las bater\u00edas de iones de litio son f\u00e1ciles de transportar y se cargan completamente en 4-6 horas cada una. Tambi\u00e9n dispone de puerto de carga r\u00e1pida.<\/p>\n<\/div>\n<\/div>\n<div id='gallery-4' class='gallery galleryid-3177 gallery-columns-2 gallery-size-full'><figure class='gallery-item'>\n\t\t\t<div class='gallery-icon landscape'>\n\t\t\t\t<img loading=\"lazy\" decoding=\"async\" width=\"645\" height=\"360\" src=\"https:\/\/www.linkseride.com\/wp-content\/uploads\/2021\/04\/3.-battery.jpg\" class=\"attachment-full size-full\" alt=\"F\u00e1brica de scooters en China\" srcset=\"https:\/\/www.linkseride.com\/wp-content\/uploads\/2021\/04\/3.-battery.jpg 645w, https:\/\/www.linkseride.com\/wp-content\/uploads\/2021\/04\/3.-battery-300x167.jpg 300w, https:\/\/www.linkseride.com\/wp-content\/uploads\/2021\/04\/3.-battery-600x335.jpg 600w\" sizes=\"(max-width: 645px) 100vw, 645px\" \/>\n\t\t\t<\/div><\/figure><figure class='gallery-item'>\n\t\t\t<div class='gallery-icon landscape'>\n\t\t\t\t<img loading=\"lazy\" decoding=\"async\" width=\"645\" height=\"360\" src=\"https:\/\/www.linkseride.com\/wp-content\/uploads\/2021\/04\/3.-fast-charge-port.jpg\" class=\"attachment-full size-full\" alt=\"F\u00e1brica de scooters en China\" srcset=\"https:\/\/www.linkseride.com\/wp-content\/uploads\/2021\/04\/3.-fast-charge-port.jpg 645w, https:\/\/www.linkseride.com\/wp-content\/uploads\/2021\/04\/3.-fast-charge-port-300x167.jpg 300w, https:\/\/www.linkseride.com\/wp-content\/uploads\/2021\/04\/3.-fast-charge-port-600x335.jpg 600w\" sizes=\"(max-width: 645px) 100vw, 645px\" \/>\n\t\t\t<\/div><\/figure>\n\t\t<\/div>\n\n<h5 class=\"h5--accent strong home--uppercase\">Sistema de arranque sin llave<\/h5>\n<div class=\"rte\">\n<p>Dise\u00f1ado especialmente para los botones de arranque de este modelo. Presione para arrancar sin girar las llaves, igual que en los autom\u00f3viles. Sencillo y f\u00e1cil.<\/p>\n<\/div>\n<div class=\"rte\">\n<div id='gallery-5' class='gallery galleryid-3177 gallery-columns-2 gallery-size-full'><figure class='gallery-item'>\n\t\t\t<div class='gallery-icon landscape'>\n\t\t\t\t<img loading=\"lazy\" decoding=\"async\" width=\"645\" height=\"360\" src=\"https:\/\/www.linkseride.com\/wp-content\/uploads\/2021\/04\/4.-keys-and-keyhole.jpg\" class=\"attachment-full size-full\" alt=\"F\u00e1brica de scooters en China\" srcset=\"https:\/\/www.linkseride.com\/wp-content\/uploads\/2021\/04\/4.-keys-and-keyhole.jpg 645w, https:\/\/www.linkseride.com\/wp-content\/uploads\/2021\/04\/4.-keys-and-keyhole-300x167.jpg 300w, https:\/\/www.linkseride.com\/wp-content\/uploads\/2021\/04\/4.-keys-and-keyhole-600x335.jpg 600w\" sizes=\"(max-width: 645px) 100vw, 645px\" \/>\n\t\t\t<\/div><\/figure><figure class='gallery-item'>\n\t\t\t<div class='gallery-icon landscape'>\n\t\t\t\t<img loading=\"lazy\" decoding=\"async\" width=\"645\" height=\"360\" src=\"https:\/\/www.linkseride.com\/wp-content\/uploads\/2021\/04\/4.-keys.jpg\" class=\"attachment-full size-full\" alt=\"F\u00e1brica de scooters en China\" srcset=\"https:\/\/www.linkseride.com\/wp-content\/uploads\/2021\/04\/4.-keys.jpg 645w, https:\/\/www.linkseride.com\/wp-content\/uploads\/2021\/04\/4.-keys-300x167.jpg 300w, https:\/\/www.linkseride.com\/wp-content\/uploads\/2021\/04\/4.-keys-600x335.jpg 600w\" sizes=\"(max-width: 645px) 100vw, 645px\" \/>\n\t\t\t<\/div><\/figure>\n\t\t<\/div>\n\n<\/div>\n<h5 class=\"h5--accent strong home--uppercase\">Luces LED traseras<\/h5>\n<div class=\"rte\">\n<div id='gallery-6' class='gallery galleryid-3177 gallery-columns-2 gallery-size-full'><figure class='gallery-item'>\n\t\t\t<div class='gallery-icon landscape'>\n\t\t\t\t<img loading=\"lazy\" decoding=\"async\" width=\"645\" height=\"360\" src=\"https:\/\/www.linkseride.com\/wp-content\/uploads\/2021\/04\/5.-rear-light.jpg\" class=\"attachment-full size-full\" alt=\"F\u00e1brica de scooters en China\" srcset=\"https:\/\/www.linkseride.com\/wp-content\/uploads\/2021\/04\/5.-rear-light.jpg 645w, https:\/\/www.linkseride.com\/wp-content\/uploads\/2021\/04\/5.-rear-light-300x167.jpg 300w, https:\/\/www.linkseride.com\/wp-content\/uploads\/2021\/04\/5.-rear-light-600x335.jpg 600w\" sizes=\"(max-width: 645px) 100vw, 645px\" \/>\n\t\t\t<\/div><\/figure><figure class='gallery-item'>\n\t\t\t<div class='gallery-icon landscape'>\n\t\t\t\t<img loading=\"lazy\" decoding=\"async\" width=\"645\" height=\"360\" src=\"https:\/\/www.linkseride.com\/wp-content\/uploads\/2021\/04\/5.-rear-light-2.jpg\" class=\"attachment-full size-full\" alt=\"F\u00e1brica de scooters en China\" srcset=\"https:\/\/www.linkseride.com\/wp-content\/uploads\/2021\/04\/5.-rear-light-2.jpg 645w, https:\/\/www.linkseride.com\/wp-content\/uploads\/2021\/04\/5.-rear-light-2-300x167.jpg 300w, https:\/\/www.linkseride.com\/wp-content\/uploads\/2021\/04\/5.-rear-light-2-600x335.jpg 600w\" sizes=\"(max-width: 645px) 100vw, 645px\" \/>\n\t\t\t<\/div><\/figure>\n\t\t<\/div>\n\n<\/div>\n<h5 class=\"h5--accent strong home--uppercase\">Portaequipajes trasero y soporte central resistente<\/h5>\n<div class=\"rte\">\n<p>Los accesorios est\u00e1ndar del portaequipajes trasero se adaptan a sus necesidades para instalar una caja de almacenamiento trasera. S\u00f3lido soporte central para garantizar la estabilidad del scooter cuando lo empuja hacia su cochera.<\/p>\n<\/div>\n<div class=\"rte\">\n<div id='gallery-7' class='gallery galleryid-3177 gallery-columns-2 gallery-size-full'><figure class='gallery-item'>\n\t\t\t<div class='gallery-icon landscape'>\n\t\t\t\t<img loading=\"lazy\" decoding=\"async\" width=\"645\" height=\"360\" src=\"https:\/\/www.linkseride.com\/wp-content\/uploads\/2021\/04\/6.-rear-rack.jpg\" class=\"attachment-full size-full\" alt=\"F\u00e1brica de scooters en China\" srcset=\"https:\/\/www.linkseride.com\/wp-content\/uploads\/2021\/04\/6.-rear-rack.jpg 645w, https:\/\/www.linkseride.com\/wp-content\/uploads\/2021\/04\/6.-rear-rack-300x167.jpg 300w, https:\/\/www.linkseride.com\/wp-content\/uploads\/2021\/04\/6.-rear-rack-600x335.jpg 600w\" sizes=\"(max-width: 645px) 100vw, 645px\" \/>\n\t\t\t<\/div><\/figure><figure class='gallery-item'>\n\t\t\t<div class='gallery-icon landscape'>\n\t\t\t\t<img loading=\"lazy\" decoding=\"async\" width=\"645\" height=\"360\" src=\"https:\/\/www.linkseride.com\/wp-content\/uploads\/2021\/04\/6.-support-stand.jpg\" class=\"attachment-full size-full\" alt=\"F\u00e1brica de scooters en China\" srcset=\"https:\/\/www.linkseride.com\/wp-content\/uploads\/2021\/04\/6.-support-stand.jpg 645w, https:\/\/www.linkseride.com\/wp-content\/uploads\/2021\/04\/6.-support-stand-300x167.jpg 300w, https:\/\/www.linkseride.com\/wp-content\/uploads\/2021\/04\/6.-support-stand-600x335.jpg 600w\" sizes=\"(max-width: 645px) 100vw, 645px\" \/>\n\t\t\t<\/div><\/figure>\n\t\t<\/div>\n\n<\/div>\n<p>Echa un vistazo a <a href=\"https:\/\/www.linkseride.com\/es\/fabricante-de-ciclomotores-electricos\/\" target=\"_blank\" rel=\"noopener\">aqu\u00ed<\/a> Si est\u00e1 buscando otros modelos de scooters el\u00e9ctricos.<\/p>\n<p>Aqu\u00ed puedes encontrar m\u00e1s videos de presentaci\u00f3n:\u00a0<a href=\"https:\/\/www.youtube.com\/channel\/UCw4wsO7M_kRsCHTxcFeqTAA\" target=\"_blank\" rel=\"noopener\">https:\/\/www.youtube.com\/channel\/UCw4wsO7M_kRsCHTxcFeqTAA<\/a><\/p>\n<div class=\"ast-oembed-container\" style=\"height: 100%;\"><iframe title=\"Patinete el\u00e9ctrico chino de largo alcance EEC probado 3000 W 45 km\/h\" width=\"500\" height=\"281\" src=\"https:\/\/www.youtube.com\/embed\/GXzO8C4ch8k?feature=oembed\" frameborder=\"0\" allow=\"accelerometer; autoplay; clipboard-write; encrypted-media; gyroscope; picture-in-picture; web-share\" referrerpolicy=\"strict-origin-when-cross-origin\" allowfullscreen><\/iframe><\/div>","protected":false},"excerpt":{"rendered":"<p>\u25cf Certificados: Scooter homologado para circular por carretera con certificado EURO 5 L1e-B EEC y COC.<\/p>\n<p>\u25cf Agregue un bot\u00f3n de marcha atr\u00e1s para su scooter con la f\u00e1brica de scooters de China.<\/p>\n<p>\u25cf 2 juegos de bater\u00edas de litio extra\u00edbles de 60 V y 26 Ah que le proporcionan una autonom\u00eda m\u00e1xima de hasta 120 km.<\/p>\n<p>\u25cf Bonito dise\u00f1o con bot\u00f3n de arranque sin llave, igual que en los autom\u00f3viles.<\/p>\n<p>\u25cf Puerto de carga USD para sus tel\u00e9fonos inteligentes.<\/p>","protected":false},"featured_media":3181,"template":"","meta":{"site-sidebar-layout":"default","site-content-layout":"default","ast-site-content-layout":"default","site-content-style":"default","site-sidebar-style":"default","ast-global-header-display":"","ast-banner-title-visibility":"","ast-main-header-display":"","ast-hfb-above-header-display":"","ast-hfb-below-header-display":"","ast-hfb-mobile-header-display":"","site-post-title":"","ast-breadcrumbs-content":"","ast-featured-img":"","footer-sml-layout":"","ast-disable-related-posts":"","theme-transparent-header-meta":"default","adv-header-id-meta":"","stick-header-meta":"","header-above-stick-meta":"","header-main-stick-meta":"","header-below-stick-meta":"","astra-migrate-meta-layouts":"set","ast-page-background-enabled":"default","ast-page-background-meta":{"desktop":{"background-color":"","background-image":"","background-repeat":"repeat","background-position":"center center","background-size":"auto","background-attachment":"scroll","background-type":"","background-media":"","overlay-type":"","overlay-color":"","overlay-opacity":"","overlay-gradient":""},"tablet":{"background-color":"","background-image":"","background-repeat":"repeat","background-position":"center center","background-size":"auto","background-attachment":"scroll","background-type":"","background-media":"","overlay-type":"","overlay-color":"","overlay-opacity":"","overlay-gradient":""},"mobile":{"background-color":"","background-image":"","background-repeat":"repeat","background-position":"center center","background-size":"auto","background-attachment":"scroll","background-type":"","background-media":"","overlay-type":"","overlay-color":"","overlay-opacity":"","overlay-gradient":""}},"ast-content-background-meta":{"desktop":{"background-color":"var(--ast-global-color-5)","background-image":"","background-repeat":"repeat","background-position":"center center","background-size":"auto","background-attachment":"scroll","background-type":"","background-media":"","overlay-type":"","overlay-color":"","overlay-opacity":"","overlay-gradient":""},"tablet":{"background-color":"var(--ast-global-color-5)","background-image":"","background-repeat":"repeat","background-position":"center center","background-size":"auto","background-attachment":"scroll","background-type":"","background-media":"","overlay-type":"","overlay-color":"","overlay-opacity":"","overlay-gradient":""},"mobile":{"background-color":"var(--ast-global-color-5)","background-image":"","background-repeat":"repeat","background-position":"center center","background-size":"auto","background-attachment":"scroll","background-type":"","background-media":"","overlay-type":"","overlay-color":"","overlay-opacity":"","overlay-gradient":""}}},"product_brand":[],"product_cat":[26],"product_tag":[],"class_list":{"0":"post-3177","1":"product","2":"type-product","3":"status-publish","4":"has-post-thumbnail","6":"product_cat-electric-moped","7":"desktop-align-left","8":"tablet-align-left","9":"mobile-align-left","11":"first","12":"instock","13":"shipping-taxable","14":"purchasable","15":"product-type-simple"},"_links":{"self":[{"href":"https:\/\/www.linkseride.com\/es\/wp-json\/wp\/v2\/product\/3177","targetHints":{"allow":["GET"]}}],"collection":[{"href":"https:\/\/www.linkseride.com\/es\/wp-json\/wp\/v2\/product"}],"about":[{"href":"https:\/\/www.linkseride.com\/es\/wp-json\/wp\/v2\/types\/product"}],"wp:featuredmedia":[{"embeddable":true,"href":"https:\/\/www.linkseride.com\/es\/wp-json\/wp\/v2\/media\/3181"}],"wp:attachment":[{"href":"https:\/\/www.linkseride.com\/es\/wp-json\/wp\/v2\/media?parent=3177"}],"wp:term":[{"taxonomy":"product_brand","embeddable":true,"href":"https:\/\/www.linkseride.com\/es\/wp-json\/wp\/v2\/product_brand?post=3177"},{"taxonomy":"product_cat","embeddable":true,"href":"https:\/\/www.linkseride.com\/es\/wp-json\/wp\/v2\/product_cat?post=3177"},{"taxonomy":"product_tag","embeddable":true,"href":"https:\/\/www.linkseride.com\/es\/wp-json\/wp\/v2\/product_tag?post=3177"}],"curies":[{"name":"wp","href":"https:\/\/api.w.org\/{rel}","templated":true}]}}