{"id":5113,"date":"2021-12-24T09:41:47","date_gmt":"2021-12-24T09:41:47","guid":{"rendered":"http:\/\/linkseride.com\/?post_type=product&#038;p=5113"},"modified":"2022-04-09T06:17:32","modified_gmt":"2022-04-09T06:17:32","slug":"60v30ah-lithium-battery-m8-scooter","status":"publish","type":"product","link":"https:\/\/www.linkseride.com\/es\/product\/60v30ah-lithium-battery-m8-scooter\/","title":{"rendered":"Bater\u00eda de litio de 60 V y 30 Ah para patinete, con conexi\u00f3n M8 extra\u00edble"},"content":{"rendered":"<h6>Linkseride 60V30Ah Lithium Battery M8 Removable Scooter Battery<\/h6>\n<p>&nbsp;<\/p>\n<p>Bater\u00eda de litio Quick Swap de 30 Ah: 60 V, capacidad de 30 Ah<br \/>\n1. Compatibilidad: Apto para motores de patineta de 1500 W, 2000 W y 3000 W<br \/>\n2. CE, RoHS, UN 38.3, FDS<br \/>\n3. Env\u00edo desde nuestros almacenes en EE. UU. y la UE, entrega a domicilio en 5-7 d\u00edas<\/p>\n<p>&nbsp;<\/p>\n<p>Tensi\u00f3n de carga: 67,2 V. Tensi\u00f3n nominal: 60 V.<br \/>\nPeso del paquete de bater\u00edas: unos 8,5 kg<br \/>\nEntrada: 110 V-240 V<br \/>\nCapacidad: mejorada a 30 Ah \/ 40 Ah<br \/>\nCorriente de descarga: 40 A \/ 50 A<br \/>\nTipo de bater\u00eda: bater\u00eda recargable de iones de litio.<br \/>\nTensi\u00f3n de salida: 40-67,2 V CC<br \/>\nCorriente de carga: 5 A<br \/>\nCorriente de carga: 5 A (est\u00e1ndar), 8,5 A (m\u00e1x.)<br \/>\nVida \u00fatil del producto: M\u00e1s de 1000 ciclos, profundidad de descarga (DOD) a 80%<br \/>\nTemperatura de carga: 0~45 \u00b0C<br \/>\nTemperatura de descarga: -20 a 60 \u00b0C<br \/>\nTemperatura de almacenamiento: -20 a 45 \u00b0C<\/p>\n<p>&nbsp;<\/p>\n<h6>Charging of the Lithium Battery\uff1a<\/h6>\n<p>\u2022 Se tarda entre 5 y 6 horas en cargar por completo una bater\u00eda de 30 Ah que est\u00e9 totalmente descargada<br \/>\n\u2022 Utilice siempre el cargador original que se incluye en el paquete para cargar la bater\u00eda<br \/>\n\u2022 Lo primero que debes hacer al recibir tus patinetes es poner la bater\u00eda a cargar<br \/>\n\u2022 Almacenamiento: Cargue o descargue la bater\u00eda hasta aproximadamente el 80 % de su capacidad antes de almacenarla. Cargue la bater\u00eda hasta aproximadamente el 80 % de su capacidad al menos una vez cada tres meses. Almacene la bater\u00eda a temperaturas comprendidas entre 5 \u00b0C y 20 \u00b0C (41 \u00b0F y 68 \u00b0F). Los puertos de descarga y carga deben mantenerse limpios en todo momento.<\/p>\n<h6>Precauciones de manejo:<\/h6>\n<p>\u2022 No desmonte, aplaste ni perfore una bater\u00eda.<br \/>\n\u2022 No cortocircuite los contactos externos de una bater\u00eda.<br \/>\n\u2022 No arroje la bater\u00eda al fuego ni al agua.<br \/>\n\u2022 No exponga la bater\u00eda a temperaturas superiores a 60 \u00b0C (140 \u00b0F).<br \/>\n\u2022 Mantenga la bater\u00eda fuera del alcance de los ni\u00f1os.<br \/>\n\u2022 Evite exponer la bater\u00eda a golpes o vibraciones excesivas. No utilice una bater\u00eda da\u00f1ada.<\/p>\n<h6>Transporte:<\/h6>\n<p>Compruebe siempre todas las normativas locales, nacionales e internacionales aplicables antes de transportar productos que contengan bater\u00edas de iones de litio. P\u00f3ngase en contacto con nosotros para obtener m\u00e1s informaci\u00f3n antes de realizar un pedido.<\/p>\n<p>Quick check here about how to install your M8 30ah lithium battery here<\/p>\n<div class=\"ast-oembed-container\" style=\"height: 100%;\"><iframe title=\"M8 Fat-tire Electric Scooter Citycoco Scooter Harley-shaped Citycoco Chopper Review Escooter Price\" width=\"500\" height=\"281\" src=\"https:\/\/www.youtube.com\/embed\/qL11MhI0EoE?feature=oembed\" frameborder=\"0\" allow=\"accelerometer; autoplay; clipboard-write; encrypted-media; gyroscope; picture-in-picture; web-share\" referrerpolicy=\"strict-origin-when-cross-origin\" allowfullscreen><\/iframe><\/div>\n<p class=\"p1\"><span class=\"s1\">M\u00e1s v\u00eddeos en nuestro canal de YouTube: <a href=\"https:\/\/www.youtube.com\/c\/LinksErideTech\" target=\"_blank\" rel=\"noopener\"><span class=\"s2\">https:\/\/www.youtube.com\/c\/LinksErideTech<\/span><\/a><\/span><\/p>\n<p>Si buscas otras piezas de repuesto para patinetes de ruedas gruesas, echa un vistazo aqu\u00ed: <a href=\"https:\/\/www.linkseride.com\/es\/fat-tire-scooter-accessories-scooter-parts\/\" target=\"_blank\" rel=\"noopener\">http:\/\/linkseride.com\/fat-tire-scooter-accessories-scooter-parts\/<\/a><\/p>","protected":false},"excerpt":{"rendered":"<p>\u25cf 60V30Ah Lithium Battery M8 Scooter Removable Battery<\/p>\n<p class=\"p1\"><span class=\"s1\">\u25cf<\/span><span class=\"s2\"> <b>Compatibilidad:<\/b> Aplicable a motores de patinete de 1500 W, 2000 W y 3000 W<\/span><\/p>\n<p class=\"p1\"><span class=\"s1\">\u25cf<\/span><span class=\"s2\"> <b>Existencias en almac\u00e9n:<\/b> Patinete con ruedas gruesas modelo M1P\/M2\/M8: existencias disponibles en los almacenes de EE. UU. y la UE<\/span><\/p>","protected":false},"featured_media":5114,"template":"","meta":{"site-sidebar-layout":"default","site-content-layout":"default","ast-site-content-layout":"default","site-content-style":"default","site-sidebar-style":"default","ast-global-header-display":"","ast-banner-title-visibility":"","ast-main-header-display":"","ast-hfb-above-header-display":"","ast-hfb-below-header-display":"","ast-hfb-mobile-header-display":"","site-post-title":"","ast-breadcrumbs-content":"","ast-featured-img":"","footer-sml-layout":"","ast-disable-related-posts":"","theme-transparent-header-meta":"default","adv-header-id-meta":"","stick-header-meta":"","header-above-stick-meta":"","header-main-stick-meta":"","header-below-stick-meta":"","astra-migrate-meta-layouts":"default","ast-page-background-enabled":"default","ast-page-background-meta":{"desktop":{"background-color":"","background-image":"","background-repeat":"repeat","background-position":"center center","background-size":"auto","background-attachment":"scroll","background-type":"","background-media":"","overlay-type":"","overlay-color":"","overlay-opacity":"","overlay-gradient":""},"tablet":{"background-color":"","background-image":"","background-repeat":"repeat","background-position":"center center","background-size":"auto","background-attachment":"scroll","background-type":"","background-media":"","overlay-type":"","overlay-color":"","overlay-opacity":"","overlay-gradient":""},"mobile":{"background-color":"","background-image":"","background-repeat":"repeat","background-position":"center center","background-size":"auto","background-attachment":"scroll","background-type":"","background-media":"","overlay-type":"","overlay-color":"","overlay-opacity":"","overlay-gradient":""}},"ast-content-background-meta":{"desktop":{"background-color":"var(--ast-global-color-5)","background-image":"","background-repeat":"repeat","background-position":"center center","background-size":"auto","background-attachment":"scroll","background-type":"","background-media":"","overlay-type":"","overlay-color":"","overlay-opacity":"","overlay-gradient":""},"tablet":{"background-color":"var(--ast-global-color-5)","background-image":"","background-repeat":"repeat","background-position":"center center","background-size":"auto","background-attachment":"scroll","background-type":"","background-media":"","overlay-type":"","overlay-color":"","overlay-opacity":"","overlay-gradient":""},"mobile":{"background-color":"var(--ast-global-color-5)","background-image":"","background-repeat":"repeat","background-position":"center center","background-size":"auto","background-attachment":"scroll","background-type":"","background-media":"","overlay-type":"","overlay-color":"","overlay-opacity":"","overlay-gradient":""}}},"product_brand":[],"product_cat":[15],"product_tag":[],"class_list":{"0":"post-5113","1":"product","2":"type-product","3":"status-publish","4":"has-post-thumbnail","6":"product_cat-uncategorized","7":"desktop-align-left","8":"tablet-align-left","9":"mobile-align-left","11":"first","12":"instock","13":"shipping-taxable","14":"product-type-simple"},"_links":{"self":[{"href":"https:\/\/www.linkseride.com\/es\/wp-json\/wp\/v2\/product\/5113","targetHints":{"allow":["GET"]}}],"collection":[{"href":"https:\/\/www.linkseride.com\/es\/wp-json\/wp\/v2\/product"}],"about":[{"href":"https:\/\/www.linkseride.com\/es\/wp-json\/wp\/v2\/types\/product"}],"wp:featuredmedia":[{"embeddable":true,"href":"https:\/\/www.linkseride.com\/es\/wp-json\/wp\/v2\/media\/5114"}],"wp:attachment":[{"href":"https:\/\/www.linkseride.com\/es\/wp-json\/wp\/v2\/media?parent=5113"}],"wp:term":[{"taxonomy":"product_brand","embeddable":true,"href":"https:\/\/www.linkseride.com\/es\/wp-json\/wp\/v2\/product_brand?post=5113"},{"taxonomy":"product_cat","embeddable":true,"href":"https:\/\/www.linkseride.com\/es\/wp-json\/wp\/v2\/product_cat?post=5113"},{"taxonomy":"product_tag","embeddable":true,"href":"https:\/\/www.linkseride.com\/es\/wp-json\/wp\/v2\/product_tag?post=5113"}],"curies":[{"name":"wp","href":"https:\/\/api.w.org\/{rel}","templated":true}]}}