{"id":6577,"date":"2022-04-18T07:48:30","date_gmt":"2022-04-18T07:48:30","guid":{"rendered":"http:\/\/linkseride.com\/?post_type=product&#038;p=6577"},"modified":"2026-01-07T06:51:12","modified_gmt":"2026-01-07T06:51:12","slug":"scooter-de-golf-individual-x7","status":"publish","type":"product","link":"https:\/\/www.linkseride.com\/es\/product\/x7-single-person-golf-scooter\/","title":{"rendered":"Linkseride X7 Single Person Golf Scooter Two Wheel Scooter"},"content":{"rendered":"<h2>Scooter de golf Linkseride X7 para una persona<\/h2>\n<p>Nos apasiona lo que estamos haciendo con nuestro futuro el\u00e9ctrico, incluyendo <strong>patinetes el\u00e9ctricos, <a href=\"https:\/\/www.linkseride.com\/es\/electric-motorcycle-manufacturer\/\" target=\"_blank\" rel=\"noopener\">patineta con llantas gruesas<\/a>, <a href=\"https:\/\/www.linkseride.com\/es\/electric-motorcycle-manufacturer\/\" target=\"_blank\" rel=\"noopener\">patineta citycoco<\/a>, <a href=\"https:\/\/www.linkseride.com\/es\/fabricante-de-ciclomotores-electricos\/\" target=\"_blank\" rel=\"noopener\">ciclomotor el\u00e9ctrico<\/a><\/strong> y dem\u00e1s.<\/p>\n<p>Este scooter de golf de dos ruedas para una persona utiliza una bater\u00eda de litio intercambiable, y el amplio reposapi\u00e9s permite una conducci\u00f3n c\u00f3moda y bien equilibrada.<\/p>\n<div id='gallery-1' class='gallery galleryid-6577 gallery-columns-2 gallery-size-full'><figure class='gallery-item'>\n\t\t\t<div class='gallery-icon landscape'>\n\t\t\t\t<img fetchpriority=\"high\" decoding=\"async\" width=\"1200\" height=\"1200\" src=\"https:\/\/www.linkseride.com\/wp-content\/uploads\/2022\/04\/linkseridetwowheelgolfscooterX7-1.jpg\" class=\"attachment-full size-full\" alt=\"scooter de golf para una sola persona\" srcset=\"https:\/\/www.linkseride.com\/wp-content\/uploads\/2022\/04\/linkseridetwowheelgolfscooterX7-1.jpg 1200w, https:\/\/www.linkseride.com\/wp-content\/uploads\/2022\/04\/linkseridetwowheelgolfscooterX7-1-300x300.jpg 300w, https:\/\/www.linkseride.com\/wp-content\/uploads\/2022\/04\/linkseridetwowheelgolfscooterX7-1-1024x1024.jpg 1024w, https:\/\/www.linkseride.com\/wp-content\/uploads\/2022\/04\/linkseridetwowheelgolfscooterX7-1-150x150.jpg 150w, https:\/\/www.linkseride.com\/wp-content\/uploads\/2022\/04\/linkseridetwowheelgolfscooterX7-1-768x768.jpg 768w, https:\/\/www.linkseride.com\/wp-content\/uploads\/2022\/04\/linkseridetwowheelgolfscooterX7-1-600x600.jpg 600w, https:\/\/www.linkseride.com\/wp-content\/uploads\/2022\/04\/linkseridetwowheelgolfscooterX7-1-100x100.jpg 100w\" sizes=\"(max-width: 1200px) 100vw, 1200px\" \/>\n\t\t\t<\/div><\/figure><figure class='gallery-item'>\n\t\t\t<div class='gallery-icon landscape'>\n\t\t\t\t<img decoding=\"async\" width=\"1200\" height=\"1200\" src=\"https:\/\/www.linkseride.com\/wp-content\/uploads\/2022\/04\/linkseridetwowheelgolfscooterX7-5.jpg\" class=\"attachment-full size-full\" alt=\"scooter de golf para una sola persona\" srcset=\"https:\/\/www.linkseride.com\/wp-content\/uploads\/2022\/04\/linkseridetwowheelgolfscooterX7-5.jpg 1200w, https:\/\/www.linkseride.com\/wp-content\/uploads\/2022\/04\/linkseridetwowheelgolfscooterX7-5-300x300.jpg 300w, https:\/\/www.linkseride.com\/wp-content\/uploads\/2022\/04\/linkseridetwowheelgolfscooterX7-5-1024x1024.jpg 1024w, https:\/\/www.linkseride.com\/wp-content\/uploads\/2022\/04\/linkseridetwowheelgolfscooterX7-5-150x150.jpg 150w, https:\/\/www.linkseride.com\/wp-content\/uploads\/2022\/04\/linkseridetwowheelgolfscooterX7-5-768x768.jpg 768w, https:\/\/www.linkseride.com\/wp-content\/uploads\/2022\/04\/linkseridetwowheelgolfscooterX7-5-600x600.jpg 600w, https:\/\/www.linkseride.com\/wp-content\/uploads\/2022\/04\/linkseridetwowheelgolfscooterX7-5-100x100.jpg 100w\" sizes=\"(max-width: 1200px) 100vw, 1200px\" \/>\n\t\t\t<\/div><\/figure>\n\t\t<\/div>\n\n<h2><\/h2>\n<h2><img decoding=\"async\" class=\"alignnone wp-image-11018 size-full\" src=\"https:\/\/www.linkseride.com\/wp-content\/uploads\/2022\/04\/X6X7-1.png\" alt=\"\" width=\"1280\" height=\"720\" srcset=\"https:\/\/www.linkseride.com\/wp-content\/uploads\/2022\/04\/X6X7-1.png 1280w, https:\/\/www.linkseride.com\/wp-content\/uploads\/2022\/04\/X6X7-1-300x169.png 300w, https:\/\/www.linkseride.com\/wp-content\/uploads\/2022\/04\/X6X7-1-1024x576.png 1024w, https:\/\/www.linkseride.com\/wp-content\/uploads\/2022\/04\/X6X7-1-768x432.png 768w, https:\/\/www.linkseride.com\/wp-content\/uploads\/2022\/04\/X6X7-1-600x338.png 600w\" sizes=\"(max-width: 1280px) 100vw, 1280px\" \/><\/h2>\n<h2>Different Rear Rack Options of this X7 Single Person Golf Scooter?<\/h2>\n<table style=\"border-collapse: collapse; width: 1137px; height: 575px;\" border=\"0\" width=\"307\" cellspacing=\"0\" cellpadding=\"0\">\n<tbody>\n<tr style=\"height: 68.00pt;\">\n<td class=\"et3\" style=\"height: 68pt; width: 102.45pt; text-align: center;\" width=\"102\" height=\"68\">\n<h5><strong>X7 two wheeler golf<\/strong><\/h5>\n<p>(standard)<\/td>\n<td class=\"et3\" style=\"width: 102.45pt; text-align: center;\" width=\"102\">\n<h5><strong>X7 1.0 two wheeler golf<\/strong><\/h5>\n<\/td>\n<td class=\"et3\" style=\"width: 102.45pt; text-align: center;\" width=\"102\">\n<h5><strong>X7 2.0 two wheeler golf<\/strong><\/h5>\n<p>(standard)<\/td>\n<\/tr>\n<tr style=\"height: 16.80pt;\">\n<td class=\"et3\" style=\"height: 16.80pt; width: 102.45pt;\" width=\"102\" height=\"16\"><img loading=\"lazy\" decoding=\"async\" class=\"size-medium wp-image-11412 aligncenter\" src=\"https:\/\/www.linkseride.com\/wp-content\/uploads\/2022\/04\/one-person-golf-scooter-1-300x300.jpg\" alt=\"Scooter de golf para una sola persona\" width=\"300\" height=\"300\" srcset=\"https:\/\/www.linkseride.com\/wp-content\/uploads\/2022\/04\/one-person-golf-scooter-1-300x300.jpg 300w, https:\/\/www.linkseride.com\/wp-content\/uploads\/2022\/04\/one-person-golf-scooter-1-1024x1024.jpg 1024w, https:\/\/www.linkseride.com\/wp-content\/uploads\/2022\/04\/one-person-golf-scooter-1-150x150.jpg 150w, https:\/\/www.linkseride.com\/wp-content\/uploads\/2022\/04\/one-person-golf-scooter-1-768x768.jpg 768w, https:\/\/www.linkseride.com\/wp-content\/uploads\/2022\/04\/one-person-golf-scooter-1-12x12.jpg 12w, https:\/\/www.linkseride.com\/wp-content\/uploads\/2022\/04\/one-person-golf-scooter-1-600x600.jpg 600w, https:\/\/www.linkseride.com\/wp-content\/uploads\/2022\/04\/one-person-golf-scooter-1-100x100.jpg 100w, https:\/\/www.linkseride.com\/wp-content\/uploads\/2022\/04\/one-person-golf-scooter-1.jpg 1040w\" sizes=\"(max-width: 300px) 100vw, 300px\" \/><\/td>\n<td class=\"et3\" style=\"width: 102.45pt;\" width=\"102\"><img loading=\"lazy\" decoding=\"async\" class=\"size-medium wp-image-11413 aligncenter\" src=\"https:\/\/www.linkseride.com\/wp-content\/uploads\/2022\/04\/one-person-golf-scooter-2-300x300.jpg\" alt=\"Scooter de golf para una sola persona\" width=\"300\" height=\"300\" srcset=\"https:\/\/www.linkseride.com\/wp-content\/uploads\/2022\/04\/one-person-golf-scooter-2-300x300.jpg 300w, https:\/\/www.linkseride.com\/wp-content\/uploads\/2022\/04\/one-person-golf-scooter-2-1024x1024.jpg 1024w, https:\/\/www.linkseride.com\/wp-content\/uploads\/2022\/04\/one-person-golf-scooter-2-150x150.jpg 150w, https:\/\/www.linkseride.com\/wp-content\/uploads\/2022\/04\/one-person-golf-scooter-2-768x768.jpg 768w, https:\/\/www.linkseride.com\/wp-content\/uploads\/2022\/04\/one-person-golf-scooter-2-12x12.jpg 12w, https:\/\/www.linkseride.com\/wp-content\/uploads\/2022\/04\/one-person-golf-scooter-2-600x600.jpg 600w, https:\/\/www.linkseride.com\/wp-content\/uploads\/2022\/04\/one-person-golf-scooter-2-100x100.jpg 100w, https:\/\/www.linkseride.com\/wp-content\/uploads\/2022\/04\/one-person-golf-scooter-2.jpg 1040w\" sizes=\"(max-width: 300px) 100vw, 300px\" \/><\/td>\n<td class=\"et3\" style=\"width: 102.45pt;\" width=\"102\"><img loading=\"lazy\" decoding=\"async\" class=\"size-medium wp-image-11406 aligncenter\" src=\"https:\/\/www.linkseride.com\/wp-content\/uploads\/2022\/04\/one-person-golf-scooter10-300x300.jpg\" alt=\"one person golf scooter\" width=\"300\" height=\"300\" srcset=\"https:\/\/www.linkseride.com\/wp-content\/uploads\/2022\/04\/one-person-golf-scooter10-300x300.jpg 300w, https:\/\/www.linkseride.com\/wp-content\/uploads\/2022\/04\/one-person-golf-scooter10-1024x1024.jpg 1024w, https:\/\/www.linkseride.com\/wp-content\/uploads\/2022\/04\/one-person-golf-scooter10-150x150.jpg 150w, https:\/\/www.linkseride.com\/wp-content\/uploads\/2022\/04\/one-person-golf-scooter10-768x768.jpg 768w, https:\/\/www.linkseride.com\/wp-content\/uploads\/2022\/04\/one-person-golf-scooter10-12x12.jpg 12w, https:\/\/www.linkseride.com\/wp-content\/uploads\/2022\/04\/one-person-golf-scooter10-600x600.jpg 600w, https:\/\/www.linkseride.com\/wp-content\/uploads\/2022\/04\/one-person-golf-scooter10-100x100.jpg 100w, https:\/\/www.linkseride.com\/wp-content\/uploads\/2022\/04\/one-person-golf-scooter10.jpg 1280w\" sizes=\"(max-width: 300px) 100vw, 300px\" \/><\/td>\n<\/tr>\n<tr style=\"height: 168.00pt;\">\n<td class=\"et3\" style=\"height: 168.00pt; width: 102.45pt;\" width=\"102\" height=\"168\">Note: standard X7 scooter (2 seats) adding the golf rack. 2 rack options to choose from. Detailed picture please confirm with our sales team. Email: <a href=\"mailto:info@linkseride.com\">info@linkseride.com<\/a><\/td>\n<td class=\"et3\" style=\"width: 102.45pt;\" width=\"102\">Note: OEM design with single seat. Adding rear basket for cooler box. OEM golf rack.<\/td>\n<td class=\"et3\" style=\"width: 102.45pt;\" width=\"102\">Note: Upgrade rear storage rack with rear golf rack. Single seat but with bigger size for better experience.<\/td>\n<\/tr>\n<\/tbody>\n<\/table>\n<h2>\u00bfCu\u00e1les son las caracter\u00edsticas de este scooter de golf individual X7?<\/h2>\n<ul>\n<li>Motor el\u00e9ctrico de buje con potencia nominal de 2000 W.<\/li>\n<li><strong>60 V<\/strong>\u00a0<strong>Bater\u00eda de 20 Ah <\/strong>ofrece un campo de m\u00e1s de 18 hoyos<\/li>\n<li>cargador est\u00e1ndar de 5 Ah, tiempo de carga de 4 a 6 horas<\/li>\n<li>Opci\u00f3n de 2 asientos con material acolchado para mejorar la sensaci\u00f3n al conducir.<\/li>\n<li>Soporte para palos de golf diferente opcional para OEM.<\/li>\n<\/ul>\n<table>\n<tbody>\n<tr>\n<td>Potencia del motor<\/td>\n<td>2000 W<\/td>\n<\/tr>\n<tr>\n<td>Velocidad m\u00e1xima<\/td>\n<td>45 km\/h<\/td>\n<\/tr>\n<tr>\n<td>Alcance m\u00e1ximo<\/td>\n<td>60 km<\/td>\n<\/tr>\n<tr>\n<td>Capacidad de la bater\u00eda<\/td>\n<td>60 V, 20 Ah<\/td>\n<\/tr>\n<tr>\n<td>Material del armaz\u00f3n<\/td>\n<td>Tubo de acero sin soldadura<\/td>\n<\/tr>\n<tr>\n<td>Llantas<\/td>\n<td>20 cm<\/td>\n<\/tr>\n<tr>\n<td>Carga m\u00e1xima<\/td>\n<td>200 kg<\/td>\n<\/tr>\n<tr>\n<td>Escalada m\u00e1xima<\/td>\n<td>30\u00b0<\/td>\n<\/tr>\n<tr>\n<td>Freno<\/td>\n<td>Freno de disco hidr\u00e1ulico delantero y trasero<\/td>\n<\/tr>\n<tr>\n<td>Tama\u00f1o del empaque<\/td>\n<td>191 x 37 x 85 cm<\/td>\n<\/tr>\n<tr>\n<td>N.W\/G.W<\/td>\n<td>89 kg<\/td>\n<\/tr>\n<\/tbody>\n<\/table>\n<h2>\u00bfPor qu\u00e9 elegir este tipo de scooter de golf para una persona?<\/h2>\n<p>Tambi\u00e9n tenemos otros modelos de scooters el\u00e9ctricos de golf para un solo pasajero. Si necesita m\u00e1s informaci\u00f3n, puede<a href=\"https:\/\/www.linkseride.com\/es\/fat-tire-golf-scooter-golf-cart-trouring\/\" target=\"_blank\" rel=\"noopener\"> Encu\u00e9ntralo aqu\u00ed.<\/a><\/p>\n<p>Aqu\u00ed puedes encontrar m\u00e1s videos de presentaci\u00f3n: <a href=\"https:\/\/www.youtube.com\/c\/LinksErideTech\" target=\"_blank\" rel=\"noopener\">https:\/\/www.youtube.com\/c\/LinksErideTech<\/a><\/p>\n<div class=\"ast-oembed-container\" style=\"height: 100%;\"><iframe title=\"Linkseride X7 Scooter el\u00e9ctrico de golf para un solo pasajero Scooter de dos ruedas\" width=\"500\" height=\"281\" src=\"https:\/\/www.youtube.com\/embed\/peoTQBpCvrg?feature=oembed&#038;enablejsapi=1&#038;origin=https:\/\/www.linkseride.com\" frameborder=\"0\" allow=\"accelerometer; autoplay; clipboard-write; encrypted-media; gyroscope; picture-in-picture; web-share\" referrerpolicy=\"strict-origin-when-cross-origin\" allowfullscreen><\/iframe><\/div>","protected":false},"excerpt":{"rendered":"<p>\u25cf Scooter de golf individual X7 con motor el\u00e9ctrico en el buje con una potencia nominal de 2000 W.<\/p>\n<p>\u25cf La bater\u00eda de 60 V y 20 Ah ofrece una autonom\u00eda de m\u00e1s de 18 hoyos.<\/p>\n<p>\u25cf Cargador est\u00e1ndar de 5 Ah, tiempo de carga de 4 a 6 horas.<\/p>\n<p>\u25cf Opci\u00f3n de 2 asientos con material acolchado para mejorar la sensaci\u00f3n al conducir.<\/p>","protected":false},"featured_media":6589,"template":"","meta":{"site-sidebar-layout":"default","site-content-layout":"default","ast-site-content-layout":"default","site-content-style":"default","site-sidebar-style":"default","ast-global-header-display":"","ast-banner-title-visibility":"","ast-main-header-display":"","ast-hfb-above-header-display":"","ast-hfb-below-header-display":"","ast-hfb-mobile-header-display":"","site-post-title":"","ast-breadcrumbs-content":"","ast-featured-img":"","footer-sml-layout":"","ast-disable-related-posts":"","theme-transparent-header-meta":"default","adv-header-id-meta":"","stick-header-meta":"","header-above-stick-meta":"","header-main-stick-meta":"","header-below-stick-meta":"","astra-migrate-meta-layouts":"set","ast-page-background-enabled":"default","ast-page-background-meta":{"desktop":{"background-color":"","background-image":"","background-repeat":"repeat","background-position":"center center","background-size":"auto","background-attachment":"scroll","background-type":"","background-media":"","overlay-type":"","overlay-color":"","overlay-opacity":"","overlay-gradient":""},"tablet":{"background-color":"","background-image":"","background-repeat":"repeat","background-position":"center center","background-size":"auto","background-attachment":"scroll","background-type":"","background-media":"","overlay-type":"","overlay-color":"","overlay-opacity":"","overlay-gradient":""},"mobile":{"background-color":"","background-image":"","background-repeat":"repeat","background-position":"center center","background-size":"auto","background-attachment":"scroll","background-type":"","background-media":"","overlay-type":"","overlay-color":"","overlay-opacity":"","overlay-gradient":""}},"ast-content-background-meta":{"desktop":{"background-color":"var(--ast-global-color-5)","background-image":"","background-repeat":"repeat","background-position":"center center","background-size":"auto","background-attachment":"scroll","background-type":"","background-media":"","overlay-type":"","overlay-color":"","overlay-opacity":"","overlay-gradient":""},"tablet":{"background-color":"var(--ast-global-color-5)","background-image":"","background-repeat":"repeat","background-position":"center center","background-size":"auto","background-attachment":"scroll","background-type":"","background-media":"","overlay-type":"","overlay-color":"","overlay-opacity":"","overlay-gradient":""},"mobile":{"background-color":"var(--ast-global-color-5)","background-image":"","background-repeat":"repeat","background-position":"center center","background-size":"auto","background-attachment":"scroll","background-type":"","background-media":"","overlay-type":"","overlay-color":"","overlay-opacity":"","overlay-gradient":""}}},"product_brand":[],"product_cat":[45],"product_tag":[38,47,48],"class_list":{"0":"post-6577","1":"product","2":"type-product","3":"status-publish","4":"has-post-thumbnail","6":"product_cat-electric-golf-scooter","7":"product_tag-citycoco-scooter","8":"product_tag-golf-scooter","9":"product_tag-single-rider-golf-scooter","10":"desktop-align-left","11":"tablet-align-left","12":"mobile-align-left","14":"first","15":"instock","16":"shipping-taxable","17":"product-type-simple"},"_links":{"self":[{"href":"https:\/\/www.linkseride.com\/es\/wp-json\/wp\/v2\/product\/6577","targetHints":{"allow":["GET"]}}],"collection":[{"href":"https:\/\/www.linkseride.com\/es\/wp-json\/wp\/v2\/product"}],"about":[{"href":"https:\/\/www.linkseride.com\/es\/wp-json\/wp\/v2\/types\/product"}],"wp:featuredmedia":[{"embeddable":true,"href":"https:\/\/www.linkseride.com\/es\/wp-json\/wp\/v2\/media\/6589"}],"wp:attachment":[{"href":"https:\/\/www.linkseride.com\/es\/wp-json\/wp\/v2\/media?parent=6577"}],"wp:term":[{"taxonomy":"product_brand","embeddable":true,"href":"https:\/\/www.linkseride.com\/es\/wp-json\/wp\/v2\/product_brand?post=6577"},{"taxonomy":"product_cat","embeddable":true,"href":"https:\/\/www.linkseride.com\/es\/wp-json\/wp\/v2\/product_cat?post=6577"},{"taxonomy":"product_tag","embeddable":true,"href":"https:\/\/www.linkseride.com\/es\/wp-json\/wp\/v2\/product_tag?post=6577"}],"curies":[{"name":"wp","href":"https:\/\/api.w.org\/{rel}","templated":true}]}}