{"id":8227,"date":"2022-07-16T02:45:01","date_gmt":"2022-07-16T02:45:01","guid":{"rendered":"http:\/\/linkseride.com\/?post_type=product&#038;p=8227"},"modified":"2026-01-08T09:09:24","modified_gmt":"2026-01-08T09:09:24","slug":"electric-motorcycle-scooters","status":"publish","type":"product","link":"https:\/\/www.linkseride.com\/es\/product\/electric-motorcycle-scooters\/","title":{"rendered":"Scooters el\u00e9ctricos de la CEE con doble bater\u00eda y dos asientos"},"content":{"rendered":"<p>Nos apasiona lo que estamos haciendo con nuestro futuro el\u00e9ctrico, incluyendo <strong><a href=\"https:\/\/www.linkseride.com\/es\/fabricante-de-patinetes-electricos\/\" target=\"_blank\" rel=\"noopener\">trotinetas el\u00e9ctricas<\/a>, <a href=\"https:\/\/www.linkseride.com\/es\/patineta-electrica-con-llantas-gruesas\/\" target=\"_blank\" rel=\"noopener\">escooter con llantas gruesas<\/a>, <a href=\"https:\/\/www.linkseride.com\/es\/electric-motorcycle-manufacturer\/\" target=\"_blank\" rel=\"noopener\">patineta citycoco<\/a>, <a href=\"https:\/\/www.linkseride.com\/es\/fabricante-de-ciclomotores-electricos\/\" target=\"_blank\" rel=\"noopener\">ciclomotor el\u00e9ctrico<\/a><\/strong> y dem\u00e1s.<\/p>\n<p>Linkseride EEC Dual Battery Electric Motorcycle Scooters with Two Seats. This model is the basic model of Citycoco scooter which also have 2 seats options.<\/p>\n<p><span style=\"font-size: 16px;\">US warehouses will be in stock for this new model by August 2022! come and secure yours.<\/span><\/p>\n<h2>what is the key features of this Electric Motorcycle Scooters with Two Seats?<\/h2>\n<table width=\"638\">\n<tbody>\n<tr>\n<td style=\"font-weight: 400;\" width=\"114\"><strong>Motor<\/strong><\/td>\n<td style=\"font-weight: 400;\" width=\"172\">1000w\/1500w\/2000w\/3000w<\/td>\n<td style=\"font-weight: 400;\" width=\"114\"><strong>Bater\u00eda<\/strong><\/td>\n<td style=\"font-weight: 400;\" width=\"238\">Bater\u00eda de litio extra\u00edble<\/td>\n<\/tr>\n<tr>\n<td style=\"font-weight: 400;\" width=\"114\"><strong>Freno<\/strong><\/td>\n<td style=\"font-weight: 400;\" width=\"172\">Freno de disco hidr\u00e1ulico delantero y trasero<\/td>\n<td style=\"font-weight: 400;\" width=\"114\"><strong>Capacidad de la bater\u00eda<\/strong><\/td>\n<td style=\"font-weight: 400;\" width=\"238\">60v-12ah*2 \/20ah*2<\/td>\n<\/tr>\n<tr>\n<td style=\"font-weight: 400;\" width=\"114\"><strong>Luz<\/strong><\/td>\n<td style=\"font-weight: 400;\" width=\"172\">Faro LED, luz de giro, reflector trasero<\/td>\n<td style=\"font-weight: 400;\" width=\"114\"><strong>Asiento<\/strong><\/td>\n<td style=\"font-weight: 400;\" width=\"238\">2 asientos<\/td>\n<\/tr>\n<tr>\n<td style=\"font-weight: 400;\" width=\"114\"><strong>Pantalla<\/strong><\/td>\n<td style=\"font-weight: 400;\" width=\"172\">Pantalla LCD<\/td>\n<td style=\"font-weight: 400;\" width=\"114\"><strong>Neum\u00e1tico<\/strong><\/td>\n<td style=\"font-weight: 400;\" width=\"238\">Neum\u00e1tico ancho de 12 pulgadas<\/td>\n<\/tr>\n<tr>\n<td style=\"font-weight: 400;\" width=\"114\"><strong>Marco<\/strong><\/td>\n<td style=\"font-weight: 400;\" width=\"172\">Tubo de acero sin soldadura<\/td>\n<td style=\"font-weight: 400;\" width=\"114\"><strong>Velocidad m\u00e1xima<\/strong><\/td>\n<td style=\"font-weight: 400;\" width=\"238\">45 km\/h<\/td>\n<\/tr>\n<tr>\n<td style=\"font-weight: 400;\" width=\"114\"><strong>Suspensi\u00f3n<\/strong><\/td>\n<td style=\"font-weight: 400;\" width=\"172\">Horquilla de suspensi\u00f3n delantera; amortiguador trasero de doble resorte.<\/td>\n<td style=\"font-weight: 400;\" width=\"114\"><strong>Alcance m\u00e1ximo<\/strong><\/td>\n<td style=\"font-weight: 400;\" width=\"238\">60-80 km por carga (dependiendo del peso, el terreno, las condiciones meteorol\u00f3gicas, etc.)<\/td>\n<\/tr>\n<\/tbody>\n<\/table>\n<p>Tambi\u00e9n tenemos otro nuevo modelo de scooter Citycoco con forma de Harley. Si necesita m\u00e1s informaci\u00f3n, puede<a href=\"https:\/\/www.linkseride.com\/es\/patineta-electrica-con-llantas-gruesas\/\" target=\"_blank\" rel=\"noopener\"> Encu\u00e9ntralo aqu\u00ed.<\/a><\/p>\n<p>Aqu\u00ed puedes encontrar m\u00e1s videos de presentaci\u00f3n:\u00a0<a href=\"https:\/\/www.youtube.com\/channel\/UCw4wsO7M_kRsCHTxcFeqTAA\" target=\"_blank\" rel=\"noopener\">https:\/\/www.youtube.com\/channel\/UCw4wsO7M_kRsCHTxcFeqTAA<\/a><\/p>\n<div class=\"ast-oembed-container\" style=\"height: 100%;\"><iframe title=\"Linkseride Electric Citycoco Scooter Factory Tour for Production\" width=\"500\" height=\"281\" src=\"https:\/\/www.youtube.com\/embed\/p-1JrDoZQBs?feature=oembed&#038;enablejsapi=1&#038;origin=https:\/\/www.linkseride.com\" frameborder=\"0\" allow=\"accelerometer; autoplay; clipboard-write; encrypted-media; gyroscope; picture-in-picture; web-share\" referrerpolicy=\"strict-origin-when-cross-origin\" allowfullscreen><\/iframe><\/div>","protected":false},"excerpt":{"rendered":"<p>\u25cf Linkseride EEC Dual Battery Electric Motorcycle Scooters with Two Seats<\/p>\n<p>\u25cf Dual battery for 60V12Ah*2 or 60V20Ah*2 li-ion battery<\/p>\n<p>\u25cf Front and Rear suspension<\/p>\n<p>\u25cf US warehoue in stock for fast local shipping<\/p>\n<p>&nbsp;<\/p>","protected":false},"featured_media":8228,"template":"","meta":{"site-sidebar-layout":"default","site-content-layout":"default","ast-site-content-layout":"default","site-content-style":"default","site-sidebar-style":"default","ast-global-header-display":"","ast-banner-title-visibility":"","ast-main-header-display":"","ast-hfb-above-header-display":"","ast-hfb-below-header-display":"","ast-hfb-mobile-header-display":"","site-post-title":"","ast-breadcrumbs-content":"","ast-featured-img":"","footer-sml-layout":"","ast-disable-related-posts":"","theme-transparent-header-meta":"default","adv-header-id-meta":"","stick-header-meta":"","header-above-stick-meta":"","header-main-stick-meta":"","header-below-stick-meta":"","astra-migrate-meta-layouts":"set","ast-page-background-enabled":"default","ast-page-background-meta":{"desktop":{"background-color":"","background-image":"","background-repeat":"repeat","background-position":"center center","background-size":"auto","background-attachment":"scroll","background-type":"","background-media":"","overlay-type":"","overlay-color":"","overlay-opacity":"","overlay-gradient":""},"tablet":{"background-color":"","background-image":"","background-repeat":"repeat","background-position":"center center","background-size":"auto","background-attachment":"scroll","background-type":"","background-media":"","overlay-type":"","overlay-color":"","overlay-opacity":"","overlay-gradient":""},"mobile":{"background-color":"","background-image":"","background-repeat":"repeat","background-position":"center center","background-size":"auto","background-attachment":"scroll","background-type":"","background-media":"","overlay-type":"","overlay-color":"","overlay-opacity":"","overlay-gradient":""}},"ast-content-background-meta":{"desktop":{"background-color":"var(--ast-global-color-5)","background-image":"","background-repeat":"repeat","background-position":"center center","background-size":"auto","background-attachment":"scroll","background-type":"","background-media":"","overlay-type":"","overlay-color":"","overlay-opacity":"","overlay-gradient":""},"tablet":{"background-color":"var(--ast-global-color-5)","background-image":"","background-repeat":"repeat","background-position":"center center","background-size":"auto","background-attachment":"scroll","background-type":"","background-media":"","overlay-type":"","overlay-color":"","overlay-opacity":"","overlay-gradient":""},"mobile":{"background-color":"var(--ast-global-color-5)","background-image":"","background-repeat":"repeat","background-position":"center center","background-size":"auto","background-attachment":"scroll","background-type":"","background-media":"","overlay-type":"","overlay-color":"","overlay-opacity":"","overlay-gradient":""}}},"product_brand":[],"product_cat":[27,28],"product_tag":[38],"class_list":{"0":"post-8227","1":"product","2":"type-product","3":"status-publish","4":"has-post-thumbnail","6":"product_cat-electric-motorcycle","7":"product_cat-electric-scooter","8":"product_tag-citycoco-scooter","9":"desktop-align-left","10":"tablet-align-left","11":"mobile-align-left","13":"first","14":"instock","15":"shipping-taxable","16":"product-type-simple"},"_links":{"self":[{"href":"https:\/\/www.linkseride.com\/es\/wp-json\/wp\/v2\/product\/8227","targetHints":{"allow":["GET"]}}],"collection":[{"href":"https:\/\/www.linkseride.com\/es\/wp-json\/wp\/v2\/product"}],"about":[{"href":"https:\/\/www.linkseride.com\/es\/wp-json\/wp\/v2\/types\/product"}],"wp:featuredmedia":[{"embeddable":true,"href":"https:\/\/www.linkseride.com\/es\/wp-json\/wp\/v2\/media\/8228"}],"wp:attachment":[{"href":"https:\/\/www.linkseride.com\/es\/wp-json\/wp\/v2\/media?parent=8227"}],"wp:term":[{"taxonomy":"product_brand","embeddable":true,"href":"https:\/\/www.linkseride.com\/es\/wp-json\/wp\/v2\/product_brand?post=8227"},{"taxonomy":"product_cat","embeddable":true,"href":"https:\/\/www.linkseride.com\/es\/wp-json\/wp\/v2\/product_cat?post=8227"},{"taxonomy":"product_tag","embeddable":true,"href":"https:\/\/www.linkseride.com\/es\/wp-json\/wp\/v2\/product_tag?post=8227"}],"curies":[{"name":"wp","href":"https:\/\/api.w.org\/{rel}","templated":true}]}}