{"id":8235,"date":"2022-07-16T03:01:42","date_gmt":"2022-07-16T03:01:42","guid":{"rendered":"http:\/\/linkseride.com\/?post_type=product&#038;p=8235"},"modified":"2023-02-22T02:55:02","modified_gmt":"2023-02-22T02:55:02","slug":"scooter-de-lujo-citycoco-scooter-gorda","status":"publish","type":"product","link":"https:\/\/www.linkseride.com\/es\/product\/luxury-citycoco-scooter-fat-scooter\/","title":{"rendered":"Linkseride Scooter de lujo Citycoco Scooter Fat 4000 W 80 km\/h"},"content":{"rendered":"<p>Nos apasiona lo que estamos haciendo con nuestro futuro el\u00e9ctrico, incluyendo <strong><a href=\"https:\/\/www.linkseride.com\/es\/electric-scooter-manufacturer\/\" target=\"_blank\" rel=\"noopener\">trotinetas el\u00e9ctricas<\/a>, <a href=\"https:\/\/www.linkseride.com\/es\/patineta-electrica-con-llantas-gruesas\/\" target=\"_blank\" rel=\"noopener\">escooter con llantas gruesas<\/a>, <a href=\"https:\/\/www.linkseride.com\/es\/electric-motorcycle-manufacturer\/\" target=\"_blank\" rel=\"noopener\">patineta citycoco<\/a>, <a href=\"https:\/\/www.linkseride.com\/es\/fabricante-de-ciclomotores-electricos\/\" target=\"_blank\" rel=\"noopener\">ciclomotor el\u00e9ctrico<\/a><\/strong> y dem\u00e1s.<\/p>\n<p>Linkseride Luxury Citycoco Scooter CP9 scooter 4000 W 80 km\/h. Esta es la versi\u00f3n Luxury con un potente motor de 72 V y 4000 W, y una velocidad m\u00e1xima de 80 km\/h. Utilizamos una bater\u00eda de 60 V y 40 Ah, extra\u00edble, que ofrece una autonom\u00eda de entre 80 y 100 km.<\/p>\n<p><span style=\"font-size: 16px;\">Cont\u00e1ctenos para obtener m\u00e1s detalles.<\/span><\/p>\n<h2>\u00bfCu\u00e1les son las caracter\u00edsticas principales de este patineta Citycoco de lujo?<\/h2>\n<table width=\"638\">\n<tbody>\n<tr>\n<td style=\"font-weight: 400;\" width=\"114\"><strong>Motor<\/strong><\/td>\n<td style=\"font-weight: 400;\" width=\"172\">60 V, 2000-4000 W<\/td>\n<td style=\"font-weight: 400;\" width=\"114\"><strong>Bater\u00eda<\/strong><\/td>\n<td style=\"font-weight: 400;\" width=\"238\">Bater\u00eda de litio extra\u00edble<\/td>\n<\/tr>\n<tr>\n<td style=\"font-weight: 400;\" width=\"114\"><strong>Freno<\/strong><\/td>\n<td style=\"font-weight: 400;\" width=\"172\">Frenos de doble disco delantero y trasero<\/td>\n<td style=\"font-weight: 400;\" width=\"114\"><strong>Capacidad de la bater\u00eda<\/strong><\/td>\n<td style=\"font-weight: 400;\" width=\"238\">Bater\u00eda de 20 Ah\/40 Ah<\/td>\n<\/tr>\n<tr>\n<td style=\"font-weight: 400;\" width=\"114\"><strong>Luz<\/strong><\/td>\n<td style=\"font-weight: 400;\" width=\"172\">Faro LED, luz de giro, reflector trasero<\/td>\n<td style=\"font-weight: 400;\" width=\"114\"><strong>Asiento<\/strong><\/td>\n<td style=\"font-weight: 400;\" width=\"238\">2 asientos<\/td>\n<\/tr>\n<tr>\n<td style=\"font-weight: 400;\" width=\"114\"><strong>Pantalla<\/strong><\/td>\n<td style=\"font-weight: 400;\" width=\"172\">Pantalla LCD<\/td>\n<td style=\"font-weight: 400;\" width=\"114\"><strong>Neum\u00e1tico<\/strong><\/td>\n<td style=\"font-weight: 400;\" width=\"238\">Cubo de rueda de aluminio de 12 pulgadas<\/td>\n<\/tr>\n<tr>\n<td style=\"font-weight: 400;\" width=\"114\"><strong>Marco<\/strong><\/td>\n<td style=\"font-weight: 400;\" width=\"172\">Tubo de acero sin soldadura<\/td>\n<td style=\"font-weight: 400;\" width=\"114\"><strong>Velocidad m\u00e1xima<\/strong><\/td>\n<td style=\"font-weight: 400;\" width=\"238\">85 km\/h<\/td>\n<\/tr>\n<tr>\n<td style=\"font-weight: 400;\" width=\"114\"><strong>Suspensi\u00f3n<\/strong><\/td>\n<td style=\"font-weight: 400;\" width=\"172\">Horquilla de suspensi\u00f3n delantera; amortiguador trasero de doble resorte.<\/td>\n<td style=\"font-weight: 400;\" width=\"114\"><strong>Alcance m\u00e1ximo<\/strong><\/td>\n<td style=\"font-weight: 400;\" width=\"238\">30-100 km <span style=\"font-family: inherit; font-size: 16px; font-weight: 400;\">por carga (dependiendo del peso, el terreno, las condiciones meteorol\u00f3gicas, etc.)<\/span><\/td>\n<\/tr>\n<\/tbody>\n<\/table>\n<h2>Im\u00e1genes m\u00e1s detalladas de la motocicleta el\u00e9ctrica de lujo Citycoco<\/h2>\n<div id='gallery-1' class='gallery galleryid-8235 gallery-columns-2 gallery-size-full'><figure class='gallery-item'>\n\t\t\t<div class='gallery-icon landscape'>\n\t\t\t\t<img fetchpriority=\"high\" decoding=\"async\" width=\"800\" height=\"800\" src=\"https:\/\/www.linkseride.com\/wp-content\/uploads\/2022\/07\/1.jpeg\" class=\"attachment-full size-full\" alt=\"\" srcset=\"https:\/\/www.linkseride.com\/wp-content\/uploads\/2022\/07\/1.jpeg 800w, https:\/\/www.linkseride.com\/wp-content\/uploads\/2022\/07\/1-300x300.jpeg 300w, https:\/\/www.linkseride.com\/wp-content\/uploads\/2022\/07\/1-150x150.jpeg 150w, https:\/\/www.linkseride.com\/wp-content\/uploads\/2022\/07\/1-768x768.jpeg 768w, https:\/\/www.linkseride.com\/wp-content\/uploads\/2022\/07\/1-600x600.jpeg 600w, https:\/\/www.linkseride.com\/wp-content\/uploads\/2022\/07\/1-100x100.jpeg 100w\" sizes=\"(max-width: 800px) 100vw, 800px\" \/>\n\t\t\t<\/div><\/figure><figure class='gallery-item'>\n\t\t\t<div class='gallery-icon landscape'>\n\t\t\t\t<img decoding=\"async\" width=\"800\" height=\"800\" src=\"https:\/\/www.linkseride.com\/wp-content\/uploads\/2022\/07\/2.jpeg\" class=\"attachment-full size-full\" alt=\"\" srcset=\"https:\/\/www.linkseride.com\/wp-content\/uploads\/2022\/07\/2.jpeg 800w, https:\/\/www.linkseride.com\/wp-content\/uploads\/2022\/07\/2-300x300.jpeg 300w, https:\/\/www.linkseride.com\/wp-content\/uploads\/2022\/07\/2-150x150.jpeg 150w, https:\/\/www.linkseride.com\/wp-content\/uploads\/2022\/07\/2-768x768.jpeg 768w, https:\/\/www.linkseride.com\/wp-content\/uploads\/2022\/07\/2-600x600.jpeg 600w, https:\/\/www.linkseride.com\/wp-content\/uploads\/2022\/07\/2-100x100.jpeg 100w\" sizes=\"(max-width: 800px) 100vw, 800px\" \/>\n\t\t\t<\/div><\/figure><figure class='gallery-item'>\n\t\t\t<div class='gallery-icon landscape'>\n\t\t\t\t<img decoding=\"async\" width=\"800\" height=\"800\" src=\"https:\/\/www.linkseride.com\/wp-content\/uploads\/2022\/07\/4.jpeg\" class=\"attachment-full size-full\" alt=\"\" srcset=\"https:\/\/www.linkseride.com\/wp-content\/uploads\/2022\/07\/4.jpeg 800w, https:\/\/www.linkseride.com\/wp-content\/uploads\/2022\/07\/4-300x300.jpeg 300w, https:\/\/www.linkseride.com\/wp-content\/uploads\/2022\/07\/4-150x150.jpeg 150w, https:\/\/www.linkseride.com\/wp-content\/uploads\/2022\/07\/4-768x768.jpeg 768w, https:\/\/www.linkseride.com\/wp-content\/uploads\/2022\/07\/4-600x600.jpeg 600w, https:\/\/www.linkseride.com\/wp-content\/uploads\/2022\/07\/4-100x100.jpeg 100w\" sizes=\"(max-width: 800px) 100vw, 800px\" \/>\n\t\t\t<\/div><\/figure><figure class='gallery-item'>\n\t\t\t<div class='gallery-icon landscape'>\n\t\t\t\t<img loading=\"lazy\" decoding=\"async\" width=\"800\" height=\"800\" src=\"https:\/\/www.linkseride.com\/wp-content\/uploads\/2022\/07\/5.jpeg\" class=\"attachment-full size-full\" alt=\"\" srcset=\"https:\/\/www.linkseride.com\/wp-content\/uploads\/2022\/07\/5.jpeg 800w, https:\/\/www.linkseride.com\/wp-content\/uploads\/2022\/07\/5-300x300.jpeg 300w, https:\/\/www.linkseride.com\/wp-content\/uploads\/2022\/07\/5-150x150.jpeg 150w, https:\/\/www.linkseride.com\/wp-content\/uploads\/2022\/07\/5-768x768.jpeg 768w, https:\/\/www.linkseride.com\/wp-content\/uploads\/2022\/07\/5-600x600.jpeg 600w, https:\/\/www.linkseride.com\/wp-content\/uploads\/2022\/07\/5-100x100.jpeg 100w\" sizes=\"(max-width: 800px) 100vw, 800px\" \/>\n\t\t\t<\/div><\/figure>\n\t\t<\/div>\n\n<p>Tambi\u00e9n tenemos otro nuevo modelo de scooter Citycoco con forma de Harley. Si necesita m\u00e1s informaci\u00f3n, puede<a href=\"https:\/\/www.linkseride.com\/es\/patineta-electrica-con-llantas-gruesas\/\" target=\"_blank\" rel=\"noopener\"> Encu\u00e9ntralo aqu\u00ed.<\/a><\/p>\n<p>Aqu\u00ed puedes encontrar m\u00e1s videos de presentaci\u00f3n:\u00a0<a href=\"https:\/\/www.youtube.com\/channel\/UCw4wsO7M_kRsCHTxcFeqTAA\" target=\"_blank\" rel=\"noopener\">https:\/\/www.youtube.com\/channel\/UCw4wsO7M_kRsCHTxcFeqTAA<\/a><\/p>\n<div class=\"ast-oembed-container\" style=\"height: 100%;\"><iframe title=\"Linkseride Scooter Citycoco de lujo Modelo CP-9 Scooter Fat 4000 W 85 km\/h\" width=\"500\" height=\"281\" src=\"https:\/\/www.youtube.com\/embed\/qc319QTteHA?feature=oembed\" frameborder=\"0\" allow=\"accelerometer; autoplay; clipboard-write; encrypted-media; gyroscope; picture-in-picture; web-share\" referrerpolicy=\"strict-origin-when-cross-origin\" allowfullscreen><\/iframe><\/div>","protected":false},"excerpt":{"rendered":"<p>\u25cf Scooter Linkseride Luxury Citycoco CP9 4000 W, 80 km\/h<\/p>\n<p>\u25cf Bater\u00eda de litio de 20 Ah\/40 Ah opcional.<\/p>\n<p>\u25cfPotente motor de 60 V y 4000 W, velocidad m\u00e1xima de 80 km\/h.<\/p>\n<p>\u25cf Frenos de doble disco delantero y trasero.<\/p>\n<p>\u25cf OEM disponible para todos los colores, se busca distribuidor.<\/p>","protected":false},"featured_media":8746,"template":"","meta":{"site-sidebar-layout":"default","site-content-layout":"default","ast-site-content-layout":"default","site-content-style":"default","site-sidebar-style":"default","ast-global-header-display":"","ast-banner-title-visibility":"","ast-main-header-display":"","ast-hfb-above-header-display":"","ast-hfb-below-header-display":"","ast-hfb-mobile-header-display":"","site-post-title":"","ast-breadcrumbs-content":"","ast-featured-img":"","footer-sml-layout":"","ast-disable-related-posts":"","theme-transparent-header-meta":"default","adv-header-id-meta":"","stick-header-meta":"","header-above-stick-meta":"","header-main-stick-meta":"","header-below-stick-meta":"","astra-migrate-meta-layouts":"default","ast-page-background-enabled":"default","ast-page-background-meta":{"desktop":{"background-color":"","background-image":"","background-repeat":"repeat","background-position":"center center","background-size":"auto","background-attachment":"scroll","background-type":"","background-media":"","overlay-type":"","overlay-color":"","overlay-opacity":"","overlay-gradient":""},"tablet":{"background-color":"","background-image":"","background-repeat":"repeat","background-position":"center center","background-size":"auto","background-attachment":"scroll","background-type":"","background-media":"","overlay-type":"","overlay-color":"","overlay-opacity":"","overlay-gradient":""},"mobile":{"background-color":"","background-image":"","background-repeat":"repeat","background-position":"center center","background-size":"auto","background-attachment":"scroll","background-type":"","background-media":"","overlay-type":"","overlay-color":"","overlay-opacity":"","overlay-gradient":""}},"ast-content-background-meta":{"desktop":{"background-color":"var(--ast-global-color-5)","background-image":"","background-repeat":"repeat","background-position":"center center","background-size":"auto","background-attachment":"scroll","background-type":"","background-media":"","overlay-type":"","overlay-color":"","overlay-opacity":"","overlay-gradient":""},"tablet":{"background-color":"var(--ast-global-color-5)","background-image":"","background-repeat":"repeat","background-position":"center center","background-size":"auto","background-attachment":"scroll","background-type":"","background-media":"","overlay-type":"","overlay-color":"","overlay-opacity":"","overlay-gradient":""},"mobile":{"background-color":"var(--ast-global-color-5)","background-image":"","background-repeat":"repeat","background-position":"center center","background-size":"auto","background-attachment":"scroll","background-type":"","background-media":"","overlay-type":"","overlay-color":"","overlay-opacity":"","overlay-gradient":""}}},"product_brand":[],"product_cat":[27,28],"product_tag":[38,50],"class_list":{"0":"post-8235","1":"product","2":"type-product","3":"status-publish","4":"has-post-thumbnail","6":"product_cat-electric-motorcycle","7":"product_cat-electric-scooter","8":"product_tag-citycoco-scooter","9":"product_tag-fat-tire-scooter","10":"desktop-align-left","11":"tablet-align-left","12":"mobile-align-left","14":"first","15":"instock","16":"shipping-taxable","17":"product-type-simple"},"_links":{"self":[{"href":"https:\/\/www.linkseride.com\/es\/wp-json\/wp\/v2\/product\/8235","targetHints":{"allow":["GET"]}}],"collection":[{"href":"https:\/\/www.linkseride.com\/es\/wp-json\/wp\/v2\/product"}],"about":[{"href":"https:\/\/www.linkseride.com\/es\/wp-json\/wp\/v2\/types\/product"}],"wp:featuredmedia":[{"embeddable":true,"href":"https:\/\/www.linkseride.com\/es\/wp-json\/wp\/v2\/media\/8746"}],"wp:attachment":[{"href":"https:\/\/www.linkseride.com\/es\/wp-json\/wp\/v2\/media?parent=8235"}],"wp:term":[{"taxonomy":"product_brand","embeddable":true,"href":"https:\/\/www.linkseride.com\/es\/wp-json\/wp\/v2\/product_brand?post=8235"},{"taxonomy":"product_cat","embeddable":true,"href":"https:\/\/www.linkseride.com\/es\/wp-json\/wp\/v2\/product_cat?post=8235"},{"taxonomy":"product_tag","embeddable":true,"href":"https:\/\/www.linkseride.com\/es\/wp-json\/wp\/v2\/product_tag?post=8235"}],"curies":[{"name":"wp","href":"https:\/\/api.w.org\/{rel}","templated":true}]}}