{"id":8752,"date":"2022-11-19T05:47:42","date_gmt":"2022-11-19T05:47:42","guid":{"rendered":"http:\/\/linkseride.com\/?post_type=product&#038;p=8752"},"modified":"2022-11-19T06:20:16","modified_gmt":"2022-11-19T06:20:16","slug":"linkseride-cp6-electric-motorcycle-scooter","status":"publish","type":"product","link":"https:\/\/www.linkseride.com\/es\/product\/linkseride-cp6-electric-motorcycle-scooter\/","title":{"rendered":"Scooter el\u00e9ctrico Linkseride CP6 con homologaci\u00f3n EEC, neum\u00e1ticos anchos, modelo Citycoco"},"content":{"rendered":"<p>Nos apasiona lo que estamos haciendo con nuestro futuro el\u00e9ctrico, incluyendo <strong><a href=\"https:\/\/www.linkseride.com\/es\/fabricante-de-patinetes-electricos\/\" target=\"_blank\" rel=\"noopener\">trotinetas el\u00e9ctricas<\/a>, <a href=\"https:\/\/www.linkseride.com\/es\/patineta-electrica-con-llantas-gruesas\/\" target=\"_blank\" rel=\"noopener\">escooter con llantas gruesas<\/a>, <a href=\"https:\/\/www.linkseride.com\/es\/fabricante-de-motocicletas-electricas\/\" target=\"_blank\" rel=\"noopener\">patineta citycoco<\/a>, <a href=\"https:\/\/www.linkseride.com\/es\/fabricante-de-ciclomotores-electricos\/\" target=\"_blank\" rel=\"noopener\">ciclomotor el\u00e9ctrico<\/a><\/strong> y dem\u00e1s.<\/p>\n<p>Discover Linkseride CP6 Electric Motorcycle Scooter EEC Proved Fat Tire Citycoco Scooter that will completely change your everyday life. The new CP6 electric motorcycle scooter has 4000W max motor power with 25 AH or 55AH battery capacity, range up to 75-165 km. We were convinced by the features of this stunning vehicle! Be also impressed by our e-mobility solutions and discover the many advantages of the silent future. Our team will also be happy to help you!<\/p>\n<p><span style=\"font-size: 16px;\">Cont\u00e1ctenos para obtener m\u00e1s detalles.<\/span><\/p>\n<h2>What is the key features of this CP6 Electric Motorcycle Scooter?<\/h2>\n<table width=\"638\">\n<tbody>\n<tr>\n<td style=\"font-weight: 400;\" width=\"114\"><strong>Motor<\/strong><\/td>\n<td style=\"font-weight: 400;\" width=\"172\">60 V, 2000-4000 W<\/td>\n<td style=\"font-weight: 400;\" width=\"114\"><strong>Bater\u00eda<\/strong><\/td>\n<td style=\"font-weight: 400;\" width=\"238\">Bater\u00eda de litio extra\u00edble<\/td>\n<\/tr>\n<tr>\n<td style=\"font-weight: 400;\" width=\"114\"><strong>Freno<\/strong><\/td>\n<td style=\"font-weight: 400;\" width=\"172\">Frenos de doble disco delantero y trasero<\/td>\n<td style=\"font-weight: 400;\" width=\"114\"><strong>Capacidad de la bater\u00eda<\/strong><\/td>\n<td style=\"font-weight: 400;\" width=\"238\">12Ah\/20Ah\/55Ah battery<\/td>\n<\/tr>\n<tr>\n<td style=\"font-weight: 400;\" width=\"114\"><strong>Luz<\/strong><\/td>\n<td style=\"font-weight: 400;\" width=\"172\">Faro LED, luz de giro, reflector trasero<\/td>\n<td style=\"font-weight: 400;\" width=\"114\"><strong>Asiento<\/strong><\/td>\n<td style=\"font-weight: 400;\" width=\"238\">2 asientos<\/td>\n<\/tr>\n<tr>\n<td style=\"font-weight: 400;\" width=\"114\"><strong>Pantalla<\/strong><\/td>\n<td style=\"font-weight: 400;\" width=\"172\">Pantalla LCD<\/td>\n<td style=\"font-weight: 400;\" width=\"114\"><strong>Neum\u00e1tico<\/strong><\/td>\n<td style=\"font-weight: 400;\" width=\"238\">F: 17 pulgadas, R: 12 pulgadas<\/td>\n<\/tr>\n<tr>\n<td style=\"font-weight: 400;\" width=\"114\"><strong>Marco<\/strong><\/td>\n<td style=\"font-weight: 400;\" width=\"172\">Tubo de acero sin soldadura<\/td>\n<td style=\"font-weight: 400;\" width=\"114\"><strong>Velocidad m\u00e1xima<\/strong><\/td>\n<td style=\"font-weight: 400;\" width=\"238\">85 km\/h<\/td>\n<\/tr>\n<tr>\n<td style=\"font-weight: 400;\" width=\"114\"><strong>Suspensi\u00f3n<\/strong><\/td>\n<td style=\"font-weight: 400;\" width=\"172\">Horquilla de suspensi\u00f3n delantera; amortiguador trasero de doble resorte.<\/td>\n<td style=\"font-weight: 400;\" width=\"114\"><strong>Alcance m\u00e1ximo<\/strong><\/td>\n<td style=\"font-weight: 400;\" width=\"238\">30-100 km <span style=\"font-family: inherit; font-size: 16px; font-weight: 400;\">por carga (dependiendo del peso, el terreno, las condiciones meteorol\u00f3gicas, etc.)<\/span><\/td>\n<\/tr>\n<\/tbody>\n<\/table>\n<h2>What is included in this CP6 Electric Motorcycle Scooter package?<\/h2>\n<p>1* Scooter CityCoco<br \/>\n1* Manual de usuario<br \/>\n1* Cargador de bater\u00eda<br \/>\n1* Especificaciones<br \/>\n1* Tarjeta de garant\u00eda (un a\u00f1o de garant\u00eda para las piezas de repuesto clave, incluyendo el motor, el cargador y el embalaje).<br \/>\nPor lo general, fabricamos embalajes con cajas de cart\u00f3n de 7 capas y con embalaje de espuma en el interior para proteger el producto. Tambi\u00e9n disponemos de marcos de madera o acero si es necesario.<br \/>\nPodemos empacar los productos en sus cajas con su marca despu\u00e9s de recibir sus cartas de autorizaci\u00f3n.<\/p>\n<h2><\/h2>\n<h2>More detailed images for CP6 Electric Motorcycle Scooter<\/h2>\n<div id='gallery-1' class='gallery galleryid-8752 gallery-columns-4 gallery-size-full'><figure class='gallery-item'>\n\t\t\t<div class='gallery-icon landscape'>\n\t\t\t\t<img fetchpriority=\"high\" decoding=\"async\" width=\"2000\" height=\"2000\" src=\"https:\/\/www.linkseride.com\/wp-content\/uploads\/2022\/11\/1-headlight.jpg\" class=\"attachment-full size-full\" alt=\"\" srcset=\"https:\/\/www.linkseride.com\/wp-content\/uploads\/2022\/11\/1-headlight.jpg 2000w, https:\/\/www.linkseride.com\/wp-content\/uploads\/2022\/11\/1-headlight-300x300.jpg 300w, https:\/\/www.linkseride.com\/wp-content\/uploads\/2022\/11\/1-headlight-1024x1024.jpg 1024w, https:\/\/www.linkseride.com\/wp-content\/uploads\/2022\/11\/1-headlight-150x150.jpg 150w, https:\/\/www.linkseride.com\/wp-content\/uploads\/2022\/11\/1-headlight-768x768.jpg 768w, https:\/\/www.linkseride.com\/wp-content\/uploads\/2022\/11\/1-headlight-1536x1536.jpg 1536w, https:\/\/www.linkseride.com\/wp-content\/uploads\/2022\/11\/1-headlight-600x600.jpg 600w, https:\/\/www.linkseride.com\/wp-content\/uploads\/2022\/11\/1-headlight-100x100.jpg 100w\" sizes=\"(max-width: 2000px) 100vw, 2000px\" \/>\n\t\t\t<\/div><\/figure><figure class='gallery-item'>\n\t\t\t<div class='gallery-icon landscape'>\n\t\t\t\t<img decoding=\"async\" width=\"2000\" height=\"2000\" src=\"https:\/\/www.linkseride.com\/wp-content\/uploads\/2022\/11\/2-tire.jpg\" class=\"attachment-full size-full\" alt=\"\" srcset=\"https:\/\/www.linkseride.com\/wp-content\/uploads\/2022\/11\/2-tire.jpg 2000w, https:\/\/www.linkseride.com\/wp-content\/uploads\/2022\/11\/2-tire-300x300.jpg 300w, https:\/\/www.linkseride.com\/wp-content\/uploads\/2022\/11\/2-tire-1024x1024.jpg 1024w, https:\/\/www.linkseride.com\/wp-content\/uploads\/2022\/11\/2-tire-150x150.jpg 150w, https:\/\/www.linkseride.com\/wp-content\/uploads\/2022\/11\/2-tire-768x768.jpg 768w, https:\/\/www.linkseride.com\/wp-content\/uploads\/2022\/11\/2-tire-1536x1536.jpg 1536w, https:\/\/www.linkseride.com\/wp-content\/uploads\/2022\/11\/2-tire-600x600.jpg 600w, https:\/\/www.linkseride.com\/wp-content\/uploads\/2022\/11\/2-tire-100x100.jpg 100w\" sizes=\"(max-width: 2000px) 100vw, 2000px\" \/>\n\t\t\t<\/div><\/figure><figure class='gallery-item'>\n\t\t\t<div class='gallery-icon landscape'>\n\t\t\t\t<img decoding=\"async\" width=\"2000\" height=\"2000\" src=\"https:\/\/www.linkseride.com\/wp-content\/uploads\/2022\/11\/3-display.jpg\" class=\"attachment-full size-full\" alt=\"\" srcset=\"https:\/\/www.linkseride.com\/wp-content\/uploads\/2022\/11\/3-display.jpg 2000w, https:\/\/www.linkseride.com\/wp-content\/uploads\/2022\/11\/3-display-300x300.jpg 300w, https:\/\/www.linkseride.com\/wp-content\/uploads\/2022\/11\/3-display-1024x1024.jpg 1024w, https:\/\/www.linkseride.com\/wp-content\/uploads\/2022\/11\/3-display-150x150.jpg 150w, https:\/\/www.linkseride.com\/wp-content\/uploads\/2022\/11\/3-display-768x768.jpg 768w, https:\/\/www.linkseride.com\/wp-content\/uploads\/2022\/11\/3-display-1536x1536.jpg 1536w, https:\/\/www.linkseride.com\/wp-content\/uploads\/2022\/11\/3-display-600x600.jpg 600w, https:\/\/www.linkseride.com\/wp-content\/uploads\/2022\/11\/3-display-100x100.jpg 100w\" sizes=\"(max-width: 2000px) 100vw, 2000px\" \/>\n\t\t\t<\/div><\/figure><figure class='gallery-item'>\n\t\t\t<div class='gallery-icon landscape'>\n\t\t\t\t<img loading=\"lazy\" decoding=\"async\" width=\"2000\" height=\"2000\" src=\"https:\/\/www.linkseride.com\/wp-content\/uploads\/2022\/11\/4-throttle.jpg\" class=\"attachment-full size-full\" alt=\"\" srcset=\"https:\/\/www.linkseride.com\/wp-content\/uploads\/2022\/11\/4-throttle.jpg 2000w, https:\/\/www.linkseride.com\/wp-content\/uploads\/2022\/11\/4-throttle-300x300.jpg 300w, https:\/\/www.linkseride.com\/wp-content\/uploads\/2022\/11\/4-throttle-1024x1024.jpg 1024w, https:\/\/www.linkseride.com\/wp-content\/uploads\/2022\/11\/4-throttle-150x150.jpg 150w, https:\/\/www.linkseride.com\/wp-content\/uploads\/2022\/11\/4-throttle-768x768.jpg 768w, https:\/\/www.linkseride.com\/wp-content\/uploads\/2022\/11\/4-throttle-1536x1536.jpg 1536w, https:\/\/www.linkseride.com\/wp-content\/uploads\/2022\/11\/4-throttle-600x600.jpg 600w, https:\/\/www.linkseride.com\/wp-content\/uploads\/2022\/11\/4-throttle-100x100.jpg 100w\" sizes=\"(max-width: 2000px) 100vw, 2000px\" \/>\n\t\t\t<\/div><\/figure><figure class='gallery-item'>\n\t\t\t<div class='gallery-icon landscape'>\n\t\t\t\t<img loading=\"lazy\" decoding=\"async\" width=\"2000\" height=\"2000\" src=\"https:\/\/www.linkseride.com\/wp-content\/uploads\/2022\/11\/5-tail-light.jpg\" class=\"attachment-full size-full\" alt=\"\" srcset=\"https:\/\/www.linkseride.com\/wp-content\/uploads\/2022\/11\/5-tail-light.jpg 2000w, https:\/\/www.linkseride.com\/wp-content\/uploads\/2022\/11\/5-tail-light-300x300.jpg 300w, https:\/\/www.linkseride.com\/wp-content\/uploads\/2022\/11\/5-tail-light-1024x1024.jpg 1024w, https:\/\/www.linkseride.com\/wp-content\/uploads\/2022\/11\/5-tail-light-150x150.jpg 150w, https:\/\/www.linkseride.com\/wp-content\/uploads\/2022\/11\/5-tail-light-768x768.jpg 768w, https:\/\/www.linkseride.com\/wp-content\/uploads\/2022\/11\/5-tail-light-1536x1536.jpg 1536w, https:\/\/www.linkseride.com\/wp-content\/uploads\/2022\/11\/5-tail-light-600x600.jpg 600w, https:\/\/www.linkseride.com\/wp-content\/uploads\/2022\/11\/5-tail-light-100x100.jpg 100w\" sizes=\"(max-width: 2000px) 100vw, 2000px\" \/>\n\t\t\t<\/div><\/figure><figure class='gallery-item'>\n\t\t\t<div class='gallery-icon landscape'>\n\t\t\t\t<img loading=\"lazy\" decoding=\"async\" width=\"2000\" height=\"2000\" src=\"https:\/\/www.linkseride.com\/wp-content\/uploads\/2022\/11\/6-rear-shock.jpg\" class=\"attachment-full size-full\" alt=\"\" srcset=\"https:\/\/www.linkseride.com\/wp-content\/uploads\/2022\/11\/6-rear-shock.jpg 2000w, https:\/\/www.linkseride.com\/wp-content\/uploads\/2022\/11\/6-rear-shock-300x300.jpg 300w, https:\/\/www.linkseride.com\/wp-content\/uploads\/2022\/11\/6-rear-shock-1024x1024.jpg 1024w, https:\/\/www.linkseride.com\/wp-content\/uploads\/2022\/11\/6-rear-shock-150x150.jpg 150w, https:\/\/www.linkseride.com\/wp-content\/uploads\/2022\/11\/6-rear-shock-768x768.jpg 768w, https:\/\/www.linkseride.com\/wp-content\/uploads\/2022\/11\/6-rear-shock-1536x1536.jpg 1536w, https:\/\/www.linkseride.com\/wp-content\/uploads\/2022\/11\/6-rear-shock-600x600.jpg 600w, https:\/\/www.linkseride.com\/wp-content\/uploads\/2022\/11\/6-rear-shock-100x100.jpg 100w\" sizes=\"(max-width: 2000px) 100vw, 2000px\" \/>\n\t\t\t<\/div><\/figure><figure class='gallery-item'>\n\t\t\t<div class='gallery-icon landscape'>\n\t\t\t\t<img loading=\"lazy\" decoding=\"async\" width=\"2000\" height=\"2000\" src=\"https:\/\/www.linkseride.com\/wp-content\/uploads\/2022\/11\/7-battery.jpg\" class=\"attachment-full size-full\" alt=\"\" srcset=\"https:\/\/www.linkseride.com\/wp-content\/uploads\/2022\/11\/7-battery.jpg 2000w, https:\/\/www.linkseride.com\/wp-content\/uploads\/2022\/11\/7-battery-300x300.jpg 300w, https:\/\/www.linkseride.com\/wp-content\/uploads\/2022\/11\/7-battery-1024x1024.jpg 1024w, https:\/\/www.linkseride.com\/wp-content\/uploads\/2022\/11\/7-battery-150x150.jpg 150w, https:\/\/www.linkseride.com\/wp-content\/uploads\/2022\/11\/7-battery-768x768.jpg 768w, https:\/\/www.linkseride.com\/wp-content\/uploads\/2022\/11\/7-battery-1536x1536.jpg 1536w, https:\/\/www.linkseride.com\/wp-content\/uploads\/2022\/11\/7-battery-600x600.jpg 600w, https:\/\/www.linkseride.com\/wp-content\/uploads\/2022\/11\/7-battery-100x100.jpg 100w\" sizes=\"(max-width: 2000px) 100vw, 2000px\" \/>\n\t\t\t<\/div><\/figure><figure class='gallery-item'>\n\t\t\t<div class='gallery-icon landscape'>\n\t\t\t\t<img loading=\"lazy\" decoding=\"async\" width=\"2000\" height=\"2000\" src=\"https:\/\/www.linkseride.com\/wp-content\/uploads\/2022\/11\/8-footpeg.jpg\" class=\"attachment-full size-full\" alt=\"\" srcset=\"https:\/\/www.linkseride.com\/wp-content\/uploads\/2022\/11\/8-footpeg.jpg 2000w, https:\/\/www.linkseride.com\/wp-content\/uploads\/2022\/11\/8-footpeg-300x300.jpg 300w, https:\/\/www.linkseride.com\/wp-content\/uploads\/2022\/11\/8-footpeg-1024x1024.jpg 1024w, https:\/\/www.linkseride.com\/wp-content\/uploads\/2022\/11\/8-footpeg-150x150.jpg 150w, https:\/\/www.linkseride.com\/wp-content\/uploads\/2022\/11\/8-footpeg-768x768.jpg 768w, https:\/\/www.linkseride.com\/wp-content\/uploads\/2022\/11\/8-footpeg-1536x1536.jpg 1536w, https:\/\/www.linkseride.com\/wp-content\/uploads\/2022\/11\/8-footpeg-600x600.jpg 600w, https:\/\/www.linkseride.com\/wp-content\/uploads\/2022\/11\/8-footpeg-100x100.jpg 100w\" sizes=\"(max-width: 2000px) 100vw, 2000px\" \/>\n\t\t\t<\/div><\/figure>\n\t\t<\/div>\n\n<h2>What OEM color option for this CP6 Electric Motorcycle Scooter?<\/h2>\n<div id='gallery-2' class='gallery galleryid-8752 gallery-columns-6 gallery-size-full'><figure class='gallery-item'>\n\t\t\t<div class='gallery-icon landscape'>\n\t\t\t\t<img loading=\"lazy\" decoding=\"async\" width=\"2000\" height=\"2000\" src=\"https:\/\/www.linkseride.com\/wp-content\/uploads\/2022\/11\/electric-motorcycle-scooter-1.jpg\" class=\"attachment-full size-full\" alt=\"scooter el\u00e9ctrico\" srcset=\"https:\/\/www.linkseride.com\/wp-content\/uploads\/2022\/11\/electric-motorcycle-scooter-1.jpg 2000w, https:\/\/www.linkseride.com\/wp-content\/uploads\/2022\/11\/electric-motorcycle-scooter-1-300x300.jpg 300w, https:\/\/www.linkseride.com\/wp-content\/uploads\/2022\/11\/electric-motorcycle-scooter-1-1024x1024.jpg 1024w, https:\/\/www.linkseride.com\/wp-content\/uploads\/2022\/11\/electric-motorcycle-scooter-1-150x150.jpg 150w, https:\/\/www.linkseride.com\/wp-content\/uploads\/2022\/11\/electric-motorcycle-scooter-1-768x768.jpg 768w, https:\/\/www.linkseride.com\/wp-content\/uploads\/2022\/11\/electric-motorcycle-scooter-1-1536x1536.jpg 1536w, https:\/\/www.linkseride.com\/wp-content\/uploads\/2022\/11\/electric-motorcycle-scooter-1-600x600.jpg 600w, https:\/\/www.linkseride.com\/wp-content\/uploads\/2022\/11\/electric-motorcycle-scooter-1-100x100.jpg 100w\" sizes=\"(max-width: 2000px) 100vw, 2000px\" \/>\n\t\t\t<\/div><\/figure><figure class='gallery-item'>\n\t\t\t<div class='gallery-icon landscape'>\n\t\t\t\t<img loading=\"lazy\" decoding=\"async\" width=\"2000\" height=\"2000\" src=\"https:\/\/www.linkseride.com\/wp-content\/uploads\/2022\/11\/electric-motorcycle-scooter-2.jpg\" class=\"attachment-full size-full\" alt=\"scooter el\u00e9ctrico\" srcset=\"https:\/\/www.linkseride.com\/wp-content\/uploads\/2022\/11\/electric-motorcycle-scooter-2.jpg 2000w, https:\/\/www.linkseride.com\/wp-content\/uploads\/2022\/11\/electric-motorcycle-scooter-2-300x300.jpg 300w, https:\/\/www.linkseride.com\/wp-content\/uploads\/2022\/11\/electric-motorcycle-scooter-2-1024x1024.jpg 1024w, https:\/\/www.linkseride.com\/wp-content\/uploads\/2022\/11\/electric-motorcycle-scooter-2-150x150.jpg 150w, https:\/\/www.linkseride.com\/wp-content\/uploads\/2022\/11\/electric-motorcycle-scooter-2-768x768.jpg 768w, https:\/\/www.linkseride.com\/wp-content\/uploads\/2022\/11\/electric-motorcycle-scooter-2-1536x1536.jpg 1536w, https:\/\/www.linkseride.com\/wp-content\/uploads\/2022\/11\/electric-motorcycle-scooter-2-600x600.jpg 600w, https:\/\/www.linkseride.com\/wp-content\/uploads\/2022\/11\/electric-motorcycle-scooter-2-100x100.jpg 100w\" sizes=\"(max-width: 2000px) 100vw, 2000px\" \/>\n\t\t\t<\/div><\/figure><figure class='gallery-item'>\n\t\t\t<div class='gallery-icon landscape'>\n\t\t\t\t<img loading=\"lazy\" decoding=\"async\" width=\"2000\" height=\"2000\" src=\"https:\/\/www.linkseride.com\/wp-content\/uploads\/2022\/11\/electric-motorcycle-scooter-3.jpg\" class=\"attachment-full size-full\" alt=\"scooter el\u00e9ctrico\" srcset=\"https:\/\/www.linkseride.com\/wp-content\/uploads\/2022\/11\/electric-motorcycle-scooter-3.jpg 2000w, https:\/\/www.linkseride.com\/wp-content\/uploads\/2022\/11\/electric-motorcycle-scooter-3-300x300.jpg 300w, https:\/\/www.linkseride.com\/wp-content\/uploads\/2022\/11\/electric-motorcycle-scooter-3-1024x1024.jpg 1024w, https:\/\/www.linkseride.com\/wp-content\/uploads\/2022\/11\/electric-motorcycle-scooter-3-150x150.jpg 150w, https:\/\/www.linkseride.com\/wp-content\/uploads\/2022\/11\/electric-motorcycle-scooter-3-768x768.jpg 768w, https:\/\/www.linkseride.com\/wp-content\/uploads\/2022\/11\/electric-motorcycle-scooter-3-1536x1536.jpg 1536w, https:\/\/www.linkseride.com\/wp-content\/uploads\/2022\/11\/electric-motorcycle-scooter-3-600x600.jpg 600w, https:\/\/www.linkseride.com\/wp-content\/uploads\/2022\/11\/electric-motorcycle-scooter-3-100x100.jpg 100w\" sizes=\"(max-width: 2000px) 100vw, 2000px\" \/>\n\t\t\t<\/div><\/figure><figure class='gallery-item'>\n\t\t\t<div class='gallery-icon landscape'>\n\t\t\t\t<img loading=\"lazy\" decoding=\"async\" width=\"2000\" height=\"2000\" src=\"https:\/\/www.linkseride.com\/wp-content\/uploads\/2022\/11\/electric-motorcycle-scooter-4.jpg\" class=\"attachment-full size-full\" alt=\"scooter el\u00e9ctrico\" srcset=\"https:\/\/www.linkseride.com\/wp-content\/uploads\/2022\/11\/electric-motorcycle-scooter-4.jpg 2000w, https:\/\/www.linkseride.com\/wp-content\/uploads\/2022\/11\/electric-motorcycle-scooter-4-300x300.jpg 300w, https:\/\/www.linkseride.com\/wp-content\/uploads\/2022\/11\/electric-motorcycle-scooter-4-1024x1024.jpg 1024w, https:\/\/www.linkseride.com\/wp-content\/uploads\/2022\/11\/electric-motorcycle-scooter-4-150x150.jpg 150w, https:\/\/www.linkseride.com\/wp-content\/uploads\/2022\/11\/electric-motorcycle-scooter-4-768x768.jpg 768w, https:\/\/www.linkseride.com\/wp-content\/uploads\/2022\/11\/electric-motorcycle-scooter-4-1536x1536.jpg 1536w, https:\/\/www.linkseride.com\/wp-content\/uploads\/2022\/11\/electric-motorcycle-scooter-4-600x600.jpg 600w, https:\/\/www.linkseride.com\/wp-content\/uploads\/2022\/11\/electric-motorcycle-scooter-4-100x100.jpg 100w\" sizes=\"(max-width: 2000px) 100vw, 2000px\" \/>\n\t\t\t<\/div><\/figure><figure class='gallery-item'>\n\t\t\t<div class='gallery-icon landscape'>\n\t\t\t\t<img loading=\"lazy\" decoding=\"async\" width=\"2000\" height=\"2000\" src=\"https:\/\/www.linkseride.com\/wp-content\/uploads\/2022\/11\/electric-motorcycle-scooter-5.jpg\" class=\"attachment-full size-full\" alt=\"scooter el\u00e9ctrico\" srcset=\"https:\/\/www.linkseride.com\/wp-content\/uploads\/2022\/11\/electric-motorcycle-scooter-5.jpg 2000w, https:\/\/www.linkseride.com\/wp-content\/uploads\/2022\/11\/electric-motorcycle-scooter-5-300x300.jpg 300w, https:\/\/www.linkseride.com\/wp-content\/uploads\/2022\/11\/electric-motorcycle-scooter-5-1024x1024.jpg 1024w, https:\/\/www.linkseride.com\/wp-content\/uploads\/2022\/11\/electric-motorcycle-scooter-5-150x150.jpg 150w, https:\/\/www.linkseride.com\/wp-content\/uploads\/2022\/11\/electric-motorcycle-scooter-5-768x768.jpg 768w, https:\/\/www.linkseride.com\/wp-content\/uploads\/2022\/11\/electric-motorcycle-scooter-5-1536x1536.jpg 1536w, https:\/\/www.linkseride.com\/wp-content\/uploads\/2022\/11\/electric-motorcycle-scooter-5-600x600.jpg 600w, https:\/\/www.linkseride.com\/wp-content\/uploads\/2022\/11\/electric-motorcycle-scooter-5-100x100.jpg 100w\" sizes=\"(max-width: 2000px) 100vw, 2000px\" \/>\n\t\t\t<\/div><\/figure><figure class='gallery-item'>\n\t\t\t<div class='gallery-icon landscape'>\n\t\t\t\t<img loading=\"lazy\" decoding=\"async\" width=\"2000\" height=\"2000\" src=\"https:\/\/www.linkseride.com\/wp-content\/uploads\/2022\/11\/electric-motorcycle-scooter-6.jpg\" class=\"attachment-full size-full\" alt=\"scooter el\u00e9ctrico\" srcset=\"https:\/\/www.linkseride.com\/wp-content\/uploads\/2022\/11\/electric-motorcycle-scooter-6.jpg 2000w, https:\/\/www.linkseride.com\/wp-content\/uploads\/2022\/11\/electric-motorcycle-scooter-6-300x300.jpg 300w, https:\/\/www.linkseride.com\/wp-content\/uploads\/2022\/11\/electric-motorcycle-scooter-6-1024x1024.jpg 1024w, https:\/\/www.linkseride.com\/wp-content\/uploads\/2022\/11\/electric-motorcycle-scooter-6-150x150.jpg 150w, https:\/\/www.linkseride.com\/wp-content\/uploads\/2022\/11\/electric-motorcycle-scooter-6-768x768.jpg 768w, https:\/\/www.linkseride.com\/wp-content\/uploads\/2022\/11\/electric-motorcycle-scooter-6-1536x1536.jpg 1536w, https:\/\/www.linkseride.com\/wp-content\/uploads\/2022\/11\/electric-motorcycle-scooter-6-600x600.jpg 600w, https:\/\/www.linkseride.com\/wp-content\/uploads\/2022\/11\/electric-motorcycle-scooter-6-100x100.jpg 100w\" sizes=\"(max-width: 2000px) 100vw, 2000px\" \/>\n\t\t\t<\/div><\/figure>\n\t\t<\/div>\n\n<p>Tambi\u00e9n tenemos otro nuevo modelo de scooter Citycoco con forma de Harley. Si necesita m\u00e1s informaci\u00f3n, puede<a href=\"https:\/\/www.linkseride.com\/es\/patineta-electrica-con-llantas-gruesas\/\" target=\"_blank\" rel=\"noopener\"> Encu\u00e9ntralo aqu\u00ed.<\/a><\/p>\n<p>Aqu\u00ed puedes encontrar m\u00e1s videos de presentaci\u00f3n: <a href=\"https:\/\/www.youtube.com\/c\/LinksErideTech\" target=\"_blank\" rel=\"noopener\">https:\/\/www.youtube.com\/c\/LinksErideTech<\/a><\/p>\n<div class=\"ast-oembed-container\" style=\"height: 100%;\"><iframe title=\"Motocicleta el\u00e9ctrica Linkseride CP 6 con certificaci\u00f3n EEC y neum\u00e1ticos gruesos Scooter Citycoco\" width=\"500\" height=\"281\" src=\"https:\/\/www.youtube.com\/embed\/GZJXR52V-VM?feature=oembed\" frameborder=\"0\" allow=\"accelerometer; autoplay; clipboard-write; encrypted-media; gyroscope; picture-in-picture; web-share\" referrerpolicy=\"strict-origin-when-cross-origin\" allowfullscreen><\/iframe><\/div>","protected":false},"excerpt":{"rendered":"<p>\u25cf Linkseride CP6 Electric Motorcycle Scooter EEC Proved Fat Tire Citycoco Scooter<\/p>\n<p>\u25cf Bater\u00eda de litio de 20 Ah\/40 Ah opcional.<\/p>\n<p>\u25cf 60v 4000w powerful engine, 80km\/h max speed.<\/p>\n<p>\u25cf Frenos de doble disco delantero y trasero.<\/p>\n<p>\u25cf OEM disponible para todos los colores, se buscan distribuidores en todo el mundo.<\/p>","protected":false},"featured_media":8768,"template":"","meta":{"site-sidebar-layout":"default","site-content-layout":"default","ast-site-content-layout":"default","site-content-style":"default","site-sidebar-style":"default","ast-global-header-display":"","ast-banner-title-visibility":"","ast-main-header-display":"","ast-hfb-above-header-display":"","ast-hfb-below-header-display":"","ast-hfb-mobile-header-display":"","site-post-title":"","ast-breadcrumbs-content":"","ast-featured-img":"","footer-sml-layout":"","ast-disable-related-posts":"","theme-transparent-header-meta":"default","adv-header-id-meta":"","stick-header-meta":"","header-above-stick-meta":"","header-main-stick-meta":"","header-below-stick-meta":"","astra-migrate-meta-layouts":"default","ast-page-background-enabled":"default","ast-page-background-meta":{"desktop":{"background-color":"","background-image":"","background-repeat":"repeat","background-position":"center center","background-size":"auto","background-attachment":"scroll","background-type":"","background-media":"","overlay-type":"","overlay-color":"","overlay-opacity":"","overlay-gradient":""},"tablet":{"background-color":"","background-image":"","background-repeat":"repeat","background-position":"center center","background-size":"auto","background-attachment":"scroll","background-type":"","background-media":"","overlay-type":"","overlay-color":"","overlay-opacity":"","overlay-gradient":""},"mobile":{"background-color":"","background-image":"","background-repeat":"repeat","background-position":"center center","background-size":"auto","background-attachment":"scroll","background-type":"","background-media":"","overlay-type":"","overlay-color":"","overlay-opacity":"","overlay-gradient":""}},"ast-content-background-meta":{"desktop":{"background-color":"var(--ast-global-color-5)","background-image":"","background-repeat":"repeat","background-position":"center center","background-size":"auto","background-attachment":"scroll","background-type":"","background-media":"","overlay-type":"","overlay-color":"","overlay-opacity":"","overlay-gradient":""},"tablet":{"background-color":"var(--ast-global-color-5)","background-image":"","background-repeat":"repeat","background-position":"center center","background-size":"auto","background-attachment":"scroll","background-type":"","background-media":"","overlay-type":"","overlay-color":"","overlay-opacity":"","overlay-gradient":""},"mobile":{"background-color":"var(--ast-global-color-5)","background-image":"","background-repeat":"repeat","background-position":"center center","background-size":"auto","background-attachment":"scroll","background-type":"","background-media":"","overlay-type":"","overlay-color":"","overlay-opacity":"","overlay-gradient":""}}},"product_brand":[],"product_cat":[27,28],"product_tag":[38,50],"class_list":{"0":"post-8752","1":"product","2":"type-product","3":"status-publish","4":"has-post-thumbnail","6":"product_cat-electric-motorcycle","7":"product_cat-electric-scooter","8":"product_tag-citycoco-scooter","9":"product_tag-fat-tire-scooter","10":"desktop-align-left","11":"tablet-align-left","12":"mobile-align-left","14":"first","15":"instock","16":"shipping-taxable","17":"product-type-simple"},"_links":{"self":[{"href":"https:\/\/www.linkseride.com\/es\/wp-json\/wp\/v2\/product\/8752","targetHints":{"allow":["GET"]}}],"collection":[{"href":"https:\/\/www.linkseride.com\/es\/wp-json\/wp\/v2\/product"}],"about":[{"href":"https:\/\/www.linkseride.com\/es\/wp-json\/wp\/v2\/types\/product"}],"wp:featuredmedia":[{"embeddable":true,"href":"https:\/\/www.linkseride.com\/es\/wp-json\/wp\/v2\/media\/8768"}],"wp:attachment":[{"href":"https:\/\/www.linkseride.com\/es\/wp-json\/wp\/v2\/media?parent=8752"}],"wp:term":[{"taxonomy":"product_brand","embeddable":true,"href":"https:\/\/www.linkseride.com\/es\/wp-json\/wp\/v2\/product_brand?post=8752"},{"taxonomy":"product_cat","embeddable":true,"href":"https:\/\/www.linkseride.com\/es\/wp-json\/wp\/v2\/product_cat?post=8752"},{"taxonomy":"product_tag","embeddable":true,"href":"https:\/\/www.linkseride.com\/es\/wp-json\/wp\/v2\/product_tag?post=8752"}],"curies":[{"name":"wp","href":"https:\/\/api.w.org\/{rel}","templated":true}]}}