{"id":8898,"date":"2022-12-08T06:45:31","date_gmt":"2022-12-08T06:45:31","guid":{"rendered":"http:\/\/linkseride.com\/?post_type=product&#038;p=8898"},"modified":"2026-01-07T07:12:42","modified_gmt":"2026-01-07T07:12:42","slug":"cp7-electric-trike-scooter-2000w-motor","status":"publish","type":"product","link":"https:\/\/www.linkseride.com\/es\/product\/cp7-electric-trike-scooter-2000w-motor\/","title":{"rendered":"Triciclo el\u00e9ctrico CP7 Scooter 2000 W Motor doble de alta potencia"},"content":{"rendered":"<h2>Linkseride CP7 Electric Trike Scooter 2000w High-powered\u00a0 Motor<\/h2>\n<p>We are Chinese electric scooter manufacturer since 2014. We are passionate about what we are doing with our electric future, including <strong>patinetes el\u00e9ctricos, <a href=\"https:\/\/www.linkseride.com\/es\/fabricante-de-motocicletas-electricas\/\" target=\"_blank\" rel=\"noopener\">patineta con llantas gruesas<\/a>, <a href=\"https:\/\/www.linkseride.com\/es\/fabricante-de-motocicletas-electricas\/\" target=\"_blank\" rel=\"noopener\">patineta citycoco<\/a>, <a href=\"https:\/\/www.linkseride.com\/es\/fabricante-de-ciclomotores-electricos\/\" target=\"_blank\" rel=\"noopener\">ciclomotor el\u00e9ctrico<\/a><\/strong> y dem\u00e1s.<\/p>\n<p>This CP7 Electric Three trike Scooter is with dual motor 2000w*2, and with dual battery 20Ah*2. This electric trike scooter is with an articulating back to the scooter so it is very smoothly riding on hills and golf courts. With front and rear 10inch size. The max range of <a href=\"https:\/\/www.linkseride.com\/es\/fabricante-de-triciclos-electricos-tipo-scooter\/\" target=\"_blank\" rel=\"noopener\"><b>electric three wheel scooter<\/b><\/a> could reach 30 to 45 km per single 20Ah battery. This three wheel electric scooter 2000w support double removable li-ion battery, max speed is 45 km\/h.<\/p>\n<div id='gallery-1' class='gallery galleryid-8898 gallery-columns-4 gallery-size-full'><figure class='gallery-item'>\n\t\t\t<div class='gallery-icon landscape'>\n\t\t\t\t<img fetchpriority=\"high\" decoding=\"async\" width=\"2000\" height=\"2000\" src=\"https:\/\/www.linkseride.com\/wp-content\/uploads\/2022\/12\/CP7-black-1.jpg\" class=\"attachment-full size-full\" alt=\"triciclo el\u00e9ctrico\" srcset=\"https:\/\/www.linkseride.com\/wp-content\/uploads\/2022\/12\/CP7-black-1.jpg 2000w, https:\/\/www.linkseride.com\/wp-content\/uploads\/2022\/12\/CP7-black-1-300x300.jpg 300w, https:\/\/www.linkseride.com\/wp-content\/uploads\/2022\/12\/CP7-black-1-1024x1024.jpg 1024w, https:\/\/www.linkseride.com\/wp-content\/uploads\/2022\/12\/CP7-black-1-150x150.jpg 150w, https:\/\/www.linkseride.com\/wp-content\/uploads\/2022\/12\/CP7-black-1-768x768.jpg 768w, https:\/\/www.linkseride.com\/wp-content\/uploads\/2022\/12\/CP7-black-1-1536x1536.jpg 1536w, https:\/\/www.linkseride.com\/wp-content\/uploads\/2022\/12\/CP7-black-1-600x600.jpg 600w, https:\/\/www.linkseride.com\/wp-content\/uploads\/2022\/12\/CP7-black-1-100x100.jpg 100w\" sizes=\"(max-width: 2000px) 100vw, 2000px\" \/>\n\t\t\t<\/div><\/figure><figure class='gallery-item'>\n\t\t\t<div class='gallery-icon landscape'>\n\t\t\t\t<img decoding=\"async\" width=\"2000\" height=\"2000\" src=\"https:\/\/www.linkseride.com\/wp-content\/uploads\/2022\/12\/CP7-black-2.jpg\" class=\"attachment-full size-full\" alt=\"triciclo el\u00e9ctrico\" srcset=\"https:\/\/www.linkseride.com\/wp-content\/uploads\/2022\/12\/CP7-black-2.jpg 2000w, https:\/\/www.linkseride.com\/wp-content\/uploads\/2022\/12\/CP7-black-2-300x300.jpg 300w, https:\/\/www.linkseride.com\/wp-content\/uploads\/2022\/12\/CP7-black-2-1024x1024.jpg 1024w, https:\/\/www.linkseride.com\/wp-content\/uploads\/2022\/12\/CP7-black-2-150x150.jpg 150w, https:\/\/www.linkseride.com\/wp-content\/uploads\/2022\/12\/CP7-black-2-768x768.jpg 768w, https:\/\/www.linkseride.com\/wp-content\/uploads\/2022\/12\/CP7-black-2-1536x1536.jpg 1536w, https:\/\/www.linkseride.com\/wp-content\/uploads\/2022\/12\/CP7-black-2-600x600.jpg 600w, https:\/\/www.linkseride.com\/wp-content\/uploads\/2022\/12\/CP7-black-2-100x100.jpg 100w\" sizes=\"(max-width: 2000px) 100vw, 2000px\" \/>\n\t\t\t<\/div><\/figure><figure class='gallery-item'>\n\t\t\t<div class='gallery-icon landscape'>\n\t\t\t\t<img decoding=\"async\" width=\"2000\" height=\"2000\" src=\"https:\/\/www.linkseride.com\/wp-content\/uploads\/2022\/12\/CP7-black-3.jpg\" class=\"attachment-full size-full\" alt=\"triciclo el\u00e9ctrico\" srcset=\"https:\/\/www.linkseride.com\/wp-content\/uploads\/2022\/12\/CP7-black-3.jpg 2000w, https:\/\/www.linkseride.com\/wp-content\/uploads\/2022\/12\/CP7-black-3-300x300.jpg 300w, https:\/\/www.linkseride.com\/wp-content\/uploads\/2022\/12\/CP7-black-3-1024x1024.jpg 1024w, https:\/\/www.linkseride.com\/wp-content\/uploads\/2022\/12\/CP7-black-3-150x150.jpg 150w, https:\/\/www.linkseride.com\/wp-content\/uploads\/2022\/12\/CP7-black-3-768x768.jpg 768w, https:\/\/www.linkseride.com\/wp-content\/uploads\/2022\/12\/CP7-black-3-1536x1536.jpg 1536w, https:\/\/www.linkseride.com\/wp-content\/uploads\/2022\/12\/CP7-black-3-600x600.jpg 600w, https:\/\/www.linkseride.com\/wp-content\/uploads\/2022\/12\/CP7-black-3-100x100.jpg 100w\" sizes=\"(max-width: 2000px) 100vw, 2000px\" \/>\n\t\t\t<\/div><\/figure><figure class='gallery-item'>\n\t\t\t<div class='gallery-icon landscape'>\n\t\t\t\t<img loading=\"lazy\" decoding=\"async\" width=\"2000\" height=\"2000\" src=\"https:\/\/www.linkseride.com\/wp-content\/uploads\/2022\/12\/CP7-black-8.jpg\" class=\"attachment-full size-full\" alt=\"triciclo el\u00e9ctrico\" srcset=\"https:\/\/www.linkseride.com\/wp-content\/uploads\/2022\/12\/CP7-black-8.jpg 2000w, https:\/\/www.linkseride.com\/wp-content\/uploads\/2022\/12\/CP7-black-8-300x300.jpg 300w, https:\/\/www.linkseride.com\/wp-content\/uploads\/2022\/12\/CP7-black-8-1024x1024.jpg 1024w, https:\/\/www.linkseride.com\/wp-content\/uploads\/2022\/12\/CP7-black-8-150x150.jpg 150w, https:\/\/www.linkseride.com\/wp-content\/uploads\/2022\/12\/CP7-black-8-768x768.jpg 768w, https:\/\/www.linkseride.com\/wp-content\/uploads\/2022\/12\/CP7-black-8-1536x1536.jpg 1536w, https:\/\/www.linkseride.com\/wp-content\/uploads\/2022\/12\/CP7-black-8-600x600.jpg 600w, https:\/\/www.linkseride.com\/wp-content\/uploads\/2022\/12\/CP7-black-8-100x100.jpg 100w\" sizes=\"(max-width: 2000px) 100vw, 2000px\" \/>\n\t\t\t<\/div><\/figure>\n\t\t<\/div>\n\n<p><img loading=\"lazy\" decoding=\"async\" class=\"alignnone wp-image-11016 size-full\" src=\"https:\/\/www.linkseride.com\/wp-content\/uploads\/2024\/07\/CP7.png\" alt=\"\" width=\"1280\" height=\"720\" srcset=\"https:\/\/www.linkseride.com\/wp-content\/uploads\/2024\/07\/CP7.png 1280w, https:\/\/www.linkseride.com\/wp-content\/uploads\/2024\/07\/CP7-300x169.png 300w, https:\/\/www.linkseride.com\/wp-content\/uploads\/2024\/07\/CP7-1024x576.png 1024w, https:\/\/www.linkseride.com\/wp-content\/uploads\/2024\/07\/CP7-768x432.png 768w, https:\/\/www.linkseride.com\/wp-content\/uploads\/2024\/07\/CP7-600x338.png 600w\" sizes=\"(max-width: 1280px) 100vw, 1280px\" \/><\/p>\n<h2><\/h2>\n<h2>What is the features of this CP7 Electric Trike Scooter 2000w High-powered Dual Motor?<\/h2>\n<ul>\n<li>2000w*2 dual motor provide excellent hill climbing ability<\/li>\n<li>Optional 2 sets of Lithium-Ion \u201cQuick-swap\u201d Battery (40ah)\u00a0 ensure a max range of 70km<\/li>\n<li><strong>D.O.T listed Scooter Manufacturer<\/strong> ( Speed limit: 45km\/h ), you can get registeration in some states.<\/li>\n<li>US warehoue black color and red wine in stock.<\/li>\n<li>Opci\u00f3n de 2 asientos con material acolchado para mejorar la sensaci\u00f3n al conducir.<\/li>\n<\/ul>\n<table>\n<tbody>\n<tr>\n<td>Potencia del motor<\/td>\n<td>2000w*2000w<\/td>\n<\/tr>\n<tr>\n<td>Velocidad m\u00e1xima<\/td>\n<td>45 km\/h<\/td>\n<\/tr>\n<tr>\n<td>Alcance m\u00e1ximo<\/td>\n<td>50km per 20Ah battery<\/td>\n<\/tr>\n<tr>\n<td>Capacidad de la bater\u00eda<\/td>\n<td>60V 20Ah\/60V 40Ah<\/td>\n<\/tr>\n<tr>\n<td>Material del armaz\u00f3n<\/td>\n<td>Tubo de acero sin soldadura<\/td>\n<\/tr>\n<tr>\n<td>Neum\u00e1tico<\/td>\n<td>10inch<\/td>\n<\/tr>\n<tr>\n<td>Carga m\u00e1xima<\/td>\n<td>200 kg<\/td>\n<\/tr>\n<tr>\n<td>N.W\/G.W<\/td>\n<td>89 kg<\/td>\n<\/tr>\n<tr>\n<td>Otras caracter\u00edsticas<\/td>\n<td>Soporte para tel\u00e9fono con puerto USB<\/p>\n<p>rear rack\/bracket<\/td>\n<\/tr>\n<\/tbody>\n<\/table>\n<h2>Why choosing this kind of Electric Trike Scooter?<\/h2>\n<p>We&#8217;ve also got other electric trike scooter models, if you need more info, you can<a href=\"https:\/\/www.linkseride.com\/es\/fat-tire-golf-scooter-golf-cart-trouring\/\" target=\"_blank\" rel=\"noopener\"> Encu\u00e9ntralo aqu\u00ed.<\/a><\/p>\n<p>Aqu\u00ed puedes encontrar m\u00e1s videos de presentaci\u00f3n: <a href=\"https:\/\/www.youtube.com\/c\/LinksErideTech\" target=\"_blank\" rel=\"noopener\">https:\/\/www.youtube.com\/c\/LinksErideTech<\/a><\/p>\n<div class=\"ast-oembed-container\" style=\"height: 100%;\"><iframe title=\"Everything You Need to Know About CP-7 Electric Scooter Three Wheel Dual Motor Citycoco Scooter\" width=\"500\" height=\"281\" src=\"https:\/\/www.youtube.com\/embed\/mCniA3BqCDM?feature=oembed&#038;enablejsapi=1&#038;origin=https:\/\/www.linkseride.com\" frameborder=\"0\" allow=\"accelerometer; autoplay; clipboard-write; encrypted-media; gyroscope; picture-in-picture; web-share\" referrerpolicy=\"strict-origin-when-cross-origin\" allowfullscreen><\/iframe><\/div>","protected":false},"excerpt":{"rendered":"<p>\u25cf Electric Trike Scooter 2000w<\/p>\n<p>\u25cf 2000w*2 dual motor provide excellent hill climbing ability<\/p>\n<p>\u25cf Electric trike scooter with an\u00a0<span class=\"il\">articulating<\/span>\u00a0<span class=\"il\">back<\/span> to the scooter<\/p>\n<p>\u25cf 2-seated option with a cushioned material to improve riding feelings<\/p>\n<p>\u25cf Optional 2 sets of Lithium-Ion \u201cQuick-swap\u201d Battery (40ah) to ensure a max range of 70km<\/p>","protected":false},"featured_media":8903,"template":"","meta":{"site-sidebar-layout":"default","site-content-layout":"default","ast-site-content-layout":"default","site-content-style":"default","site-sidebar-style":"default","ast-global-header-display":"","ast-banner-title-visibility":"","ast-main-header-display":"","ast-hfb-above-header-display":"","ast-hfb-below-header-display":"","ast-hfb-mobile-header-display":"","site-post-title":"","ast-breadcrumbs-content":"","ast-featured-img":"","footer-sml-layout":"","ast-disable-related-posts":"","theme-transparent-header-meta":"default","adv-header-id-meta":"","stick-header-meta":"","header-above-stick-meta":"","header-main-stick-meta":"","header-below-stick-meta":"","astra-migrate-meta-layouts":"set","ast-page-background-enabled":"default","ast-page-background-meta":{"desktop":{"background-color":"","background-image":"","background-repeat":"repeat","background-position":"center center","background-size":"auto","background-attachment":"scroll","background-type":"","background-media":"","overlay-type":"","overlay-color":"","overlay-opacity":"","overlay-gradient":""},"tablet":{"background-color":"","background-image":"","background-repeat":"repeat","background-position":"center center","background-size":"auto","background-attachment":"scroll","background-type":"","background-media":"","overlay-type":"","overlay-color":"","overlay-opacity":"","overlay-gradient":""},"mobile":{"background-color":"","background-image":"","background-repeat":"repeat","background-position":"center center","background-size":"auto","background-attachment":"scroll","background-type":"","background-media":"","overlay-type":"","overlay-color":"","overlay-opacity":"","overlay-gradient":""}},"ast-content-background-meta":{"desktop":{"background-color":"var(--ast-global-color-5)","background-image":"","background-repeat":"repeat","background-position":"center center","background-size":"auto","background-attachment":"scroll","background-type":"","background-media":"","overlay-type":"","overlay-color":"","overlay-opacity":"","overlay-gradient":""},"tablet":{"background-color":"var(--ast-global-color-5)","background-image":"","background-repeat":"repeat","background-position":"center center","background-size":"auto","background-attachment":"scroll","background-type":"","background-media":"","overlay-type":"","overlay-color":"","overlay-opacity":"","overlay-gradient":""},"mobile":{"background-color":"var(--ast-global-color-5)","background-image":"","background-repeat":"repeat","background-position":"center center","background-size":"auto","background-attachment":"scroll","background-type":"","background-media":"","overlay-type":"","overlay-color":"","overlay-opacity":"","overlay-gradient":""}}},"product_brand":[],"product_cat":[28],"product_tag":[38],"class_list":{"0":"post-8898","1":"product","2":"type-product","3":"status-publish","4":"has-post-thumbnail","6":"product_cat-electric-scooter","7":"product_tag-citycoco-scooter","8":"desktop-align-left","9":"tablet-align-left","10":"mobile-align-left","12":"first","13":"instock","14":"shipping-taxable","15":"product-type-simple"},"_links":{"self":[{"href":"https:\/\/www.linkseride.com\/es\/wp-json\/wp\/v2\/product\/8898","targetHints":{"allow":["GET"]}}],"collection":[{"href":"https:\/\/www.linkseride.com\/es\/wp-json\/wp\/v2\/product"}],"about":[{"href":"https:\/\/www.linkseride.com\/es\/wp-json\/wp\/v2\/types\/product"}],"wp:featuredmedia":[{"embeddable":true,"href":"https:\/\/www.linkseride.com\/es\/wp-json\/wp\/v2\/media\/8903"}],"wp:attachment":[{"href":"https:\/\/www.linkseride.com\/es\/wp-json\/wp\/v2\/media?parent=8898"}],"wp:term":[{"taxonomy":"product_brand","embeddable":true,"href":"https:\/\/www.linkseride.com\/es\/wp-json\/wp\/v2\/product_brand?post=8898"},{"taxonomy":"product_cat","embeddable":true,"href":"https:\/\/www.linkseride.com\/es\/wp-json\/wp\/v2\/product_cat?post=8898"},{"taxonomy":"product_tag","embeddable":true,"href":"https:\/\/www.linkseride.com\/es\/wp-json\/wp\/v2\/product_tag?post=8898"}],"curies":[{"name":"wp","href":"https:\/\/api.w.org\/{rel}","templated":true}]}}