{"id":9602,"date":"2023-10-12T08:40:24","date_gmt":"2023-10-12T08:40:24","guid":{"rendered":"https:\/\/www.linkseride.com\/?post_type=product&#038;p=9602"},"modified":"2023-10-12T08:51:33","modified_gmt":"2023-10-12T08:51:33","slug":"ciclomotor-electrico-homologado-para-circular-por-carretera-de-3000-w-y-4000-w","status":"publish","type":"product","link":"https:\/\/www.linkseride.com\/es\/product\/3000w-4000w-road-legal-electric-moped\/","title":{"rendered":"Motocicleta el\u00e9ctrica de 3000 W y 4000 W homologada para circular por carretera en venta"},"content":{"rendered":"<div id='gallery-1' class='gallery galleryid-9602 gallery-columns-4 gallery-size-full'><figure class='gallery-item'>\n\t\t\t<div class='gallery-icon landscape'>\n\t\t\t\t<img fetchpriority=\"high\" decoding=\"async\" width=\"1000\" height=\"666\" src=\"https:\/\/www.linkseride.com\/wp-content\/uploads\/2023\/10\/part-2.jpg\" class=\"attachment-full size-full\" alt=\"Ciclomotor el\u00e9ctrico homologado para circular por carretera\" srcset=\"https:\/\/www.linkseride.com\/wp-content\/uploads\/2023\/10\/part-2.jpg 1000w, https:\/\/www.linkseride.com\/wp-content\/uploads\/2023\/10\/part-2-300x200.jpg 300w, https:\/\/www.linkseride.com\/wp-content\/uploads\/2023\/10\/part-2-768x511.jpg 768w, https:\/\/www.linkseride.com\/wp-content\/uploads\/2023\/10\/part-2-600x400.jpg 600w\" sizes=\"(max-width: 1000px) 100vw, 1000px\" \/>\n\t\t\t<\/div><\/figure><figure class='gallery-item'>\n\t\t\t<div class='gallery-icon landscape'>\n\t\t\t\t<img decoding=\"async\" width=\"1000\" height=\"666\" src=\"https:\/\/www.linkseride.com\/wp-content\/uploads\/2023\/10\/part-1.jpg\" class=\"attachment-full size-full\" alt=\"Ciclomotor el\u00e9ctrico homologado para circular por carretera\" srcset=\"https:\/\/www.linkseride.com\/wp-content\/uploads\/2023\/10\/part-1.jpg 1000w, https:\/\/www.linkseride.com\/wp-content\/uploads\/2023\/10\/part-1-300x200.jpg 300w, https:\/\/www.linkseride.com\/wp-content\/uploads\/2023\/10\/part-1-768x511.jpg 768w, https:\/\/www.linkseride.com\/wp-content\/uploads\/2023\/10\/part-1-600x400.jpg 600w\" sizes=\"(max-width: 1000px) 100vw, 1000px\" \/>\n\t\t\t<\/div><\/figure><figure class='gallery-item'>\n\t\t\t<div class='gallery-icon landscape'>\n\t\t\t\t<img decoding=\"async\" width=\"1000\" height=\"666\" src=\"https:\/\/www.linkseride.com\/wp-content\/uploads\/2023\/10\/part-3.jpg\" class=\"attachment-full size-full\" alt=\"\" srcset=\"https:\/\/www.linkseride.com\/wp-content\/uploads\/2023\/10\/part-3.jpg 1000w, https:\/\/www.linkseride.com\/wp-content\/uploads\/2023\/10\/part-3-300x200.jpg 300w, https:\/\/www.linkseride.com\/wp-content\/uploads\/2023\/10\/part-3-768x511.jpg 768w, https:\/\/www.linkseride.com\/wp-content\/uploads\/2023\/10\/part-3-600x400.jpg 600w\" sizes=\"(max-width: 1000px) 100vw, 1000px\" \/>\n\t\t\t<\/div><\/figure><figure class='gallery-item'>\n\t\t\t<div class='gallery-icon landscape'>\n\t\t\t\t<img loading=\"lazy\" decoding=\"async\" width=\"1000\" height=\"666\" src=\"https:\/\/www.linkseride.com\/wp-content\/uploads\/2023\/10\/part-4.jpg\" class=\"attachment-full size-full\" alt=\"Ciclomotor el\u00e9ctrico homologado para circular por carretera\" srcset=\"https:\/\/www.linkseride.com\/wp-content\/uploads\/2023\/10\/part-4.jpg 1000w, https:\/\/www.linkseride.com\/wp-content\/uploads\/2023\/10\/part-4-300x200.jpg 300w, https:\/\/www.linkseride.com\/wp-content\/uploads\/2023\/10\/part-4-768x511.jpg 768w, https:\/\/www.linkseride.com\/wp-content\/uploads\/2023\/10\/part-4-600x400.jpg 600w\" sizes=\"(max-width: 1000px) 100vw, 1000px\" \/>\n\t\t\t<\/div><\/figure>\n\t\t<\/div>\n\n<div id='gallery-2' class='gallery galleryid-9602 gallery-columns-4 gallery-size-full'><figure class='gallery-item'>\n\t\t\t<div class='gallery-icon landscape'>\n\t\t\t\t<img loading=\"lazy\" decoding=\"async\" width=\"1000\" height=\"666\" src=\"https:\/\/www.linkseride.com\/wp-content\/uploads\/2023\/10\/part-8.jpg\" class=\"attachment-full size-full\" alt=\"Ciclomotor el\u00e9ctrico homologado para circular por carretera\" srcset=\"https:\/\/www.linkseride.com\/wp-content\/uploads\/2023\/10\/part-8.jpg 1000w, https:\/\/www.linkseride.com\/wp-content\/uploads\/2023\/10\/part-8-300x200.jpg 300w, https:\/\/www.linkseride.com\/wp-content\/uploads\/2023\/10\/part-8-768x511.jpg 768w, https:\/\/www.linkseride.com\/wp-content\/uploads\/2023\/10\/part-8-600x400.jpg 600w\" sizes=\"(max-width: 1000px) 100vw, 1000px\" \/>\n\t\t\t<\/div><\/figure><figure class='gallery-item'>\n\t\t\t<div class='gallery-icon landscape'>\n\t\t\t\t<img loading=\"lazy\" decoding=\"async\" width=\"1000\" height=\"666\" src=\"https:\/\/www.linkseride.com\/wp-content\/uploads\/2023\/10\/part-7.jpg\" class=\"attachment-full size-full\" alt=\"Ciclomotor el\u00e9ctrico homologado para circular por carretera\" srcset=\"https:\/\/www.linkseride.com\/wp-content\/uploads\/2023\/10\/part-7.jpg 1000w, https:\/\/www.linkseride.com\/wp-content\/uploads\/2023\/10\/part-7-300x200.jpg 300w, https:\/\/www.linkseride.com\/wp-content\/uploads\/2023\/10\/part-7-768x511.jpg 768w, https:\/\/www.linkseride.com\/wp-content\/uploads\/2023\/10\/part-7-600x400.jpg 600w\" sizes=\"(max-width: 1000px) 100vw, 1000px\" \/>\n\t\t\t<\/div><\/figure><figure class='gallery-item'>\n\t\t\t<div class='gallery-icon landscape'>\n\t\t\t\t<img loading=\"lazy\" decoding=\"async\" width=\"1000\" height=\"666\" src=\"https:\/\/www.linkseride.com\/wp-content\/uploads\/2023\/10\/part-6.jpg\" class=\"attachment-full size-full\" alt=\"Ciclomotor el\u00e9ctrico homologado para circular por carretera\" srcset=\"https:\/\/www.linkseride.com\/wp-content\/uploads\/2023\/10\/part-6.jpg 1000w, https:\/\/www.linkseride.com\/wp-content\/uploads\/2023\/10\/part-6-300x200.jpg 300w, https:\/\/www.linkseride.com\/wp-content\/uploads\/2023\/10\/part-6-768x511.jpg 768w, https:\/\/www.linkseride.com\/wp-content\/uploads\/2023\/10\/part-6-600x400.jpg 600w\" sizes=\"(max-width: 1000px) 100vw, 1000px\" \/>\n\t\t\t<\/div><\/figure><figure class='gallery-item'>\n\t\t\t<div class='gallery-icon landscape'>\n\t\t\t\t<img loading=\"lazy\" decoding=\"async\" width=\"1000\" height=\"666\" src=\"https:\/\/www.linkseride.com\/wp-content\/uploads\/2023\/10\/part-5.jpg\" class=\"attachment-full size-full\" alt=\"Ciclomotor el\u00e9ctrico homologado para circular por carretera\" srcset=\"https:\/\/www.linkseride.com\/wp-content\/uploads\/2023\/10\/part-5.jpg 1000w, https:\/\/www.linkseride.com\/wp-content\/uploads\/2023\/10\/part-5-300x200.jpg 300w, https:\/\/www.linkseride.com\/wp-content\/uploads\/2023\/10\/part-5-768x511.jpg 768w, https:\/\/www.linkseride.com\/wp-content\/uploads\/2023\/10\/part-5-600x400.jpg 600w\" sizes=\"(max-width: 1000px) 100vw, 1000px\" \/>\n\t\t\t<\/div><\/figure>\n\t\t<\/div>\n\n<h2>\u00bfCu\u00e1les son las caracter\u00edsticas principales de este ciclomotor el\u00e9ctrico homologado para circular por carretera?<\/h2>\n<table width=\"638\">\n<tbody>\n<tr>\n<td style=\"font-weight: 400;\" width=\"114\"><strong>Motor<\/strong><\/td>\n<td style=\"font-weight: 400;\" width=\"172\">Motor sin escobillas de 2000 W\/3000 W<\/td>\n<td style=\"font-weight: 400;\" width=\"114\"><strong>Bater\u00eda<\/strong><\/td>\n<td style=\"font-weight: 400;\" width=\"238\">Bater\u00eda de litio extra\u00edble<\/td>\n<\/tr>\n<tr>\n<td style=\"font-weight: 400;\" width=\"114\"><strong>Freno<\/strong><\/td>\n<td style=\"font-weight: 400;\" width=\"172\">Freno de disco hidr\u00e1ulico delantero y trasero<\/td>\n<td style=\"font-weight: 400;\" width=\"114\"><strong>Capacidad de la bater\u00eda<\/strong><\/td>\n<td style=\"font-weight: 400;\" width=\"238\">Bater\u00eda de litio de 60 V y 20\/25\/50\/60 Ah<\/td>\n<\/tr>\n<tr>\n<td style=\"font-weight: 400;\" width=\"114\"><strong>Luz<\/strong><\/td>\n<td style=\"font-weight: 400;\" width=\"172\">Faro LED, luz de giro, reflector trasero<\/td>\n<td style=\"font-weight: 400;\" width=\"114\"><strong>Asiento<\/strong><\/td>\n<td style=\"font-weight: 400;\" width=\"238\">2 asientos<\/td>\n<\/tr>\n<tr>\n<td style=\"font-weight: 400;\" width=\"114\"><strong>Pantalla<\/strong><\/td>\n<td style=\"font-weight: 400;\" width=\"172\">Pantalla LCD<\/td>\n<td style=\"font-weight: 400;\" width=\"114\"><strong>Neum\u00e1tico<\/strong><\/td>\n<td style=\"font-weight: 400;\" width=\"238\">Neum\u00e1tico ancho de 12 pulgadas<\/td>\n<\/tr>\n<tr>\n<td style=\"font-weight: 400;\" width=\"114\"><strong>Carga m\u00e1xima<\/strong><\/td>\n<td style=\"font-weight: 400;\" width=\"172\">200 kg<\/td>\n<td style=\"font-weight: 400;\" width=\"114\"><strong>Velocidad m\u00e1xima<\/strong><\/td>\n<td style=\"font-weight: 400;\" width=\"238\">75 km\/h<\/td>\n<\/tr>\n<tr>\n<td style=\"font-weight: 400;\" width=\"114\"><strong>Suspensi\u00f3n<\/strong><\/td>\n<td style=\"font-weight: 400;\" width=\"172\">Horquilla de suspensi\u00f3n delantera; amortiguador trasero de doble resorte.<\/td>\n<td style=\"font-weight: 400;\" width=\"114\"><strong>Alcance m\u00e1ximo<\/strong><\/td>\n<td style=\"font-weight: 400;\" width=\"238\">65-70 km<\/td>\n<\/tr>\n<\/tbody>\n<\/table>\n<p>Tambi\u00e9n contamos con otros modelos de ciclomotores el\u00e9ctricos homologados para circular por carretera; si necesitas m\u00e1s informaci\u00f3n, puedes<a href=\"https:\/\/www.linkseride.com\/es\/fabricante-de-patinetes-electricos\/\"> Encu\u00e9ntralo aqu\u00ed.<\/a><\/p>\n<p>Aqu\u00ed puedes encontrar m\u00e1s videos de presentaci\u00f3n:\u00a0<a href=\"https:\/\/www.youtube.com\/channel\/UCw4wsO7M_kRsCHTxcFeqTAA\" target=\"_blank\" rel=\"noopener\">https:\/\/www.youtube.com\/channel\/UCw4wsO7M_kRsCHTxcFeqTAA<\/a><\/p>\n<div class=\"ast-oembed-container\" style=\"height: 100%;\"><iframe title=\"Lanzamiento del nuevo modelo de patinete el\u00e9ctrico HM8 Citycoco: 3000 W, 75 km\/h, certificado EEC COC\" width=\"500\" height=\"281\" src=\"https:\/\/www.youtube.com\/embed\/DntLc27KlqQ?feature=oembed\" frameborder=\"0\" allow=\"accelerometer; autoplay; clipboard-write; encrypted-media; gyroscope; picture-in-picture; web-share\" referrerpolicy=\"strict-origin-when-cross-origin\" allowfullscreen><\/iframe><\/div>","protected":false},"excerpt":{"rendered":"<p>\u25cf Motocicleta el\u00e9ctrica Linkseride homologada para circular por carretera a la venta<\/p>\n<p>\u25cf Frenos de disco hidr\u00e1ulicos alimentados por bater\u00eda de litio de 4000 W y 60 V<\/p>\n<p>\u25cf Frenos de disco hidr\u00e1ulicos delanteros y traseros<\/p>\n<p>\u25cf Certificado por la CEE<\/p>","protected":false},"featured_media":9611,"template":"","meta":{"site-sidebar-layout":"default","site-content-layout":"default","ast-site-content-layout":"default","site-content-style":"default","site-sidebar-style":"default","ast-global-header-display":"","ast-banner-title-visibility":"","ast-main-header-display":"","ast-hfb-above-header-display":"","ast-hfb-below-header-display":"","ast-hfb-mobile-header-display":"","site-post-title":"","ast-breadcrumbs-content":"","ast-featured-img":"","footer-sml-layout":"","ast-disable-related-posts":"","theme-transparent-header-meta":"default","adv-header-id-meta":"","stick-header-meta":"","header-above-stick-meta":"","header-main-stick-meta":"","header-below-stick-meta":"","astra-migrate-meta-layouts":"default","ast-page-background-enabled":"default","ast-page-background-meta":{"desktop":{"background-color":"","background-image":"","background-repeat":"repeat","background-position":"center center","background-size":"auto","background-attachment":"scroll","background-type":"","background-media":"","overlay-type":"","overlay-color":"","overlay-opacity":"","overlay-gradient":""},"tablet":{"background-color":"","background-image":"","background-repeat":"repeat","background-position":"center center","background-size":"auto","background-attachment":"scroll","background-type":"","background-media":"","overlay-type":"","overlay-color":"","overlay-opacity":"","overlay-gradient":""},"mobile":{"background-color":"","background-image":"","background-repeat":"repeat","background-position":"center center","background-size":"auto","background-attachment":"scroll","background-type":"","background-media":"","overlay-type":"","overlay-color":"","overlay-opacity":"","overlay-gradient":""}},"ast-content-background-meta":{"desktop":{"background-color":"var(--ast-global-color-5)","background-image":"","background-repeat":"repeat","background-position":"center center","background-size":"auto","background-attachment":"scroll","background-type":"","background-media":"","overlay-type":"","overlay-color":"","overlay-opacity":"","overlay-gradient":""},"tablet":{"background-color":"var(--ast-global-color-5)","background-image":"","background-repeat":"repeat","background-position":"center center","background-size":"auto","background-attachment":"scroll","background-type":"","background-media":"","overlay-type":"","overlay-color":"","overlay-opacity":"","overlay-gradient":""},"mobile":{"background-color":"var(--ast-global-color-5)","background-image":"","background-repeat":"repeat","background-position":"center center","background-size":"auto","background-attachment":"scroll","background-type":"","background-media":"","overlay-type":"","overlay-color":"","overlay-opacity":"","overlay-gradient":""}}},"product_brand":[],"product_cat":[27,28],"product_tag":[38],"class_list":{"0":"post-9602","1":"product","2":"type-product","3":"status-publish","4":"has-post-thumbnail","6":"product_cat-electric-motorcycle","7":"product_cat-electric-scooter","8":"product_tag-citycoco-scooter","9":"desktop-align-left","10":"tablet-align-left","11":"mobile-align-left","13":"first","14":"instock","15":"shipping-taxable","16":"product-type-simple"},"_links":{"self":[{"href":"https:\/\/www.linkseride.com\/es\/wp-json\/wp\/v2\/product\/9602","targetHints":{"allow":["GET"]}}],"collection":[{"href":"https:\/\/www.linkseride.com\/es\/wp-json\/wp\/v2\/product"}],"about":[{"href":"https:\/\/www.linkseride.com\/es\/wp-json\/wp\/v2\/types\/product"}],"wp:featuredmedia":[{"embeddable":true,"href":"https:\/\/www.linkseride.com\/es\/wp-json\/wp\/v2\/media\/9611"}],"wp:attachment":[{"href":"https:\/\/www.linkseride.com\/es\/wp-json\/wp\/v2\/media?parent=9602"}],"wp:term":[{"taxonomy":"product_brand","embeddable":true,"href":"https:\/\/www.linkseride.com\/es\/wp-json\/wp\/v2\/product_brand?post=9602"},{"taxonomy":"product_cat","embeddable":true,"href":"https:\/\/www.linkseride.com\/es\/wp-json\/wp\/v2\/product_cat?post=9602"},{"taxonomy":"product_tag","embeddable":true,"href":"https:\/\/www.linkseride.com\/es\/wp-json\/wp\/v2\/product_tag?post=9602"}],"curies":[{"name":"wp","href":"https:\/\/api.w.org\/{rel}","templated":true}]}}