{"id":9666,"date":"2023-10-13T07:17:02","date_gmt":"2023-10-13T07:17:02","guid":{"rendered":"https:\/\/www.linkseride.com\/?post_type=product&#038;p=9666"},"modified":"2026-01-08T09:18:38","modified_gmt":"2026-01-08T09:18:38","slug":"linkseride-m2-e-trike-scooter","status":"publish","type":"product","link":"https:\/\/www.linkseride.com\/es\/product\/linkseride-m2-e-trike-scooter\/","title":{"rendered":"Patinete de tres ruedas Linkseride M2 E | Almac\u00e9n en EE. UU."},"content":{"rendered":"<p>Nos apasiona lo que estamos haciendo con nuestro futuro el\u00e9ctrico, incluyendo <strong><a href=\"https:\/\/www.linkseride.com\/es\/fabricante-de-patinetes-electricos\/\" target=\"_blank\" rel=\"noopener\">trotinetas el\u00e9ctricas<\/a>, <a href=\"https:\/\/www.linkseride.com\/es\/patineta-electrica-con-llantas-gruesas\/\" target=\"_blank\" rel=\"noopener\">escooter con llantas gruesas<\/a>, <a href=\"https:\/\/www.linkseride.com\/es\/fabricante-de-motocicletas-electricas\/\" target=\"_blank\" rel=\"noopener\">patineta citycoco<\/a>, <a href=\"https:\/\/www.linkseride.com\/es\/fabricante-de-ciclomotores-electricos\/\" target=\"_blank\" rel=\"noopener\">ciclomotor el\u00e9ctrico<\/a><\/strong> y dem\u00e1s.<\/p>\n<p>Linkseride Linkseride M2 E Trike Scooter USA Warehouse In Stock. The new Linkseride M2 E Trike Scooter USA has 3000W max motor power with 1 set of 60V 40 AH battery capacity, range up to 75-120 km.<\/p>\n<p><span style=\"font-size: 16px;\">Cont\u00e1ctenos para obtener m\u00e1s detalles.<\/span><\/p>\n<h2>What is the key features of this M2 E Trike Scooter?<\/h2>\n<table width=\"638\">\n<tbody>\n<tr>\n<td style=\"font-weight: 400;\" width=\"114\"><strong>Motor<\/strong><\/td>\n<td style=\"font-weight: 400;\" width=\"172\">60 V, 2000 W<\/td>\n<td style=\"font-weight: 400;\" width=\"114\"><strong>Bater\u00eda<\/strong><\/td>\n<td style=\"font-weight: 400;\" width=\"238\">60V40Ah, removable double battery<\/td>\n<\/tr>\n<tr>\n<td style=\"font-weight: 400;\" width=\"114\"><strong>Freno<\/strong><\/td>\n<td style=\"font-weight: 400;\" width=\"172\">Frenos de doble disco delantero y trasero<\/td>\n<td style=\"font-weight: 400;\" width=\"114\"><strong>Capacidad de la bater\u00eda<\/strong><\/td>\n<td style=\"font-weight: 400;\" width=\"238\">40Ah battery<\/td>\n<\/tr>\n<tr>\n<td style=\"font-weight: 400;\" width=\"114\"><strong>Luz<\/strong><\/td>\n<td style=\"font-weight: 400;\" width=\"172\">Faro LED, luz de giro, reflector trasero<\/td>\n<td style=\"font-weight: 400;\" width=\"114\"><strong>Asiento<\/strong><\/td>\n<td style=\"font-weight: 400;\" width=\"238\">Straight grain synthetic leather seat-Size: 18.1*12.6IN<\/td>\n<\/tr>\n<tr>\n<td style=\"font-weight: 400;\" width=\"114\"><strong>Carga m\u00e1xima<\/strong><\/td>\n<td style=\"font-weight: 400;\" width=\"172\">200 kg<\/td>\n<td style=\"font-weight: 400;\" width=\"114\"><strong>Neum\u00e1tico<\/strong><\/td>\n<td style=\"font-weight: 400;\" width=\"238\">F: 165\/45-12 ; R: 215\/40-12<\/td>\n<\/tr>\n<tr>\n<td style=\"font-weight: 400;\" width=\"114\"><strong>Marco<\/strong><\/td>\n<td style=\"font-weight: 400;\" width=\"172\">Weldless steel tube<\/td>\n<td style=\"font-weight: 400;\" width=\"114\"><strong>Velocidad m\u00e1xima<\/strong><\/td>\n<td style=\"font-weight: 400;\" width=\"238\">48mph<\/td>\n<\/tr>\n<tr>\n<td style=\"font-weight: 400;\" width=\"114\"><strong>Suspensi\u00f3n<\/strong><\/td>\n<td style=\"font-weight: 400;\" width=\"172\">Horquilla de suspensi\u00f3n delantera; amortiguador trasero de doble resorte.<\/td>\n<td style=\"font-weight: 400;\" width=\"114\"><strong>Cargador<br \/>\n<\/strong><\/td>\n<td style=\"font-weight: 400;\" width=\"238\">67.2V ~ 5A smart charger (Charging time: 4-6 H)<\/td>\n<\/tr>\n<\/tbody>\n<\/table>\n<h2>What is included in this M2 E Trike Scooter package?<\/h2>\n<p>1* Scooter CityCoco<br \/>\n1* Manual de usuario<br \/>\n1* Cargador de bater\u00eda<br \/>\n1* Especificaciones<br \/>\n1* Tarjeta de garant\u00eda (un a\u00f1o de garant\u00eda para las piezas de repuesto clave, incluyendo el motor, el cargador y el embalaje).<br \/>\nPor lo general, fabricamos embalajes con cajas de cart\u00f3n de 7 capas y con embalaje de espuma en el interior para proteger el producto. Tambi\u00e9n disponemos de marcos de madera o acero si es necesario.<br \/>\nPodemos empacar los productos en sus cajas con su marca despu\u00e9s de recibir sus cartas de autorizaci\u00f3n.<\/p>\n<h2><\/h2>\n<h2>More detailed images for M2 E Trike Scooter<\/h2>\n<div id='gallery-1' class='gallery galleryid-9666 gallery-columns-4 gallery-size-full'><figure class='gallery-item'>\n\t\t\t<div class='gallery-icon landscape'>\n\t\t\t\t<img fetchpriority=\"high\" decoding=\"async\" width=\"1512\" height=\"1133\" src=\"https:\/\/www.linkseride.com\/wp-content\/uploads\/2023\/10\/E-Trike-Scooter-parts-M2_Trike_display.png\" class=\"attachment-full size-full\" alt=\"Patinete E Trike\" srcset=\"https:\/\/www.linkseride.com\/wp-content\/uploads\/2023\/10\/E-Trike-Scooter-parts-M2_Trike_display.png 1512w, https:\/\/www.linkseride.com\/wp-content\/uploads\/2023\/10\/E-Trike-Scooter-parts-M2_Trike_display-300x225.png 300w, https:\/\/www.linkseride.com\/wp-content\/uploads\/2023\/10\/E-Trike-Scooter-parts-M2_Trike_display-1024x767.png 1024w, https:\/\/www.linkseride.com\/wp-content\/uploads\/2023\/10\/E-Trike-Scooter-parts-M2_Trike_display-768x575.png 768w, https:\/\/www.linkseride.com\/wp-content\/uploads\/2023\/10\/E-Trike-Scooter-parts-M2_Trike_display-600x450.png 600w\" sizes=\"(max-width: 1512px) 100vw, 1512px\" \/>\n\t\t\t<\/div><\/figure><figure class='gallery-item'>\n\t\t\t<div class='gallery-icon landscape'>\n\t\t\t\t<img decoding=\"async\" width=\"1750\" height=\"1313\" src=\"https:\/\/www.linkseride.com\/wp-content\/uploads\/2023\/10\/E-Trike-Scooter-parts-M2_Trike_headlight.png\" class=\"attachment-full size-full\" alt=\"Patinete E Trike\" srcset=\"https:\/\/www.linkseride.com\/wp-content\/uploads\/2023\/10\/E-Trike-Scooter-parts-M2_Trike_headlight.png 1750w, https:\/\/www.linkseride.com\/wp-content\/uploads\/2023\/10\/E-Trike-Scooter-parts-M2_Trike_headlight-300x225.png 300w, https:\/\/www.linkseride.com\/wp-content\/uploads\/2023\/10\/E-Trike-Scooter-parts-M2_Trike_headlight-1024x768.png 1024w, https:\/\/www.linkseride.com\/wp-content\/uploads\/2023\/10\/E-Trike-Scooter-parts-M2_Trike_headlight-768x576.png 768w, https:\/\/www.linkseride.com\/wp-content\/uploads\/2023\/10\/E-Trike-Scooter-parts-M2_Trike_headlight-1536x1152.png 1536w, https:\/\/www.linkseride.com\/wp-content\/uploads\/2023\/10\/E-Trike-Scooter-parts-M2_Trike_headlight-600x450.png 600w\" sizes=\"(max-width: 1750px) 100vw, 1750px\" \/>\n\t\t\t<\/div><\/figure><figure class='gallery-item'>\n\t\t\t<div class='gallery-icon landscape'>\n\t\t\t\t<img decoding=\"async\" width=\"1750\" height=\"1313\" src=\"https:\/\/www.linkseride.com\/wp-content\/uploads\/2023\/10\/E-Trike-Scooter-parts-M2_Trike_shock.png\" class=\"attachment-full size-full\" alt=\"Patinete E Trike\" srcset=\"https:\/\/www.linkseride.com\/wp-content\/uploads\/2023\/10\/E-Trike-Scooter-parts-M2_Trike_shock.png 1750w, https:\/\/www.linkseride.com\/wp-content\/uploads\/2023\/10\/E-Trike-Scooter-parts-M2_Trike_shock-300x225.png 300w, https:\/\/www.linkseride.com\/wp-content\/uploads\/2023\/10\/E-Trike-Scooter-parts-M2_Trike_shock-1024x768.png 1024w, https:\/\/www.linkseride.com\/wp-content\/uploads\/2023\/10\/E-Trike-Scooter-parts-M2_Trike_shock-768x576.png 768w, https:\/\/www.linkseride.com\/wp-content\/uploads\/2023\/10\/E-Trike-Scooter-parts-M2_Trike_shock-1536x1152.png 1536w, https:\/\/www.linkseride.com\/wp-content\/uploads\/2023\/10\/E-Trike-Scooter-parts-M2_Trike_shock-600x450.png 600w\" sizes=\"(max-width: 1750px) 100vw, 1750px\" \/>\n\t\t\t<\/div><\/figure><figure class='gallery-item'>\n\t\t\t<div class='gallery-icon landscape'>\n\t\t\t\t<img loading=\"lazy\" decoding=\"async\" width=\"1750\" height=\"1313\" src=\"https:\/\/www.linkseride.com\/wp-content\/uploads\/2023\/10\/E-Trike-Scooter-parts-M2_Trike_saddlebag.png\" class=\"attachment-full size-full\" alt=\"\" srcset=\"https:\/\/www.linkseride.com\/wp-content\/uploads\/2023\/10\/E-Trike-Scooter-parts-M2_Trike_saddlebag.png 1750w, https:\/\/www.linkseride.com\/wp-content\/uploads\/2023\/10\/E-Trike-Scooter-parts-M2_Trike_saddlebag-300x225.png 300w, https:\/\/www.linkseride.com\/wp-content\/uploads\/2023\/10\/E-Trike-Scooter-parts-M2_Trike_saddlebag-1024x768.png 1024w, https:\/\/www.linkseride.com\/wp-content\/uploads\/2023\/10\/E-Trike-Scooter-parts-M2_Trike_saddlebag-768x576.png 768w, https:\/\/www.linkseride.com\/wp-content\/uploads\/2023\/10\/E-Trike-Scooter-parts-M2_Trike_saddlebag-1536x1152.png 1536w, https:\/\/www.linkseride.com\/wp-content\/uploads\/2023\/10\/E-Trike-Scooter-parts-M2_Trike_saddlebag-600x450.png 600w\" sizes=\"(max-width: 1750px) 100vw, 1750px\" \/>\n\t\t\t<\/div><\/figure>\n\t\t<\/div>\n\n<p>Tambi\u00e9n tenemos otro nuevo modelo de scooter Citycoco con forma de Harley. Si necesita m\u00e1s informaci\u00f3n, puede<a href=\"https:\/\/www.linkseride.com\/es\/fat-wheel-electric-scooter-us-warehouse\/\"> Encu\u00e9ntralo aqu\u00ed.<\/a><\/p>\n<p>Aqu\u00ed puedes encontrar m\u00e1s videos de presentaci\u00f3n: <a href=\"https:\/\/www.youtube.com\/c\/LinksErideTech\" target=\"_blank\" rel=\"noopener\">https:\/\/www.youtube.com\/c\/LinksErideTech<\/a><\/p>\n<div class=\"ast-oembed-container\" style=\"height: 100%;\"><iframe title=\"Everything You Need to Know About M2 Electric Scooter M2 Citycoco Chopper Scooter\" width=\"500\" height=\"281\" src=\"https:\/\/www.youtube.com\/embed\/qmFgdIMLykg?feature=oembed&#038;enablejsapi=1&#038;origin=https:\/\/www.linkseride.com\" frameborder=\"0\" allow=\"accelerometer; autoplay; clipboard-write; encrypted-media; gyroscope; picture-in-picture; web-share\" referrerpolicy=\"strict-origin-when-cross-origin\" allowfullscreen><\/iframe><\/div>","protected":false},"excerpt":{"rendered":"<p>\u25cf Linkseride M2 E Trike Scooter USA Warehouse In Stock<\/p>\n<p>\u25cf Lithium battery 40ah<\/p>\n<p>\u25cf 60v 2000w powerful engine, 48mph max speed.<\/p>\n<p>\u25cf Frenos de doble disco delantero y trasero.<\/p>\n<p>\u25cf OEM disponible para todos los colores, se buscan distribuidores en todo el mundo.<\/p>","protected":false},"featured_media":9671,"template":"","meta":{"site-sidebar-layout":"default","site-content-layout":"default","ast-site-content-layout":"default","site-content-style":"default","site-sidebar-style":"default","ast-global-header-display":"","ast-banner-title-visibility":"","ast-main-header-display":"","ast-hfb-above-header-display":"","ast-hfb-below-header-display":"","ast-hfb-mobile-header-display":"","site-post-title":"","ast-breadcrumbs-content":"","ast-featured-img":"","footer-sml-layout":"","ast-disable-related-posts":"","theme-transparent-header-meta":"default","adv-header-id-meta":"","stick-header-meta":"","header-above-stick-meta":"","header-main-stick-meta":"","header-below-stick-meta":"","astra-migrate-meta-layouts":"set","ast-page-background-enabled":"default","ast-page-background-meta":{"desktop":{"background-color":"","background-image":"","background-repeat":"repeat","background-position":"center center","background-size":"auto","background-attachment":"scroll","background-type":"","background-media":"","overlay-type":"","overlay-color":"","overlay-opacity":"","overlay-gradient":""},"tablet":{"background-color":"","background-image":"","background-repeat":"repeat","background-position":"center center","background-size":"auto","background-attachment":"scroll","background-type":"","background-media":"","overlay-type":"","overlay-color":"","overlay-opacity":"","overlay-gradient":""},"mobile":{"background-color":"","background-image":"","background-repeat":"repeat","background-position":"center center","background-size":"auto","background-attachment":"scroll","background-type":"","background-media":"","overlay-type":"","overlay-color":"","overlay-opacity":"","overlay-gradient":""}},"ast-content-background-meta":{"desktop":{"background-color":"var(--ast-global-color-5)","background-image":"","background-repeat":"repeat","background-position":"center center","background-size":"auto","background-attachment":"scroll","background-type":"","background-media":"","overlay-type":"","overlay-color":"","overlay-opacity":"","overlay-gradient":""},"tablet":{"background-color":"var(--ast-global-color-5)","background-image":"","background-repeat":"repeat","background-position":"center center","background-size":"auto","background-attachment":"scroll","background-type":"","background-media":"","overlay-type":"","overlay-color":"","overlay-opacity":"","overlay-gradient":""},"mobile":{"background-color":"var(--ast-global-color-5)","background-image":"","background-repeat":"repeat","background-position":"center center","background-size":"auto","background-attachment":"scroll","background-type":"","background-media":"","overlay-type":"","overlay-color":"","overlay-opacity":"","overlay-gradient":""}}},"product_brand":[],"product_cat":[27,28],"product_tag":[38,50],"class_list":{"0":"post-9666","1":"product","2":"type-product","3":"status-publish","4":"has-post-thumbnail","6":"product_cat-electric-motorcycle","7":"product_cat-electric-scooter","8":"product_tag-citycoco-scooter","9":"product_tag-fat-tire-scooter","10":"desktop-align-left","11":"tablet-align-left","12":"mobile-align-left","14":"first","15":"instock","16":"shipping-taxable","17":"product-type-simple"},"_links":{"self":[{"href":"https:\/\/www.linkseride.com\/es\/wp-json\/wp\/v2\/product\/9666","targetHints":{"allow":["GET"]}}],"collection":[{"href":"https:\/\/www.linkseride.com\/es\/wp-json\/wp\/v2\/product"}],"about":[{"href":"https:\/\/www.linkseride.com\/es\/wp-json\/wp\/v2\/types\/product"}],"wp:featuredmedia":[{"embeddable":true,"href":"https:\/\/www.linkseride.com\/es\/wp-json\/wp\/v2\/media\/9671"}],"wp:attachment":[{"href":"https:\/\/www.linkseride.com\/es\/wp-json\/wp\/v2\/media?parent=9666"}],"wp:term":[{"taxonomy":"product_brand","embeddable":true,"href":"https:\/\/www.linkseride.com\/es\/wp-json\/wp\/v2\/product_brand?post=9666"},{"taxonomy":"product_cat","embeddable":true,"href":"https:\/\/www.linkseride.com\/es\/wp-json\/wp\/v2\/product_cat?post=9666"},{"taxonomy":"product_tag","embeddable":true,"href":"https:\/\/www.linkseride.com\/es\/wp-json\/wp\/v2\/product_tag?post=9666"}],"curies":[{"name":"wp","href":"https:\/\/api.w.org\/{rel}","templated":true}]}}