{"id":10568,"date":"2024-01-18T09:44:27","date_gmt":"2024-01-18T09:44:27","guid":{"rendered":"https:\/\/www.linkseride.com\/?post_type=product&#038;p=10568"},"modified":"2024-01-19T09:01:35","modified_gmt":"2024-01-19T09:01:35","slug":"triciclo-de-carga-de-tres-ruedas-1000-w-60-v","status":"publish","type":"product","link":"https:\/\/www.linkseride.com\/es_co\/product\/three-wheels-cargo-tricycle-1000w-60v\/","title":{"rendered":"Linkseride LET-05 Triciclo de carga de tres ruedas 1000 W 60 V"},"content":{"rendered":"<p>Nos apasiona lo que estamos haciendo con nuestro futuro el\u00e9ctrico, incluyendo <strong><a href=\"https:\/\/www.linkseride.com\/es_co\/electric-scooter-manufacturer\/\" target=\"_blank\" rel=\"noopener\">triciclos el\u00e9ctricos<\/a>, <a href=\"https:\/\/www.linkseride.com\/es_co\/fabricante-de-ciclomotores-electricos\/\" target=\"_blank\" rel=\"noopener\">ciclomotor el\u00e9ctrico, <\/a><a href=\"https:\/\/www.linkseride.com\/es_co\/fabricante-de-triciclos-electricos-de-carga\/\" target=\"_blank\" rel=\"noopener\">triciclo el\u00e9ctrico de carga<\/a>, <a href=\"https:\/\/www.linkseride.com\/es_co\/fabricante-de-triciclos-electricos-de-carga\/\" target=\"_blank\" rel=\"noopener\">triciclo el\u00e9ctrico de ocio<\/a>,<\/strong> y dem\u00e1s.<\/p>\n<p>Triciclo de carga de tres ruedas Linkseride LET-05, 1000 W, 60 V.<br \/>\nPresentamos nuestro triciclo de carga de tres ruedas de 1000 W y 60 V, una soluci\u00f3n vers\u00e1til y sostenible para el transporte eficiente de mercanc\u00edas. Equipado con un robusto motor el\u00e9ctrico de 1000 W y 60 V, este triciclo ofrece flexibilidad para transportar cargas de distintos tama\u00f1os y satisfacer as\u00ed las diversas necesidades empresariales. Opciones de tama\u00f1o de carga: 1300 \u00d7 900 mm; 1500 \u00d7 1000 mm; 1600 \u00d7 1050 mm; 1800 \u00d7 1100 mm<\/p>\n<p>Desde entregas de \u00faltima milla hasta transporte pesado. Elige la capacidad de bater\u00eda ideal para personalizar la autonom\u00eda y el rendimiento de tu triciclo. Tanto si te decantas por el modelo compacto para espacios urbanos como por el transportador de alta resistencia para cargas pesadas, nuestro triciclo de carga de tres ruedas combina potencia, eficiencia y personalizaci\u00f3n para ofrecerte una experiencia de transporte de carga sin igual.<\/p>\n<p><span style=\"font-size: 16px;\">Cont\u00e1ctenos para obtener m\u00e1s detalles.<\/span><\/p>\n<h2>\u00bfCu\u00e1les son las caracter\u00edsticas principales de este triciclo de carga de tres ruedas LET-05 de 1000 W y 60 V?<\/h2>\n<table width=\"638\">\n<tbody>\n<tr>\n<td style=\"font-weight: 400;\" width=\"114\"><strong>Motor<\/strong><\/td>\n<td style=\"font-weight: 400;\" width=\"172\">800 W-1500 W<\/td>\n<td style=\"font-weight: 400;\" width=\"114\"><strong>Tiempo de carga\u00a0<\/strong><\/td>\n<td style=\"font-weight: 400;\" width=\"238\">6-8 horas<\/td>\n<\/tr>\n<tr>\n<td style=\"font-weight: 400;\" width=\"114\"><strong>Freno<\/strong><\/td>\n<td style=\"font-weight: 400;\" width=\"172\">Freno de tambor delantero y trasero<\/td>\n<td style=\"font-weight: 400;\" width=\"114\"><strong>Capacidad de la bater\u00eda<\/strong><\/td>\n<td style=\"font-weight: 400;\" width=\"238\">Bater\u00eda de 40 Ah<\/td>\n<\/tr>\n<tr>\n<td style=\"font-weight: 400;\" width=\"114\"><strong>Bater\u00eda<\/strong><\/td>\n<td style=\"font-weight: 400;\" width=\"172\">60 V, 20 Ah-52 Ah, plomo-\u00e1cido<\/td>\n<td style=\"font-weight: 400;\" width=\"114\"><strong>Escalada m\u00e1xima <\/strong><\/td>\n<td style=\"font-weight: 400;\" width=\"238\">30\u00b0<\/td>\n<\/tr>\n<tr>\n<td style=\"font-weight: 400;\" width=\"114\"><strong>Carga m\u00e1xima<\/strong><\/td>\n<td style=\"font-weight: 400;\" width=\"172\">500-600 kg<\/td>\n<td style=\"font-weight: 400;\" width=\"114\"><strong>Llantas<\/strong><\/td>\n<td style=\"font-weight: 400;\" width=\"238\">F: 350-12, R: 375-12<\/td>\n<\/tr>\n<tr>\n<td style=\"font-weight: 400;\" width=\"114\"><strong>Marco<\/strong><\/td>\n<td style=\"font-weight: 400;\" width=\"172\">Tubo de acero<\/td>\n<td style=\"font-weight: 400;\" width=\"114\"><strong>Velocidad m\u00e1xima<\/strong><\/td>\n<td style=\"font-weight: 400;\" width=\"238\">30-45 km\/h<\/td>\n<\/tr>\n<tr>\n<td style=\"font-weight: 400;\" width=\"114\"><strong>Suspensi\u00f3n<\/strong><\/td>\n<td style=\"font-weight: 400;\" width=\"172\">Horquilla de suspensi\u00f3n delantera; amortiguador trasero de doble resorte.<\/td>\n<td style=\"font-weight: 400;\" width=\"114\"><strong>Capacidad de carga<\/strong><\/td>\n<td style=\"font-weight: 400;\" width=\"238\">SKD: 20 unidades\/20 GP, 45 unidades\/4 HQ<\/td>\n<\/tr>\n<\/tbody>\n<\/table>\n<h2><\/h2>\n<h2>Im\u00e1genes m\u00e1s detalladas del triciclo de carga de tres ruedas LET-05, 1000 W, 60 V<\/h2>\n<div id='gallery-1' class='gallery galleryid-10568 gallery-columns-2 gallery-size-full'><figure class='gallery-item'>\n\t\t\t<div class='gallery-icon landscape'>\n\t\t\t\t<img fetchpriority=\"high\" decoding=\"async\" width=\"2143\" height=\"1603\" src=\"https:\/\/www.linkseride.com\/wp-content\/uploads\/2024\/01\/three-wheel-cargo-tricycle-2.jpg\" class=\"attachment-full size-full\" alt=\"triciclo de carga de tres ruedas\" srcset=\"https:\/\/www.linkseride.com\/wp-content\/uploads\/2024\/01\/three-wheel-cargo-tricycle-2.jpg 2143w, https:\/\/www.linkseride.com\/wp-content\/uploads\/2024\/01\/three-wheel-cargo-tricycle-2-300x224.jpg 300w, https:\/\/www.linkseride.com\/wp-content\/uploads\/2024\/01\/three-wheel-cargo-tricycle-2-1024x766.jpg 1024w, https:\/\/www.linkseride.com\/wp-content\/uploads\/2024\/01\/three-wheel-cargo-tricycle-2-768x574.jpg 768w, https:\/\/www.linkseride.com\/wp-content\/uploads\/2024\/01\/three-wheel-cargo-tricycle-2-1536x1149.jpg 1536w, https:\/\/www.linkseride.com\/wp-content\/uploads\/2024\/01\/three-wheel-cargo-tricycle-2-2048x1532.jpg 2048w, https:\/\/www.linkseride.com\/wp-content\/uploads\/2024\/01\/three-wheel-cargo-tricycle-2-600x449.jpg 600w\" sizes=\"(max-width: 2143px) 100vw, 2143px\" \/>\n\t\t\t<\/div><\/figure><figure class='gallery-item'>\n\t\t\t<div class='gallery-icon landscape'>\n\t\t\t\t<img decoding=\"async\" width=\"2143\" height=\"1603\" src=\"https:\/\/www.linkseride.com\/wp-content\/uploads\/2024\/01\/three-wheel-cargo-tricycle-1.jpg\" class=\"attachment-full size-full\" alt=\"triciclo de carga de tres ruedas\" srcset=\"https:\/\/www.linkseride.com\/wp-content\/uploads\/2024\/01\/three-wheel-cargo-tricycle-1.jpg 2143w, https:\/\/www.linkseride.com\/wp-content\/uploads\/2024\/01\/three-wheel-cargo-tricycle-1-300x224.jpg 300w, https:\/\/www.linkseride.com\/wp-content\/uploads\/2024\/01\/three-wheel-cargo-tricycle-1-1024x766.jpg 1024w, https:\/\/www.linkseride.com\/wp-content\/uploads\/2024\/01\/three-wheel-cargo-tricycle-1-768x574.jpg 768w, https:\/\/www.linkseride.com\/wp-content\/uploads\/2024\/01\/three-wheel-cargo-tricycle-1-1536x1149.jpg 1536w, https:\/\/www.linkseride.com\/wp-content\/uploads\/2024\/01\/three-wheel-cargo-tricycle-1-2048x1532.jpg 2048w, https:\/\/www.linkseride.com\/wp-content\/uploads\/2024\/01\/three-wheel-cargo-tricycle-1-600x449.jpg 600w\" sizes=\"(max-width: 2143px) 100vw, 2143px\" \/>\n\t\t\t<\/div><\/figure>\n\t\t<\/div>\n\n<p>Tambi\u00e9n tenemos otro nuevo modelo de patinete Citycoco con forma de Harley; si necesitas m\u00e1s informaci\u00f3n, puedes<a href=\"https:\/\/www.linkseride.com\/es_co\/fabricante-de-triciclos-electricos-de-carga\/\" target=\"_blank\" rel=\"noopener\"> Encu\u00e9ntralo aqu\u00ed.<\/a><\/p>\n<p>Aqu\u00ed puedes encontrar m\u00e1s videos de presentaci\u00f3n: <a href=\"https:\/\/www.youtube.com\/c\/LinksErideTech\" target=\"_blank\" rel=\"noopener\">https:\/\/www.youtube.com\/c\/LinksErideTech<\/a><\/p>","protected":false},"excerpt":{"rendered":"<p>\u25cf Triciclo de carga de tres ruedas Linkseride LET-05, 1000 W, 60 V<\/p>\n<p>\u25cf Bater\u00eda de plomo-\u00e1cido de 20 Ah\/32 Ah\/45 Ah\/52 Ah<\/p>\n<p>\u25cf Potente motor de 60 V y 1000 W, velocidad m\u00e1xima de 45 km\/h.<\/p>\n<p>\u25cf Frenos de tambor delanteros y traseros<\/p>\n<p>\u25cf Disponible como fabricante de equipos originales (OEM) en todos los colores; se buscan distribuidores en todo el mundo<\/p>","protected":false},"featured_media":10572,"template":"","meta":{"site-sidebar-layout":"default","site-content-layout":"default","ast-site-content-layout":"default","site-content-style":"default","site-sidebar-style":"default","ast-global-header-display":"","ast-banner-title-visibility":"","ast-main-header-display":"","ast-hfb-above-header-display":"","ast-hfb-below-header-display":"","ast-hfb-mobile-header-display":"","site-post-title":"","ast-breadcrumbs-content":"","ast-featured-img":"","footer-sml-layout":"","ast-disable-related-posts":"","theme-transparent-header-meta":"default","adv-header-id-meta":"","stick-header-meta":"","header-above-stick-meta":"","header-main-stick-meta":"","header-below-stick-meta":"","astra-migrate-meta-layouts":"set","ast-page-background-enabled":"default","ast-page-background-meta":{"desktop":{"background-color":"","background-image":"","background-repeat":"repeat","background-position":"center center","background-size":"auto","background-attachment":"scroll","background-type":"","background-media":"","overlay-type":"","overlay-color":"","overlay-opacity":"","overlay-gradient":""},"tablet":{"background-color":"","background-image":"","background-repeat":"repeat","background-position":"center center","background-size":"auto","background-attachment":"scroll","background-type":"","background-media":"","overlay-type":"","overlay-color":"","overlay-opacity":"","overlay-gradient":""},"mobile":{"background-color":"","background-image":"","background-repeat":"repeat","background-position":"center center","background-size":"auto","background-attachment":"scroll","background-type":"","background-media":"","overlay-type":"","overlay-color":"","overlay-opacity":"","overlay-gradient":""}},"ast-content-background-meta":{"desktop":{"background-color":"var(--ast-global-color-5)","background-image":"","background-repeat":"repeat","background-position":"center center","background-size":"auto","background-attachment":"scroll","background-type":"","background-media":"","overlay-type":"","overlay-color":"","overlay-opacity":"","overlay-gradient":""},"tablet":{"background-color":"var(--ast-global-color-5)","background-image":"","background-repeat":"repeat","background-position":"center center","background-size":"auto","background-attachment":"scroll","background-type":"","background-media":"","overlay-type":"","overlay-color":"","overlay-opacity":"","overlay-gradient":""},"mobile":{"background-color":"var(--ast-global-color-5)","background-image":"","background-repeat":"repeat","background-position":"center center","background-size":"auto","background-attachment":"scroll","background-type":"","background-media":"","overlay-type":"","overlay-color":"","overlay-opacity":"","overlay-gradient":""}}},"product_brand":[],"product_cat":[27,28],"product_tag":[38,50],"class_list":{"0":"post-10568","1":"product","2":"type-product","3":"status-publish","4":"has-post-thumbnail","6":"product_cat-electric-motorcycle","7":"product_cat-electric-scooter","8":"product_tag-citycoco-scooter","9":"product_tag-fat-tire-scooter","10":"desktop-align-left","11":"tablet-align-left","12":"mobile-align-left","14":"first","15":"instock","16":"shipping-taxable","17":"product-type-simple"},"_links":{"self":[{"href":"https:\/\/www.linkseride.com\/es_co\/wp-json\/wp\/v2\/product\/10568","targetHints":{"allow":["GET"]}}],"collection":[{"href":"https:\/\/www.linkseride.com\/es_co\/wp-json\/wp\/v2\/product"}],"about":[{"href":"https:\/\/www.linkseride.com\/es_co\/wp-json\/wp\/v2\/types\/product"}],"wp:featuredmedia":[{"embeddable":true,"href":"https:\/\/www.linkseride.com\/es_co\/wp-json\/wp\/v2\/media\/10572"}],"wp:attachment":[{"href":"https:\/\/www.linkseride.com\/es_co\/wp-json\/wp\/v2\/media?parent=10568"}],"wp:term":[{"taxonomy":"product_brand","embeddable":true,"href":"https:\/\/www.linkseride.com\/es_co\/wp-json\/wp\/v2\/product_brand?post=10568"},{"taxonomy":"product_cat","embeddable":true,"href":"https:\/\/www.linkseride.com\/es_co\/wp-json\/wp\/v2\/product_cat?post=10568"},{"taxonomy":"product_tag","embeddable":true,"href":"https:\/\/www.linkseride.com\/es_co\/wp-json\/wp\/v2\/product_tag?post=10568"}],"curies":[{"name":"wp","href":"https:\/\/api.w.org\/{rel}","templated":true}]}}