{"id":10649,"date":"2024-01-19T08:43:18","date_gmt":"2024-01-19T08:43:18","guid":{"rendered":"https:\/\/www.linkseride.com\/?post_type=product&#038;p=10649"},"modified":"2024-01-19T08:58:57","modified_gmt":"2024-01-19T08:58:57","slug":"long-range-electric-tricycle-turkey","status":"publish","type":"product","link":"https:\/\/www.linkseride.com\/es_co\/product\/long-range-electric-tricycle-turkey\/","title":{"rendered":"Linkseride Long range Electric Tricycle Turkey Tricycle"},"content":{"rendered":"<p>Nos apasiona lo que estamos haciendo con nuestro futuro el\u00e9ctrico, incluyendo <strong><a href=\"https:\/\/www.linkseride.com\/es_co\/electric-scooter-manufacturer\/\" target=\"_blank\" rel=\"noopener\">triciclos el\u00e9ctricos<\/a>, <a href=\"https:\/\/www.linkseride.com\/es_co\/fabricante-de-ciclomotores-electricos\/\" target=\"_blank\" rel=\"noopener\">ciclomotor el\u00e9ctrico, <\/a><a href=\"https:\/\/www.linkseride.com\/es_co\/fabricante-de-triciclos-electricos-de-carga\/\" target=\"_blank\" rel=\"noopener\">triciclo el\u00e9ctrico de carga<\/a>, <a href=\"https:\/\/www.linkseride.com\/es_co\/fabricante-de-triciclos-electricos-de-carga\/\" target=\"_blank\" rel=\"noopener\">triciclo el\u00e9ctrico de ocio<\/a>,<\/strong> y dem\u00e1s.<\/p>\n<p>Linkseride Long range Electric Tricycle Turkey Tricycle 3 Wheel Bikes for Senior<\/p>\n<p><span style=\"font-size: 16px;\">Cont\u00e1ctenos para obtener m\u00e1s detalles.<\/span><\/p>\n<h2>What is the key features of\u00a0 this Long range Electric Tricycle Turkey Tricycle?<\/h2>\n<table width=\"638\">\n<tbody>\n<tr>\n<td style=\"font-weight: 400;\" width=\"114\"><strong>Motor<\/strong><\/td>\n<td style=\"font-weight: 400;\" width=\"172\">48V\/60V 500W\/30H<\/td>\n<td style=\"font-weight: 400;\" width=\"114\"><strong>Tiempo de carga\u00a0<\/strong><\/td>\n<td style=\"font-weight: 400;\" width=\"238\">6-8 horas<\/td>\n<\/tr>\n<tr>\n<td style=\"font-weight: 400;\" width=\"114\"><strong>Freno<\/strong><\/td>\n<td style=\"font-weight: 400;\" width=\"172\">F &amp; R drum brakeLL<\/td>\n<td style=\"font-weight: 400;\" width=\"114\"><strong>\u00a0Loading Capacity<\/strong><\/td>\n<td style=\"font-weight: 400;\" width=\"238\">250kgs<\/td>\n<\/tr>\n<tr>\n<td style=\"font-weight: 400;\" width=\"114\"><strong>Bater\u00eda<\/strong><\/td>\n<td style=\"font-weight: 400;\" width=\"172\">60 V, 20 Ah-52 Ah, plomo-\u00e1cido<\/td>\n<td style=\"font-weight: 400;\" width=\"114\"><strong>Escalada m\u00e1xima <\/strong><\/td>\n<td style=\"font-weight: 400;\" width=\"238\">30\u00b0<\/td>\n<\/tr>\n<tr>\n<td style=\"font-weight: 400;\" width=\"114\"><strong>Controlador<\/strong><\/td>\n<td style=\"font-weight: 400;\" width=\"172\">48V\/60V\/12 tube<\/td>\n<td style=\"font-weight: 400;\" width=\"114\"><b>Size<\/b><\/td>\n<td style=\"font-weight: 400;\" width=\"238\">2150*880*1050<\/td>\n<\/tr>\n<tr>\n<td style=\"font-weight: 400;\" width=\"114\"><strong>Marco<\/strong><\/td>\n<td style=\"font-weight: 400;\" width=\"172\">Tubo de acero<\/td>\n<td style=\"font-weight: 400;\" width=\"114\"><strong>Velocidad m\u00e1xima<\/strong><\/td>\n<td style=\"font-weight: 400;\" width=\"238\">30-45 km\/h<\/td>\n<\/tr>\n<tr>\n<td style=\"font-weight: 400;\" width=\"114\"><strong>Suspensi\u00f3n<\/strong><\/td>\n<td style=\"font-weight: 400;\" width=\"172\">Horquilla de suspensi\u00f3n delantera; amortiguador trasero de doble resorte.<\/td>\n<td style=\"font-weight: 400;\" width=\"114\"><strong>Capacidad de carga<\/strong><\/td>\n<td style=\"font-weight: 400;\" width=\"238\">SKD: 20 unidades\/20 GP, 45 unidades\/4 HQ<\/td>\n<\/tr>\n<\/tbody>\n<\/table>\n<h2><\/h2>\n<h2>More detailed images forLong range Electric Tricycle Turkey Tricycle<\/h2>\n<div id='gallery-1' class='gallery galleryid-10649 gallery-columns-3 gallery-size-full'><figure class='gallery-item'>\n\t\t\t<div class='gallery-icon landscape'>\n\t\t\t\t<img fetchpriority=\"high\" decoding=\"async\" width=\"2560\" height=\"1920\" src=\"https:\/\/www.linkseride.com\/wp-content\/uploads\/2024\/01\/electric-tricycle-turkey-12-scaled.jpg\" class=\"attachment-full size-full\" alt=\"electric tricycle turkey\" srcset=\"https:\/\/www.linkseride.com\/wp-content\/uploads\/2024\/01\/electric-tricycle-turkey-12-scaled.jpg 2560w, https:\/\/www.linkseride.com\/wp-content\/uploads\/2024\/01\/electric-tricycle-turkey-12-300x225.jpg 300w, https:\/\/www.linkseride.com\/wp-content\/uploads\/2024\/01\/electric-tricycle-turkey-12-1024x768.jpg 1024w, https:\/\/www.linkseride.com\/wp-content\/uploads\/2024\/01\/electric-tricycle-turkey-12-768x576.jpg 768w, https:\/\/www.linkseride.com\/wp-content\/uploads\/2024\/01\/electric-tricycle-turkey-12-1536x1152.jpg 1536w, https:\/\/www.linkseride.com\/wp-content\/uploads\/2024\/01\/electric-tricycle-turkey-12-2048x1536.jpg 2048w, https:\/\/www.linkseride.com\/wp-content\/uploads\/2024\/01\/electric-tricycle-turkey-12-600x450.jpg 600w\" sizes=\"(max-width: 2560px) 100vw, 2560px\" \/>\n\t\t\t<\/div><\/figure><figure class='gallery-item'>\n\t\t\t<div class='gallery-icon landscape'>\n\t\t\t\t<img decoding=\"async\" width=\"2560\" height=\"1920\" src=\"https:\/\/www.linkseride.com\/wp-content\/uploads\/2024\/01\/electric-tricycle-turkey-8-scaled.jpg\" class=\"attachment-full size-full\" alt=\"electric tricycle turkey\" srcset=\"https:\/\/www.linkseride.com\/wp-content\/uploads\/2024\/01\/electric-tricycle-turkey-8-scaled.jpg 2560w, https:\/\/www.linkseride.com\/wp-content\/uploads\/2024\/01\/electric-tricycle-turkey-8-300x225.jpg 300w, https:\/\/www.linkseride.com\/wp-content\/uploads\/2024\/01\/electric-tricycle-turkey-8-1024x768.jpg 1024w, https:\/\/www.linkseride.com\/wp-content\/uploads\/2024\/01\/electric-tricycle-turkey-8-768x576.jpg 768w, https:\/\/www.linkseride.com\/wp-content\/uploads\/2024\/01\/electric-tricycle-turkey-8-1536x1152.jpg 1536w, https:\/\/www.linkseride.com\/wp-content\/uploads\/2024\/01\/electric-tricycle-turkey-8-2048x1536.jpg 2048w, https:\/\/www.linkseride.com\/wp-content\/uploads\/2024\/01\/electric-tricycle-turkey-8-600x450.jpg 600w\" sizes=\"(max-width: 2560px) 100vw, 2560px\" \/>\n\t\t\t<\/div><\/figure><figure class='gallery-item'>\n\t\t\t<div class='gallery-icon landscape'>\n\t\t\t\t<img decoding=\"async\" width=\"2560\" height=\"1920\" src=\"https:\/\/www.linkseride.com\/wp-content\/uploads\/2024\/01\/electric-tricycle-turkey-9-scaled.jpg\" class=\"attachment-full size-full\" alt=\"electric tricycle turkey\" srcset=\"https:\/\/www.linkseride.com\/wp-content\/uploads\/2024\/01\/electric-tricycle-turkey-9-scaled.jpg 2560w, https:\/\/www.linkseride.com\/wp-content\/uploads\/2024\/01\/electric-tricycle-turkey-9-300x225.jpg 300w, https:\/\/www.linkseride.com\/wp-content\/uploads\/2024\/01\/electric-tricycle-turkey-9-1024x768.jpg 1024w, https:\/\/www.linkseride.com\/wp-content\/uploads\/2024\/01\/electric-tricycle-turkey-9-768x576.jpg 768w, https:\/\/www.linkseride.com\/wp-content\/uploads\/2024\/01\/electric-tricycle-turkey-9-1536x1152.jpg 1536w, https:\/\/www.linkseride.com\/wp-content\/uploads\/2024\/01\/electric-tricycle-turkey-9-2048x1536.jpg 2048w, https:\/\/www.linkseride.com\/wp-content\/uploads\/2024\/01\/electric-tricycle-turkey-9-600x450.jpg 600w\" sizes=\"(max-width: 2560px) 100vw, 2560px\" \/>\n\t\t\t<\/div><\/figure><figure class='gallery-item'>\n\t\t\t<div class='gallery-icon landscape'>\n\t\t\t\t<img loading=\"lazy\" decoding=\"async\" width=\"2560\" height=\"1920\" src=\"https:\/\/www.linkseride.com\/wp-content\/uploads\/2024\/01\/electric-tricycle-turkey-7-scaled.jpg\" class=\"attachment-full size-full\" alt=\"\" srcset=\"https:\/\/www.linkseride.com\/wp-content\/uploads\/2024\/01\/electric-tricycle-turkey-7-scaled.jpg 2560w, https:\/\/www.linkseride.com\/wp-content\/uploads\/2024\/01\/electric-tricycle-turkey-7-300x225.jpg 300w, https:\/\/www.linkseride.com\/wp-content\/uploads\/2024\/01\/electric-tricycle-turkey-7-1024x768.jpg 1024w, https:\/\/www.linkseride.com\/wp-content\/uploads\/2024\/01\/electric-tricycle-turkey-7-768x576.jpg 768w, https:\/\/www.linkseride.com\/wp-content\/uploads\/2024\/01\/electric-tricycle-turkey-7-1536x1152.jpg 1536w, https:\/\/www.linkseride.com\/wp-content\/uploads\/2024\/01\/electric-tricycle-turkey-7-2048x1536.jpg 2048w, https:\/\/www.linkseride.com\/wp-content\/uploads\/2024\/01\/electric-tricycle-turkey-7-600x450.jpg 600w\" sizes=\"(max-width: 2560px) 100vw, 2560px\" \/>\n\t\t\t<\/div><\/figure><figure class='gallery-item'>\n\t\t\t<div class='gallery-icon landscape'>\n\t\t\t\t<img loading=\"lazy\" decoding=\"async\" width=\"2560\" height=\"1920\" src=\"https:\/\/www.linkseride.com\/wp-content\/uploads\/2024\/01\/electric-tricycle-turkey-10-scaled.jpg\" class=\"attachment-full size-full\" alt=\"electric tricycle turkey\" srcset=\"https:\/\/www.linkseride.com\/wp-content\/uploads\/2024\/01\/electric-tricycle-turkey-10-scaled.jpg 2560w, https:\/\/www.linkseride.com\/wp-content\/uploads\/2024\/01\/electric-tricycle-turkey-10-300x225.jpg 300w, https:\/\/www.linkseride.com\/wp-content\/uploads\/2024\/01\/electric-tricycle-turkey-10-1024x768.jpg 1024w, https:\/\/www.linkseride.com\/wp-content\/uploads\/2024\/01\/electric-tricycle-turkey-10-768x576.jpg 768w, https:\/\/www.linkseride.com\/wp-content\/uploads\/2024\/01\/electric-tricycle-turkey-10-1536x1152.jpg 1536w, https:\/\/www.linkseride.com\/wp-content\/uploads\/2024\/01\/electric-tricycle-turkey-10-2048x1536.jpg 2048w, https:\/\/www.linkseride.com\/wp-content\/uploads\/2024\/01\/electric-tricycle-turkey-10-600x450.jpg 600w\" sizes=\"(max-width: 2560px) 100vw, 2560px\" \/>\n\t\t\t<\/div><\/figure><figure class='gallery-item'>\n\t\t\t<div class='gallery-icon landscape'>\n\t\t\t\t<img loading=\"lazy\" decoding=\"async\" width=\"2560\" height=\"1920\" src=\"https:\/\/www.linkseride.com\/wp-content\/uploads\/2024\/01\/electric-tricycle-turkey-11-scaled.jpg\" class=\"attachment-full size-full\" alt=\"electric tricycle turkey\" srcset=\"https:\/\/www.linkseride.com\/wp-content\/uploads\/2024\/01\/electric-tricycle-turkey-11-scaled.jpg 2560w, https:\/\/www.linkseride.com\/wp-content\/uploads\/2024\/01\/electric-tricycle-turkey-11-300x225.jpg 300w, https:\/\/www.linkseride.com\/wp-content\/uploads\/2024\/01\/electric-tricycle-turkey-11-1024x768.jpg 1024w, https:\/\/www.linkseride.com\/wp-content\/uploads\/2024\/01\/electric-tricycle-turkey-11-768x576.jpg 768w, https:\/\/www.linkseride.com\/wp-content\/uploads\/2024\/01\/electric-tricycle-turkey-11-1536x1152.jpg 1536w, https:\/\/www.linkseride.com\/wp-content\/uploads\/2024\/01\/electric-tricycle-turkey-11-2048x1536.jpg 2048w, https:\/\/www.linkseride.com\/wp-content\/uploads\/2024\/01\/electric-tricycle-turkey-11-600x450.jpg 600w\" sizes=\"(max-width: 2560px) 100vw, 2560px\" \/>\n\t\t\t<\/div><\/figure>\n\t\t<\/div>\n\n<p>Tambi\u00e9n tenemos otro nuevo modelo de patinete Citycoco con forma de Harley; si necesitas m\u00e1s informaci\u00f3n, puedes<a href=\"https:\/\/www.linkseride.com\/es_co\/fabricante-de-triciclos-electricos-de-carga\/\" target=\"_blank\" rel=\"noopener\"> Encu\u00e9ntralo aqu\u00ed.<\/a><\/p>\n<p>Aqu\u00ed puedes encontrar m\u00e1s videos de presentaci\u00f3n: <a href=\"https:\/\/www.youtube.com\/c\/LinksErideTech\" target=\"_blank\" rel=\"noopener\">https:\/\/www.youtube.com\/c\/LinksErideTech<\/a><\/p>","protected":false},"excerpt":{"rendered":"<p>\u25cf Linkseride Long range Electric Tricycle Turkey Tricycle<\/p>\n<p><span style=\"font-size: 16px;\">\u25cf Bater\u00eda de plomo-\u00e1cido de 20 Ah\/32 Ah\/45 Ah\/52 Ah<\/span><\/p>\n<p>\u25cf 60v 1000w powerful engine, 25km\/h max speed.<\/p>\n<p>\u25cf Frenos de tambor delanteros y traseros<\/p>\n<p>\u25cf Disponible como fabricante de equipos originales (OEM) en todos los colores; se buscan distribuidores en todo el mundo<\/p>","protected":false},"featured_media":10650,"template":"","meta":{"site-sidebar-layout":"default","site-content-layout":"default","ast-site-content-layout":"default","site-content-style":"default","site-sidebar-style":"default","ast-global-header-display":"","ast-banner-title-visibility":"","ast-main-header-display":"","ast-hfb-above-header-display":"","ast-hfb-below-header-display":"","ast-hfb-mobile-header-display":"","site-post-title":"","ast-breadcrumbs-content":"","ast-featured-img":"","footer-sml-layout":"","ast-disable-related-posts":"","theme-transparent-header-meta":"default","adv-header-id-meta":"","stick-header-meta":"","header-above-stick-meta":"","header-main-stick-meta":"","header-below-stick-meta":"","astra-migrate-meta-layouts":"set","ast-page-background-enabled":"default","ast-page-background-meta":{"desktop":{"background-color":"","background-image":"","background-repeat":"repeat","background-position":"center center","background-size":"auto","background-attachment":"scroll","background-type":"","background-media":"","overlay-type":"","overlay-color":"","overlay-opacity":"","overlay-gradient":""},"tablet":{"background-color":"","background-image":"","background-repeat":"repeat","background-position":"center center","background-size":"auto","background-attachment":"scroll","background-type":"","background-media":"","overlay-type":"","overlay-color":"","overlay-opacity":"","overlay-gradient":""},"mobile":{"background-color":"","background-image":"","background-repeat":"repeat","background-position":"center center","background-size":"auto","background-attachment":"scroll","background-type":"","background-media":"","overlay-type":"","overlay-color":"","overlay-opacity":"","overlay-gradient":""}},"ast-content-background-meta":{"desktop":{"background-color":"var(--ast-global-color-5)","background-image":"","background-repeat":"repeat","background-position":"center center","background-size":"auto","background-attachment":"scroll","background-type":"","background-media":"","overlay-type":"","overlay-color":"","overlay-opacity":"","overlay-gradient":""},"tablet":{"background-color":"var(--ast-global-color-5)","background-image":"","background-repeat":"repeat","background-position":"center center","background-size":"auto","background-attachment":"scroll","background-type":"","background-media":"","overlay-type":"","overlay-color":"","overlay-opacity":"","overlay-gradient":""},"mobile":{"background-color":"var(--ast-global-color-5)","background-image":"","background-repeat":"repeat","background-position":"center center","background-size":"auto","background-attachment":"scroll","background-type":"","background-media":"","overlay-type":"","overlay-color":"","overlay-opacity":"","overlay-gradient":""}}},"product_brand":[],"product_cat":[27,28],"product_tag":[38,50],"class_list":{"0":"post-10649","1":"product","2":"type-product","3":"status-publish","4":"has-post-thumbnail","6":"product_cat-electric-motorcycle","7":"product_cat-electric-scooter","8":"product_tag-citycoco-scooter","9":"product_tag-fat-tire-scooter","10":"desktop-align-left","11":"tablet-align-left","12":"mobile-align-left","14":"first","15":"instock","16":"shipping-taxable","17":"product-type-simple"},"_links":{"self":[{"href":"https:\/\/www.linkseride.com\/es_co\/wp-json\/wp\/v2\/product\/10649","targetHints":{"allow":["GET"]}}],"collection":[{"href":"https:\/\/www.linkseride.com\/es_co\/wp-json\/wp\/v2\/product"}],"about":[{"href":"https:\/\/www.linkseride.com\/es_co\/wp-json\/wp\/v2\/types\/product"}],"wp:featuredmedia":[{"embeddable":true,"href":"https:\/\/www.linkseride.com\/es_co\/wp-json\/wp\/v2\/media\/10650"}],"wp:attachment":[{"href":"https:\/\/www.linkseride.com\/es_co\/wp-json\/wp\/v2\/media?parent=10649"}],"wp:term":[{"taxonomy":"product_brand","embeddable":true,"href":"https:\/\/www.linkseride.com\/es_co\/wp-json\/wp\/v2\/product_brand?post=10649"},{"taxonomy":"product_cat","embeddable":true,"href":"https:\/\/www.linkseride.com\/es_co\/wp-json\/wp\/v2\/product_cat?post=10649"},{"taxonomy":"product_tag","embeddable":true,"href":"https:\/\/www.linkseride.com\/es_co\/wp-json\/wp\/v2\/product_tag?post=10649"}],"curies":[{"name":"wp","href":"https:\/\/api.w.org\/{rel}","templated":true}]}}