{"id":10888,"date":"2024-07-17T06:40:35","date_gmt":"2024-07-17T06:40:35","guid":{"rendered":"https:\/\/www.linkseride.com\/?post_type=product&#038;p=10888"},"modified":"2026-01-07T07:11:08","modified_gmt":"2026-01-07T07:11:08","slug":"linkseride-electric-trike-golf-cart","status":"publish","type":"product","link":"https:\/\/www.linkseride.com\/es_co\/product\/linkseride-electric-trike-golf-cart\/","title":{"rendered":"Linkseride CP7.1 Popular Triciclo el\u00e9ctrico para golf 4000 W 60 V"},"content":{"rendered":"<h2>Linkseride CP7.1 Popular Triciclo el\u00e9ctrico para golf 4000 W 60 V<\/h2>\n<p>Nos apasiona lo que estamos haciendo con nuestro futuro el\u00e9ctrico, incluyendo <strong><a href=\"https:\/\/www.linkseride.com\/es_co\/electric-scooter-manufacturer\/\" target=\"_blank\" rel=\"noopener\">triciclos el\u00e9ctricos<\/a>, <a href=\"https:\/\/www.linkseride.com\/es_co\/fabricante-de-motocicletas-electricas\/\" target=\"_blank\" rel=\"noopener\">patineta con llantas gruesas<\/a>, <a href=\"https:\/\/www.linkseride.com\/es_co\/fabricante-de-motocicletas-electricas\/\" target=\"_blank\" rel=\"noopener\">patineta citycoco<\/a>, <a href=\"https:\/\/www.linkseride.com\/es_co\/fabricante-de-ciclomotores-electricos\/\" target=\"_blank\" rel=\"noopener\">ciclomotor el\u00e9ctrico<\/a><\/strong> y dem\u00e1s.<\/p>\n<p>ThisCP7.1 Electric Trike Golf\u00a0 Cart is equipped with fat tires,golf attachment and golf rack making your golf game safer,more fun and more comfortable!<\/p>\n<div id='gallery-1' class='gallery galleryid-10888 gallery-columns-4 gallery-size-full'><figure class='gallery-item'>\n\t\t\t<div class='gallery-icon landscape'>\n\t\t\t\t<img fetchpriority=\"high\" decoding=\"async\" width=\"2560\" height=\"1707\" src=\"https:\/\/www.linkseride.com\/wp-content\/uploads\/2024\/07\/2-2-scaled.jpg\" class=\"attachment-full size-full\" alt=\"carrito de golf el\u00e9ctrico de tres ruedas\" srcset=\"https:\/\/www.linkseride.com\/wp-content\/uploads\/2024\/07\/2-2-scaled.jpg 2560w, https:\/\/www.linkseride.com\/wp-content\/uploads\/2024\/07\/2-2-300x200.jpg 300w, https:\/\/www.linkseride.com\/wp-content\/uploads\/2024\/07\/2-2-1024x683.jpg 1024w, https:\/\/www.linkseride.com\/wp-content\/uploads\/2024\/07\/2-2-768x512.jpg 768w, https:\/\/www.linkseride.com\/wp-content\/uploads\/2024\/07\/2-2-1536x1024.jpg 1536w, https:\/\/www.linkseride.com\/wp-content\/uploads\/2024\/07\/2-2-2048x1365.jpg 2048w, https:\/\/www.linkseride.com\/wp-content\/uploads\/2024\/07\/2-2-600x400.jpg 600w\" sizes=\"(max-width: 2560px) 100vw, 2560px\" \/>\n\t\t\t<\/div><\/figure><figure class='gallery-item'>\n\t\t\t<div class='gallery-icon landscape'>\n\t\t\t\t<img decoding=\"async\" width=\"1280\" height=\"853\" src=\"https:\/\/www.linkseride.com\/wp-content\/uploads\/2024\/07\/\u5fae\u4fe1\u56fe\u7247_2026-01-07_134253_359.jpg\" class=\"attachment-full size-full\" alt=\"\" srcset=\"https:\/\/www.linkseride.com\/wp-content\/uploads\/2024\/07\/\u5fae\u4fe1\u56fe\u7247_2026-01-07_134253_359.jpg 1280w, https:\/\/www.linkseride.com\/wp-content\/uploads\/2024\/07\/\u5fae\u4fe1\u56fe\u7247_2026-01-07_134253_359-300x200.jpg 300w, https:\/\/www.linkseride.com\/wp-content\/uploads\/2024\/07\/\u5fae\u4fe1\u56fe\u7247_2026-01-07_134253_359-1024x682.jpg 1024w, https:\/\/www.linkseride.com\/wp-content\/uploads\/2024\/07\/\u5fae\u4fe1\u56fe\u7247_2026-01-07_134253_359-768x512.jpg 768w, https:\/\/www.linkseride.com\/wp-content\/uploads\/2024\/07\/\u5fae\u4fe1\u56fe\u7247_2026-01-07_134253_359-18x12.jpg 18w, https:\/\/www.linkseride.com\/wp-content\/uploads\/2024\/07\/\u5fae\u4fe1\u56fe\u7247_2026-01-07_134253_359-600x400.jpg 600w\" sizes=\"(max-width: 1280px) 100vw, 1280px\" \/>\n\t\t\t<\/div><\/figure><figure class='gallery-item'>\n\t\t\t<div class='gallery-icon landscape'>\n\t\t\t\t<img decoding=\"async\" width=\"2560\" height=\"1707\" src=\"https:\/\/www.linkseride.com\/wp-content\/uploads\/2024\/07\/4-scaled.jpg\" class=\"attachment-full size-full\" alt=\"carrito de golf el\u00e9ctrico de tres ruedas\" srcset=\"https:\/\/www.linkseride.com\/wp-content\/uploads\/2024\/07\/4-scaled.jpg 2560w, https:\/\/www.linkseride.com\/wp-content\/uploads\/2024\/07\/4-300x200.jpg 300w, https:\/\/www.linkseride.com\/wp-content\/uploads\/2024\/07\/4-1024x683.jpg 1024w, https:\/\/www.linkseride.com\/wp-content\/uploads\/2024\/07\/4-768x512.jpg 768w, https:\/\/www.linkseride.com\/wp-content\/uploads\/2024\/07\/4-1536x1024.jpg 1536w, https:\/\/www.linkseride.com\/wp-content\/uploads\/2024\/07\/4-2048x1365.jpg 2048w, https:\/\/www.linkseride.com\/wp-content\/uploads\/2024\/07\/4-600x400.jpg 600w\" sizes=\"(max-width: 2560px) 100vw, 2560px\" \/>\n\t\t\t<\/div><\/figure><figure class='gallery-item'>\n\t\t\t<div class='gallery-icon landscape'>\n\t\t\t\t<img loading=\"lazy\" decoding=\"async\" width=\"1280\" height=\"853\" src=\"https:\/\/www.linkseride.com\/wp-content\/uploads\/2024\/07\/\u5fae\u4fe1\u56fe\u7247_2026-01-07_134300_335.jpg\" class=\"attachment-full size-full\" alt=\"\" srcset=\"https:\/\/www.linkseride.com\/wp-content\/uploads\/2024\/07\/\u5fae\u4fe1\u56fe\u7247_2026-01-07_134300_335.jpg 1280w, https:\/\/www.linkseride.com\/wp-content\/uploads\/2024\/07\/\u5fae\u4fe1\u56fe\u7247_2026-01-07_134300_335-300x200.jpg 300w, https:\/\/www.linkseride.com\/wp-content\/uploads\/2024\/07\/\u5fae\u4fe1\u56fe\u7247_2026-01-07_134300_335-1024x682.jpg 1024w, https:\/\/www.linkseride.com\/wp-content\/uploads\/2024\/07\/\u5fae\u4fe1\u56fe\u7247_2026-01-07_134300_335-768x512.jpg 768w, https:\/\/www.linkseride.com\/wp-content\/uploads\/2024\/07\/\u5fae\u4fe1\u56fe\u7247_2026-01-07_134300_335-18x12.jpg 18w, https:\/\/www.linkseride.com\/wp-content\/uploads\/2024\/07\/\u5fae\u4fe1\u56fe\u7247_2026-01-07_134300_335-600x400.jpg 600w\" sizes=\"(max-width: 1280px) 100vw, 1280px\" \/>\n\t\t\t<\/div><\/figure>\n\t\t<\/div>\n\n<h2><\/h2>\n<h2><img loading=\"lazy\" decoding=\"async\" class=\"alignnone wp-image-11016 size-full\" src=\"https:\/\/www.linkseride.com\/wp-content\/uploads\/2024\/07\/CP7.png\" alt=\"\" width=\"1280\" height=\"720\" srcset=\"https:\/\/www.linkseride.com\/wp-content\/uploads\/2024\/07\/CP7.png 1280w, https:\/\/www.linkseride.com\/wp-content\/uploads\/2024\/07\/CP7-300x169.png 300w, https:\/\/www.linkseride.com\/wp-content\/uploads\/2024\/07\/CP7-1024x576.png 1024w, https:\/\/www.linkseride.com\/wp-content\/uploads\/2024\/07\/CP7-768x432.png 768w, https:\/\/www.linkseride.com\/wp-content\/uploads\/2024\/07\/CP7-600x338.png 600w\" sizes=\"(max-width: 1280px) 100vw, 1280px\" \/><\/h2>\n<h2>what is the features of this CP7.1 Electric Trike Golf Cart<\/h2>\n<ul>\n<li>2000w*2000w rated power electric hub motor<\/li>\n<li><strong>60V20Ah<\/strong><strong>\u00a0bater\u00eda <\/strong>ofrece una autonom\u00eda m\u00e1xima de 40 millas<\/li>\n<li>different usage with the electric trike golf cart, either for adults or for electric trike golf cart<\/li>\n<li>1-seated option with cushioned material to improve riding feelings<\/li>\n<li>La pantalla LCD muestra el veloc\u00edmetro, el kilometraje, el voltaje y el nivel de potencia.<\/li>\n<\/ul>\n<table>\n<tbody>\n<tr>\n<td>Potencia del motor<\/td>\n<td>2000 W \u00d7 2000 W<\/td>\n<\/tr>\n<tr>\n<td>Velocidad m\u00e1xima<\/td>\n<td>45 km\/h<\/td>\n<\/tr>\n<tr>\n<td>Alcance m\u00e1ximo<\/td>\n<td>60 km<\/td>\n<\/tr>\n<tr>\n<td>Capacidad de la bater\u00eda<\/td>\n<td>60 V, 20 Ah<\/td>\n<\/tr>\n<tr>\n<td>Material del armaz\u00f3n<\/td>\n<td>Tubo de acero sin soldadura<\/td>\n<\/tr>\n<tr>\n<td>Tama\u00f1o de los neum\u00e1ticos<\/td>\n<td>215\/40-8 sin c\u00e1mara<\/td>\n<\/tr>\n<tr>\n<td>Carga m\u00e1xima<\/td>\n<td>200 kg<\/td>\n<\/tr>\n<tr>\n<td>N.W\/G.W<\/td>\n<td>89 kg<\/td>\n<\/tr>\n<tr>\n<td>Otras caracter\u00edsticas<\/td>\n<td>Soporte para tel\u00e9fono con puerto USB<\/p>\n<p>Altavoz Bluetooth<\/p>\n<p>Bolsa de sill\u00edn<\/td>\n<\/tr>\n<\/tbody>\n<\/table>\n<h2>Why choosing this kind of Electric Trike Golf Cart?<\/h2>\n<p>Tambi\u00e9n tenemos otros modelos de scooters el\u00e9ctricos de golf para un solo pasajero. Si necesita m\u00e1s informaci\u00f3n, puede<a href=\"https:\/\/www.linkseride.com\/es_co\/fat-tire-golf-scooter-golf-cart-trouring\/\" target=\"_blank\" rel=\"noopener\"> Encu\u00e9ntralo aqu\u00ed.<\/a><\/p>\n<p>Aqu\u00ed puedes encontrar m\u00e1s videos de presentaci\u00f3n: <a href=\"https:\/\/www.youtube.com\/c\/LinksErideTech\" target=\"_blank\" rel=\"noopener\">https:\/\/www.youtube.com\/c\/LinksErideTech<\/a><\/p>\n<div class=\"ast-oembed-container\" style=\"height: 100%;\"><iframe title=\"Todo lo que necesitas saber sobre el patinete el\u00e9ctrico CP-7 de tres ruedas y doble motor de Citycoco\" width=\"500\" height=\"281\" src=\"https:\/\/www.youtube.com\/embed\/mCniA3BqCDM?feature=oembed&#038;enablejsapi=1&#038;origin=https:\/\/www.linkseride.com\" frameborder=\"0\" allow=\"accelerometer; autoplay; clipboard-write; encrypted-media; gyroscope; picture-in-picture; web-share\" referrerpolicy=\"strict-origin-when-cross-origin\" allowfullscreen><\/iframe><\/div>","protected":false},"excerpt":{"rendered":"<p>\u25cf CP7.1 Electric Trike Golf Cart with 2000w*2000w rated power electric hub motor<\/p>\n<p>\u25cf <strong>60v\/20Ah<\/strong>\u00a0<strong>\u00a0bater\u00eda <\/strong>ofrece una autonom\u00eda m\u00e1xima de 40 millas<\/p>\n<p>\u25cf different usage with the electric trike golf cart, either for adults or for electric trike golf cart<\/p>\n<p>\u25cf 1-seated option with cushioned material to improve riding feelings<\/p>\n<p>\u25cf La pantalla LCD muestra el veloc\u00edmetro, el kilometraje, el voltaje y el nivel de potencia.<\/p>","protected":false},"featured_media":11415,"template":"","meta":{"site-sidebar-layout":"default","site-content-layout":"default","ast-site-content-layout":"default","site-content-style":"default","site-sidebar-style":"default","ast-global-header-display":"","ast-banner-title-visibility":"","ast-main-header-display":"","ast-hfb-above-header-display":"","ast-hfb-below-header-display":"","ast-hfb-mobile-header-display":"","site-post-title":"","ast-breadcrumbs-content":"","ast-featured-img":"","footer-sml-layout":"","ast-disable-related-posts":"","theme-transparent-header-meta":"default","adv-header-id-meta":"","stick-header-meta":"","header-above-stick-meta":"","header-main-stick-meta":"","header-below-stick-meta":"","astra-migrate-meta-layouts":"set","ast-page-background-enabled":"default","ast-page-background-meta":{"desktop":{"background-color":"","background-image":"","background-repeat":"repeat","background-position":"center center","background-size":"auto","background-attachment":"scroll","background-type":"","background-media":"","overlay-type":"","overlay-color":"","overlay-opacity":"","overlay-gradient":""},"tablet":{"background-color":"","background-image":"","background-repeat":"repeat","background-position":"center center","background-size":"auto","background-attachment":"scroll","background-type":"","background-media":"","overlay-type":"","overlay-color":"","overlay-opacity":"","overlay-gradient":""},"mobile":{"background-color":"","background-image":"","background-repeat":"repeat","background-position":"center center","background-size":"auto","background-attachment":"scroll","background-type":"","background-media":"","overlay-type":"","overlay-color":"","overlay-opacity":"","overlay-gradient":""}},"ast-content-background-meta":{"desktop":{"background-color":"var(--ast-global-color-5)","background-image":"","background-repeat":"repeat","background-position":"center center","background-size":"auto","background-attachment":"scroll","background-type":"","background-media":"","overlay-type":"","overlay-color":"","overlay-opacity":"","overlay-gradient":""},"tablet":{"background-color":"var(--ast-global-color-5)","background-image":"","background-repeat":"repeat","background-position":"center center","background-size":"auto","background-attachment":"scroll","background-type":"","background-media":"","overlay-type":"","overlay-color":"","overlay-opacity":"","overlay-gradient":""},"mobile":{"background-color":"var(--ast-global-color-5)","background-image":"","background-repeat":"repeat","background-position":"center center","background-size":"auto","background-attachment":"scroll","background-type":"","background-media":"","overlay-type":"","overlay-color":"","overlay-opacity":"","overlay-gradient":""}}},"product_brand":[],"product_cat":[45],"product_tag":[38,47,48],"class_list":{"0":"post-10888","1":"product","2":"type-product","3":"status-publish","4":"has-post-thumbnail","6":"product_cat-electric-golf-scooter","7":"product_tag-citycoco-scooter","8":"product_tag-golf-scooter","9":"product_tag-single-rider-golf-scooter","10":"desktop-align-left","11":"tablet-align-left","12":"mobile-align-left","14":"first","15":"instock","16":"shipping-taxable","17":"product-type-simple"},"_links":{"self":[{"href":"https:\/\/www.linkseride.com\/es_co\/wp-json\/wp\/v2\/product\/10888","targetHints":{"allow":["GET"]}}],"collection":[{"href":"https:\/\/www.linkseride.com\/es_co\/wp-json\/wp\/v2\/product"}],"about":[{"href":"https:\/\/www.linkseride.com\/es_co\/wp-json\/wp\/v2\/types\/product"}],"wp:featuredmedia":[{"embeddable":true,"href":"https:\/\/www.linkseride.com\/es_co\/wp-json\/wp\/v2\/media\/11415"}],"wp:attachment":[{"href":"https:\/\/www.linkseride.com\/es_co\/wp-json\/wp\/v2\/media?parent=10888"}],"wp:term":[{"taxonomy":"product_brand","embeddable":true,"href":"https:\/\/www.linkseride.com\/es_co\/wp-json\/wp\/v2\/product_brand?post=10888"},{"taxonomy":"product_cat","embeddable":true,"href":"https:\/\/www.linkseride.com\/es_co\/wp-json\/wp\/v2\/product_cat?post=10888"},{"taxonomy":"product_tag","embeddable":true,"href":"https:\/\/www.linkseride.com\/es_co\/wp-json\/wp\/v2\/product_tag?post=10888"}],"curies":[{"name":"wp","href":"https:\/\/api.w.org\/{rel}","templated":true}]}}