{"id":10912,"date":"2024-07-18T03:50:40","date_gmt":"2024-07-18T03:50:40","guid":{"rendered":"https:\/\/www.linkseride.com\/?post_type=product&#038;p=10912"},"modified":"2024-07-24T09:03:22","modified_gmt":"2024-07-24T09:03:22","slug":"electric-rickshaw-200km-long-range","status":"publish","type":"product","link":"https:\/\/www.linkseride.com\/es_co\/product\/electric-rickshaw-200km-long-range\/","title":{"rendered":"Rickshaw el\u00e9ctrico Linkseride LER-1 Altamente efectivo con una autonom\u00eda de 120 km para pasajeros"},"content":{"rendered":"<h2>Linkseride LER-1 Electric Rickshaw Highly Effective 200KM Long Range<\/h2>\n<p>Nos apasiona lo que estamos haciendo con nuestro futuro el\u00e9ctrico, incluyendo <strong><a href=\"https:\/\/www.linkseride.com\/es_co\/fabricante-de-triciclos-electricos-y-patinetes\/\">triciclo el\u00e9ctrico<\/a>, <a href=\"https:\/\/www.linkseride.com\/es_co\/fat-tire-scooter-electric\/\">patineta con llantas gruesas<\/a>, <a href=\"https:\/\/www.linkseride.com\/es_co\/fabricante-de-motocicletas-electricas\/\" target=\"_blank\" rel=\"noopener\">patineta citycoco<\/a>, <a href=\"https:\/\/www.linkseride.com\/es_co\/fabricante-de-ciclomotores-electricos\/\" target=\"_blank\" rel=\"noopener\">ciclomotor el\u00e9ctrico<\/a><\/strong> y dem\u00e1s.<\/p>\n<p>Introducing the LER-1 Electric Rickshaw, the ultimate solution for sustainable and efficient urban passenger transport. Engineered with a powerful 1200-2000W motor and an advanced 80Ah-160Ah battery capacity, the LER-1 offers an impressive range of up to 120KM on a single charge. This highly effective electric rickshaw combines durability with comfort, featuring a spacious cabin designed for passenger convenience. Its eco-friendly operation ensures zero emissions, making it an ideal choice for modern urban environments. Upgrade your transportation service with the LER-1 Electric Rickshaw and experience unparalleled efficiency and reliability.<\/p>\n<div id='gallery-1' class='gallery galleryid-10912 gallery-columns-2 gallery-size-full'><figure class='gallery-item'>\n\t\t\t<div class='gallery-icon landscape'>\n\t\t\t\t<img fetchpriority=\"high\" decoding=\"async\" width=\"1040\" height=\"1040\" src=\"https:\/\/www.linkseride.com\/wp-content\/uploads\/2024\/07\/1-4.jpg\" class=\"attachment-full size-full\" alt=\"triciclo el\u00e9ctrico\" srcset=\"https:\/\/www.linkseride.com\/wp-content\/uploads\/2024\/07\/1-4.jpg 1040w, https:\/\/www.linkseride.com\/wp-content\/uploads\/2024\/07\/1-4-300x300.jpg 300w, https:\/\/www.linkseride.com\/wp-content\/uploads\/2024\/07\/1-4-1024x1024.jpg 1024w, https:\/\/www.linkseride.com\/wp-content\/uploads\/2024\/07\/1-4-150x150.jpg 150w, https:\/\/www.linkseride.com\/wp-content\/uploads\/2024\/07\/1-4-768x768.jpg 768w, https:\/\/www.linkseride.com\/wp-content\/uploads\/2024\/07\/1-4-600x600.jpg 600w, https:\/\/www.linkseride.com\/wp-content\/uploads\/2024\/07\/1-4-100x100.jpg 100w\" sizes=\"(max-width: 1040px) 100vw, 1040px\" \/>\n\t\t\t<\/div><\/figure><figure class='gallery-item'>\n\t\t\t<div class='gallery-icon landscape'>\n\t\t\t\t<img decoding=\"async\" width=\"1040\" height=\"1040\" src=\"https:\/\/www.linkseride.com\/wp-content\/uploads\/2024\/07\/2-6.jpg\" class=\"attachment-full size-full\" alt=\"triciclo el\u00e9ctrico\" srcset=\"https:\/\/www.linkseride.com\/wp-content\/uploads\/2024\/07\/2-6.jpg 1040w, https:\/\/www.linkseride.com\/wp-content\/uploads\/2024\/07\/2-6-300x300.jpg 300w, https:\/\/www.linkseride.com\/wp-content\/uploads\/2024\/07\/2-6-1024x1024.jpg 1024w, https:\/\/www.linkseride.com\/wp-content\/uploads\/2024\/07\/2-6-150x150.jpg 150w, https:\/\/www.linkseride.com\/wp-content\/uploads\/2024\/07\/2-6-768x768.jpg 768w, https:\/\/www.linkseride.com\/wp-content\/uploads\/2024\/07\/2-6-600x600.jpg 600w, https:\/\/www.linkseride.com\/wp-content\/uploads\/2024\/07\/2-6-100x100.jpg 100w\" sizes=\"(max-width: 1040px) 100vw, 1040px\" \/>\n\t\t\t<\/div><\/figure>\n\t\t<\/div>\n\n<h2>what is the features of this LER-1 Electric Rickshaw?<\/h2>\n<ul>\n<li>Motor el\u00e9ctrico de buje con potencia nominal de 1500 W\/2000 W<\/li>\n<li><strong>60 V<\/strong><strong>\u00a0bater\u00eda <\/strong>ofrece una autonom\u00eda m\u00e1xima de 40 millas<\/li>\n<li>idea usage with the electric rickshaw for adults<\/li>\n<li>6-seated option with cushioned material to improve riding feelings<\/li>\n<li>La pantalla LCD muestra el veloc\u00edmetro, el kilometraje, el voltaje y el nivel de potencia.<br \/>\n<table width=\"389\">\n<tbody>\n<tr>\n<td width=\"161\">Potencia del motor<\/td>\n<td width=\"228\">60V\/72V\/1500W\/2000W<\/td>\n<\/tr>\n<tr>\n<td>Velocidad m\u00e1xima<\/td>\n<td width=\"228\">40-55Km\/h<\/td>\n<\/tr>\n<tr>\n<td>Bater\u00eda<\/td>\n<td>80-160Ah<\/td>\n<\/tr>\n<tr>\n<td>Alcance m\u00e1ximo<\/td>\n<td>60-200KM<\/td>\n<\/tr>\n<tr>\n<td>passenger with driver<\/td>\n<td>6<\/td>\n<\/tr>\n<tr>\n<td>Ground Clearance<\/td>\n<td>150mm<\/td>\n<\/tr>\n<tr>\n<td>Llantas<\/td>\n<td>400-12<\/td>\n<\/tr>\n<tr>\n<td>Carga m\u00e1xima<\/td>\n<td>1000kg<\/td>\n<\/tr>\n<tr>\n<td>Freno<\/td>\n<td>brake drum<\/td>\n<\/tr>\n<tr>\n<td>Dimensiones del veh\u00edculo: L x An x Al (mm)<\/td>\n<td>2900*1200*1700mm<\/td>\n<\/tr>\n<\/tbody>\n<\/table>\n<\/li>\n<\/ul>\n<h2>Why choosing this kind of\u00a0 Electric Rickshaw long range for 6 passengers?<\/h2>\n<p>&nbsp;<\/p>\n<p>Tambi\u00e9n tenemos otros modelos de scooters el\u00e9ctricos de golf para un solo pasajero. Si necesita m\u00e1s informaci\u00f3n, puede<a href=\"https:\/\/www.linkseride.com\/es_co\/fabricante-de-triciclos-electricos-y-patinetes\/\" target=\"_blank\" rel=\"noopener\"> Encu\u00e9ntralo aqu\u00ed.<\/a><\/p>\n<p>Aqu\u00ed puedes encontrar m\u00e1s videos de presentaci\u00f3n: <a href=\"https:\/\/www.youtube.com\/c\/LinksErideTech\" target=\"_blank\" rel=\"noopener\">https:\/\/www.youtube.com\/c\/LinksErideTech<\/a><\/p>","protected":false},"excerpt":{"rendered":"<p>\u25cf LER-1 electric rickshaw with 1500w\/2000w rated power electric hub motor<\/p>\n<p>\u25cf <strong>60v\/72v<\/strong><strong>\u00a0bater\u00eda <\/strong>provides max range 60-200km<\/p>\n<p>\u25cf 6-seated option with cushioned material to improve riding feelings<\/p>\n<p>\u25cf La pantalla LCD muestra el veloc\u00edmetro, el kilometraje, el voltaje y el nivel de potencia.<\/p>","protected":false},"featured_media":10913,"template":"","meta":{"site-sidebar-layout":"default","site-content-layout":"default","ast-site-content-layout":"default","site-content-style":"default","site-sidebar-style":"default","ast-global-header-display":"","ast-banner-title-visibility":"","ast-main-header-display":"","ast-hfb-above-header-display":"","ast-hfb-below-header-display":"","ast-hfb-mobile-header-display":"","site-post-title":"","ast-breadcrumbs-content":"","ast-featured-img":"","footer-sml-layout":"","ast-disable-related-posts":"","theme-transparent-header-meta":"default","adv-header-id-meta":"","stick-header-meta":"","header-above-stick-meta":"","header-main-stick-meta":"","header-below-stick-meta":"","astra-migrate-meta-layouts":"set","ast-page-background-enabled":"default","ast-page-background-meta":{"desktop":{"background-color":"","background-image":"","background-repeat":"repeat","background-position":"center center","background-size":"auto","background-attachment":"scroll","background-type":"","background-media":"","overlay-type":"","overlay-color":"","overlay-opacity":"","overlay-gradient":""},"tablet":{"background-color":"","background-image":"","background-repeat":"repeat","background-position":"center center","background-size":"auto","background-attachment":"scroll","background-type":"","background-media":"","overlay-type":"","overlay-color":"","overlay-opacity":"","overlay-gradient":""},"mobile":{"background-color":"","background-image":"","background-repeat":"repeat","background-position":"center center","background-size":"auto","background-attachment":"scroll","background-type":"","background-media":"","overlay-type":"","overlay-color":"","overlay-opacity":"","overlay-gradient":""}},"ast-content-background-meta":{"desktop":{"background-color":"var(--ast-global-color-5)","background-image":"","background-repeat":"repeat","background-position":"center center","background-size":"auto","background-attachment":"scroll","background-type":"","background-media":"","overlay-type":"","overlay-color":"","overlay-opacity":"","overlay-gradient":""},"tablet":{"background-color":"var(--ast-global-color-5)","background-image":"","background-repeat":"repeat","background-position":"center center","background-size":"auto","background-attachment":"scroll","background-type":"","background-media":"","overlay-type":"","overlay-color":"","overlay-opacity":"","overlay-gradient":""},"mobile":{"background-color":"var(--ast-global-color-5)","background-image":"","background-repeat":"repeat","background-position":"center center","background-size":"auto","background-attachment":"scroll","background-type":"","background-media":"","overlay-type":"","overlay-color":"","overlay-opacity":"","overlay-gradient":""}}},"product_brand":[],"product_cat":[28],"product_tag":[38,47,48],"class_list":{"0":"post-10912","1":"product","2":"type-product","3":"status-publish","4":"has-post-thumbnail","6":"product_cat-electric-scooter","7":"product_tag-citycoco-scooter","8":"product_tag-golf-scooter","9":"product_tag-single-rider-golf-scooter","10":"desktop-align-left","11":"tablet-align-left","12":"mobile-align-left","14":"first","15":"instock","16":"shipping-taxable","17":"product-type-simple"},"_links":{"self":[{"href":"https:\/\/www.linkseride.com\/es_co\/wp-json\/wp\/v2\/product\/10912","targetHints":{"allow":["GET"]}}],"collection":[{"href":"https:\/\/www.linkseride.com\/es_co\/wp-json\/wp\/v2\/product"}],"about":[{"href":"https:\/\/www.linkseride.com\/es_co\/wp-json\/wp\/v2\/types\/product"}],"wp:featuredmedia":[{"embeddable":true,"href":"https:\/\/www.linkseride.com\/es_co\/wp-json\/wp\/v2\/media\/10913"}],"wp:attachment":[{"href":"https:\/\/www.linkseride.com\/es_co\/wp-json\/wp\/v2\/media?parent=10912"}],"wp:term":[{"taxonomy":"product_brand","embeddable":true,"href":"https:\/\/www.linkseride.com\/es_co\/wp-json\/wp\/v2\/product_brand?post=10912"},{"taxonomy":"product_cat","embeddable":true,"href":"https:\/\/www.linkseride.com\/es_co\/wp-json\/wp\/v2\/product_cat?post=10912"},{"taxonomy":"product_tag","embeddable":true,"href":"https:\/\/www.linkseride.com\/es_co\/wp-json\/wp\/v2\/product_tag?post=10912"}],"curies":[{"name":"wp","href":"https:\/\/api.w.org\/{rel}","templated":true}]}}