{"id":11126,"date":"2025-05-19T07:00:44","date_gmt":"2025-05-19T07:00:44","guid":{"rendered":"https:\/\/www.linkseride.com\/?post_type=product&#038;p=11126"},"modified":"2025-05-23T06:02:23","modified_gmt":"2025-05-23T06:02:23","slug":"bicicleta-electrica-a3-con-portaperros","status":"publish","type":"product","link":"https:\/\/www.linkseride.com\/es_co\/product\/a3-electric-bike-with-dog-carrier\/","title":{"rendered":"Bicicleta el\u00e9ctrica Linkseride A3 con transport\u00edn para perros Mini Bike Pets Scooter"},"content":{"rendered":"<p class=\"p1\"><span class=\"s1\">Esta bicicleta el\u00e9ctrica A3 con transport\u00edn para perros, Mini Bike Pets Scooter, te ayudar\u00e1 a desplazarte sin esfuerzo. La bicicleta el\u00e9ctrica con transport\u00edn para perros soporta un peso m\u00e1ximo de usuario de hasta 120 kg, tiene una autonom\u00eda m\u00e1xima de 40 km con una carga completa de bater\u00eda, dependiendo del terreno. Alcanza una velocidad de 25 km\/h, puede subir pendientes de hasta 5\u00b0, tiene un tiempo de carga de 5-6 horas, pantalla LCD a color, control de rendimiento y velocidad, y un control remoto personalizado. <\/span><\/p>\n<p class=\"p1\"><span class=\"s1\">Amortiguadores hidr\u00e1ulicos en las ruedas delanteras, amortiguadores hidr\u00e1ulicos de doble muelle con suspensi\u00f3n independiente en las ruedas traseras, c\u00f3moda y resistente a los baches. Este modelo es una bicicleta el\u00e9ctrica con jaula para perros, ideal para hombres y mujeres que viajan con mascotas de vacaciones; cuenta con sistemas de amortiguaci\u00f3n delantera y trasera, est\u00e1 equipada con una jaula para mascotas que garantiza la seguridad durante el viaje y tiene pedales a ambos lados. <\/span><\/p>\n<p class=\"p1\"><span class=\"s1\">Dise\u00f1adas pensando en facilitar su almacenamiento y transporte, las asas se pueden plegar y guardar r\u00e1pidamente, y se pueden guardar en el maletero del auto cuando se viaja.<\/span><\/p>\n<h2>\u00bfCu\u00e1les son las caracter\u00edsticas principales de esta bicicleta el\u00e9ctrica A3 con transport\u00edn para perros?<\/h2>\n<table>\n<tbody>\n<tr>\n<td width=\"147\">Potencia del motor<\/td>\n<td width=\"419\">350 W-1000 W<\/td>\n<\/tr>\n<tr>\n<td width=\"147\">Velocidad m\u00e1xima<\/td>\n<td width=\"419\">25 km\/h (15,6 mph)<\/td>\n<\/tr>\n<tr>\n<td width=\"147\">Alcance m\u00e1ximo<\/td>\n<td width=\"419\">40 km<\/td>\n<\/tr>\n<tr>\n<td width=\"147\">Tiempo de carga<\/td>\n<td width=\"419\">5-6 horas<\/td>\n<\/tr>\n<tr>\n<td width=\"147\">Material del armaz\u00f3n<\/td>\n<td width=\"419\">Acero de alta resistencia<\/td>\n<\/tr>\n<tr>\n<td width=\"147\">Neum\u00e1tico<\/td>\n<td width=\"419\">Neum\u00e1tico sin c\u00e1mara de 2,75-8<\/td>\n<\/tr>\n<tr>\n<td width=\"147\">Freno<\/td>\n<td width=\"419\">Freno de disco y buje<\/td>\n<\/tr>\n<tr>\n<td width=\"147\">bater\u00eda<\/td>\n<td width=\"419\">48 V, 15 Ah<\/td>\n<\/tr>\n<tr>\n<td width=\"147\">Escalada m\u00e1xima<\/td>\n<td width=\"419\">5\u00b0<\/td>\n<\/tr>\n<tr>\n<td width=\"147\">Pantalla<\/td>\n<td width=\"419\">Pantalla LED<\/td>\n<\/tr>\n<tr>\n<td width=\"147\">tama\u00f1o del producto<\/td>\n<td width=\"419\">1150 \u00d7 580 \u00d7 1060 mm<\/td>\n<\/tr>\n<tr>\n<td width=\"147\">tama\u00f1o plegado<\/td>\n<td width=\"419\">1150 \u00d7 550 \u00d7 720 mm<\/td>\n<\/tr>\n<tr>\n<td width=\"147\">N.W\/G.W<\/td>\n<td width=\"419\">41 kg\/<\/td>\n<\/tr>\n<\/tbody>\n<\/table>\n<p>Si est\u00e1s buscando otros modelos, puedes hacer clic en <a href=\"https:\/\/www.linkseride.com\/es_co\/electric-scooter-manufacturer\/\" target=\"_blank\" rel=\"noopener\">aqu\u00ed<\/a> para volver.<\/p>\n<p>Aqu\u00ed puedes encontrar m\u00e1s videos de presentaci\u00f3n:\u00a0<a href=\"https:\/\/www.youtube.com\/c\/LinksErideTech\" target=\"_blank\" rel=\"noopener\">https:\/\/www.youtube.com\/c\/LinksErideTech<\/a><\/p>\n<div class=\"ast-oembed-container\" style=\"height: 100%;\"><iframe title=\"Bicicleta el\u00e9ctrica Linkseride Mini Bike A3 con porta-perros y patinete para mascotas\" width=\"500\" height=\"281\" src=\"https:\/\/www.youtube.com\/embed\/XGRSx5B66NM?feature=oembed&#038;enablejsapi=1&#038;origin=https:\/\/www.linkseride.com\" frameborder=\"0\" allow=\"accelerometer; autoplay; clipboard-write; encrypted-media; gyroscope; picture-in-picture; web-share\" referrerpolicy=\"strict-origin-when-cross-origin\" allowfullscreen><\/iframe><\/div>","protected":false},"excerpt":{"rendered":"<p>\u25cf Bicicleta el\u00e9ctrica plegable con cesta para mascotas y asistencia al pedaleo<\/p>\n<p><span class=\"s1\">\u25cf Equipado con una jaula para mascotas, lo que permite viajar con ellas de forma segura<\/span><\/p>\n<p>\u25cf<span class=\"s1\">Dise\u00f1ado para facilitar su almacenamiento y transporte, las asas se pueden plegar y guardar r\u00e1pidamente<\/span><\/p>\n<p>\u25cfBloqueo y arranque con un solo bot\u00f3n, faros LED, gran estabilidad del sistema de frenos<\/p>","protected":false},"featured_media":11131,"template":"","meta":{"site-sidebar-layout":"default","site-content-layout":"default","ast-site-content-layout":"default","site-content-style":"default","site-sidebar-style":"default","ast-global-header-display":"","ast-banner-title-visibility":"","ast-main-header-display":"","ast-hfb-above-header-display":"","ast-hfb-below-header-display":"","ast-hfb-mobile-header-display":"","site-post-title":"","ast-breadcrumbs-content":"","ast-featured-img":"","footer-sml-layout":"","ast-disable-related-posts":"","theme-transparent-header-meta":"default","adv-header-id-meta":"","stick-header-meta":"","header-above-stick-meta":"","header-main-stick-meta":"","header-below-stick-meta":"","astra-migrate-meta-layouts":"set","ast-page-background-enabled":"default","ast-page-background-meta":{"desktop":{"background-color":"","background-image":"","background-repeat":"repeat","background-position":"center center","background-size":"auto","background-attachment":"scroll","background-type":"","background-media":"","overlay-type":"","overlay-color":"","overlay-opacity":"","overlay-gradient":""},"tablet":{"background-color":"","background-image":"","background-repeat":"repeat","background-position":"center center","background-size":"auto","background-attachment":"scroll","background-type":"","background-media":"","overlay-type":"","overlay-color":"","overlay-opacity":"","overlay-gradient":""},"mobile":{"background-color":"","background-image":"","background-repeat":"repeat","background-position":"center center","background-size":"auto","background-attachment":"scroll","background-type":"","background-media":"","overlay-type":"","overlay-color":"","overlay-opacity":"","overlay-gradient":""}},"ast-content-background-meta":{"desktop":{"background-color":"var(--ast-global-color-5)","background-image":"","background-repeat":"repeat","background-position":"center center","background-size":"auto","background-attachment":"scroll","background-type":"","background-media":"","overlay-type":"","overlay-color":"","overlay-opacity":"","overlay-gradient":""},"tablet":{"background-color":"var(--ast-global-color-5)","background-image":"","background-repeat":"repeat","background-position":"center center","background-size":"auto","background-attachment":"scroll","background-type":"","background-media":"","overlay-type":"","overlay-color":"","overlay-opacity":"","overlay-gradient":""},"mobile":{"background-color":"var(--ast-global-color-5)","background-image":"","background-repeat":"repeat","background-position":"center center","background-size":"auto","background-attachment":"scroll","background-type":"","background-media":"","overlay-type":"","overlay-color":"","overlay-opacity":"","overlay-gradient":""}}},"product_brand":[],"product_cat":[29,28],"product_tag":[],"class_list":{"0":"post-11126","1":"product","2":"type-product","3":"status-publish","4":"has-post-thumbnail","6":"product_cat-electric-bike","7":"product_cat-electric-scooter","8":"desktop-align-left","9":"tablet-align-left","10":"mobile-align-left","12":"first","13":"instock","14":"shipping-taxable","15":"product-type-simple"},"_links":{"self":[{"href":"https:\/\/www.linkseride.com\/es_co\/wp-json\/wp\/v2\/product\/11126","targetHints":{"allow":["GET"]}}],"collection":[{"href":"https:\/\/www.linkseride.com\/es_co\/wp-json\/wp\/v2\/product"}],"about":[{"href":"https:\/\/www.linkseride.com\/es_co\/wp-json\/wp\/v2\/types\/product"}],"wp:featuredmedia":[{"embeddable":true,"href":"https:\/\/www.linkseride.com\/es_co\/wp-json\/wp\/v2\/media\/11131"}],"wp:attachment":[{"href":"https:\/\/www.linkseride.com\/es_co\/wp-json\/wp\/v2\/media?parent=11126"}],"wp:term":[{"taxonomy":"product_brand","embeddable":true,"href":"https:\/\/www.linkseride.com\/es_co\/wp-json\/wp\/v2\/product_brand?post=11126"},{"taxonomy":"product_cat","embeddable":true,"href":"https:\/\/www.linkseride.com\/es_co\/wp-json\/wp\/v2\/product_cat?post=11126"},{"taxonomy":"product_tag","embeddable":true,"href":"https:\/\/www.linkseride.com\/es_co\/wp-json\/wp\/v2\/product_tag?post=11126"}],"curies":[{"name":"wp","href":"https:\/\/api.w.org\/{rel}","templated":true}]}}