{"id":11138,"date":"2025-05-19T07:44:35","date_gmt":"2025-05-19T07:44:35","guid":{"rendered":"https:\/\/www.linkseride.com\/?post_type=product&#038;p=11138"},"modified":"2025-12-02T07:20:19","modified_gmt":"2025-12-02T07:20:19","slug":"x3-electric-mini-bike-upgrade-version","status":"publish","type":"product","link":"https:\/\/www.linkseride.com\/es_co\/product\/x3-electric-mini-bike-upgrade-version\/","title":{"rendered":"Linkseride X3: versi\u00f3n mejorada de la minimoto el\u00e9ctrica con dos potentes motores de 500 W"},"content":{"rendered":"<h2>Linkseride X3: versi\u00f3n mejorada de la minimoto el\u00e9ctrica con dos potentes motores de 500 W<\/h2>\n<p class=\"p1\"><span class=\"s1\">This electric mini bike will help you drive around effortlessly. The electric mini bike equipped with battery48V12AH\/48V15AH\/48V20AH\uff0cthe maximum range of 40-60 km on one full battery charge, depending on terrain. speed 30-40-55 km \/ h, can climb up to 5\u00b0, charging time 5-6h, LED color display LED device, performance, speed, anywhere, personalized remote control. <\/span><\/p>\n<p class=\"p1\"><span class=\"s1\">Hydraulic shock absorbers on the front wheels, dual spring hydraulic shock absorbers with independent suspension on the rear wheels, comfortable and not afraid of bumps. This model is an electric mini bike for men and women on vacation, made of front and rear shock absorption systems, equipped with cage, which is safe to travel with pedals on both sides. <\/span><\/p>\n<p class=\"p1\"><span class=\"s1\">Dise\u00f1adas pensando en facilitar su almacenamiento y transporte, las asas se pueden plegar y guardar r\u00e1pidamente, y se pueden guardar en el maletero del auto cuando se viaja.<\/span><\/p>\n<h2>What is the key features of this X3 Electric Mini Bike?<\/h2>\n<table>\n<tbody>\n<tr>\n<td width=\"147\">Potencia del motor<\/td>\n<td width=\"419\">400w-1200w<\/td>\n<\/tr>\n<tr>\n<td width=\"147\">Velocidad m\u00e1xima<\/td>\n<td width=\"419\">30-40-55km\/h<\/td>\n<\/tr>\n<tr>\n<td width=\"147\">Alcance m\u00e1ximo<\/td>\n<td width=\"419\">40-60km<\/td>\n<\/tr>\n<tr>\n<td width=\"147\">Tiempo de carga<\/td>\n<td width=\"419\">5-6 horas<\/td>\n<\/tr>\n<tr>\n<td width=\"147\">Material del armaz\u00f3n<\/td>\n<td width=\"419\">Neum\u00e1tico sin c\u00e1mara de 2,75-8<\/td>\n<\/tr>\n<tr>\n<td width=\"147\">Neum\u00e1tico<\/td>\n<td width=\"419\">30-40-55km\/h<\/td>\n<\/tr>\n<tr>\n<td width=\"147\">Freno<\/td>\n<td width=\"419\">Disc &amp; hub Brake<\/td>\n<\/tr>\n<tr>\n<td width=\"147\">bater\u00eda<\/td>\n<td width=\"419\">48V12AH\/48V15AH\/48V20AH<\/td>\n<\/tr>\n<tr>\n<td width=\"147\">Escalada m\u00e1xima<\/td>\n<td width=\"419\">5\u00b0<\/td>\n<\/tr>\n<tr>\n<td width=\"147\">Pantalla<\/td>\n<td width=\"419\">Pantalla LED<\/td>\n<\/tr>\n<\/tbody>\n<\/table>\n<div class=\"ast-oembed-container\" style=\"height: 100%;\"><iframe title=\"Linkseride X3 Mini Bike Upgrade Version Electric Bike 500w Dual Motor\" width=\"500\" height=\"281\" src=\"https:\/\/www.youtube.com\/embed\/j0bk2uBbrKc?feature=oembed&#038;enablejsapi=1&#038;origin=https:\/\/www.linkseride.com\" frameborder=\"0\" allow=\"accelerometer; autoplay; clipboard-write; encrypted-media; gyroscope; picture-in-picture; web-share\" referrerpolicy=\"strict-origin-when-cross-origin\" allowfullscreen><\/iframe><\/div>\n<p>We also have other electric scooter models, if you need more info, you can<a href=\"https:\/\/www.linkseride.com\/es_co\/electric-scooter-manufacturer\/\" target=\"_blank\" rel=\"noopener\">\u00a0Encu\u00e9ntralo aqu\u00ed.<\/a><\/p>\n<p>Aqu\u00ed puedes encontrar m\u00e1s videos de presentaci\u00f3n:\u00a0<a href=\"https:\/\/www.youtube.com\/c\/LinksErideTech\" target=\"_blank\" rel=\"noopener\">https:\/\/www.youtube.com\/c\/LinksErideTech<\/a><\/p>\n<p>&nbsp;<\/p>\n<p>&nbsp;<\/p>","protected":false},"excerpt":{"rendered":"<p>\u25cf X3 Foldable Electric mini Bike<\/p>\n<p>\u25cf<span class=\"s1\">Dise\u00f1ado para facilitar su almacenamiento y transporte, las asas se pueden plegar y guardar r\u00e1pidamente<\/span><\/p>\n<p>\u25cfBloqueo y arranque con un solo bot\u00f3n, faros LED, gran estabilidad del sistema de frenos<\/p>\n<p>\u25cfOEM acceptable with off-road tires<\/p>","protected":false},"featured_media":11139,"template":"","meta":{"site-sidebar-layout":"default","site-content-layout":"default","ast-site-content-layout":"default","site-content-style":"default","site-sidebar-style":"default","ast-global-header-display":"","ast-banner-title-visibility":"","ast-main-header-display":"","ast-hfb-above-header-display":"","ast-hfb-below-header-display":"","ast-hfb-mobile-header-display":"","site-post-title":"","ast-breadcrumbs-content":"","ast-featured-img":"","footer-sml-layout":"","ast-disable-related-posts":"","theme-transparent-header-meta":"default","adv-header-id-meta":"","stick-header-meta":"","header-above-stick-meta":"","header-main-stick-meta":"","header-below-stick-meta":"","astra-migrate-meta-layouts":"set","ast-page-background-enabled":"default","ast-page-background-meta":{"desktop":{"background-color":"","background-image":"","background-repeat":"repeat","background-position":"center center","background-size":"auto","background-attachment":"scroll","background-type":"","background-media":"","overlay-type":"","overlay-color":"","overlay-opacity":"","overlay-gradient":""},"tablet":{"background-color":"","background-image":"","background-repeat":"repeat","background-position":"center center","background-size":"auto","background-attachment":"scroll","background-type":"","background-media":"","overlay-type":"","overlay-color":"","overlay-opacity":"","overlay-gradient":""},"mobile":{"background-color":"","background-image":"","background-repeat":"repeat","background-position":"center center","background-size":"auto","background-attachment":"scroll","background-type":"","background-media":"","overlay-type":"","overlay-color":"","overlay-opacity":"","overlay-gradient":""}},"ast-content-background-meta":{"desktop":{"background-color":"var(--ast-global-color-5)","background-image":"","background-repeat":"repeat","background-position":"center center","background-size":"auto","background-attachment":"scroll","background-type":"","background-media":"","overlay-type":"","overlay-color":"","overlay-opacity":"","overlay-gradient":""},"tablet":{"background-color":"var(--ast-global-color-5)","background-image":"","background-repeat":"repeat","background-position":"center center","background-size":"auto","background-attachment":"scroll","background-type":"","background-media":"","overlay-type":"","overlay-color":"","overlay-opacity":"","overlay-gradient":""},"mobile":{"background-color":"var(--ast-global-color-5)","background-image":"","background-repeat":"repeat","background-position":"center center","background-size":"auto","background-attachment":"scroll","background-type":"","background-media":"","overlay-type":"","overlay-color":"","overlay-opacity":"","overlay-gradient":""}}},"product_brand":[],"product_cat":[29,28],"product_tag":[],"class_list":{"0":"post-11138","1":"product","2":"type-product","3":"status-publish","4":"has-post-thumbnail","6":"product_cat-electric-bike","7":"product_cat-electric-scooter","8":"desktop-align-left","9":"tablet-align-left","10":"mobile-align-left","12":"first","13":"instock","14":"shipping-taxable","15":"product-type-simple"},"_links":{"self":[{"href":"https:\/\/www.linkseride.com\/es_co\/wp-json\/wp\/v2\/product\/11138","targetHints":{"allow":["GET"]}}],"collection":[{"href":"https:\/\/www.linkseride.com\/es_co\/wp-json\/wp\/v2\/product"}],"about":[{"href":"https:\/\/www.linkseride.com\/es_co\/wp-json\/wp\/v2\/types\/product"}],"wp:featuredmedia":[{"embeddable":true,"href":"https:\/\/www.linkseride.com\/es_co\/wp-json\/wp\/v2\/media\/11139"}],"wp:attachment":[{"href":"https:\/\/www.linkseride.com\/es_co\/wp-json\/wp\/v2\/media?parent=11138"}],"wp:term":[{"taxonomy":"product_brand","embeddable":true,"href":"https:\/\/www.linkseride.com\/es_co\/wp-json\/wp\/v2\/product_brand?post=11138"},{"taxonomy":"product_cat","embeddable":true,"href":"https:\/\/www.linkseride.com\/es_co\/wp-json\/wp\/v2\/product_cat?post=11138"},{"taxonomy":"product_tag","embeddable":true,"href":"https:\/\/www.linkseride.com\/es_co\/wp-json\/wp\/v2\/product_tag?post=11138"}],"curies":[{"name":"wp","href":"https:\/\/api.w.org\/{rel}","templated":true}]}}