{"id":11148,"date":"2025-05-19T08:27:12","date_gmt":"2025-05-19T08:27:12","guid":{"rendered":"https:\/\/www.linkseride.com\/?post_type=product&#038;p=11148"},"modified":"2025-05-23T06:22:28","modified_gmt":"2025-05-23T06:22:28","slug":"mini-citycoco-cheap-electric-scooter","status":"publish","type":"product","link":"https:\/\/www.linkseride.com\/es_co\/product\/mini-citycoco-cheap-electric-scooter\/","title":{"rendered":"Mini Citycoco MINI-M8 Cheap Electric Scooter Short Wheelbase Brazilian Market"},"content":{"rendered":"<h2>Mini Citycoco MINI-M8 Cheap Electric Scooter Short Wheelbase Brazilian Market<\/h2>\n<p>Nos apasiona lo que estamos haciendo con nuestro futuro el\u00e9ctrico, incluyendo <strong><a href=\"https:\/\/www.linkseride.com\/es_co\/electric-scooter-manufacturer\/\" target=\"_blank\" rel=\"noopener\">triciclos el\u00e9ctricos<\/a>, <a href=\"https:\/\/www.linkseride.com\/es_co\/fat-tire-scooter-electric\/\" target=\"_blank\" rel=\"noopener\">escooter con llantas gruesas<\/a>, <a href=\"https:\/\/www.linkseride.com\/es_co\/fabricante-de-motocicletas-electricas\/\" target=\"_blank\" rel=\"noopener\">patineta citycoco<\/a>, <a href=\"https:\/\/www.linkseride.com\/es_co\/fabricante-de-ciclomotores-electricos\/\" target=\"_blank\" rel=\"noopener\">ciclomotor el\u00e9ctrico<\/a><\/strong> y dem\u00e1s.<\/p>\n<p>Mini Citycoco X9 Cheap Electric Scooter Short Wheelbase Brazilian Market with Two Seats. This model is the basic model of Citycoco scooter which also have 2 seats options.<\/p>\n<h2>What is the key features of this Mini Citycoco X9 Cheap Electric Scooter Short Wheelbase Brazilian Market?<\/h2>\n<table style=\"font-size: 16px; font-style: normal;\">\n<tbody>\n<tr>\n<td width=\"265\">VEHICLE SIZE<\/td>\n<td width=\"333\">1500*630*920mm<\/td>\n<\/tr>\n<tr>\n<td width=\"265\">PACKING SIZE<\/td>\n<td width=\"333\">1250*400*750mm<\/td>\n<\/tr>\n<tr>\n<td width=\"156\">MATERIAL<\/td>\n<td width=\"265\">Frame material<\/td>\n<td width=\"333\">iron<\/td>\n<\/tr>\n<tr>\n<td colspan=\"1\" rowspan=\"2\" width=\"156\">MAIN<\/td>\n<td width=\"265\">SPEED(km\/h)<\/td>\n<td width=\"333\"><\/td>\n<\/tr>\n<tr>\n<td width=\"265\">SHOCK<\/td>\n<td width=\"333\">DOUBLE<\/td>\n<\/tr>\n<tr>\n<td colspan=\"1\" rowspan=\"4\" width=\"156\">BATTERY<\/td>\n<td width=\"265\">RATED VOLTAGE\uff08V\uff09<\/td>\n<td width=\"333\">60V<\/td>\n<\/tr>\n<tr>\n<td width=\"265\">CAPACITY\uff08mAh\uff09<\/td>\n<td width=\"333\">12AH\u00a0\u00a0\u00a0\u00a0\u00a0\u00a0\u00a0\u00a0\u00a0\u00a0\u00a0\u00a0\u00a0 20AH<\/td>\n<\/tr>\n<tr>\n<td width=\"265\">Range\uff08km\uff09<\/td>\n<td width=\"333\">25-30km\u00a0\u00a0\u00a0\u00a0\u00a0\u00a0\u00a0 40-45km<\/td>\n<\/tr>\n<tr>\n<td width=\"265\">SMART BMS<\/td>\n<td width=\"333\">Balance Charge \/ Charge Protect \/ Low Voltage Protect \/ High Temperature Protect<\/td>\n<\/tr>\n<tr>\n<td colspan=\"1\" rowspan=\"3\" width=\"156\">MOTOR<\/td>\n<td width=\"265\">RATED POWER\uff08W\uff09<\/td>\n<td width=\"333\">1000w<\/td>\n<\/tr>\n<tr>\n<td width=\"265\">GRADIENT<\/td>\n<td width=\"333\">\u226440\u00b0<\/td>\n<\/tr>\n<tr>\n<td width=\"265\">CERTIFICATE<\/td>\n<td width=\"333\">CE\u3001ROHS<\/td>\n<\/tr>\n<tr>\n<td colspan=\"1\" rowspan=\"5\" width=\"156\">CHARGER<\/td>\n<td width=\"265\">Charging time<\/td>\n<td width=\"333\">4-6hrs<\/td>\n<\/tr>\n<tr>\n<td width=\"265\">INPUT VOLTAGE\uff08V\uff09<\/td>\n<td width=\"333\">100 ~ 240v<\/td>\n<\/tr>\n<tr>\n<td width=\"265\">OUTPUT VOLTAGE\uff08V\uff09<\/td>\n<td width=\"333\">67.2V<\/td>\n<\/tr>\n<tr>\n<td width=\"265\">RATED CURRENT\uff08A\uff09<\/td>\n<td width=\"333\">2A<\/td>\n<\/tr>\n<tr>\n<td width=\"265\">CERTIFICATE<\/td>\n<td width=\"333\">CE, UL, SAA<\/td>\n<\/tr>\n<tr>\n<td colspan=\"1\" rowspan=\"2\" width=\"156\">TIRE<\/td>\n<td width=\"265\">FRONT TIRE<\/td>\n<td width=\"333\">10 pulgadas<\/td>\n<\/tr>\n<tr>\n<td width=\"265\">REAR TIRE<\/td>\n<td width=\"333\">10 pulgadas<\/td>\n<\/tr>\n<tr>\n<td width=\"156\">BRAKE<\/td>\n<td width=\"265\">BRAKE \uff1a\uff08Front$rear)<\/td>\n<td width=\"333\">Freno de disco hidr\u00e1ulico<\/td>\n<\/tr>\n<tr>\n<td width=\"156\">WEIGHT<\/td>\n<td width=\"265\">N.W<\/td>\n<td width=\"333\">55kg<\/td>\n<\/tr>\n<\/tbody>\n<\/table>\n<p>Tambi\u00e9n tenemos otro nuevo modelo de patinete Citycoco con forma de Harley; si necesitas m\u00e1s informaci\u00f3n, puedes<a href=\"https:\/\/www.linkseride.com\/es_co\/electric-scooter-manufacturer\/\" target=\"_blank\" rel=\"noopener\"> Encu\u00e9ntralo aqu\u00ed.<\/a><\/p>\n<p>More introduction video you could find here:\u00a0 https:\/\/www.youtube.com\/@LinksErideTech<\/p>\n<div class=\"ast-oembed-container\" style=\"height: 100%;\"><iframe title=\"Linkseride Electric Citycoco Scooter Factory Tour for Production\" width=\"500\" height=\"281\" src=\"https:\/\/www.youtube.com\/embed\/p-1JrDoZQBs?feature=oembed&#038;enablejsapi=1&#038;origin=https:\/\/www.linkseride.com\" frameborder=\"0\" allow=\"accelerometer; autoplay; clipboard-write; encrypted-media; gyroscope; picture-in-picture; web-share\" referrerpolicy=\"strict-origin-when-cross-origin\" allowfullscreen><\/iframe><\/div>","protected":false},"excerpt":{"rendered":"<p>\u25cf Mini Citycoco M8 Cheap Electric Scooter Short Wheelbase Brazilian Market with Two Seats<\/p>\n<p>\u25cf Dual battery for 60V12Ah or 60V20Ah li-ion battery<\/p>\n<p>\u25cf Suspensi\u00f3n delantera y trasera<\/p>\n<p>\u25cf 3 different generations for you to choose from<\/p>","protected":false},"featured_media":11157,"template":"","meta":{"site-sidebar-layout":"default","site-content-layout":"default","ast-site-content-layout":"default","site-content-style":"default","site-sidebar-style":"default","ast-global-header-display":"","ast-banner-title-visibility":"","ast-main-header-display":"","ast-hfb-above-header-display":"","ast-hfb-below-header-display":"","ast-hfb-mobile-header-display":"","site-post-title":"","ast-breadcrumbs-content":"","ast-featured-img":"","footer-sml-layout":"","ast-disable-related-posts":"","theme-transparent-header-meta":"default","adv-header-id-meta":"","stick-header-meta":"","header-above-stick-meta":"","header-main-stick-meta":"","header-below-stick-meta":"","astra-migrate-meta-layouts":"set","ast-page-background-enabled":"default","ast-page-background-meta":{"desktop":{"background-color":"","background-image":"","background-repeat":"repeat","background-position":"center center","background-size":"auto","background-attachment":"scroll","background-type":"","background-media":"","overlay-type":"","overlay-color":"","overlay-opacity":"","overlay-gradient":""},"tablet":{"background-color":"","background-image":"","background-repeat":"repeat","background-position":"center center","background-size":"auto","background-attachment":"scroll","background-type":"","background-media":"","overlay-type":"","overlay-color":"","overlay-opacity":"","overlay-gradient":""},"mobile":{"background-color":"","background-image":"","background-repeat":"repeat","background-position":"center center","background-size":"auto","background-attachment":"scroll","background-type":"","background-media":"","overlay-type":"","overlay-color":"","overlay-opacity":"","overlay-gradient":""}},"ast-content-background-meta":{"desktop":{"background-color":"var(--ast-global-color-5)","background-image":"","background-repeat":"repeat","background-position":"center center","background-size":"auto","background-attachment":"scroll","background-type":"","background-media":"","overlay-type":"","overlay-color":"","overlay-opacity":"","overlay-gradient":""},"tablet":{"background-color":"var(--ast-global-color-5)","background-image":"","background-repeat":"repeat","background-position":"center center","background-size":"auto","background-attachment":"scroll","background-type":"","background-media":"","overlay-type":"","overlay-color":"","overlay-opacity":"","overlay-gradient":""},"mobile":{"background-color":"var(--ast-global-color-5)","background-image":"","background-repeat":"repeat","background-position":"center center","background-size":"auto","background-attachment":"scroll","background-type":"","background-media":"","overlay-type":"","overlay-color":"","overlay-opacity":"","overlay-gradient":""}}},"product_brand":[],"product_cat":[27,28],"product_tag":[38],"class_list":{"0":"post-11148","1":"product","2":"type-product","3":"status-publish","4":"has-post-thumbnail","6":"product_cat-electric-motorcycle","7":"product_cat-electric-scooter","8":"product_tag-citycoco-scooter","9":"desktop-align-left","10":"tablet-align-left","11":"mobile-align-left","13":"first","14":"instock","15":"shipping-taxable","16":"product-type-simple"},"_links":{"self":[{"href":"https:\/\/www.linkseride.com\/es_co\/wp-json\/wp\/v2\/product\/11148","targetHints":{"allow":["GET"]}}],"collection":[{"href":"https:\/\/www.linkseride.com\/es_co\/wp-json\/wp\/v2\/product"}],"about":[{"href":"https:\/\/www.linkseride.com\/es_co\/wp-json\/wp\/v2\/types\/product"}],"wp:featuredmedia":[{"embeddable":true,"href":"https:\/\/www.linkseride.com\/es_co\/wp-json\/wp\/v2\/media\/11157"}],"wp:attachment":[{"href":"https:\/\/www.linkseride.com\/es_co\/wp-json\/wp\/v2\/media?parent=11148"}],"wp:term":[{"taxonomy":"product_brand","embeddable":true,"href":"https:\/\/www.linkseride.com\/es_co\/wp-json\/wp\/v2\/product_brand?post=11148"},{"taxonomy":"product_cat","embeddable":true,"href":"https:\/\/www.linkseride.com\/es_co\/wp-json\/wp\/v2\/product_cat?post=11148"},{"taxonomy":"product_tag","embeddable":true,"href":"https:\/\/www.linkseride.com\/es_co\/wp-json\/wp\/v2\/product_tag?post=11148"}],"curies":[{"name":"wp","href":"https:\/\/api.w.org\/{rel}","templated":true}]}}