{"id":11176,"date":"2025-05-20T04:34:59","date_gmt":"2025-05-20T04:34:59","guid":{"rendered":"https:\/\/www.linkseride.com\/?post_type=product&#038;p=11176"},"modified":"2025-05-23T05:57:09","modified_gmt":"2025-05-23T05:57:09","slug":"patinete-electrico-citycoco-e-m10","status":"publish","type":"product","link":"https:\/\/www.linkseride.com\/es_co\/product\/m10-electric-citycoco-e-scooter\/","title":{"rendered":"2025 Electric Citycoco E-Scooter New Upgrades Short-Axle Model Suitable Brazil 2000W"},"content":{"rendered":"<h2>2025 Electric Citycoco E-Scooter New Upgrades Short-Axle Model Suitable Brazil 2000W<\/h2>\n<p>Nos apasiona lo que estamos haciendo con nuestro futuro el\u00e9ctrico, incluyendo <strong>patinetes el\u00e9ctricos, <a href=\"https:\/\/www.linkseride.com\/es_co\/fabricante-de-motocicletas-electricas\/\" target=\"_blank\" rel=\"noopener\">patineta con llantas gruesas<\/a>, <a href=\"https:\/\/www.linkseride.com\/es_co\/fabricante-de-motocicletas-electricas\/\" target=\"_blank\" rel=\"noopener\">patineta citycoco<\/a>, <a href=\"https:\/\/www.linkseride.com\/es_co\/fabricante-de-ciclomotores-electricos\/\" target=\"_blank\" rel=\"noopener\">ciclomotor el\u00e9ctrico<\/a><\/strong> y dem\u00e1s.<\/p>\n<p>This Electric Scooter Brazil Mini Electric Citycoco Scooter 1500W making your daily life safer,more fun and more comfortable!<\/p>\n<h2>What is the features of this Electric Citycoco E-Scooter<\/h2>\n<table width=\"849\">\n<tbody>\n<tr>\n<td width=\"153\"><strong>SIZE\u00a0<\/strong><\/td>\n<td width=\"248\">1500*630*920mm<\/td>\n<td width=\"168\"><strong>RATED POWER\uff08W\uff09<\/strong><\/td>\n<td width=\"279\">1000w<\/td>\n<\/tr>\n<tr>\n<td width=\"153\"><strong>PACHKING DIMENSIONS\u00a0<\/strong><\/td>\n<td width=\"248\">1250*400*750mm<\/td>\n<td width=\"168\"><strong>GRADIENT<\/strong><\/td>\n<td width=\"279\">\u226440\u00b0<\/td>\n<\/tr>\n<tr>\n<td width=\"153\"><strong>Frame material\uff1a<\/strong><\/td>\n<td width=\"248\">iron<\/td>\n<td width=\"168\"><strong>CERTIFICATE<\/strong><\/td>\n<td width=\"279\">CE\u3001ROHS<\/td>\n<\/tr>\n<tr>\n<td width=\"153\"><strong>SPEED(km\/h)<\/strong><\/td>\n<td width=\"248\">limit 32km\/h, release 45km\/h<\/td>\n<td width=\"168\"><strong>Charging time<\/strong><\/td>\n<td width=\"279\">4-6hrs<\/td>\n<\/tr>\n<tr>\n<td width=\"153\"><strong>SHOCK\u00a0<\/strong><\/td>\n<td width=\"248\">DOUBLE<\/td>\n<td width=\"168\"><strong>INPUT VOLTAGE\uff08V\uff09<\/strong><\/td>\n<td width=\"279\">100 ~ 240v<\/td>\n<\/tr>\n<tr>\n<td width=\"153\"><strong>RATED VOLTAGE(V)<\/strong><\/td>\n<td width=\"248\">60V<\/td>\n<td width=\"168\"><strong>OUTPUT VOLTAGE\uff08V\uff09<\/strong><\/td>\n<td width=\"279\">67.2V<\/td>\n<\/tr>\n<tr>\n<td width=\"153\"><strong>CAPACITY\uff08mAh\uff09<\/strong><\/td>\n<td width=\"248\">12AH\u00a0\u00a0\u00a0\u00a0\u00a0\u00a0\u00a0\u00a0\u00a0\u00a0\u00a0\u00a0\u00a0 20AH<\/td>\n<td width=\"168\"><strong>RATED CURRENT\uff08A\uff09<\/strong><\/td>\n<td width=\"279\">2A<\/td>\n<\/tr>\n<tr>\n<td width=\"153\"><strong>Range\uff08km\uff09<\/strong><\/td>\n<td width=\"248\">25-30km\u00a0\u00a0\u00a0\u00a0\u00a0\u00a0\u00a0 40-45km<\/td>\n<td width=\"168\"><strong>CERTIFICATE<\/strong><\/td>\n<td width=\"279\">CE, UL, SAA<\/td>\n<\/tr>\n<tr>\n<td width=\"153\"><strong>SMART BMS<\/strong><\/td>\n<td width=\"248\">Balance Charge \/ Charge Protect \/ Low Voltage Protect \/ High Temperature Protect<\/td>\n<td width=\"168\"><strong>TIRE<\/strong><\/td>\n<td width=\"279\">F &amp; R 10inch tubeless tire<\/td>\n<\/tr>\n<tr>\n<td width=\"153\"><strong>BRAKE \uff1a\uff08Front &amp; rear)<\/strong><\/td>\n<td width=\"248\">Freno de disco hidr\u00e1ulico<\/td>\n<td width=\"168\"><strong>N.W<\/strong><\/td>\n<td width=\"279\">55kg<\/td>\n<\/tr>\n<\/tbody>\n<\/table>\n<p>We also have other electric citycoco e-scooter models, if you need more info, you can<a href=\"https:\/\/www.linkseride.com\/es_co\/electric-scooter-manufacturer\/\" target=\"_blank\" rel=\"noopener\"> Encu\u00e9ntralo aqu\u00ed.<\/a><\/p>\n<p>Aqu\u00ed puedes encontrar m\u00e1s videos de presentaci\u00f3n: <a href=\"https:\/\/www.youtube.com\/c\/LinksErideTech\" target=\"_blank\" rel=\"noopener\">https:\/\/www.youtube.com\/c\/LinksErideTech<\/a><\/p>\n<p>&nbsp;<\/p>","protected":false},"excerpt":{"rendered":"<p>\u25cfElectric Citycoco E-Scooter with 1000w rated power electric hub motor<\/p>\n<p>\u25cf <strong>60v\/12Ah 20Ah<\/strong>\u00a0<strong>\u00a0bater\u00eda <\/strong>ofrece una autonom\u00eda m\u00e1xima de 40 millas<\/p>\n<p>\u25cf 1.3m short wheelbase road legal<\/p>\n<p>\u25cf La pantalla LCD muestra el veloc\u00edmetro, el kilometraje, el voltaje y el nivel de potencia.<\/p>","protected":false},"featured_media":11209,"template":"","meta":{"site-sidebar-layout":"default","site-content-layout":"default","ast-site-content-layout":"default","site-content-style":"default","site-sidebar-style":"default","ast-global-header-display":"","ast-banner-title-visibility":"","ast-main-header-display":"","ast-hfb-above-header-display":"","ast-hfb-below-header-display":"","ast-hfb-mobile-header-display":"","site-post-title":"","ast-breadcrumbs-content":"","ast-featured-img":"","footer-sml-layout":"","ast-disable-related-posts":"","theme-transparent-header-meta":"default","adv-header-id-meta":"","stick-header-meta":"","header-above-stick-meta":"","header-main-stick-meta":"","header-below-stick-meta":"","astra-migrate-meta-layouts":"set","ast-page-background-enabled":"default","ast-page-background-meta":{"desktop":{"background-color":"","background-image":"","background-repeat":"repeat","background-position":"center center","background-size":"auto","background-attachment":"scroll","background-type":"","background-media":"","overlay-type":"","overlay-color":"","overlay-opacity":"","overlay-gradient":""},"tablet":{"background-color":"","background-image":"","background-repeat":"repeat","background-position":"center center","background-size":"auto","background-attachment":"scroll","background-type":"","background-media":"","overlay-type":"","overlay-color":"","overlay-opacity":"","overlay-gradient":""},"mobile":{"background-color":"","background-image":"","background-repeat":"repeat","background-position":"center center","background-size":"auto","background-attachment":"scroll","background-type":"","background-media":"","overlay-type":"","overlay-color":"","overlay-opacity":"","overlay-gradient":""}},"ast-content-background-meta":{"desktop":{"background-color":"var(--ast-global-color-5)","background-image":"","background-repeat":"repeat","background-position":"center center","background-size":"auto","background-attachment":"scroll","background-type":"","background-media":"","overlay-type":"","overlay-color":"","overlay-opacity":"","overlay-gradient":""},"tablet":{"background-color":"var(--ast-global-color-5)","background-image":"","background-repeat":"repeat","background-position":"center center","background-size":"auto","background-attachment":"scroll","background-type":"","background-media":"","overlay-type":"","overlay-color":"","overlay-opacity":"","overlay-gradient":""},"mobile":{"background-color":"var(--ast-global-color-5)","background-image":"","background-repeat":"repeat","background-position":"center center","background-size":"auto","background-attachment":"scroll","background-type":"","background-media":"","overlay-type":"","overlay-color":"","overlay-opacity":"","overlay-gradient":""}}},"product_brand":[],"product_cat":[28],"product_tag":[38,47,48],"class_list":{"0":"post-11176","1":"product","2":"type-product","3":"status-publish","4":"has-post-thumbnail","6":"product_cat-electric-scooter","7":"product_tag-citycoco-scooter","8":"product_tag-golf-scooter","9":"product_tag-single-rider-golf-scooter","10":"desktop-align-left","11":"tablet-align-left","12":"mobile-align-left","14":"first","15":"instock","16":"shipping-taxable","17":"product-type-simple"},"_links":{"self":[{"href":"https:\/\/www.linkseride.com\/es_co\/wp-json\/wp\/v2\/product\/11176","targetHints":{"allow":["GET"]}}],"collection":[{"href":"https:\/\/www.linkseride.com\/es_co\/wp-json\/wp\/v2\/product"}],"about":[{"href":"https:\/\/www.linkseride.com\/es_co\/wp-json\/wp\/v2\/types\/product"}],"wp:featuredmedia":[{"embeddable":true,"href":"https:\/\/www.linkseride.com\/es_co\/wp-json\/wp\/v2\/media\/11209"}],"wp:attachment":[{"href":"https:\/\/www.linkseride.com\/es_co\/wp-json\/wp\/v2\/media?parent=11176"}],"wp:term":[{"taxonomy":"product_brand","embeddable":true,"href":"https:\/\/www.linkseride.com\/es_co\/wp-json\/wp\/v2\/product_brand?post=11176"},{"taxonomy":"product_cat","embeddable":true,"href":"https:\/\/www.linkseride.com\/es_co\/wp-json\/wp\/v2\/product_cat?post=11176"},{"taxonomy":"product_tag","embeddable":true,"href":"https:\/\/www.linkseride.com\/es_co\/wp-json\/wp\/v2\/product_tag?post=11176"}],"curies":[{"name":"wp","href":"https:\/\/api.w.org\/{rel}","templated":true}]}}