{"id":11309,"date":"2025-12-02T03:19:21","date_gmt":"2025-12-02T03:19:21","guid":{"rendered":"https:\/\/www.linkseride.com\/?post_type=product&#038;p=11309"},"modified":"2025-12-03T03:28:19","modified_gmt":"2025-12-03T03:28:19","slug":"nueva-moto-electrica-todoterreno-para-adolescentes","status":"publish","type":"product","link":"https:\/\/www.linkseride.com\/es_co\/product\/new-electric-dirt-bike-for-teens\/","title":{"rendered":"Nueva moto el\u00e9ctrica todoterreno para adolescentes S4 Plus 500 W"},"content":{"rendered":"<p>Nos apasiona lo que estamos haciendo con nuestro futuro el\u00e9ctrico, incluyendo <strong><a href=\"https:\/\/www.linkseride.com\/es_co\/electric-scooter-manufacturer\/\" target=\"_blank\" rel=\"noopener\">triciclos el\u00e9ctricos<\/a>, <a href=\"https:\/\/www.linkseride.com\/es_co\/fat-tire-scooter-electric\/\" target=\"_blank\" rel=\"noopener\">escooter con llantas gruesas<\/a>, <a href=\"https:\/\/www.linkseride.com\/es_co\/fabricante-de-motocicletas-electricas\/\" target=\"_blank\" rel=\"noopener\">patineta citycoco<\/a>, <a href=\"https:\/\/www.linkseride.com\/es_co\/fabricante-de-ciclomotores-electricos\/\" target=\"_blank\" rel=\"noopener\">ciclomotor el\u00e9ctrico<\/a><\/strong> y dem\u00e1s.<\/p>\n<p>Esta nueva motocicleta el\u00e9ctrica para adolescentes S4 Plus cuenta con una horquilla delantera invertida de competici\u00f3n y un amortiguador de resorte de 750 lb, lo que proporciona una amortiguaci\u00f3n m\u00e1s suave y con mayor capacidad de respuesta. Absorbe f\u00e1cilmente los baches y ofrece a los j\u00f3venes motociclistas un control estable mientras exploran los senderos y desarrollan sus habilidades todoterreno.<\/p>\n<p><span style=\"font-size: 16px;\">Cont\u00e1ctenos para obtener m\u00e1s detalles.<\/span><\/p>\n<h2>\u00bfCu\u00e1les son las caracter\u00edsticas principales de esta nueva motocicleta el\u00e9ctrica para adolescentes S4 Plus?<\/h2>\n<table width=\"100%\">\n<tbody>\n<tr>\n<td><img decoding=\"async\" class=\"aligncenter\" src=\"https:\/\/cdn.shopify.com\/s\/files\/1\/2721\/7242\/files\/power_100x100.png?v=1588931357\" alt=\"\" width=\"74\" height=\"74\" \/><\/td>\n<td>\n<h3 style=\"text-align: left;\">Motor sin escobillas de 800 W<\/h3>\n<\/td>\n<td>\n<h4><img decoding=\"async\" class=\"aligncenter\" src=\"https:\/\/cdn.shopify.com\/s\/files\/1\/2721\/7242\/files\/1_89318afc-f1b5-47c6-ad35-68a19e133979_100x100.png?v=1588930275\" alt=\"\" width=\"83\" height=\"83\" \/><\/h4>\n<\/td>\n<td>\n<h3>VELOCIDAD M\u00c1XIMA 18 mph<\/h3>\n<\/td>\n<\/tr>\n<tr>\n<td><img decoding=\"async\" class=\"aligncenter\" src=\"https:\/\/cdn.shopify.com\/s\/files\/1\/2721\/7242\/files\/battery_100x100.png?v=1588928843\" alt=\"\" width=\"77\" height=\"77\" \/><\/td>\n<td>\n<h3>36 V, 10,4 Ah<\/h3>\n<\/td>\n<td><img loading=\"lazy\" decoding=\"async\" class=\"aligncenter\" src=\"https:\/\/cdn.shopify.com\/s\/files\/1\/2721\/7242\/files\/1_7af7c125-e351-4f03-ab3e-65ee1e3fff60_100x100.png?v=1588930505\" alt=\"\" width=\"89\" height=\"89\" \/><\/td>\n<td>\n<h3>24 \u2013 28 millas<\/h3>\n<\/td>\n<\/tr>\n<tr>\n<td>\n<h3><img loading=\"lazy\" decoding=\"async\" class=\"aligncenter\" src=\"https:\/\/cdn.shopify.com\/s\/files\/1\/2721\/7242\/files\/7b98f62f920fff0dd3e96e643c93cc88_100x100.png?v=1588928533\" alt=\"\" width=\"87\" height=\"87\" \/><\/h3>\n<\/td>\n<td>\n<h3>176,4 libras CARGA<\/h3>\n<\/td>\n<td>\n<h4><img loading=\"lazy\" decoding=\"async\" class=\"aligncenter\" src=\"https:\/\/cdn.shopify.com\/s\/files\/1\/2721\/7242\/files\/rider_100x100.png?v=1588930714\" alt=\"\" width=\"92\" height=\"92\" \/><\/h4>\n<\/td>\n<td>\n<h3>Distancia al suelo de 18 cm<\/h3>\n<\/td>\n<\/tr>\n<\/tbody>\n<\/table>\n<p><img loading=\"lazy\" decoding=\"async\" class=\"aligncenter wp-image-11318 size-full\" src=\"https:\/\/www.linkseride.com\/wp-content\/uploads\/2025\/12\/electric-dirt-bike-for-teens.jpg\" alt=\"moto el\u00e9ctrica para adolescentes\" width=\"1892\" height=\"592\" srcset=\"https:\/\/www.linkseride.com\/wp-content\/uploads\/2025\/12\/electric-dirt-bike-for-teens.jpg 1892w, https:\/\/www.linkseride.com\/wp-content\/uploads\/2025\/12\/electric-dirt-bike-for-teens-300x94.jpg 300w, https:\/\/www.linkseride.com\/wp-content\/uploads\/2025\/12\/electric-dirt-bike-for-teens-1024x320.jpg 1024w, https:\/\/www.linkseride.com\/wp-content\/uploads\/2025\/12\/electric-dirt-bike-for-teens-768x240.jpg 768w, https:\/\/www.linkseride.com\/wp-content\/uploads\/2025\/12\/electric-dirt-bike-for-teens-1536x481.jpg 1536w, https:\/\/www.linkseride.com\/wp-content\/uploads\/2025\/12\/electric-dirt-bike-for-teens-18x6.jpg 18w, https:\/\/www.linkseride.com\/wp-content\/uploads\/2025\/12\/electric-dirt-bike-for-teens-600x188.jpg 600w\" sizes=\"(max-width: 1892px) 100vw, 1892px\" \/><\/p>\n<p><img loading=\"lazy\" decoding=\"async\" class=\"aligncenter wp-image-11334 size-full\" src=\"https:\/\/www.linkseride.com\/wp-content\/uploads\/2025\/12\/Electric-Dirt-Bike-for-Teens-9.jpg\" alt=\"Motocicleta el\u00e9ctrica para adolescentes\" width=\"1366\" height=\"768\" srcset=\"https:\/\/www.linkseride.com\/wp-content\/uploads\/2025\/12\/Electric-Dirt-Bike-for-Teens-9.jpg 1366w, https:\/\/www.linkseride.com\/wp-content\/uploads\/2025\/12\/Electric-Dirt-Bike-for-Teens-9-300x169.jpg 300w, https:\/\/www.linkseride.com\/wp-content\/uploads\/2025\/12\/Electric-Dirt-Bike-for-Teens-9-1024x576.jpg 1024w, https:\/\/www.linkseride.com\/wp-content\/uploads\/2025\/12\/Electric-Dirt-Bike-for-Teens-9-768x432.jpg 768w, https:\/\/www.linkseride.com\/wp-content\/uploads\/2025\/12\/Electric-Dirt-Bike-for-Teens-9-18x10.jpg 18w, https:\/\/www.linkseride.com\/wp-content\/uploads\/2025\/12\/Electric-Dirt-Bike-for-Teens-9-600x337.jpg 600w\" sizes=\"(max-width: 1366px) 100vw, 1366px\" \/><\/p>\n<p><!--more--><\/p>\n<h3 style=\"text-align: center;\"><strong>COMPARACI\u00d3N ENTRE LAS MOTOS EL\u00c9CTRICAS S4 Y S4 PLUS PARA ADOLESCENTES<\/strong><\/h3>\n<table width=\"425\">\n<tbody>\n<tr>\n<td width=\"120\">Art\u00edculo<\/td>\n<td style=\"text-align: center;\" width=\"152\">\n<h5><strong>S4<\/strong><\/h5>\n<\/td>\n<td style=\"text-align: center;\" width=\"152\">\n<h5><strong>S4 plus<\/strong><\/h5>\n<\/td>\n<\/tr>\n<tr>\n<td>Imagen<\/td>\n<td><img loading=\"lazy\" decoding=\"async\" class=\"alignnone size-medium wp-image-11322 aligncenter\" src=\"https:\/\/www.linkseride.com\/wp-content\/uploads\/2025\/12\/teens-e-dirt-bike-300x300.jpg\" alt=\"adolescentes y motos todoterreno\" width=\"300\" height=\"300\" srcset=\"https:\/\/www.linkseride.com\/wp-content\/uploads\/2025\/12\/teens-e-dirt-bike-300x300.jpg 300w, https:\/\/www.linkseride.com\/wp-content\/uploads\/2025\/12\/teens-e-dirt-bike-1024x1024.jpg 1024w, https:\/\/www.linkseride.com\/wp-content\/uploads\/2025\/12\/teens-e-dirt-bike-150x150.jpg 150w, https:\/\/www.linkseride.com\/wp-content\/uploads\/2025\/12\/teens-e-dirt-bike-768x768.jpg 768w, https:\/\/www.linkseride.com\/wp-content\/uploads\/2025\/12\/teens-e-dirt-bike-12x12.jpg 12w, https:\/\/www.linkseride.com\/wp-content\/uploads\/2025\/12\/teens-e-dirt-bike-600x600.jpg 600w, https:\/\/www.linkseride.com\/wp-content\/uploads\/2025\/12\/teens-e-dirt-bike-100x100.jpg 100w, https:\/\/www.linkseride.com\/wp-content\/uploads\/2025\/12\/teens-e-dirt-bike.jpg 1500w\" sizes=\"(max-width: 300px) 100vw, 300px\" \/><\/td>\n<td><img loading=\"lazy\" decoding=\"async\" class=\"size-medium wp-image-11320 aligncenter\" src=\"https:\/\/www.linkseride.com\/wp-content\/uploads\/2025\/12\/Electric-Dirt-Bike-for-Teens-8-300x300.jpg\" alt=\"Motocicleta el\u00e9ctrica para adolescentes\" width=\"300\" height=\"300\" srcset=\"https:\/\/www.linkseride.com\/wp-content\/uploads\/2025\/12\/Electric-Dirt-Bike-for-Teens-8-300x300.jpg 300w, https:\/\/www.linkseride.com\/wp-content\/uploads\/2025\/12\/Electric-Dirt-Bike-for-Teens-8-1024x1024.jpg 1024w, https:\/\/www.linkseride.com\/wp-content\/uploads\/2025\/12\/Electric-Dirt-Bike-for-Teens-8-150x150.jpg 150w, https:\/\/www.linkseride.com\/wp-content\/uploads\/2025\/12\/Electric-Dirt-Bike-for-Teens-8-768x768.jpg 768w, https:\/\/www.linkseride.com\/wp-content\/uploads\/2025\/12\/Electric-Dirt-Bike-for-Teens-8-12x12.jpg 12w, https:\/\/www.linkseride.com\/wp-content\/uploads\/2025\/12\/Electric-Dirt-Bike-for-Teens-8-600x600.jpg 600w, https:\/\/www.linkseride.com\/wp-content\/uploads\/2025\/12\/Electric-Dirt-Bike-for-Teens-8-100x100.jpg 100w, https:\/\/www.linkseride.com\/wp-content\/uploads\/2025\/12\/Electric-Dirt-Bike-for-Teens-8.jpg 1500w\" sizes=\"(max-width: 300px) 100vw, 300px\" \/><\/td>\n<\/tr>\n<tr>\n<td>Tama\u00f1o de la bicicleta<\/td>\n<td>16\u2033 * 2,4<\/td>\n<td>16\u2033 * 2,4<\/td>\n<\/tr>\n<tr>\n<td>Motor<\/td>\n<td>500 W (pico de 800 W)<\/td>\n<td>500 W (pico de 800 W)<\/td>\n<\/tr>\n<tr>\n<td>Bater\u00eda<\/td>\n<td>36 V, 10,4 Ah<\/td>\n<td>36 V, 10,4 Ah<\/td>\n<\/tr>\n<tr>\n<td>Velocidad m\u00e1xima<\/td>\n<td>18 mph (6\/12\/18 mph)<\/td>\n<td>18 mph (6\/12\/18 mph)<\/td>\n<\/tr>\n<tr>\n<td>Autonom\u00eda por carga<\/td>\n<td>24-28 millas<\/td>\n<td>24-28 millas<\/td>\n<\/tr>\n<tr>\n<td>Cargador<\/td>\n<td><strong>36 V, 1,5 Ah<\/strong><\/td>\n<td><strong>36 V, 2 Ah<\/strong><\/td>\n<\/tr>\n<tr>\n<td>Freno<\/td>\n<td><strong>Freno de l\u00ednea<\/strong><\/td>\n<td><strong>Freno de aceite<\/strong><\/td>\n<\/tr>\n<tr>\n<td>Horquilla delantera<\/td>\n<td><strong>Bifurcaci\u00f3n derecha<\/strong><\/td>\n<td><strong>Horquilla invertida<\/strong><\/td>\n<\/tr>\n<tr>\n<td>Guardabarros delantero<\/td>\n<td><strong>no<\/strong><\/td>\n<td><strong>s\u00ed<\/strong><\/td>\n<\/tr>\n<tr>\n<td>Peso<\/td>\n<td>30 kg<\/td>\n<td>30 kg<\/td>\n<\/tr>\n<tr>\n<td>Carga m\u00e1xima<\/td>\n<td>\u00a080,4 kg<\/td>\n<td>\u00a080,4 kg<\/td>\n<\/tr>\n<tr>\n<td>Edad recomendada<\/td>\n<td>8+<\/td>\n<td>8+<\/td>\n<\/tr>\n<tr>\n<td>Tama\u00f1o del producto<\/td>\n<td>48,4\u2033 * 22,8\u2033 * 33,5\u2033<\/td>\n<td>48,4\u2033 * 22,8\u2033 * 33,5\u2033<\/td>\n<\/tr>\n<tr>\n<td>Tama\u00f1o del paquete<\/td>\n<td>112,5 cm \u00d7 24 cm \u00d7 62 cm<\/td>\n<td>112,5 cm \u00d7 24 cm \u00d7 62 cm<\/td>\n<\/tr>\n<\/tbody>\n<\/table>\n<div class=\"ast-oembed-container\" style=\"height: 100%;\"><iframe title=\"Nueva moto el\u00e9ctrica todoterreno para adolescentes S4 Plus 500 W\" width=\"500\" height=\"281\" src=\"https:\/\/www.youtube.com\/embed\/f-s3qSWbW0w?feature=oembed&#038;enablejsapi=1&#038;origin=https:\/\/www.linkseride.com\" frameborder=\"0\" allow=\"accelerometer; autoplay; clipboard-write; encrypted-media; gyroscope; picture-in-picture; web-share\" referrerpolicy=\"strict-origin-when-cross-origin\" allowfullscreen><\/iframe><\/div>\n<p><span style=\"font-size: 16px;\">Aqu\u00ed puedes encontrar m\u00e1s videos de presentaci\u00f3n: <\/span><a style=\"font-size: 16px; background-color: #ffffff;\" href=\"https:\/\/www.youtube.com\/c\/LinksErideTech\" target=\"_blank\" rel=\"noopener\">https:\/\/www.youtube.com\/c\/LinksErideTech<\/a><\/p>\n<p>Si est\u00e1 buscando otros modelos de bicicletas el\u00e9ctricas plegables, puede encontrar informaci\u00f3n detallada. <a href=\"https:\/\/www.linkseride.com\/es_co\/electric-bike-manufacturer\/\" target=\"_blank\" rel=\"noopener\">aqu\u00ed<\/a>.<\/p>","protected":false},"excerpt":{"rendered":"<p>\u25cf Moto el\u00e9ctrica todoterreno para adolescentes S4 Plus<\/p>\n<p>\u25cfMotor de engranajes sin escobillas de 500 W con una potencia m\u00e1xima de 800 W.<\/p>\n<p>\u25cf La bater\u00eda de litio de 36 V y 10,4 Ah ofrece entre 2 y 3 horas de conducci\u00f3n ininterrumpida y hasta 45 km por carga.<\/p>\n<p>\u25cf La horquilla delantera invertida ofrece una conducci\u00f3n estable y c\u00f3moda.<\/p>","protected":false},"featured_media":11311,"template":"","meta":{"site-sidebar-layout":"default","site-content-layout":"default","ast-site-content-layout":"default","site-content-style":"default","site-sidebar-style":"default","ast-global-header-display":"","ast-banner-title-visibility":"","ast-main-header-display":"","ast-hfb-above-header-display":"","ast-hfb-below-header-display":"","ast-hfb-mobile-header-display":"","site-post-title":"","ast-breadcrumbs-content":"","ast-featured-img":"","footer-sml-layout":"","ast-disable-related-posts":"","theme-transparent-header-meta":"default","adv-header-id-meta":"","stick-header-meta":"","header-above-stick-meta":"","header-main-stick-meta":"","header-below-stick-meta":"","astra-migrate-meta-layouts":"set","ast-page-background-enabled":"default","ast-page-background-meta":{"desktop":{"background-color":"","background-image":"","background-repeat":"repeat","background-position":"center center","background-size":"auto","background-attachment":"scroll","background-type":"","background-media":"","overlay-type":"","overlay-color":"","overlay-opacity":"","overlay-gradient":""},"tablet":{"background-color":"","background-image":"","background-repeat":"repeat","background-position":"center center","background-size":"auto","background-attachment":"scroll","background-type":"","background-media":"","overlay-type":"","overlay-color":"","overlay-opacity":"","overlay-gradient":""},"mobile":{"background-color":"","background-image":"","background-repeat":"repeat","background-position":"center center","background-size":"auto","background-attachment":"scroll","background-type":"","background-media":"","overlay-type":"","overlay-color":"","overlay-opacity":"","overlay-gradient":""}},"ast-content-background-meta":{"desktop":{"background-color":"var(--ast-global-color-5)","background-image":"","background-repeat":"repeat","background-position":"center center","background-size":"auto","background-attachment":"scroll","background-type":"","background-media":"","overlay-type":"","overlay-color":"","overlay-opacity":"","overlay-gradient":""},"tablet":{"background-color":"var(--ast-global-color-5)","background-image":"","background-repeat":"repeat","background-position":"center center","background-size":"auto","background-attachment":"scroll","background-type":"","background-media":"","overlay-type":"","overlay-color":"","overlay-opacity":"","overlay-gradient":""},"mobile":{"background-color":"var(--ast-global-color-5)","background-image":"","background-repeat":"repeat","background-position":"center center","background-size":"auto","background-attachment":"scroll","background-type":"","background-media":"","overlay-type":"","overlay-color":"","overlay-opacity":"","overlay-gradient":""}}},"product_brand":[],"product_cat":[29],"product_tag":[],"class_list":{"0":"post-11309","1":"product","2":"type-product","3":"status-publish","4":"has-post-thumbnail","6":"product_cat-electric-bike","7":"desktop-align-left","8":"tablet-align-left","9":"mobile-align-left","11":"first","12":"instock","13":"shipping-taxable","14":"product-type-simple"},"_links":{"self":[{"href":"https:\/\/www.linkseride.com\/es_co\/wp-json\/wp\/v2\/product\/11309","targetHints":{"allow":["GET"]}}],"collection":[{"href":"https:\/\/www.linkseride.com\/es_co\/wp-json\/wp\/v2\/product"}],"about":[{"href":"https:\/\/www.linkseride.com\/es_co\/wp-json\/wp\/v2\/types\/product"}],"wp:featuredmedia":[{"embeddable":true,"href":"https:\/\/www.linkseride.com\/es_co\/wp-json\/wp\/v2\/media\/11311"}],"wp:attachment":[{"href":"https:\/\/www.linkseride.com\/es_co\/wp-json\/wp\/v2\/media?parent=11309"}],"wp:term":[{"taxonomy":"product_brand","embeddable":true,"href":"https:\/\/www.linkseride.com\/es_co\/wp-json\/wp\/v2\/product_brand?post=11309"},{"taxonomy":"product_cat","embeddable":true,"href":"https:\/\/www.linkseride.com\/es_co\/wp-json\/wp\/v2\/product_cat?post=11309"},{"taxonomy":"product_tag","embeddable":true,"href":"https:\/\/www.linkseride.com\/es_co\/wp-json\/wp\/v2\/product_tag?post=11309"}],"curies":[{"name":"wp","href":"https:\/\/api.w.org\/{rel}","templated":true}]}}