{"id":11453,"date":"2026-01-08T09:36:50","date_gmt":"2026-01-08T09:36:50","guid":{"rendered":"https:\/\/www.linkseride.com\/?post_type=product&#038;p=11453"},"modified":"2026-01-08T10:02:56","modified_gmt":"2026-01-08T10:02:56","slug":"triciclo-electrico-clasico-citycoco","status":"publish","type":"product","link":"https:\/\/www.linkseride.com\/es_co\/product\/classic-citycoco-electric-scooter\/","title":{"rendered":"Linkseride X7 Classic Citycoco Patineta el\u00e9ctrica de dos ruedas"},"content":{"rendered":"<h2>Linkseride X7 Classic Citycoco Patineta el\u00e9ctrica de dos ruedas<\/h2>\n<p>Nos apasiona lo que estamos haciendo con nuestro futuro el\u00e9ctrico, incluyendo <strong><a href=\"https:\/\/www.linkseride.com\/es_co\/electric-scooter-manufacturer\/\" target=\"_blank\" rel=\"noopener\">triciclos el\u00e9ctricos<\/a>, <a href=\"https:\/\/www.linkseride.com\/es_co\/fabricante-de-motocicletas-electricas\/\" target=\"_blank\" rel=\"noopener\">patineta con llantas gruesas<\/a>, <a href=\"https:\/\/www.linkseride.com\/es_co\/fabricante-de-motocicletas-electricas\/\" target=\"_blank\" rel=\"noopener\">patineta citycoco<\/a>, <a href=\"https:\/\/www.linkseride.com\/es_co\/fabricante-de-ciclomotores-electricos\/\" target=\"_blank\" rel=\"noopener\">ciclomotor el\u00e9ctrico<\/a><\/strong> y dem\u00e1s.<\/p>\n<p>Este scooter de golf de dos ruedas para una persona utiliza una bater\u00eda de litio intercambiable, y el amplio reposapi\u00e9s proporciona una conducci\u00f3n c\u00f3moda y bien equilibrada.<\/p>\n<h2><\/h2>\n<h2><\/h2>\n<h2>\u00bfCu\u00e1les son las caracter\u00edsticas de este patineta el\u00e9ctrica de dos ruedas X7 Classic Citycoco?<\/h2>\n<ul>\n<li>Motor el\u00e9ctrico de buje con potencia nominal de 1500-2000 W.<\/li>\n<li><strong>60 V<\/strong> <strong>Bater\u00eda de 12 Ah\/20 Ah disponible<\/strong><\/li>\n<li>cargador est\u00e1ndar de 2 Ah<\/li>\n<li>Opci\u00f3n de 2 asientos con material acolchado para mejorar la sensaci\u00f3n al conducir.<\/li>\n<li>tambi\u00e9n tienen la versi\u00f3n CEE se refiere a <a href=\"https:\/\/www.linkseride.com\/es_co\/product\/electric-motorcycle-scooters\/\" target=\"_blank\" rel=\"noopener\">cp-1.3\/cp-1.0\/cp-1.4<\/a><\/li>\n<\/ul>\n<table>\n<tbody>\n<tr>\n<td>Potencia del motor<\/td>\n<td>1500-2000 W<\/td>\n<\/tr>\n<tr>\n<td>Velocidad m\u00e1xima<\/td>\n<td>45 km\/h<\/td>\n<\/tr>\n<tr>\n<td>Alcance m\u00e1ximo<\/td>\n<td>60 km<\/td>\n<\/tr>\n<tr>\n<td>Capacidad de la bater\u00eda<\/td>\n<td>60 V 20 Ah, 60 V 12 Ah<\/td>\n<\/tr>\n<tr>\n<td>Material del armaz\u00f3n<\/td>\n<td>Tubo de acero sin soldadura<\/td>\n<\/tr>\n<tr>\n<td>Llantas<\/td>\n<td>20 cm<\/td>\n<\/tr>\n<tr>\n<td>Carga m\u00e1xima<\/td>\n<td>200 kg<\/td>\n<\/tr>\n<tr>\n<td>Escalada m\u00e1xima<\/td>\n<td>30\u00b0<\/td>\n<\/tr>\n<tr>\n<td>Freno<\/td>\n<td>Freno de disco hidr\u00e1ulico delantero y trasero<\/td>\n<\/tr>\n<tr>\n<td>Tama\u00f1o del empaque<\/td>\n<td>177 x 37 x 85 cm<\/td>\n<\/tr>\n<tr>\n<td>N.W\/G.W<\/td>\n<td>75 kg<\/td>\n<\/tr>\n<\/tbody>\n<\/table>\n<h2>\u00bfPor qu\u00e9 elegir este tipo de scooter el\u00e9ctrico de dos ruedas X7 Classic Citycoco?<\/h2>\n<p>Tambi\u00e9n tenemos otros modelos de scooters el\u00e9ctricos de golf para un solo pasajero. Si necesita m\u00e1s informaci\u00f3n, puede<a href=\"https:\/\/www.linkseride.com\/es_co\/fat-tire-golf-scooter-golf-cart-trouring\/\" target=\"_blank\" rel=\"noopener\"> Encu\u00e9ntralo aqu\u00ed.<\/a><\/p>\n<p>Aqu\u00ed puedes encontrar m\u00e1s videos de presentaci\u00f3n: <a href=\"https:\/\/www.youtube.com\/c\/LinksErideTech\" target=\"_blank\" rel=\"noopener\">https:\/\/www.youtube.com\/c\/LinksErideTech<\/a><\/p>","protected":false},"excerpt":{"rendered":"<p>\u25cf Scooter el\u00e9ctrico X7 Classic Citycoco de dos ruedas<\/p>\n<p>\u25cf Aspecto retro con luces LED.<\/p>\n<p>\u25cf La bater\u00eda de 60 V y 20 Ah ofrece una autonom\u00eda de 35 millas por carga.<\/p>\n<p>\u25cf Opci\u00f3n de dos asientos con una conducci\u00f3n m\u00e1s pr\u00e1ctica.<\/p>","protected":false},"featured_media":11457,"template":"","meta":{"site-sidebar-layout":"default","site-content-layout":"default","ast-site-content-layout":"default","site-content-style":"default","site-sidebar-style":"default","ast-global-header-display":"","ast-banner-title-visibility":"","ast-main-header-display":"","ast-hfb-above-header-display":"","ast-hfb-below-header-display":"","ast-hfb-mobile-header-display":"","site-post-title":"","ast-breadcrumbs-content":"","ast-featured-img":"","footer-sml-layout":"","ast-disable-related-posts":"","theme-transparent-header-meta":"default","adv-header-id-meta":"","stick-header-meta":"","header-above-stick-meta":"","header-main-stick-meta":"","header-below-stick-meta":"","astra-migrate-meta-layouts":"set","ast-page-background-enabled":"default","ast-page-background-meta":{"desktop":{"background-color":"","background-image":"","background-repeat":"repeat","background-position":"center center","background-size":"auto","background-attachment":"scroll","background-type":"","background-media":"","overlay-type":"","overlay-color":"","overlay-opacity":"","overlay-gradient":""},"tablet":{"background-color":"","background-image":"","background-repeat":"repeat","background-position":"center center","background-size":"auto","background-attachment":"scroll","background-type":"","background-media":"","overlay-type":"","overlay-color":"","overlay-opacity":"","overlay-gradient":""},"mobile":{"background-color":"","background-image":"","background-repeat":"repeat","background-position":"center center","background-size":"auto","background-attachment":"scroll","background-type":"","background-media":"","overlay-type":"","overlay-color":"","overlay-opacity":"","overlay-gradient":""}},"ast-content-background-meta":{"desktop":{"background-color":"var(--ast-global-color-5)","background-image":"","background-repeat":"repeat","background-position":"center center","background-size":"auto","background-attachment":"scroll","background-type":"","background-media":"","overlay-type":"","overlay-color":"","overlay-opacity":"","overlay-gradient":""},"tablet":{"background-color":"var(--ast-global-color-5)","background-image":"","background-repeat":"repeat","background-position":"center center","background-size":"auto","background-attachment":"scroll","background-type":"","background-media":"","overlay-type":"","overlay-color":"","overlay-opacity":"","overlay-gradient":""},"mobile":{"background-color":"var(--ast-global-color-5)","background-image":"","background-repeat":"repeat","background-position":"center center","background-size":"auto","background-attachment":"scroll","background-type":"","background-media":"","overlay-type":"","overlay-color":"","overlay-opacity":"","overlay-gradient":""}}},"product_brand":[],"product_cat":[28],"product_tag":[38],"class_list":{"0":"post-11453","1":"product","2":"type-product","3":"status-publish","4":"has-post-thumbnail","6":"product_cat-electric-scooter","7":"product_tag-citycoco-scooter","8":"desktop-align-left","9":"tablet-align-left","10":"mobile-align-left","12":"first","13":"instock","14":"shipping-taxable","15":"product-type-simple"},"_links":{"self":[{"href":"https:\/\/www.linkseride.com\/es_co\/wp-json\/wp\/v2\/product\/11453","targetHints":{"allow":["GET"]}}],"collection":[{"href":"https:\/\/www.linkseride.com\/es_co\/wp-json\/wp\/v2\/product"}],"about":[{"href":"https:\/\/www.linkseride.com\/es_co\/wp-json\/wp\/v2\/types\/product"}],"wp:featuredmedia":[{"embeddable":true,"href":"https:\/\/www.linkseride.com\/es_co\/wp-json\/wp\/v2\/media\/11457"}],"wp:attachment":[{"href":"https:\/\/www.linkseride.com\/es_co\/wp-json\/wp\/v2\/media?parent=11453"}],"wp:term":[{"taxonomy":"product_brand","embeddable":true,"href":"https:\/\/www.linkseride.com\/es_co\/wp-json\/wp\/v2\/product_brand?post=11453"},{"taxonomy":"product_cat","embeddable":true,"href":"https:\/\/www.linkseride.com\/es_co\/wp-json\/wp\/v2\/product_cat?post=11453"},{"taxonomy":"product_tag","embeddable":true,"href":"https:\/\/www.linkseride.com\/es_co\/wp-json\/wp\/v2\/product_tag?post=11453"}],"curies":[{"name":"wp","href":"https:\/\/api.w.org\/{rel}","templated":true}]}}