{"id":1733,"date":"2020-10-23T06:23:15","date_gmt":"2020-10-23T06:23:15","guid":{"rendered":"http:\/\/linkseride.com\/?post_type=product&#038;p=1733"},"modified":"2021-08-28T06:09:38","modified_gmt":"2021-08-28T06:09:38","slug":"scooter-electrico-clasico-ev2000w","status":"publish","type":"product","link":"https:\/\/www.linkseride.com\/es_co\/product\/classic-ev2000w-electric-motor-scooter\/","title":{"rendered":"LEM-01 Scooter el\u00e9ctrico cl\u00e1sico EV2000W estilo Vespa"},"content":{"rendered":"<p>Hay muchos tipos de patinetes el\u00e9ctricos, y este patinete el\u00e9ctrico de estilo retro recuerda f\u00e1cilmente a la imagen de la famosa pel\u00edcula Vacaciones en Roma. Utilizamos instrumentos mec\u00e1nicos cl\u00e1sicos para mantener el estilo cl\u00e1sico de los a\u00f1os 60. El nuevo e innovador sistema de alimentaci\u00f3n el\u00e9ctrica lo convierte en un veh\u00edculo de cero emisiones, respetuoso con el medio ambiente. Con este ciclomotor el\u00e9ctrico de 2000 W, podr\u00e1 olvidarse f\u00e1cilmente del impuesto de circulaci\u00f3n, las tarifas de estacionamiento y la gasolina, as\u00ed como de los molestos atascos. Es una excelente opci\u00f3n para el transporte personal el\u00e9ctrico.<\/p>\n<div id='gallery-1' class='gallery galleryid-1733 gallery-columns-4 gallery-size-full'><figure class='gallery-item'>\n\t\t\t<div class='gallery-icon landscape'>\n\t\t\t\t<img fetchpriority=\"high\" decoding=\"async\" width=\"645\" height=\"360\" src=\"https:\/\/www.linkseride.com\/wp-content\/uploads\/2020\/10\/2-5.jpg\" class=\"attachment-full size-full\" alt=\"moto el\u00e9ctrica\" srcset=\"https:\/\/www.linkseride.com\/wp-content\/uploads\/2020\/10\/2-5.jpg 645w, https:\/\/www.linkseride.com\/wp-content\/uploads\/2020\/10\/2-5-300x167.jpg 300w, https:\/\/www.linkseride.com\/wp-content\/uploads\/2020\/10\/2-5-600x335.jpg 600w\" sizes=\"(max-width: 645px) 100vw, 645px\" \/>\n\t\t\t<\/div><\/figure><figure class='gallery-item'>\n\t\t\t<div class='gallery-icon landscape'>\n\t\t\t\t<img decoding=\"async\" width=\"645\" height=\"360\" src=\"https:\/\/www.linkseride.com\/wp-content\/uploads\/2020\/10\/4-4.jpg\" class=\"attachment-full size-full\" alt=\"moto el\u00e9ctrica\" srcset=\"https:\/\/www.linkseride.com\/wp-content\/uploads\/2020\/10\/4-4.jpg 645w, https:\/\/www.linkseride.com\/wp-content\/uploads\/2020\/10\/4-4-300x167.jpg 300w, https:\/\/www.linkseride.com\/wp-content\/uploads\/2020\/10\/4-4-600x335.jpg 600w\" sizes=\"(max-width: 645px) 100vw, 645px\" \/>\n\t\t\t<\/div><\/figure><figure class='gallery-item'>\n\t\t\t<div class='gallery-icon landscape'>\n\t\t\t\t<img decoding=\"async\" width=\"645\" height=\"360\" src=\"https:\/\/www.linkseride.com\/wp-content\/uploads\/2020\/10\/5-3.jpg\" class=\"attachment-full size-full\" alt=\"moto el\u00e9ctrica\" srcset=\"https:\/\/www.linkseride.com\/wp-content\/uploads\/2020\/10\/5-3.jpg 645w, https:\/\/www.linkseride.com\/wp-content\/uploads\/2020\/10\/5-3-300x167.jpg 300w, https:\/\/www.linkseride.com\/wp-content\/uploads\/2020\/10\/5-3-600x335.jpg 600w\" sizes=\"(max-width: 645px) 100vw, 645px\" \/>\n\t\t\t<\/div><\/figure><figure class='gallery-item'>\n\t\t\t<div class='gallery-icon landscape'>\n\t\t\t\t<img loading=\"lazy\" decoding=\"async\" width=\"645\" height=\"360\" src=\"https:\/\/www.linkseride.com\/wp-content\/uploads\/2020\/10\/6-5.jpg\" class=\"attachment-full size-full\" alt=\"moto el\u00e9ctrica\" srcset=\"https:\/\/www.linkseride.com\/wp-content\/uploads\/2020\/10\/6-5.jpg 645w, https:\/\/www.linkseride.com\/wp-content\/uploads\/2020\/10\/6-5-300x167.jpg 300w, https:\/\/www.linkseride.com\/wp-content\/uploads\/2020\/10\/6-5-600x335.jpg 600w\" sizes=\"(max-width: 645px) 100vw, 645px\" \/>\n\t\t\t<\/div><\/figure>\n\t\t<\/div>\n\n<h4>Caracter\u00edsticas detalladas del scooter el\u00e9ctrico<\/h4>\n<h5>Pantalla y amortiguador delantero de dise\u00f1o retro<\/h5>\n<p>La mayor\u00eda de los clientes eligen el estilo tradicional de la pantalla mec\u00e1nica cl\u00e1sica, que refleja el ambiente de los a\u00f1os 60, para esta motocicleta el\u00e9ctrica.<\/p>\n<h5 class=\"h5--accent strong home--uppercase\">Asiento de espuma c\u00f3modo<\/h5>\n<div class=\"rte\">\n<p>Relleno de espuma de alta densidad ideal para viajes largos. Olv\u00eddate de los baches repentinos y disfruta de la libertad de conducir. Tres colores diferentes disponibles para que elijas.<\/p>\n<h5 class=\"h5--accent strong home--uppercase\">Llantas sin c\u00e1mara de aluminio de 12\u2033<\/h5>\n<div class=\"rte\">\n<p>Los neum\u00e1ticos sin c\u00e1mara tienen un mejor sellado y estabilidad, lo que puede reducir en gran medida el riesgo de revent\u00f3n. El dise\u00f1o del tal\u00f3n, m\u00e1s ancho y grueso, garantiza que los neum\u00e1ticos sin c\u00e1mara sean menos propensos a reventar y protegen la llanta. Dos colores de neum\u00e1ticos para elegir (negro\/negro y blanco).<\/p>\n<div id='gallery-2' class='gallery galleryid-1733 gallery-columns-3 gallery-size-full'><figure class='gallery-item'>\n\t\t\t<div class='gallery-icon landscape'>\n\t\t\t\t<img loading=\"lazy\" decoding=\"async\" width=\"645\" height=\"360\" src=\"https:\/\/www.linkseride.com\/wp-content\/uploads\/2020\/10\/header-1\u526f\u672c.jpg\" class=\"attachment-full size-full\" alt=\"moto el\u00e9ctrica\" srcset=\"https:\/\/www.linkseride.com\/wp-content\/uploads\/2020\/10\/header-1\u526f\u672c.jpg 645w, https:\/\/www.linkseride.com\/wp-content\/uploads\/2020\/10\/header-1\u526f\u672c-300x167.jpg 300w, https:\/\/www.linkseride.com\/wp-content\/uploads\/2020\/10\/header-1\u526f\u672c-600x335.jpg 600w\" sizes=\"(max-width: 645px) 100vw, 645px\" \/>\n\t\t\t<\/div><\/figure><figure class='gallery-item'>\n\t\t\t<div class='gallery-icon landscape'>\n\t\t\t\t<img loading=\"lazy\" decoding=\"async\" width=\"645\" height=\"360\" src=\"https:\/\/www.linkseride.com\/wp-content\/uploads\/2020\/10\/saddle.jpg\" class=\"attachment-full size-full\" alt=\"moto el\u00e9ctrica\" srcset=\"https:\/\/www.linkseride.com\/wp-content\/uploads\/2020\/10\/saddle.jpg 645w, https:\/\/www.linkseride.com\/wp-content\/uploads\/2020\/10\/saddle-300x167.jpg 300w, https:\/\/www.linkseride.com\/wp-content\/uploads\/2020\/10\/saddle-600x335.jpg 600w\" sizes=\"(max-width: 645px) 100vw, 645px\" \/>\n\t\t\t<\/div><\/figure><figure class='gallery-item'>\n\t\t\t<div class='gallery-icon landscape'>\n\t\t\t\t<img loading=\"lazy\" decoding=\"async\" width=\"645\" height=\"360\" src=\"https:\/\/www.linkseride.com\/wp-content\/uploads\/2020\/10\/front-tire.jpg\" class=\"attachment-full size-full\" alt=\"moto el\u00e9ctrica\" srcset=\"https:\/\/www.linkseride.com\/wp-content\/uploads\/2020\/10\/front-tire.jpg 645w, https:\/\/www.linkseride.com\/wp-content\/uploads\/2020\/10\/front-tire-300x167.jpg 300w, https:\/\/www.linkseride.com\/wp-content\/uploads\/2020\/10\/front-tire-600x335.jpg 600w\" sizes=\"(max-width: 645px) 100vw, 645px\" \/>\n\t\t\t<\/div><\/figure>\n\t\t<\/div>\n\n<\/div>\n<\/div>\n<h5 class=\"h5--accent strong home--uppercase\">Puerto de carga r\u00e1pida<\/h5>\n<div class=\"rte\">\n<p>Puede cargar la bater\u00eda sac\u00e1ndola de su compartimento o a trav\u00e9s del puerto de carga r\u00e1pida, como se muestra en la imagen siguiente.<\/p>\n<\/div>\n<div class=\"rte\">\n<div class=\"rte\">\n<div class=\"rte\">\n<h5 class=\"h5--accent strong home--uppercase\">Bater\u00eda de iones de litio extra\u00edble<\/h5>\n<div class=\"rte\">\n<p>2 juegos de bater\u00edas de iones de litio extra\u00edbles de 60 V y 20 Ah, f\u00e1ciles de transportar y que se cargan en 4-6 horas. Cada juego pesa 8 kg, por lo que es f\u00e1cil de transportar.<\/p>\n<h5 class=\"h5--accent strong home--uppercase\">Soporte con apagado el\u00e9ctrico<\/h5>\n<div class=\"rte\">\n<p>El soporte conectado al control de energ\u00eda cuenta con una funci\u00f3n de apagado el\u00e9ctrico para reducir cualquier accidente causado por no apagar la energ\u00eda.<\/p>\n<div id='gallery-3' class='gallery galleryid-1733 gallery-columns-3 gallery-size-full'><figure class='gallery-item'>\n\t\t\t<div class='gallery-icon landscape'>\n\t\t\t\t<img loading=\"lazy\" decoding=\"async\" width=\"645\" height=\"360\" src=\"https:\/\/www.linkseride.com\/wp-content\/uploads\/2020\/10\/fast-charge.jpg\" class=\"attachment-full size-full\" alt=\"moto el\u00e9ctrica\" srcset=\"https:\/\/www.linkseride.com\/wp-content\/uploads\/2020\/10\/fast-charge.jpg 645w, https:\/\/www.linkseride.com\/wp-content\/uploads\/2020\/10\/fast-charge-300x167.jpg 300w, https:\/\/www.linkseride.com\/wp-content\/uploads\/2020\/10\/fast-charge-600x335.jpg 600w\" sizes=\"(max-width: 645px) 100vw, 645px\" \/>\n\t\t\t<\/div><\/figure><figure class='gallery-item'>\n\t\t\t<div class='gallery-icon landscape'>\n\t\t\t\t<img loading=\"lazy\" decoding=\"async\" width=\"645\" height=\"360\" src=\"https:\/\/www.linkseride.com\/wp-content\/uploads\/2020\/10\/battery.jpg\" class=\"attachment-full size-full\" alt=\"moto el\u00e9ctrica\" srcset=\"https:\/\/www.linkseride.com\/wp-content\/uploads\/2020\/10\/battery.jpg 645w, https:\/\/www.linkseride.com\/wp-content\/uploads\/2020\/10\/battery-300x167.jpg 300w, https:\/\/www.linkseride.com\/wp-content\/uploads\/2020\/10\/battery-600x335.jpg 600w\" sizes=\"(max-width: 645px) 100vw, 645px\" \/>\n\t\t\t<\/div><\/figure><figure class='gallery-item'>\n\t\t\t<div class='gallery-icon landscape'>\n\t\t\t\t<img loading=\"lazy\" decoding=\"async\" width=\"645\" height=\"360\" src=\"https:\/\/www.linkseride.com\/wp-content\/uploads\/2020\/10\/kick-stand.jpg\" class=\"attachment-full size-full\" alt=\"moto el\u00e9ctrica\" srcset=\"https:\/\/www.linkseride.com\/wp-content\/uploads\/2020\/10\/kick-stand.jpg 645w, https:\/\/www.linkseride.com\/wp-content\/uploads\/2020\/10\/kick-stand-300x167.jpg 300w, https:\/\/www.linkseride.com\/wp-content\/uploads\/2020\/10\/kick-stand-600x335.jpg 600w\" sizes=\"(max-width: 645px) 100vw, 645px\" \/>\n\t\t\t<\/div><\/figure>\n\t\t<\/div>\n\n<\/div>\n<\/div>\n<\/div>\n<\/div>\n<\/div>\n<h5>Accesorios personalizados para el parachoques delantero y trasero, caja de almacenamiento adicional, soporte para tel\u00e9fono a tu elecci\u00f3n.<\/h5>\n<p><img loading=\"lazy\" decoding=\"async\" class=\"aligncenter wp-image-4882\" src=\"http:\/\/linkseride.com\/wp-content\/uploads\/2020\/10\/accessories.jpg\" alt=\"electric motor scooter accessories\" width=\"1464\" height=\"296\" srcset=\"https:\/\/www.linkseride.com\/wp-content\/uploads\/2020\/10\/accessories.jpg 1024w, https:\/\/www.linkseride.com\/wp-content\/uploads\/2020\/10\/accessories-300x61.jpg 300w, https:\/\/www.linkseride.com\/wp-content\/uploads\/2020\/10\/accessories-768x155.jpg 768w, https:\/\/www.linkseride.com\/wp-content\/uploads\/2020\/10\/accessories-600x121.jpg 600w\" sizes=\"(max-width: 1464px) 100vw, 1464px\" \/><\/p>\n<p>Nuestra motocicleta el\u00e9ctrica de estilo Vespa retro es apta para circular por carretera y cuenta con la certificaci\u00f3n CEE. Ha superado todas las pruebas t\u00e9cnicas y de rendimiento en Europa. Es cl\u00e1sica, vintage y elegante, muy adecuada para caballeros y damas.<\/p>\n<p>Aqu\u00ed puedes encontrar m\u00e1s videos de presentaci\u00f3n: <a href=\"https:\/\/www.youtube.com\/channel\/UCw4wsO7M_kRsCHTxcFeqTAA\" target=\"_blank\" rel=\"noopener\">https:\/\/www.youtube.com\/channel\/UCw4wsO7M_kRsCHTxcFeqTAA<\/a><\/p>\n<div class=\"ast-oembed-container\" style=\"height: 100%;\"><iframe title=\"LinksEride Scooter in China 2000W Vespa Style Electric Scooter Intro\" width=\"500\" height=\"281\" src=\"https:\/\/www.youtube.com\/embed\/pEeM0RcCcnY?feature=oembed\" frameborder=\"0\" allow=\"accelerometer; autoplay; clipboard-write; encrypted-media; gyroscope; picture-in-picture; web-share\" referrerpolicy=\"strict-origin-when-cross-origin\" allowfullscreen><\/iframe><\/div>\n<p>&nbsp;<\/p>\n<p>Aunque muchas f\u00e1bricas producen este modelo en China, nos enorgullece ofrecer la mejor versi\u00f3n. A primera vista, los veh\u00edculos pueden parecer iguales, pero la calidad y los accesorios son totalmente diferentes. Las ventajas se enumeran a continuaci\u00f3n:<br \/>\n1. Contamos con la certificaci\u00f3n Emark (EEC). Nuestros clientes pueden registrar el veh\u00edculo sin problemas con la certificaci\u00f3n que ofrecemos.<br \/>\n3. Utilizamos la carcasa autorizada de Hornet. Es robusta y resistente. Nuestro reflector, neum\u00e1ticos y luces cumplen con la norma Emark y llevan impreso el logotipo E4.<br \/>\n4. Utilizamos bater\u00edas de litio LG para esta motocicleta. Tienen una gran capacidad y son muy duraderas.<br \/>\n5. Utilizamos el famoso motor de la marca QUAN SHUN. La potencia real es de 2000 W, muy potente.<\/p>\n<p>Si te interesa esta motocicleta el\u00e9ctrica de estilo Vespa retro, o si buscas una versi\u00f3n mejorada con un motor de 3000 W, por favor <a href=\"https:\/\/www.linkseride.com\/es_co\/product\/ciclomotor-electrico-retro-de-3000-w\/\" target=\"_blank\" rel=\"noopener\">marque aqu\u00ed<\/a>.<\/p>","protected":false},"excerpt":{"rendered":"<p>\u25cf Certificados: Homologado para circular por carretera con certificados EEC, COC y UN38.3.<\/p>\n<p>\u25cf Scooter el\u00e9ctrico de estilo retro Vespa, moderno y ecol\u00f3gico, con alimentaci\u00f3n el\u00e9ctrica.<\/p>\n<p>\u25cf C\u00f3modo asiento acolchado con capacidad para dos personas, control del acelerador con pu\u00f1o giratorio, frenos de disco delanteros y traseros accionados manualmente y puerto USB para cargar tel\u00e9fonos inteligentes.<\/p>\n<p>\u25cf Energ\u00eda ecol\u00f3gica: el motor de 2000 W alcanza una velocidad de hasta 45 km\/h (28 mph) con una autonom\u00eda de hasta 45 km (28 millas) con una sola carga de bater\u00eda.<\/p>\n<p>\u25cf Almacenamiento integrado y estabilidad: el compartimento de almacenamiento debajo del asiento facilita el transporte de tus objetos personales. El doble soporte mantiene todo estable y en posici\u00f3n vertical.<\/p>\n<p>\u25cf Color: con muchas variaciones de color disponibles, personaliza tu veh\u00edculo con el tono que mejor se adapte a tus necesidades.<\/p>","protected":false},"featured_media":1915,"template":"","meta":{"site-sidebar-layout":"default","site-content-layout":"default","ast-site-content-layout":"default","site-content-style":"default","site-sidebar-style":"default","ast-global-header-display":"","ast-banner-title-visibility":"","ast-main-header-display":"","ast-hfb-above-header-display":"","ast-hfb-below-header-display":"","ast-hfb-mobile-header-display":"","site-post-title":"","ast-breadcrumbs-content":"","ast-featured-img":"","footer-sml-layout":"","ast-disable-related-posts":"","theme-transparent-header-meta":"default","adv-header-id-meta":"","stick-header-meta":"","header-above-stick-meta":"","header-main-stick-meta":"","header-below-stick-meta":"","astra-migrate-meta-layouts":"default","ast-page-background-enabled":"default","ast-page-background-meta":{"desktop":{"background-color":"","background-image":"","background-repeat":"repeat","background-position":"center center","background-size":"auto","background-attachment":"scroll","background-type":"","background-media":"","overlay-type":"","overlay-color":"","overlay-opacity":"","overlay-gradient":""},"tablet":{"background-color":"","background-image":"","background-repeat":"repeat","background-position":"center center","background-size":"auto","background-attachment":"scroll","background-type":"","background-media":"","overlay-type":"","overlay-color":"","overlay-opacity":"","overlay-gradient":""},"mobile":{"background-color":"","background-image":"","background-repeat":"repeat","background-position":"center center","background-size":"auto","background-attachment":"scroll","background-type":"","background-media":"","overlay-type":"","overlay-color":"","overlay-opacity":"","overlay-gradient":""}},"ast-content-background-meta":{"desktop":{"background-color":"var(--ast-global-color-5)","background-image":"","background-repeat":"repeat","background-position":"center center","background-size":"auto","background-attachment":"scroll","background-type":"","background-media":"","overlay-type":"","overlay-color":"","overlay-opacity":"","overlay-gradient":""},"tablet":{"background-color":"var(--ast-global-color-5)","background-image":"","background-repeat":"repeat","background-position":"center center","background-size":"auto","background-attachment":"scroll","background-type":"","background-media":"","overlay-type":"","overlay-color":"","overlay-opacity":"","overlay-gradient":""},"mobile":{"background-color":"var(--ast-global-color-5)","background-image":"","background-repeat":"repeat","background-position":"center center","background-size":"auto","background-attachment":"scroll","background-type":"","background-media":"","overlay-type":"","overlay-color":"","overlay-opacity":"","overlay-gradient":""}}},"product_brand":[],"product_cat":[26],"product_tag":[30],"class_list":{"0":"post-1733","1":"product","2":"type-product","3":"status-publish","4":"has-post-thumbnail","6":"product_cat-electric-moped","7":"product_tag-vespa-style-electric-scooter","8":"desktop-align-left","9":"tablet-align-left","10":"mobile-align-left","12":"first","13":"instock","14":"shipping-taxable","15":"purchasable","16":"product-type-simple"},"_links":{"self":[{"href":"https:\/\/www.linkseride.com\/es_co\/wp-json\/wp\/v2\/product\/1733","targetHints":{"allow":["GET"]}}],"collection":[{"href":"https:\/\/www.linkseride.com\/es_co\/wp-json\/wp\/v2\/product"}],"about":[{"href":"https:\/\/www.linkseride.com\/es_co\/wp-json\/wp\/v2\/types\/product"}],"wp:featuredmedia":[{"embeddable":true,"href":"https:\/\/www.linkseride.com\/es_co\/wp-json\/wp\/v2\/media\/1915"}],"wp:attachment":[{"href":"https:\/\/www.linkseride.com\/es_co\/wp-json\/wp\/v2\/media?parent=1733"}],"wp:term":[{"taxonomy":"product_brand","embeddable":true,"href":"https:\/\/www.linkseride.com\/es_co\/wp-json\/wp\/v2\/product_brand?post=1733"},{"taxonomy":"product_cat","embeddable":true,"href":"https:\/\/www.linkseride.com\/es_co\/wp-json\/wp\/v2\/product_cat?post=1733"},{"taxonomy":"product_tag","embeddable":true,"href":"https:\/\/www.linkseride.com\/es_co\/wp-json\/wp\/v2\/product_tag?post=1733"}],"curies":[{"name":"wp","href":"https:\/\/api.w.org\/{rel}","templated":true}]}}