{"id":1773,"date":"2020-10-24T01:08:35","date_gmt":"2020-10-24T01:08:35","guid":{"rendered":"http:\/\/linkseride.com\/?post_type=product&#038;p=1773"},"modified":"2023-12-07T07:23:43","modified_gmt":"2023-12-07T07:23:43","slug":"ciclomotor-electrico-retro-de-3000-w","status":"publish","type":"product","link":"https:\/\/www.linkseride.com\/es_co\/product\/3000w-retro-electric-moped\/","title":{"rendered":"LEM-01 Cl\u00e1sico EV3000W Ciclomotor el\u00e9ctrico retro estilo Vespa vintage"},"content":{"rendered":"<p>Esta motocicleta el\u00e9ctrica retro de 3000 W se ha mejorado con un <strong>Motor sin escobillas de 3000 vatios<\/strong>. Tenemos el motor del cubo, que es la forma m\u00e1s eficiente, sin cadena ni arco, toda la energ\u00eda va directamente al cubo. Usamos <strong>Centro de Quanshun<\/strong> <strong>motor<\/strong>, junto con nuestro controlador de descarga de 60 voltios y 45 amperios, la potencia nominal de este scooter es de 3000 vatios y la velocidad m\u00e1xima es de 65 kil\u00f3metros por hora, lo que cumple con los certificados L3e.<\/p>\n<p>El nuevo motor ofrece una conducci\u00f3n c\u00f3moda y estable para este ciclomotor el\u00e9ctrico retro de 3000 W, y a\u00fan m\u00e1s eficiente con el sistema de frenado CBS. Con un chasis actualizado y un sistema de motor m\u00e1s potente, este ciclomotor el\u00e9ctrico estilo Vespa es la elecci\u00f3n perfecta para cualquier aventura.<\/p>\n<div id='gallery-1' class='gallery galleryid-1773 gallery-columns-4 gallery-size-full'><figure class='gallery-item'>\n\t\t\t<div class='gallery-icon landscape'>\n\t\t\t\t<img fetchpriority=\"high\" decoding=\"async\" width=\"645\" height=\"360\" src=\"https:\/\/www.linkseride.com\/wp-content\/uploads\/2020\/10\/6-5.jpg\" class=\"attachment-full size-full\" alt=\"moto el\u00e9ctrica\" srcset=\"https:\/\/www.linkseride.com\/wp-content\/uploads\/2020\/10\/6-5.jpg 645w, https:\/\/www.linkseride.com\/wp-content\/uploads\/2020\/10\/6-5-300x167.jpg 300w, https:\/\/www.linkseride.com\/wp-content\/uploads\/2020\/10\/6-5-600x335.jpg 600w\" sizes=\"(max-width: 645px) 100vw, 645px\" \/>\n\t\t\t<\/div><\/figure><figure class='gallery-item'>\n\t\t\t<div class='gallery-icon landscape'>\n\t\t\t\t<img decoding=\"async\" width=\"645\" height=\"360\" src=\"https:\/\/www.linkseride.com\/wp-content\/uploads\/2020\/10\/3-5.jpg\" class=\"attachment-full size-full\" alt=\"moto el\u00e9ctrica\" srcset=\"https:\/\/www.linkseride.com\/wp-content\/uploads\/2020\/10\/3-5.jpg 645w, https:\/\/www.linkseride.com\/wp-content\/uploads\/2020\/10\/3-5-300x167.jpg 300w, https:\/\/www.linkseride.com\/wp-content\/uploads\/2020\/10\/3-5-600x335.jpg 600w\" sizes=\"(max-width: 645px) 100vw, 645px\" \/>\n\t\t\t<\/div><\/figure><figure class='gallery-item'>\n\t\t\t<div class='gallery-icon landscape'>\n\t\t\t\t<img decoding=\"async\" width=\"645\" height=\"360\" src=\"https:\/\/www.linkseride.com\/wp-content\/uploads\/2020\/10\/2-5.jpg\" class=\"attachment-full size-full\" alt=\"moto el\u00e9ctrica\" srcset=\"https:\/\/www.linkseride.com\/wp-content\/uploads\/2020\/10\/2-5.jpg 645w, https:\/\/www.linkseride.com\/wp-content\/uploads\/2020\/10\/2-5-300x167.jpg 300w, https:\/\/www.linkseride.com\/wp-content\/uploads\/2020\/10\/2-5-600x335.jpg 600w\" sizes=\"(max-width: 645px) 100vw, 645px\" \/>\n\t\t\t<\/div><\/figure><figure class='gallery-item'>\n\t\t\t<div class='gallery-icon landscape'>\n\t\t\t\t<img loading=\"lazy\" decoding=\"async\" width=\"645\" height=\"360\" src=\"https:\/\/www.linkseride.com\/wp-content\/uploads\/2020\/10\/4-4.jpg\" class=\"attachment-full size-full\" alt=\"moto el\u00e9ctrica\" srcset=\"https:\/\/www.linkseride.com\/wp-content\/uploads\/2020\/10\/4-4.jpg 645w, https:\/\/www.linkseride.com\/wp-content\/uploads\/2020\/10\/4-4-300x167.jpg 300w, https:\/\/www.linkseride.com\/wp-content\/uploads\/2020\/10\/4-4-600x335.jpg 600w\" sizes=\"(max-width: 645px) 100vw, 645px\" \/>\n\t\t\t<\/div><\/figure>\n\t\t<\/div>\n\n<h4>Compare la motocicleta el\u00e9ctrica retro de 2000 W con la de 3000 W.<\/h4>\n<table width=\"379\">\n<tbody>\n<tr>\n<td style=\"font-weight: 400;\" width=\"149\"><\/td>\n<td style=\"font-weight: 400;\" width=\"179\"><strong>LEM-01 2000 W<\/strong><\/td>\n<td style=\"font-weight: 400;\" width=\"51\"><strong>LEM-01 3000 W<\/strong><\/td>\n<\/tr>\n<tr>\n<td style=\"font-weight: 400;\" width=\"149\"><strong>Potencia del motor<\/strong><\/td>\n<td style=\"font-weight: 400;\" width=\"179\">Motor sin escobillas QS de 2000 W, 60 V y 10 pulgadas<\/td>\n<td style=\"font-weight: 400;\" width=\"51\">Motor sin escobillas QS de 3000 W, 60 V y 12 pulgadas<\/td>\n<\/tr>\n<tr>\n<td style=\"font-weight: 400;\" width=\"149\"><strong>Controlador<\/strong><\/td>\n<td style=\"font-weight: 400;\" width=\"179\">60 V, 18 pines, descarga de 45 A<\/td>\n<td style=\"font-weight: 400;\" width=\"51\">Descarga de 60 V y 55 A<\/td>\n<\/tr>\n<tr>\n<td style=\"font-weight: 400;\" width=\"149\"><strong>Capacidad de la bater\u00eda<\/strong><\/td>\n<td style=\"font-weight: 400;\" width=\"179\">60 V, 20 Ah\/40 Ah<br \/>\n(Totalmente cargado a 72 V, nominal a 60 V)<\/td>\n<td style=\"font-weight: 400;\" width=\"51\">60 V, 40 Ah<br \/>\n(Totalmente cargado a 72 V, nominal a 60 V)<\/td>\n<\/tr>\n<tr>\n<td style=\"font-weight: 400;\" width=\"149\"><strong>N\u00famero de bater\u00eda<\/strong><\/td>\n<td style=\"font-weight: 400;\" width=\"179\">1 juego o 2 juegos (20 Ah por juego)<\/td>\n<td style=\"font-weight: 400;\" width=\"51\">1 juego<\/td>\n<\/tr>\n<tr>\n<td style=\"font-weight: 400;\" width=\"149\"><strong>Peso de la bater\u00eda<\/strong><\/td>\n<td style=\"font-weight: 400;\" width=\"179\">7,5 kg por bater\u00eda<\/td>\n<td style=\"font-weight: 400;\" width=\"51\">15 kg<\/td>\n<\/tr>\n<tr>\n<td style=\"font-weight: 400;\" width=\"149\"><strong>Cargador\/Voltaje de entrada<\/strong><\/td>\n<td style=\"font-weight: 400;\" width=\"179\">60 VCA, 110\/220 V, 50-60 Hz<\/td>\n<td style=\"font-weight: 400;\" width=\"51\">60 VCA, 110\/220 V, 50-60 Hz<\/td>\n<\/tr>\n<tr>\n<td style=\"font-weight: 400;\" width=\"149\"><strong>Capacidad para escalar<\/strong><\/td>\n<td style=\"font-weight: 400;\" width=\"179\">20 \u00b0<\/td>\n<td style=\"font-weight: 400;\" width=\"51\">22 \u00b0C<\/td>\n<\/tr>\n<tr>\n<td style=\"font-weight: 400;\" width=\"149\"><strong>Velocidad m\u00e1xima<\/strong><\/td>\n<td style=\"font-weight: 400;\" width=\"179\">45 km\/h<\/td>\n<td style=\"font-weight: 400;\" width=\"51\">65 km\/h<\/td>\n<\/tr>\n<tr>\n<td style=\"font-weight: 400;\" width=\"149\"><strong>Autonom\u00eda por carga<\/strong><\/td>\n<td style=\"font-weight: 400;\" width=\"179\">40-45 km (1 bater\u00eda)<br \/>\n80-90 km (2 bater\u00edas)<\/td>\n<td style=\"font-weight: 400;\" width=\"51\">65-70 km<\/td>\n<\/tr>\n<tr>\n<td style=\"font-weight: 400;\" width=\"149\"><strong>Pantalla\/tablero<\/strong><\/td>\n<td style=\"font-weight: 400;\" width=\"179\">Instrumento mec\u00e1nico cl\u00e1sico<\/td>\n<td style=\"font-weight: 400;\" width=\"51\">pantalla de cristal l\u00edquido<\/td>\n<\/tr>\n<tr>\n<td style=\"font-weight: 400;\" width=\"149\"><strong>Neum\u00e1tico<\/strong><\/td>\n<td style=\"font-weight: 400;\" width=\"179\">Neum\u00e1tico sin c\u00e1mara F &amp; R 110\/90-10<\/td>\n<td style=\"font-weight: 400;\" width=\"51\">Neum\u00e1tico sin c\u00e1mara F &amp; R 120\/70-12<\/td>\n<\/tr>\n<\/tbody>\n<\/table>\n<h5>Accesorios personalizados para el parachoques delantero y trasero, caja de almacenamiento adicional, soporte para tel\u00e9fono a tu elecci\u00f3n.<\/h5>\n<p><img loading=\"lazy\" decoding=\"async\" class=\"aligncenter wp-image-4882\" src=\"http:\/\/linkseride.com\/wp-content\/uploads\/2020\/10\/accessories.jpg\" alt=\"Accesorios para scooters el\u00e9ctricos Ciclomotores el\u00e9ctricos retro\" width=\"1445\" height=\"292\" srcset=\"https:\/\/www.linkseride.com\/wp-content\/uploads\/2020\/10\/accessories.jpg 1024w, https:\/\/www.linkseride.com\/wp-content\/uploads\/2020\/10\/accessories-300x61.jpg 300w, https:\/\/www.linkseride.com\/wp-content\/uploads\/2020\/10\/accessories-768x155.jpg 768w, https:\/\/www.linkseride.com\/wp-content\/uploads\/2020\/10\/accessories-600x121.jpg 600w\" sizes=\"(max-width: 1445px) 100vw, 1445px\" \/><\/p>\n<p>Aqu\u00ed puedes encontrar m\u00e1s videos de presentaci\u00f3n:\u00a0<a href=\"https:\/\/www.youtube.com\/channel\/UCw4wsO7M_kRsCHTxcFeqTAA\" target=\"_blank\" rel=\"noopener\">https:\/\/www.youtube.com\/channel\/UCw4wsO7M_kRsCHTxcFeqTAA<\/a><\/p>\n<div class=\"ast-oembed-container\" style=\"height: 100%;\"><iframe title=\"LinksEride 3000W Electric Moped Scooter Comparison Intro\" width=\"500\" height=\"281\" src=\"https:\/\/www.youtube.com\/embed\/gFE4BsTcyfc?feature=oembed\" frameborder=\"0\" allow=\"accelerometer; autoplay; clipboard-write; encrypted-media; gyroscope; picture-in-picture; web-share\" referrerpolicy=\"strict-origin-when-cross-origin\" allowfullscreen><\/iframe><\/div>\n<p>Si est\u00e1 buscando un ciclomotor L1e (45 km\/h) de este modelo retro el\u00e9ctrico, puede encontrar informaci\u00f3n detallada. <a href=\"https:\/\/www.linkseride.com\/es_co\/retro-electric-moped-manufacturer\/\">aqu\u00ed<\/a>.<\/p>","protected":false},"excerpt":{"rendered":"<p>\u25cf Certificados: Homologado para circular por carretera con certificados EEC, COC y UN38.3.<\/p>\n<p>\u25cf Ciclomotor el\u00e9ctrico retro de 3000 W, moderno y respetuoso con el medio ambiente.<\/p>\n<p>\u25cf La bater\u00eda recargable de iones de litio de 60 V y 40 Ah de la marca LG ofrece una autonom\u00eda de hasta 70 km (44 millas) de placer de conducci\u00f3n.<\/p>\n<p>\u25cf Motor el\u00e9ctrico: 3000 W, pu\u00f1o giratorio, velocidad variable, acelerador, alto par motor, velocidad m\u00e1xima de 65 km\/h (41 mph).<\/p>\n<p>\u25cf Color: varios colores para elegir.<\/p>","protected":false},"featured_media":1923,"template":"","meta":{"site-sidebar-layout":"default","site-content-layout":"default","ast-site-content-layout":"default","site-content-style":"default","site-sidebar-style":"default","ast-global-header-display":"","ast-banner-title-visibility":"","ast-main-header-display":"","ast-hfb-above-header-display":"","ast-hfb-below-header-display":"","ast-hfb-mobile-header-display":"","site-post-title":"","ast-breadcrumbs-content":"","ast-featured-img":"","footer-sml-layout":"","ast-disable-related-posts":"","theme-transparent-header-meta":"default","adv-header-id-meta":"","stick-header-meta":"","header-above-stick-meta":"","header-main-stick-meta":"","header-below-stick-meta":"","astra-migrate-meta-layouts":"set","ast-page-background-enabled":"default","ast-page-background-meta":{"desktop":{"background-color":"","background-image":"","background-repeat":"repeat","background-position":"center center","background-size":"auto","background-attachment":"scroll","background-type":"","background-media":"","overlay-type":"","overlay-color":"","overlay-opacity":"","overlay-gradient":""},"tablet":{"background-color":"","background-image":"","background-repeat":"repeat","background-position":"center center","background-size":"auto","background-attachment":"scroll","background-type":"","background-media":"","overlay-type":"","overlay-color":"","overlay-opacity":"","overlay-gradient":""},"mobile":{"background-color":"","background-image":"","background-repeat":"repeat","background-position":"center center","background-size":"auto","background-attachment":"scroll","background-type":"","background-media":"","overlay-type":"","overlay-color":"","overlay-opacity":"","overlay-gradient":""}},"ast-content-background-meta":{"desktop":{"background-color":"var(--ast-global-color-5)","background-image":"","background-repeat":"repeat","background-position":"center center","background-size":"auto","background-attachment":"scroll","background-type":"","background-media":"","overlay-type":"","overlay-color":"","overlay-opacity":"","overlay-gradient":""},"tablet":{"background-color":"var(--ast-global-color-5)","background-image":"","background-repeat":"repeat","background-position":"center center","background-size":"auto","background-attachment":"scroll","background-type":"","background-media":"","overlay-type":"","overlay-color":"","overlay-opacity":"","overlay-gradient":""},"mobile":{"background-color":"var(--ast-global-color-5)","background-image":"","background-repeat":"repeat","background-position":"center center","background-size":"auto","background-attachment":"scroll","background-type":"","background-media":"","overlay-type":"","overlay-color":"","overlay-opacity":"","overlay-gradient":""}}},"product_brand":[],"product_cat":[26],"product_tag":[],"class_list":{"0":"post-1773","1":"product","2":"type-product","3":"status-publish","4":"has-post-thumbnail","6":"product_cat-electric-moped","7":"desktop-align-left","8":"tablet-align-left","9":"mobile-align-left","11":"first","12":"instock","13":"shipping-taxable","14":"purchasable","15":"product-type-simple"},"_links":{"self":[{"href":"https:\/\/www.linkseride.com\/es_co\/wp-json\/wp\/v2\/product\/1773","targetHints":{"allow":["GET"]}}],"collection":[{"href":"https:\/\/www.linkseride.com\/es_co\/wp-json\/wp\/v2\/product"}],"about":[{"href":"https:\/\/www.linkseride.com\/es_co\/wp-json\/wp\/v2\/types\/product"}],"wp:featuredmedia":[{"embeddable":true,"href":"https:\/\/www.linkseride.com\/es_co\/wp-json\/wp\/v2\/media\/1923"}],"wp:attachment":[{"href":"https:\/\/www.linkseride.com\/es_co\/wp-json\/wp\/v2\/media?parent=1773"}],"wp:term":[{"taxonomy":"product_brand","embeddable":true,"href":"https:\/\/www.linkseride.com\/es_co\/wp-json\/wp\/v2\/product_brand?post=1773"},{"taxonomy":"product_cat","embeddable":true,"href":"https:\/\/www.linkseride.com\/es_co\/wp-json\/wp\/v2\/product_cat?post=1773"},{"taxonomy":"product_tag","embeddable":true,"href":"https:\/\/www.linkseride.com\/es_co\/wp-json\/wp\/v2\/product_tag?post=1773"}],"curies":[{"name":"wp","href":"https:\/\/api.w.org\/{rel}","templated":true}]}}