{"id":1858,"date":"2020-10-25T05:12:47","date_gmt":"2020-10-25T05:12:47","guid":{"rendered":"http:\/\/linkseride.com\/?post_type=product&#038;p=1858"},"modified":"2021-08-28T08:14:10","modified_gmt":"2021-08-28T08:14:10","slug":"scooter-electrico-swan-de-3000-w-homologado-para-circular-por-carretera","status":"publish","type":"product","link":"https:\/\/www.linkseride.com\/es_co\/product\/swan-3000w-road-legal-electric-scooter\/","title":{"rendered":"LEM-03 Swan 3000W: elegante scooter el\u00e9ctrico homologado para circular por carretera"},"content":{"rendered":"<p>Otro modelo de SWAN ofrece una nueva propuesta en el \u00e1mbito de los patinetes el\u00e9ctricos. Se trata, adem\u00e1s, de un patinete el\u00e9ctrico homologado para circular por la v\u00eda p\u00fablica con certificado L1e. Swan combina las siguientes ventajas: elegancia, aceleraci\u00f3n, comodidad y control. El ciclomotor es muy c\u00f3modo porque el amortiguador y la horquilla delantera combinan bien y est\u00e1n fabricados con materiales de alta calidad que garantizan un buen agarre a la carretera y una gran comodidad. Aunque se trata de una opini\u00f3n muy subjetiva, la serie LEM-03 es elegante, un compromiso perfecto entre el esp\u00edritu retro y el moderno.<\/p>\n<div id='gallery-1' class='gallery galleryid-1858 gallery-columns-4 gallery-size-full'><figure class='gallery-item'>\n\t\t\t<div class='gallery-icon landscape'>\n\t\t\t\t<img fetchpriority=\"high\" decoding=\"async\" width=\"645\" height=\"360\" src=\"https:\/\/www.linkseride.com\/wp-content\/uploads\/2020\/10\/1-7.jpg\" class=\"attachment-full size-full\" alt=\"moto el\u00e9ctrica homologada para circular por carretera\" srcset=\"https:\/\/www.linkseride.com\/wp-content\/uploads\/2020\/10\/1-7.jpg 645w, https:\/\/www.linkseride.com\/wp-content\/uploads\/2020\/10\/1-7-300x167.jpg 300w, https:\/\/www.linkseride.com\/wp-content\/uploads\/2020\/10\/1-7-600x335.jpg 600w\" sizes=\"(max-width: 645px) 100vw, 645px\" \/>\n\t\t\t<\/div><\/figure><figure class='gallery-item'>\n\t\t\t<div class='gallery-icon landscape'>\n\t\t\t\t<img decoding=\"async\" width=\"645\" height=\"360\" src=\"https:\/\/www.linkseride.com\/wp-content\/uploads\/2020\/10\/2-7.jpg\" class=\"attachment-full size-full\" alt=\"moto el\u00e9ctrica homologada para circular por carretera\" srcset=\"https:\/\/www.linkseride.com\/wp-content\/uploads\/2020\/10\/2-7.jpg 645w, https:\/\/www.linkseride.com\/wp-content\/uploads\/2020\/10\/2-7-300x167.jpg 300w, https:\/\/www.linkseride.com\/wp-content\/uploads\/2020\/10\/2-7-600x335.jpg 600w\" sizes=\"(max-width: 645px) 100vw, 645px\" \/>\n\t\t\t<\/div><\/figure><figure class='gallery-item'>\n\t\t\t<div class='gallery-icon landscape'>\n\t\t\t\t<img decoding=\"async\" width=\"645\" height=\"360\" src=\"https:\/\/www.linkseride.com\/wp-content\/uploads\/2020\/10\/3-7.jpg\" class=\"attachment-full size-full\" alt=\"moto el\u00e9ctrica homologada para circular por carretera\" srcset=\"https:\/\/www.linkseride.com\/wp-content\/uploads\/2020\/10\/3-7.jpg 645w, https:\/\/www.linkseride.com\/wp-content\/uploads\/2020\/10\/3-7-300x167.jpg 300w, https:\/\/www.linkseride.com\/wp-content\/uploads\/2020\/10\/3-7-600x335.jpg 600w\" sizes=\"(max-width: 645px) 100vw, 645px\" \/>\n\t\t\t<\/div><\/figure><figure class='gallery-item'>\n\t\t\t<div class='gallery-icon landscape'>\n\t\t\t\t<img loading=\"lazy\" decoding=\"async\" width=\"645\" height=\"360\" src=\"https:\/\/www.linkseride.com\/wp-content\/uploads\/2020\/10\/5-5.jpg\" class=\"attachment-full size-full\" alt=\"\" srcset=\"https:\/\/www.linkseride.com\/wp-content\/uploads\/2020\/10\/5-5.jpg 645w, https:\/\/www.linkseride.com\/wp-content\/uploads\/2020\/10\/5-5-300x167.jpg 300w, https:\/\/www.linkseride.com\/wp-content\/uploads\/2020\/10\/5-5-600x335.jpg 600w\" sizes=\"(max-width: 645px) 100vw, 645px\" \/>\n\t\t\t<\/div><\/figure>\n\t\t<\/div>\n\n<h4>Caracter\u00edsticas detalladas del patinete el\u00e9ctrico homologado para circular por la v\u00eda p\u00fablica<\/h4>\n<h5 class=\"h5--accent strong home--uppercase\">Llantas sin c\u00e1mara de aluminio de 12\u2033<\/h5>\n<div class=\"rte\">\n<p>Los neum\u00e1ticos sin c\u00e1mara tienen un mejor sellado y estabilidad, lo que puede reducir en gran medida el riesgo de revent\u00f3n. El dise\u00f1o del tal\u00f3n, m\u00e1s ancho y grueso, garantiza que los neum\u00e1ticos sin c\u00e1mara sean menos propensos a reventar y protegen la llanta.<\/p>\n<\/div>\n<div id='gallery-2' class='gallery galleryid-1858 gallery-columns-2 gallery-size-full'><figure class='gallery-item'>\n\t\t\t<div class='gallery-icon landscape'>\n\t\t\t\t<img loading=\"lazy\" decoding=\"async\" width=\"645\" height=\"360\" src=\"https:\/\/www.linkseride.com\/wp-content\/uploads\/2020\/10\/front-tire-2.jpg\" class=\"attachment-full size-full\" alt=\"moto el\u00e9ctrica homologada para circular por carretera\" srcset=\"https:\/\/www.linkseride.com\/wp-content\/uploads\/2020\/10\/front-tire-2.jpg 645w, https:\/\/www.linkseride.com\/wp-content\/uploads\/2020\/10\/front-tire-2-300x167.jpg 300w, https:\/\/www.linkseride.com\/wp-content\/uploads\/2020\/10\/front-tire-2-600x335.jpg 600w\" sizes=\"(max-width: 645px) 100vw, 645px\" \/>\n\t\t\t<\/div><\/figure><figure class='gallery-item'>\n\t\t\t<div class='gallery-icon landscape'>\n\t\t\t\t<img loading=\"lazy\" decoding=\"async\" width=\"645\" height=\"360\" src=\"https:\/\/www.linkseride.com\/wp-content\/uploads\/2020\/10\/rear-tire.jpg\" class=\"attachment-full size-full\" alt=\"\" srcset=\"https:\/\/www.linkseride.com\/wp-content\/uploads\/2020\/10\/rear-tire.jpg 645w, https:\/\/www.linkseride.com\/wp-content\/uploads\/2020\/10\/rear-tire-300x167.jpg 300w, https:\/\/www.linkseride.com\/wp-content\/uploads\/2020\/10\/rear-tire-600x335.jpg 600w\" sizes=\"(max-width: 645px) 100vw, 645px\" \/>\n\t\t\t<\/div><\/figure>\n\t\t<\/div>\n\n<h5 class=\"h5--accent strong home--uppercase\">Sistema de arranque con llave en dos pasos y compartimento delantero con cargador USB<\/h5>\n<div class=\"rte\">\n<p>Sistema de arranque en dos pasos para garantizar que no te roben tu patinete el\u00e9ctrico. Para arrancarlo, primero debes usar la parte superior de la llave para desbloquear la cerradura y luego ponerlo en marcha. Caja de almacenamiento delantera para guardar algunos de tus objetos personales y cargador USB para cargar tu tel\u00e9fono inteligente.<\/p>\n<\/div>\n<div class=\"rte\">\n<div id='gallery-3' class='gallery galleryid-1858 gallery-columns-2 gallery-size-full'><figure class='gallery-item'>\n\t\t\t<div class='gallery-icon landscape'>\n\t\t\t\t<img loading=\"lazy\" decoding=\"async\" width=\"645\" height=\"360\" src=\"https:\/\/www.linkseride.com\/wp-content\/uploads\/2020\/10\/front-storage.jpg\" class=\"attachment-full size-full\" alt=\"\" srcset=\"https:\/\/www.linkseride.com\/wp-content\/uploads\/2020\/10\/front-storage.jpg 645w, https:\/\/www.linkseride.com\/wp-content\/uploads\/2020\/10\/front-storage-300x167.jpg 300w, https:\/\/www.linkseride.com\/wp-content\/uploads\/2020\/10\/front-storage-600x335.jpg 600w\" sizes=\"(max-width: 645px) 100vw, 645px\" \/>\n\t\t\t<\/div><\/figure><figure class='gallery-item'>\n\t\t\t<div class='gallery-icon landscape'>\n\t\t\t\t<img loading=\"lazy\" decoding=\"async\" width=\"645\" height=\"360\" src=\"https:\/\/www.linkseride.com\/wp-content\/uploads\/2020\/10\/key-keyhole.jpg\" class=\"attachment-full size-full\" alt=\"\" srcset=\"https:\/\/www.linkseride.com\/wp-content\/uploads\/2020\/10\/key-keyhole.jpg 645w, https:\/\/www.linkseride.com\/wp-content\/uploads\/2020\/10\/key-keyhole-300x167.jpg 300w, https:\/\/www.linkseride.com\/wp-content\/uploads\/2020\/10\/key-keyhole-600x335.jpg 600w\" sizes=\"(max-width: 645px) 100vw, 645px\" \/>\n\t\t\t<\/div><\/figure>\n\t\t<\/div>\n\n<div class=\"rte\">\n<div class=\"rte\">\n<p>&nbsp;<\/p>\n<p>Aqu\u00ed puedes encontrar m\u00e1s videos de presentaci\u00f3n:\u00a0<a href=\"https:\/\/www.youtube.com\/channel\/UCw4wsO7M_kRsCHTxcFeqTAA\" target=\"_blank\" rel=\"noopener\">https:\/\/www.youtube.com\/channel\/UCw4wsO7M_kRsCHTxcFeqTAA<\/a><\/p>\n<\/div>\n<\/div>\n<\/div>\n<div class=\"ast-oembed-container\" style=\"height: 100%;\"><iframe title=\"Revisi\u00f3n completa del patinete el\u00e9ctrico Swan de 3000 W y 45 km\/h (2021) de la marca china LinksEride\" width=\"500\" height=\"281\" src=\"https:\/\/www.youtube.com\/embed\/oG5chtIj_d4?feature=oembed\" frameborder=\"0\" allow=\"accelerometer; autoplay; clipboard-write; encrypted-media; gyroscope; picture-in-picture; web-share\" referrerpolicy=\"strict-origin-when-cross-origin\" allowfullscreen><\/iframe><\/div>\n<p>El patinete el\u00e9ctrico Swan, homologado para circular por la v\u00eda p\u00fablica, es sin duda una excelente alternativa \u2014y, en mi opini\u00f3n, mejor\u2014 a una moto de gasolina equivalente, as\u00ed como una soluci\u00f3n ideal para los desplazamientos diarios. Es una moto con un dise\u00f1o atractivo desde cualquier \u00e1ngulo; resulta muy agradable a la vista. Contamos con una versi\u00f3n mejorada con un motor de 4000 W y una velocidad m\u00e1xima de 75 km\/h.<a href=\"https:\/\/www.linkseride.com\/es_co\/product\/scooter-electrico-de-alta-velocidad-swan-4000-w\/\" target=\"_blank\" rel=\"noopener\"> Versi\u00f3n L3e, haz clic aqu\u00ed. <\/a><\/p>","protected":false},"excerpt":{"rendered":"<p>\u25cf Certificados: Patinete el\u00e9ctrico homologado para circular por la v\u00eda p\u00fablica con certificados EEC, COC y UN38.3<\/p>\n<p>\u25cfCapacidad de la bater\u00eda: 72 V\/40 Ah (84 V a plena carga, 72 V nominal) para garantizar una autonom\u00eda de 70 km (44 millas) a velocidad constante<\/p>\n<p>\u25cf Equipado con un potente motor sin escobillas QS de 3000 W. No necesita calentarse. Sin emisiones. Gira el acelerador y arranca. La velocidad m\u00e1xima alcanza los 45 km\/h (28 mph).<\/p>\n<p>\u25cf Frenos de disco delanteros y traseros para mayor seguridad. \u00a1Amortiguadores hidr\u00e1ulicos delanteros y traseros para un m\u00e1ximo confort!<\/p>\n<p>\u25cf Puerto USB de carga disponible para tu tel\u00e9fono<\/p>\n<p>\u25cf Venta directa de f\u00e1brica, ofrecemos productos personalizados y de marca OEM<\/p>\n<p>&nbsp;<\/p>","protected":false},"featured_media":1859,"template":"","meta":{"site-sidebar-layout":"default","site-content-layout":"default","ast-site-content-layout":"default","site-content-style":"default","site-sidebar-style":"default","ast-global-header-display":"","ast-banner-title-visibility":"","ast-main-header-display":"","ast-hfb-above-header-display":"","ast-hfb-below-header-display":"","ast-hfb-mobile-header-display":"","site-post-title":"","ast-breadcrumbs-content":"","ast-featured-img":"","footer-sml-layout":"","ast-disable-related-posts":"","theme-transparent-header-meta":"default","adv-header-id-meta":"","stick-header-meta":"","header-above-stick-meta":"","header-main-stick-meta":"","header-below-stick-meta":"","astra-migrate-meta-layouts":"default","ast-page-background-enabled":"default","ast-page-background-meta":{"desktop":{"background-color":"","background-image":"","background-repeat":"repeat","background-position":"center center","background-size":"auto","background-attachment":"scroll","background-type":"","background-media":"","overlay-type":"","overlay-color":"","overlay-opacity":"","overlay-gradient":""},"tablet":{"background-color":"","background-image":"","background-repeat":"repeat","background-position":"center center","background-size":"auto","background-attachment":"scroll","background-type":"","background-media":"","overlay-type":"","overlay-color":"","overlay-opacity":"","overlay-gradient":""},"mobile":{"background-color":"","background-image":"","background-repeat":"repeat","background-position":"center center","background-size":"auto","background-attachment":"scroll","background-type":"","background-media":"","overlay-type":"","overlay-color":"","overlay-opacity":"","overlay-gradient":""}},"ast-content-background-meta":{"desktop":{"background-color":"var(--ast-global-color-5)","background-image":"","background-repeat":"repeat","background-position":"center center","background-size":"auto","background-attachment":"scroll","background-type":"","background-media":"","overlay-type":"","overlay-color":"","overlay-opacity":"","overlay-gradient":""},"tablet":{"background-color":"var(--ast-global-color-5)","background-image":"","background-repeat":"repeat","background-position":"center center","background-size":"auto","background-attachment":"scroll","background-type":"","background-media":"","overlay-type":"","overlay-color":"","overlay-opacity":"","overlay-gradient":""},"mobile":{"background-color":"var(--ast-global-color-5)","background-image":"","background-repeat":"repeat","background-position":"center center","background-size":"auto","background-attachment":"scroll","background-type":"","background-media":"","overlay-type":"","overlay-color":"","overlay-opacity":"","overlay-gradient":""}}},"product_brand":[],"product_cat":[26],"product_tag":[],"class_list":{"0":"post-1858","1":"product","2":"type-product","3":"status-publish","4":"has-post-thumbnail","6":"product_cat-electric-moped","7":"desktop-align-left","8":"tablet-align-left","9":"mobile-align-left","11":"first","12":"instock","13":"shipping-taxable","14":"purchasable","15":"product-type-simple"},"_links":{"self":[{"href":"https:\/\/www.linkseride.com\/es_co\/wp-json\/wp\/v2\/product\/1858","targetHints":{"allow":["GET"]}}],"collection":[{"href":"https:\/\/www.linkseride.com\/es_co\/wp-json\/wp\/v2\/product"}],"about":[{"href":"https:\/\/www.linkseride.com\/es_co\/wp-json\/wp\/v2\/types\/product"}],"wp:featuredmedia":[{"embeddable":true,"href":"https:\/\/www.linkseride.com\/es_co\/wp-json\/wp\/v2\/media\/1859"}],"wp:attachment":[{"href":"https:\/\/www.linkseride.com\/es_co\/wp-json\/wp\/v2\/media?parent=1858"}],"wp:term":[{"taxonomy":"product_brand","embeddable":true,"href":"https:\/\/www.linkseride.com\/es_co\/wp-json\/wp\/v2\/product_brand?post=1858"},{"taxonomy":"product_cat","embeddable":true,"href":"https:\/\/www.linkseride.com\/es_co\/wp-json\/wp\/v2\/product_cat?post=1858"},{"taxonomy":"product_tag","embeddable":true,"href":"https:\/\/www.linkseride.com\/es_co\/wp-json\/wp\/v2\/product_tag?post=1858"}],"curies":[{"name":"wp","href":"https:\/\/api.w.org\/{rel}","templated":true}]}}