{"id":2788,"date":"2020-12-05T08:16:32","date_gmt":"2020-12-05T08:16:32","guid":{"rendered":"http:\/\/linkseride.com\/?post_type=product&#038;p=2788"},"modified":"2023-12-16T07:36:38","modified_gmt":"2023-12-16T07:36:38","slug":"4000w-fat-tire-electric-motorcycle","status":"publish","type":"product","link":"https:\/\/www.linkseride.com\/es_co\/product\/4000w-fat-tire-electric-motorcycle\/","title":{"rendered":"LEC-5.0 4000 W Motocicleta el\u00e9ctrica con neum\u00e1ticos gruesos Harley Citycoco Scooter"},"content":{"rendered":"<p>This legal 4000w fat tire electric motorcycle Harley has futuristic looks, latest technology. Supreme handling with performance to match. The latest electronic and battery technology coupled with an innovative frame and suspension design, give it a serious advantage in today\u2019s electric motorcycle market. Lots of adjustments available to the rider, creating a truly bespoke experience. From anodized foot-pegs to adjustable mono-shock rear suspensions and fully personalized seat covers and materials, this model is crafted around you. Equipped with stunningly clear lighting for main and dipped headlights. Turn those late-night, moody rides into exhilarating explorations with the model 5.0.<\/p>\n<p>We\u2019ve also got another new harley-shaped Citycoco scooter model, if you need more info, you can<a href=\"https:\/\/www.linkseride.com\/es_co\/fat-tire-scooter-electric\/\" target=\"_blank\" rel=\"noopener\">\u00a0Encu\u00e9ntralo aqu\u00ed.<\/a><\/p>\n<p>Aqu\u00ed puedes encontrar m\u00e1s videos de presentaci\u00f3n:\u00a0<a href=\"https:\/\/www.youtube.com\/c\/LinksErideTech\" target=\"_blank\" rel=\"noopener\">https:\/\/www.youtube.com\/c\/LinksErideTech<\/a><\/p>","protected":false},"excerpt":{"rendered":"<p>\u25cf 4000w Fat Tire Electric Motorcycle Harley Certs: Road legal with EEC, COC &amp; UN38.3 Certificate<\/p>\n<p>\u25cf Complete with a silent, low maintenance belt drive system, the 4000W motor was crafted to provide blistering yet smooth power and maximum torque, providing the ride of a lifetime<\/p>\n<p>\u25cf Ages: Adults | Max weight 165KG (364 lbs) | Max speed: 80 km\/h (50Mph)<\/p>\n<p>\u25cf Equipped with stunningly clear lighting for main and dipped headlights.<\/p>","protected":false},"featured_media":2789,"template":"","meta":{"site-sidebar-layout":"default","site-content-layout":"default","ast-site-content-layout":"default","site-content-style":"default","site-sidebar-style":"default","ast-global-header-display":"","ast-banner-title-visibility":"","ast-main-header-display":"","ast-hfb-above-header-display":"","ast-hfb-below-header-display":"","ast-hfb-mobile-header-display":"","site-post-title":"","ast-breadcrumbs-content":"","ast-featured-img":"","footer-sml-layout":"","ast-disable-related-posts":"","theme-transparent-header-meta":"default","adv-header-id-meta":"","stick-header-meta":"","header-above-stick-meta":"","header-main-stick-meta":"","header-below-stick-meta":"","astra-migrate-meta-layouts":"set","ast-page-background-enabled":"default","ast-page-background-meta":{"desktop":{"background-color":"","background-image":"","background-repeat":"repeat","background-position":"center center","background-size":"auto","background-attachment":"scroll","background-type":"","background-media":"","overlay-type":"","overlay-color":"","overlay-opacity":"","overlay-gradient":""},"tablet":{"background-color":"","background-image":"","background-repeat":"repeat","background-position":"center center","background-size":"auto","background-attachment":"scroll","background-type":"","background-media":"","overlay-type":"","overlay-color":"","overlay-opacity":"","overlay-gradient":""},"mobile":{"background-color":"","background-image":"","background-repeat":"repeat","background-position":"center center","background-size":"auto","background-attachment":"scroll","background-type":"","background-media":"","overlay-type":"","overlay-color":"","overlay-opacity":"","overlay-gradient":""}},"ast-content-background-meta":{"desktop":{"background-color":"var(--ast-global-color-5)","background-image":"","background-repeat":"repeat","background-position":"center center","background-size":"auto","background-attachment":"scroll","background-type":"","background-media":"","overlay-type":"","overlay-color":"","overlay-opacity":"","overlay-gradient":""},"tablet":{"background-color":"var(--ast-global-color-5)","background-image":"","background-repeat":"repeat","background-position":"center center","background-size":"auto","background-attachment":"scroll","background-type":"","background-media":"","overlay-type":"","overlay-color":"","overlay-opacity":"","overlay-gradient":""},"mobile":{"background-color":"var(--ast-global-color-5)","background-image":"","background-repeat":"repeat","background-position":"center center","background-size":"auto","background-attachment":"scroll","background-type":"","background-media":"","overlay-type":"","overlay-color":"","overlay-opacity":"","overlay-gradient":""}}},"product_brand":[],"product_cat":[27],"product_tag":[],"class_list":{"0":"post-2788","1":"product","2":"type-product","3":"status-publish","4":"has-post-thumbnail","6":"product_cat-electric-motorcycle","7":"desktop-align-left","8":"tablet-align-left","9":"mobile-align-left","11":"first","12":"instock","13":"shipping-taxable","14":"purchasable","15":"product-type-simple"},"_links":{"self":[{"href":"https:\/\/www.linkseride.com\/es_co\/wp-json\/wp\/v2\/product\/2788","targetHints":{"allow":["GET"]}}],"collection":[{"href":"https:\/\/www.linkseride.com\/es_co\/wp-json\/wp\/v2\/product"}],"about":[{"href":"https:\/\/www.linkseride.com\/es_co\/wp-json\/wp\/v2\/types\/product"}],"wp:featuredmedia":[{"embeddable":true,"href":"https:\/\/www.linkseride.com\/es_co\/wp-json\/wp\/v2\/media\/2789"}],"wp:attachment":[{"href":"https:\/\/www.linkseride.com\/es_co\/wp-json\/wp\/v2\/media?parent=2788"}],"wp:term":[{"taxonomy":"product_brand","embeddable":true,"href":"https:\/\/www.linkseride.com\/es_co\/wp-json\/wp\/v2\/product_brand?post=2788"},{"taxonomy":"product_cat","embeddable":true,"href":"https:\/\/www.linkseride.com\/es_co\/wp-json\/wp\/v2\/product_cat?post=2788"},{"taxonomy":"product_tag","embeddable":true,"href":"https:\/\/www.linkseride.com\/es_co\/wp-json\/wp\/v2\/product_tag?post=2788"}],"curies":[{"name":"wp","href":"https:\/\/api.w.org\/{rel}","templated":true}]}}