{"id":3463,"date":"2021-06-15T16:08:35","date_gmt":"2021-06-15T16:08:35","guid":{"rendered":"http:\/\/linkseride.com\/?post_type=product&#038;p=3463"},"modified":"2022-04-21T07:37:09","modified_gmt":"2022-04-21T07:37:09","slug":"patinete-con-neumaticos-gruesos-m2-2000-w-certificado-por-la-cee","status":"publish","type":"product","link":"https:\/\/www.linkseride.com\/es_co\/product\/m2-fat-tire-scooter-2000w-eec-proved\/","title":{"rendered":"Pat\u00edn el\u00e9ctrico M2 Fat Tire 2000 W con ruedas grandes, homologado por la CEE"},"content":{"rendered":"<p>Nos apasiona lo que estamos haciendo con nuestro futuro el\u00e9ctrico, incluyendo <strong>patinetes el\u00e9ctricos, <a href=\"https:\/\/www.linkseride.com\/es_co\/fabricante-de-motocicletas-electricas\/\" target=\"_blank\" rel=\"noopener\">patineta con llantas gruesas<\/a>, <a href=\"https:\/\/www.linkseride.com\/es_co\/fabricante-de-motocicletas-electricas\/\" target=\"_blank\" rel=\"noopener\">patineta citycoco<\/a>, <a href=\"https:\/\/www.linkseride.com\/es_co\/fabricante-de-ciclomotores-electricos\/\" target=\"_blank\" rel=\"noopener\">ciclomotor el\u00e9ctrico<\/a><\/strong> y dem\u00e1s.<\/p>\n<p>La versi\u00f3n Links M2 Fat Tire Scooter 2000W viene con un motor QS de 2000W y una bater\u00eda de litio de 60v 12ah\/20ah\/30ah\/40ah opcional para que elijas. Este modelo de nuevo dise\u00f1o est\u00e1 hecho especialmente para las mujeres, con el pedal como se muestra a continuaci\u00f3n.<\/p>\n<div id='gallery-1' class='gallery galleryid-3463 gallery-columns-2 gallery-size-full'><figure class='gallery-item'>\n\t\t\t<div class='gallery-icon landscape'>\n\t\t\t\t<img fetchpriority=\"high\" decoding=\"async\" width=\"2048\" height=\"1365\" src=\"https:\/\/www.linkseride.com\/wp-content\/uploads\/2021\/06\/Fat-Tire-Scooter-2000W-2.jpeg\" class=\"attachment-full size-full\" alt=\"Fabricante de patinetes el\u00e9ctricos Fat Tire Scooter 2000W\" srcset=\"https:\/\/www.linkseride.com\/wp-content\/uploads\/2021\/06\/Fat-Tire-Scooter-2000W-2.jpeg 2048w, https:\/\/www.linkseride.com\/wp-content\/uploads\/2021\/06\/Fat-Tire-Scooter-2000W-2-300x200.jpeg 300w, https:\/\/www.linkseride.com\/wp-content\/uploads\/2021\/06\/Fat-Tire-Scooter-2000W-2-1024x683.jpeg 1024w, https:\/\/www.linkseride.com\/wp-content\/uploads\/2021\/06\/Fat-Tire-Scooter-2000W-2-768x512.jpeg 768w, https:\/\/www.linkseride.com\/wp-content\/uploads\/2021\/06\/Fat-Tire-Scooter-2000W-2-1536x1024.jpeg 1536w, https:\/\/www.linkseride.com\/wp-content\/uploads\/2021\/06\/Fat-Tire-Scooter-2000W-2-600x400.jpeg 600w\" sizes=\"(max-width: 2048px) 100vw, 2048px\" \/>\n\t\t\t<\/div><\/figure><figure class='gallery-item'>\n\t\t\t<div class='gallery-icon landscape'>\n\t\t\t\t<img decoding=\"async\" width=\"2048\" height=\"1365\" src=\"https:\/\/www.linkseride.com\/wp-content\/uploads\/2021\/06\/Fat-Tire-Scooter-2000W-2-copy.jpg\" class=\"attachment-full size-full\" alt=\"fabricante de patinetes el\u00e9ctricos de 2000 W con neum\u00e1ticos gruesos\" srcset=\"https:\/\/www.linkseride.com\/wp-content\/uploads\/2021\/06\/Fat-Tire-Scooter-2000W-2-copy.jpg 2048w, https:\/\/www.linkseride.com\/wp-content\/uploads\/2021\/06\/Fat-Tire-Scooter-2000W-2-copy-300x200.jpg 300w, https:\/\/www.linkseride.com\/wp-content\/uploads\/2021\/06\/Fat-Tire-Scooter-2000W-2-copy-1024x683.jpg 1024w, https:\/\/www.linkseride.com\/wp-content\/uploads\/2021\/06\/Fat-Tire-Scooter-2000W-2-copy-768x512.jpg 768w, https:\/\/www.linkseride.com\/wp-content\/uploads\/2021\/06\/Fat-Tire-Scooter-2000W-2-copy-1536x1024.jpg 1536w, https:\/\/www.linkseride.com\/wp-content\/uploads\/2021\/06\/Fat-Tire-Scooter-2000W-2-copy-600x400.jpg 600w\" sizes=\"(max-width: 2048px) 100vw, 2048px\" \/>\n\t\t\t<\/div><\/figure>\n\t\t<\/div>\n\n<h2>\u00bfCu\u00e1les son las caracter\u00edsticas principales de este patineta Fat Tire Scooter 2000W?<\/h2>\n<ul>\n<li>Env\u00edo gratuito a domicilio con transporte en cami\u00f3n. Tr\u00e1nsito de 7 a 10 d\u00edas en Estados Unidos.<\/li>\n<li>La bater\u00eda de iones de litio intercambiable de 40 Ah garantiza una autonom\u00eda m\u00e1xima de 96 km.<\/li>\n<li>3 marchas para diferentes velocidades: 28 mph, 35 mph, 48 mph<\/li>\n<li>Freno de disco hidr\u00e1ulico delantero y trasero<\/li>\n<li>Asiento amplio y c\u00f3modo con capacidad para dos personas.<\/li>\n<\/ul>\n<table>\n<tbody>\n<tr>\n<td>Potencia del motor<\/td>\n<td>3000 W\/4000 W<\/td>\n<\/tr>\n<tr>\n<td>Velocidad m\u00e1xima<\/td>\n<td>77 km\/h<\/td>\n<\/tr>\n<tr>\n<td>Alcance m\u00e1ximo<\/td>\n<td>60 millas dependiendo del terreno y el peso<\/td>\n<\/tr>\n<tr>\n<td>capacidad de la bater\u00eda<\/td>\n<td>60 V 30 Ah\/60 V 40 Ah<\/td>\n<\/tr>\n<tr>\n<td>Material del armaz\u00f3n<\/td>\n<td>Tubo de acero sin soldadura<\/td>\n<\/tr>\n<tr>\n<td>Llantas<\/td>\n<td>12 pulgadas<\/td>\n<\/tr>\n<tr>\n<td>Carga m\u00e1xima<\/td>\n<td>200 kg<\/td>\n<\/tr>\n<tr>\n<td>Escalada m\u00e1xima<\/td>\n<td>30\u00b0<\/td>\n<\/tr>\n<tr>\n<td>Freno<\/td>\n<td>Freno de disco hidr\u00e1ulico delantero y trasero<\/td>\n<\/tr>\n<tr>\n<td>Tama\u00f1o del empaque<\/td>\n<td>182 x 37,5 x 77 cm<\/td>\n<\/tr>\n<tr>\n<td>N.W\/G.W<\/td>\n<td>87 kg\/76 kg<\/td>\n<\/tr>\n<\/tbody>\n<\/table>\n<p>&nbsp;<\/p>\n<div class=\"rte\">\n<div class=\"rte\"><\/div>\n<\/div>\n<div class=\"ast-oembed-container\" style=\"height: 100%;\"><iframe title=\"M2 Electric Scooter Chopper Scooter Fat Tire Citycoco with 2000w 3000w 45ah 65km:h 100km+ range\" width=\"500\" height=\"281\" src=\"https:\/\/www.youtube.com\/embed\/c41lu7iZSfk?feature=oembed\" frameborder=\"0\" allow=\"accelerometer; autoplay; clipboard-write; encrypted-media; gyroscope; picture-in-picture; web-share\" referrerpolicy=\"strict-origin-when-cross-origin\" allowfullscreen><\/iframe><\/div>","protected":false},"excerpt":{"rendered":"<p>\u25cf \u00daltimo modelo 2022 de patineta con llantas gruesas M2, versi\u00f3n elegante de 2000 W, decente, segura y r\u00e1pida.<\/p>\n<p>\u25cf El potente motor Maximin de 3000 W alcanza una velocidad m\u00e1xima de 75 km\/h (46,6 mph).<\/p>\n<p>\u25cf 3 velocidades diferentes: 28 mph, 35 mph, 48 mph<\/p>\n<p>\u25cf El dise\u00f1o de bater\u00eda de iones de litio extra\u00edble permite una carga f\u00e1cil en dos sentidos.<\/p>\n<p>\u25cf Las llantas anchas de 9.5\u2033 ayudan a mantener el equilibrio del patinete.<\/p>","protected":false},"featured_media":3471,"template":"","meta":{"site-sidebar-layout":"default","site-content-layout":"default","ast-site-content-layout":"default","site-content-style":"default","site-sidebar-style":"default","ast-global-header-display":"","ast-banner-title-visibility":"","ast-main-header-display":"","ast-hfb-above-header-display":"","ast-hfb-below-header-display":"","ast-hfb-mobile-header-display":"","site-post-title":"","ast-breadcrumbs-content":"","ast-featured-img":"","footer-sml-layout":"","ast-disable-related-posts":"","theme-transparent-header-meta":"default","adv-header-id-meta":"","stick-header-meta":"","header-above-stick-meta":"","header-main-stick-meta":"","header-below-stick-meta":"","astra-migrate-meta-layouts":"default","ast-page-background-enabled":"default","ast-page-background-meta":{"desktop":{"background-color":"","background-image":"","background-repeat":"repeat","background-position":"center center","background-size":"auto","background-attachment":"scroll","background-type":"","background-media":"","overlay-type":"","overlay-color":"","overlay-opacity":"","overlay-gradient":""},"tablet":{"background-color":"","background-image":"","background-repeat":"repeat","background-position":"center center","background-size":"auto","background-attachment":"scroll","background-type":"","background-media":"","overlay-type":"","overlay-color":"","overlay-opacity":"","overlay-gradient":""},"mobile":{"background-color":"","background-image":"","background-repeat":"repeat","background-position":"center center","background-size":"auto","background-attachment":"scroll","background-type":"","background-media":"","overlay-type":"","overlay-color":"","overlay-opacity":"","overlay-gradient":""}},"ast-content-background-meta":{"desktop":{"background-color":"var(--ast-global-color-5)","background-image":"","background-repeat":"repeat","background-position":"center center","background-size":"auto","background-attachment":"scroll","background-type":"","background-media":"","overlay-type":"","overlay-color":"","overlay-opacity":"","overlay-gradient":""},"tablet":{"background-color":"var(--ast-global-color-5)","background-image":"","background-repeat":"repeat","background-position":"center center","background-size":"auto","background-attachment":"scroll","background-type":"","background-media":"","overlay-type":"","overlay-color":"","overlay-opacity":"","overlay-gradient":""},"mobile":{"background-color":"var(--ast-global-color-5)","background-image":"","background-repeat":"repeat","background-position":"center center","background-size":"auto","background-attachment":"scroll","background-type":"","background-media":"","overlay-type":"","overlay-color":"","overlay-opacity":"","overlay-gradient":""}}},"product_brand":[],"product_cat":[27,28],"product_tag":[38],"class_list":{"0":"post-3463","1":"product","2":"type-product","3":"status-publish","4":"has-post-thumbnail","6":"product_cat-electric-motorcycle","7":"product_cat-electric-scooter","8":"product_tag-citycoco-scooter","9":"desktop-align-left","10":"tablet-align-left","11":"mobile-align-left","13":"first","14":"instock","15":"shipping-taxable","16":"product-type-simple"},"_links":{"self":[{"href":"https:\/\/www.linkseride.com\/es_co\/wp-json\/wp\/v2\/product\/3463","targetHints":{"allow":["GET"]}}],"collection":[{"href":"https:\/\/www.linkseride.com\/es_co\/wp-json\/wp\/v2\/product"}],"about":[{"href":"https:\/\/www.linkseride.com\/es_co\/wp-json\/wp\/v2\/types\/product"}],"wp:featuredmedia":[{"embeddable":true,"href":"https:\/\/www.linkseride.com\/es_co\/wp-json\/wp\/v2\/media\/3471"}],"wp:attachment":[{"href":"https:\/\/www.linkseride.com\/es_co\/wp-json\/wp\/v2\/media?parent=3463"}],"wp:term":[{"taxonomy":"product_brand","embeddable":true,"href":"https:\/\/www.linkseride.com\/es_co\/wp-json\/wp\/v2\/product_brand?post=3463"},{"taxonomy":"product_cat","embeddable":true,"href":"https:\/\/www.linkseride.com\/es_co\/wp-json\/wp\/v2\/product_cat?post=3463"},{"taxonomy":"product_tag","embeddable":true,"href":"https:\/\/www.linkseride.com\/es_co\/wp-json\/wp\/v2\/product_tag?post=3463"}],"curies":[{"name":"wp","href":"https:\/\/api.w.org\/{rel}","templated":true}]}}