{"id":5035,"date":"2021-11-22T07:01:58","date_gmt":"2021-11-22T07:01:58","guid":{"rendered":"http:\/\/linkseride.com\/?post_type=product&#038;p=5035"},"modified":"2021-12-05T14:27:02","modified_gmt":"2021-12-05T14:27:02","slug":"bicicleta-electrica-plegable-x7-e-pas-bike","status":"publish","type":"product","link":"https:\/\/www.linkseride.com\/es_co\/product\/x7-electric-folding-bike-e-pas-bike\/","title":{"rendered":"Bicicleta el\u00e9ctrica plegable X7 E-PAS BIKE"},"content":{"rendered":"<table width=\"100%\">\n<tbody>\n<tr>\n<td><img decoding=\"async\" class=\"aligncenter\" src=\"https:\/\/cdn.shopify.com\/s\/files\/1\/2721\/7242\/files\/power_100x100.png?v=1588931357\" alt=\"\" width=\"74\" height=\"74\" \/><\/td>\n<td>\n<h3 style=\"text-align: left;\">\u00a0<strong>MOTOR DE 700 W EN EL BUJE<\/strong><\/h3>\n<\/td>\n<td>\n<h4><img decoding=\"async\" class=\"aligncenter\" src=\"https:\/\/cdn.shopify.com\/s\/files\/1\/2721\/7242\/files\/1_89318afc-f1b5-47c6-ad35-68a19e133979_100x100.png?v=1588930275\" alt=\"\" width=\"83\" height=\"83\" \/><\/h4>\n<\/td>\n<td>\n<h3>VELOCIDAD M\u00c1XIMA\u00a0<strong>45 km\/h<\/strong><\/h3>\n<\/td>\n<\/tr>\n<tr>\n<td><img decoding=\"async\" class=\"aligncenter\" src=\"https:\/\/cdn.shopify.com\/s\/files\/1\/2721\/7242\/files\/battery_100x100.png?v=1588928843\" alt=\"\" width=\"77\" height=\"77\" \/><\/td>\n<td>\n<h3>48 V, 10,4 Ah<\/h3>\n<\/td>\n<td><img loading=\"lazy\" decoding=\"async\" class=\"aligncenter\" src=\"https:\/\/cdn.shopify.com\/s\/files\/1\/2721\/7242\/files\/1_7af7c125-e351-4f03-ab3e-65ee1e3fff60_100x100.png?v=1588930505\" alt=\"\" width=\"89\" height=\"89\" \/><\/td>\n<td>\n<h3><strong>55 MILLAS<\/strong><\/h3>\n<\/td>\n<\/tr>\n<tr>\n<td>\n<h3><img loading=\"lazy\" decoding=\"async\" class=\"aligncenter\" src=\"https:\/\/cdn.shopify.com\/s\/files\/1\/2721\/7242\/files\/7b98f62f920fff0dd3e96e643c93cc88_100x100.png?v=1588928533\" alt=\"\" width=\"87\" height=\"87\" \/><\/h3>\n<\/td>\n<td>\n<h3><strong>82 kg<\/strong> CARGA M\u00c1XIMA<\/h3>\n<\/td>\n<td>\n<h4><img loading=\"lazy\" decoding=\"async\" class=\"aligncenter\" src=\"https:\/\/cdn.shopify.com\/s\/files\/1\/2721\/7242\/files\/rider_100x100.png?v=1588930714\" alt=\"\" width=\"92\" height=\"92\" \/><\/h4>\n<\/td>\n<td>\n<h3>ALTURA DEL MOTOCICLISTA:\u00a0 <strong>1,63 m \u2013 1,96 m\u2019<\/strong><\/h3>\n<\/td>\n<\/tr>\n<\/tbody>\n<\/table>\n<p><!--more--><\/p>\n<h3><\/h3>\n<h3 style=\"text-align: center;\"><strong>QU\u00c9 INCLUYE\u00a0<\/strong><\/h3>\n<table width=\"100%\">\n<tbody>\n<tr>\n<td>La bicicleta en s\u00ed misma<\/td>\n<td>Luz delantera y luz de freno integradas<\/td>\n<\/tr>\n<tr>\n<td>Cargador y bater\u00eda<\/td>\n<td>Manual de usuario<\/td>\n<\/tr>\n<\/tbody>\n<\/table>\n<div id='gallery-1' class='gallery galleryid-5035 gallery-columns-3 gallery-size-full'><figure class='gallery-item'>\n\t\t\t<div class='gallery-icon portrait'>\n\t\t\t\t<img loading=\"lazy\" decoding=\"async\" width=\"1417\" height=\"1418\" src=\"https:\/\/www.linkseride.com\/wp-content\/uploads\/2021\/11\/X7-1.jpg\" class=\"attachment-full size-full\" alt=\"Bicicleta el\u00e9ctrica plegable X7\" srcset=\"https:\/\/www.linkseride.com\/wp-content\/uploads\/2021\/11\/X7-1.jpg 1417w, https:\/\/www.linkseride.com\/wp-content\/uploads\/2021\/11\/X7-1-300x300.jpg 300w, https:\/\/www.linkseride.com\/wp-content\/uploads\/2021\/11\/X7-1-1024x1024.jpg 1024w, https:\/\/www.linkseride.com\/wp-content\/uploads\/2021\/11\/X7-1-150x150.jpg 150w, https:\/\/www.linkseride.com\/wp-content\/uploads\/2021\/11\/X7-1-768x769.jpg 768w, https:\/\/www.linkseride.com\/wp-content\/uploads\/2021\/11\/X7-1-600x600.jpg 600w, https:\/\/www.linkseride.com\/wp-content\/uploads\/2021\/11\/X7-1-100x100.jpg 100w\" sizes=\"(max-width: 1417px) 100vw, 1417px\" \/>\n\t\t\t<\/div><\/figure><figure class='gallery-item'>\n\t\t\t<div class='gallery-icon portrait'>\n\t\t\t\t<img loading=\"lazy\" decoding=\"async\" width=\"1417\" height=\"1418\" src=\"https:\/\/www.linkseride.com\/wp-content\/uploads\/2021\/11\/X7-2.jpg\" class=\"attachment-full size-full\" alt=\"Bicicleta el\u00e9ctrica plegable X7\" srcset=\"https:\/\/www.linkseride.com\/wp-content\/uploads\/2021\/11\/X7-2.jpg 1417w, https:\/\/www.linkseride.com\/wp-content\/uploads\/2021\/11\/X7-2-300x300.jpg 300w, https:\/\/www.linkseride.com\/wp-content\/uploads\/2021\/11\/X7-2-1024x1024.jpg 1024w, https:\/\/www.linkseride.com\/wp-content\/uploads\/2021\/11\/X7-2-150x150.jpg 150w, https:\/\/www.linkseride.com\/wp-content\/uploads\/2021\/11\/X7-2-768x769.jpg 768w, https:\/\/www.linkseride.com\/wp-content\/uploads\/2021\/11\/X7-2-600x600.jpg 600w, https:\/\/www.linkseride.com\/wp-content\/uploads\/2021\/11\/X7-2-100x100.jpg 100w\" sizes=\"(max-width: 1417px) 100vw, 1417px\" \/>\n\t\t\t<\/div><\/figure><figure class='gallery-item'>\n\t\t\t<div class='gallery-icon portrait'>\n\t\t\t\t<img loading=\"lazy\" decoding=\"async\" width=\"1417\" height=\"1418\" src=\"https:\/\/www.linkseride.com\/wp-content\/uploads\/2021\/11\/X7-3.jpg\" class=\"attachment-full size-full\" alt=\"Bicicleta el\u00e9ctrica plegable X7\" srcset=\"https:\/\/www.linkseride.com\/wp-content\/uploads\/2021\/11\/X7-3.jpg 1417w, https:\/\/www.linkseride.com\/wp-content\/uploads\/2021\/11\/X7-3-300x300.jpg 300w, https:\/\/www.linkseride.com\/wp-content\/uploads\/2021\/11\/X7-3-1024x1024.jpg 1024w, https:\/\/www.linkseride.com\/wp-content\/uploads\/2021\/11\/X7-3-150x150.jpg 150w, https:\/\/www.linkseride.com\/wp-content\/uploads\/2021\/11\/X7-3-768x769.jpg 768w, https:\/\/www.linkseride.com\/wp-content\/uploads\/2021\/11\/X7-3-600x600.jpg 600w, https:\/\/www.linkseride.com\/wp-content\/uploads\/2021\/11\/X7-3-100x100.jpg 100w\" sizes=\"(max-width: 1417px) 100vw, 1417px\" \/>\n\t\t\t<\/div><\/figure>\n\t\t<\/div>\n\n<h3><\/h3>\n<h3 style=\"text-align: center;\"><strong>ESPECIFICACIONES<\/strong><\/h3>\n<table width=\"100%\">\n<tbody>\n<tr>\n<td>Motor: motor trasero sin escobillas de 750 W<\/td>\n<td>Bater\u00eda: bater\u00eda de litio LG de 48 V y 10,4 Ah.<\/td>\n<\/tr>\n<tr>\n<td>Cargador: 54,6 V, 2,0 Ah<\/td>\n<td>Controlador: Controlador inteligente de 18 A<\/td>\n<\/tr>\n<tr>\n<td>Cuadro: Cuadro plegable de aleaci\u00f3n de aluminio<\/td>\n<td>Neum\u00e1tico: 20\u2033*4.0<\/td>\n<\/tr>\n<tr>\n<td>Rueda: rueda de aleaci\u00f3n de 20 pulgadas con radios<\/td>\n<td>Horquilla delantera: aluminio con brazos de magnesio y suspensi\u00f3n neum\u00e1tica bloqueable; T: 120 mm<\/td>\n<\/tr>\n<tr>\n<td>Suspensi\u00f3n: Suspensi\u00f3n total<\/td>\n<td>Freno: Freno de disco hidr\u00e1ulico<\/td>\n<\/tr>\n<tr>\n<td>Desviador: Desviador trasero Shimano de 8 velocidades<\/td>\n<td>Pantalla: Pantalla LCD monocroma<\/td>\n<\/tr>\n<tr>\n<td>Acelerador: Pulgar<\/td>\n<td>Funciones adicionales: control de velocidad, modo Walk.<\/td>\n<\/tr>\n<tr>\n<td>Velocidad: 25-28 mph<\/td>\n<td>Autonom\u00eda: 30-35 millas (modo el\u00e9ctrico), 55-65 millas (modo PAS)<\/td>\n<\/tr>\n<tr>\n<td>Carga recomendada: 280 libras<\/td>\n<td>Peso neto\/peso bruto: 64 lb\/75 lb<\/td>\n<\/tr>\n<tr>\n<td>Tama\u00f1o del embalaje: 79 x 59 x 42 cm<\/td>\n<td>Tama\u00f1o plegado: 78 x 54 x 77 cm<\/td>\n<\/tr>\n<tr>\n<td><\/td>\n<td><\/td>\n<\/tr>\n<\/tbody>\n<\/table>\n<p>Aqu\u00ed puedes encontrar m\u00e1s videos de presentaci\u00f3n: <a href=\"https:\/\/www.youtube.com\/c\/LinksErideTech\" target=\"_blank\" rel=\"noopener\">https:\/\/www.youtube.com\/c\/LinksErideTech<\/a><\/p>\n<p>Si est\u00e1 buscando otros modelos de bicicletas el\u00e9ctricas plegables, puede encontrar informaci\u00f3n detallada. <a href=\"https:\/\/www.linkseride.com\/es_co\/electric-bike-manufacturer\/\" target=\"_blank\" rel=\"noopener\">aqu\u00ed<\/a>.<\/p>","protected":false},"excerpt":{"rendered":"<p>\u25cf La bicicleta el\u00e9ctrica plegable cuenta con un potente motor sin escobillas de 750 vatios en el buje trasero que le permite circular incluso por los terrenos m\u00e1s accidentados.<\/p>\n<p>\u25cf 48 V y 15 Ah garantizan una mayor capacidad, lo que se traduce en m\u00e1s potencia y una mayor autonom\u00eda, adem\u00e1s de una larga vida \u00fatil y un alto rendimiento.<\/p>\n<p>\u25cf Amortiguadores delanteros bloqueables y amortiguador trasero de aleaci\u00f3n.<\/p>\n<p>\u25cfEl sistema de carga mejorado puede transportar hasta 25 kg, lo que resulta muy adecuado para los desplazamientos diarios.<\/p>\n<p>\u25cfPantalla LCD con retroiluminaci\u00f3n que permite controlar f\u00e1cilmente el estado durante la conducci\u00f3n.<\/p>","protected":false},"featured_media":5040,"template":"","meta":{"site-sidebar-layout":"default","site-content-layout":"default","ast-site-content-layout":"default","site-content-style":"default","site-sidebar-style":"default","ast-global-header-display":"","ast-banner-title-visibility":"","ast-main-header-display":"","ast-hfb-above-header-display":"","ast-hfb-below-header-display":"","ast-hfb-mobile-header-display":"","site-post-title":"","ast-breadcrumbs-content":"","ast-featured-img":"","footer-sml-layout":"","ast-disable-related-posts":"","theme-transparent-header-meta":"default","adv-header-id-meta":"","stick-header-meta":"","header-above-stick-meta":"","header-main-stick-meta":"","header-below-stick-meta":"","astra-migrate-meta-layouts":"default","ast-page-background-enabled":"default","ast-page-background-meta":{"desktop":{"background-color":"","background-image":"","background-repeat":"repeat","background-position":"center center","background-size":"auto","background-attachment":"scroll","background-type":"","background-media":"","overlay-type":"","overlay-color":"","overlay-opacity":"","overlay-gradient":""},"tablet":{"background-color":"","background-image":"","background-repeat":"repeat","background-position":"center center","background-size":"auto","background-attachment":"scroll","background-type":"","background-media":"","overlay-type":"","overlay-color":"","overlay-opacity":"","overlay-gradient":""},"mobile":{"background-color":"","background-image":"","background-repeat":"repeat","background-position":"center center","background-size":"auto","background-attachment":"scroll","background-type":"","background-media":"","overlay-type":"","overlay-color":"","overlay-opacity":"","overlay-gradient":""}},"ast-content-background-meta":{"desktop":{"background-color":"var(--ast-global-color-5)","background-image":"","background-repeat":"repeat","background-position":"center center","background-size":"auto","background-attachment":"scroll","background-type":"","background-media":"","overlay-type":"","overlay-color":"","overlay-opacity":"","overlay-gradient":""},"tablet":{"background-color":"var(--ast-global-color-5)","background-image":"","background-repeat":"repeat","background-position":"center center","background-size":"auto","background-attachment":"scroll","background-type":"","background-media":"","overlay-type":"","overlay-color":"","overlay-opacity":"","overlay-gradient":""},"mobile":{"background-color":"var(--ast-global-color-5)","background-image":"","background-repeat":"repeat","background-position":"center center","background-size":"auto","background-attachment":"scroll","background-type":"","background-media":"","overlay-type":"","overlay-color":"","overlay-opacity":"","overlay-gradient":""}}},"product_brand":[],"product_cat":[29],"product_tag":[],"class_list":{"0":"post-5035","1":"product","2":"type-product","3":"status-publish","4":"has-post-thumbnail","6":"product_cat-electric-bike","7":"desktop-align-left","8":"tablet-align-left","9":"mobile-align-left","11":"first","12":"instock","13":"shipping-taxable","14":"purchasable","15":"product-type-simple"},"_links":{"self":[{"href":"https:\/\/www.linkseride.com\/es_co\/wp-json\/wp\/v2\/product\/5035","targetHints":{"allow":["GET"]}}],"collection":[{"href":"https:\/\/www.linkseride.com\/es_co\/wp-json\/wp\/v2\/product"}],"about":[{"href":"https:\/\/www.linkseride.com\/es_co\/wp-json\/wp\/v2\/types\/product"}],"wp:featuredmedia":[{"embeddable":true,"href":"https:\/\/www.linkseride.com\/es_co\/wp-json\/wp\/v2\/media\/5040"}],"wp:attachment":[{"href":"https:\/\/www.linkseride.com\/es_co\/wp-json\/wp\/v2\/media?parent=5035"}],"wp:term":[{"taxonomy":"product_brand","embeddable":true,"href":"https:\/\/www.linkseride.com\/es_co\/wp-json\/wp\/v2\/product_brand?post=5035"},{"taxonomy":"product_cat","embeddable":true,"href":"https:\/\/www.linkseride.com\/es_co\/wp-json\/wp\/v2\/product_cat?post=5035"},{"taxonomy":"product_tag","embeddable":true,"href":"https:\/\/www.linkseride.com\/es_co\/wp-json\/wp\/v2\/product_tag?post=5035"}],"curies":[{"name":"wp","href":"https:\/\/api.w.org\/{rel}","templated":true}]}}