{"id":5041,"date":"2021-11-29T07:31:13","date_gmt":"2021-11-29T07:31:13","guid":{"rendered":"http:\/\/linkseride.com\/?post_type=product&#038;p=5041"},"modified":"2021-12-05T14:26:38","modified_gmt":"2021-12-05T14:26:38","slug":"bicicleta-electrica-plegable-x5-de-20-pulgadas","status":"publish","type":"product","link":"https:\/\/www.linkseride.com\/es_co\/product\/x5-20-inch-folding-bike-electric-bike\/","title":{"rendered":"Bicicleta el\u00e9ctrica plegable X5 de 20 pulgadas con neum\u00e1ticos gruesos"},"content":{"rendered":"<table width=\"100%\">\n<tbody>\n<tr>\n<td><img decoding=\"async\" class=\"aligncenter\" src=\"https:\/\/cdn.shopify.com\/s\/files\/1\/2721\/7242\/files\/power_100x100.png?v=1588931357\" alt=\"\" width=\"74\" height=\"74\" \/><\/td>\n<td>\n<h3 style=\"text-align: left;\">\u00a0<strong>MOTOR DE BUJE DE 750 W<\/strong><\/h3>\n<\/td>\n<td>\n<h4><img decoding=\"async\" class=\"aligncenter\" src=\"https:\/\/cdn.shopify.com\/s\/files\/1\/2721\/7242\/files\/1_89318afc-f1b5-47c6-ad35-68a19e133979_100x100.png?v=1588930275\" alt=\"\" width=\"83\" height=\"83\" \/><\/h4>\n<\/td>\n<td>\n<h3>VELOCIDAD M\u00c1XIMA\u00a0<strong>45 km\/h<\/strong><\/h3>\n<\/td>\n<\/tr>\n<tr>\n<td><img decoding=\"async\" class=\"aligncenter\" src=\"https:\/\/cdn.shopify.com\/s\/files\/1\/2721\/7242\/files\/battery_100x100.png?v=1588928843\" alt=\"\" width=\"77\" height=\"77\" \/><\/td>\n<td>\n<h3>48 V, 14 Ah<\/h3>\n<\/td>\n<td><img loading=\"lazy\" decoding=\"async\" class=\"aligncenter\" src=\"https:\/\/cdn.shopify.com\/s\/files\/1\/2721\/7242\/files\/1_7af7c125-e351-4f03-ab3e-65ee1e3fff60_100x100.png?v=1588930505\" alt=\"\" width=\"89\" height=\"89\" \/><\/td>\n<td>\n<h3><strong>105 KIL\u00d3METROS<\/strong><\/h3>\n<\/td>\n<\/tr>\n<tr>\n<td>\n<h3><img loading=\"lazy\" decoding=\"async\" class=\"aligncenter\" src=\"https:\/\/cdn.shopify.com\/s\/files\/1\/2721\/7242\/files\/7b98f62f920fff0dd3e96e643c93cc88_100x100.png?v=1588928533\" alt=\"\" width=\"87\" height=\"87\" \/><\/h3>\n<\/td>\n<td>\n<h3><strong>82 kg<\/strong> CARGA M\u00c1XIMA<\/h3>\n<\/td>\n<td>\n<h4><img loading=\"lazy\" decoding=\"async\" class=\"aligncenter\" src=\"https:\/\/cdn.shopify.com\/s\/files\/1\/2721\/7242\/files\/rider_100x100.png?v=1588930714\" alt=\"\" width=\"92\" height=\"92\" \/><\/h4>\n<\/td>\n<td>\n<h3>ALTURA DEL MOTOCICLISTA:\u00a0 <strong>1,63 m \u2013 1,96 m\u2019<\/strong><\/h3>\n<\/td>\n<\/tr>\n<\/tbody>\n<\/table>\n<p><!--more--><\/p>\n<h3><\/h3>\n<h3 style=\"text-align: center;\"><strong>QU\u00c9 INCLUYE\u00a0<\/strong><\/h3>\n<table width=\"100%\">\n<tbody>\n<tr>\n<td>La bicicleta en s\u00ed misma<\/td>\n<td>Luz delantera y luz de freno integradas<\/td>\n<\/tr>\n<tr>\n<td>Cargador y bater\u00eda<\/td>\n<td>Manual de usuario<\/td>\n<\/tr>\n<\/tbody>\n<\/table>\n<div id='gallery-1' class='gallery galleryid-5041 gallery-columns-3 gallery-size-full'><figure class='gallery-item'>\n\t\t\t<div class='gallery-icon landscape'>\n\t\t\t\t<img loading=\"lazy\" decoding=\"async\" width=\"900\" height=\"900\" src=\"https:\/\/www.linkseride.com\/wp-content\/uploads\/2021\/11\/X5_8412ee62-9ef2-4936-91f5-ccc1b4bc2171.jpeg\" class=\"attachment-full size-full\" alt=\"\" srcset=\"https:\/\/www.linkseride.com\/wp-content\/uploads\/2021\/11\/X5_8412ee62-9ef2-4936-91f5-ccc1b4bc2171.jpeg 900w, https:\/\/www.linkseride.com\/wp-content\/uploads\/2021\/11\/X5_8412ee62-9ef2-4936-91f5-ccc1b4bc2171-300x300.jpeg 300w, https:\/\/www.linkseride.com\/wp-content\/uploads\/2021\/11\/X5_8412ee62-9ef2-4936-91f5-ccc1b4bc2171-150x150.jpeg 150w, https:\/\/www.linkseride.com\/wp-content\/uploads\/2021\/11\/X5_8412ee62-9ef2-4936-91f5-ccc1b4bc2171-768x768.jpeg 768w, https:\/\/www.linkseride.com\/wp-content\/uploads\/2021\/11\/X5_8412ee62-9ef2-4936-91f5-ccc1b4bc2171-600x600.jpeg 600w, https:\/\/www.linkseride.com\/wp-content\/uploads\/2021\/11\/X5_8412ee62-9ef2-4936-91f5-ccc1b4bc2171-100x100.jpeg 100w\" sizes=\"(max-width: 900px) 100vw, 900px\" \/>\n\t\t\t<\/div><\/figure><figure class='gallery-item'>\n\t\t\t<div class='gallery-icon landscape'>\n\t\t\t\t<img loading=\"lazy\" decoding=\"async\" width=\"2000\" height=\"2000\" src=\"https:\/\/www.linkseride.com\/wp-content\/uploads\/2021\/11\/X5_eadf59bd-2497-4b9c-acdf-56b86e86f75f.jpeg\" class=\"attachment-full size-full\" alt=\"\" srcset=\"https:\/\/www.linkseride.com\/wp-content\/uploads\/2021\/11\/X5_eadf59bd-2497-4b9c-acdf-56b86e86f75f.jpeg 2000w, https:\/\/www.linkseride.com\/wp-content\/uploads\/2021\/11\/X5_eadf59bd-2497-4b9c-acdf-56b86e86f75f-300x300.jpeg 300w, https:\/\/www.linkseride.com\/wp-content\/uploads\/2021\/11\/X5_eadf59bd-2497-4b9c-acdf-56b86e86f75f-1024x1024.jpeg 1024w, https:\/\/www.linkseride.com\/wp-content\/uploads\/2021\/11\/X5_eadf59bd-2497-4b9c-acdf-56b86e86f75f-150x150.jpeg 150w, https:\/\/www.linkseride.com\/wp-content\/uploads\/2021\/11\/X5_eadf59bd-2497-4b9c-acdf-56b86e86f75f-768x768.jpeg 768w, https:\/\/www.linkseride.com\/wp-content\/uploads\/2021\/11\/X5_eadf59bd-2497-4b9c-acdf-56b86e86f75f-1536x1536.jpeg 1536w, https:\/\/www.linkseride.com\/wp-content\/uploads\/2021\/11\/X5_eadf59bd-2497-4b9c-acdf-56b86e86f75f-600x600.jpeg 600w, https:\/\/www.linkseride.com\/wp-content\/uploads\/2021\/11\/X5_eadf59bd-2497-4b9c-acdf-56b86e86f75f-100x100.jpeg 100w\" sizes=\"(max-width: 2000px) 100vw, 2000px\" \/>\n\t\t\t<\/div><\/figure><figure class='gallery-item'>\n\t\t\t<div class='gallery-icon landscape'>\n\t\t\t\t<img loading=\"lazy\" decoding=\"async\" width=\"2000\" height=\"2000\" src=\"https:\/\/www.linkseride.com\/wp-content\/uploads\/2021\/11\/X5-2.jpeg\" class=\"attachment-full size-full\" alt=\"\" srcset=\"https:\/\/www.linkseride.com\/wp-content\/uploads\/2021\/11\/X5-2.jpeg 2000w, https:\/\/www.linkseride.com\/wp-content\/uploads\/2021\/11\/X5-2-300x300.jpeg 300w, https:\/\/www.linkseride.com\/wp-content\/uploads\/2021\/11\/X5-2-1024x1024.jpeg 1024w, https:\/\/www.linkseride.com\/wp-content\/uploads\/2021\/11\/X5-2-150x150.jpeg 150w, https:\/\/www.linkseride.com\/wp-content\/uploads\/2021\/11\/X5-2-768x768.jpeg 768w, https:\/\/www.linkseride.com\/wp-content\/uploads\/2021\/11\/X5-2-1536x1536.jpeg 1536w, https:\/\/www.linkseride.com\/wp-content\/uploads\/2021\/11\/X5-2-600x600.jpeg 600w, https:\/\/www.linkseride.com\/wp-content\/uploads\/2021\/11\/X5-2-100x100.jpeg 100w\" sizes=\"(max-width: 2000px) 100vw, 2000px\" \/>\n\t\t\t<\/div><\/figure>\n\t\t<\/div>\n\n<h3><\/h3>\n<h3 style=\"text-align: center;\"><strong>ESPECIFICACIONES<\/strong><\/h3>\n<table width=\"100%\">\n<tbody>\n<tr>\n<td>Motor: motor trasero sin escobillas de 750 W<\/td>\n<td>Bater\u00eda: bater\u00eda de litio LG de 48 V y 10,4 Ah.<\/td>\n<\/tr>\n<tr>\n<td>Cargador: 54,6 V, 2,0 Ah<\/td>\n<td>Controlador: Controlador inteligente de 18 A<\/td>\n<\/tr>\n<tr>\n<td>Cuadro: Cuadro plegable de aleaci\u00f3n de aluminio<\/td>\n<td>Neum\u00e1tico: 20\u2033*4.0<\/td>\n<\/tr>\n<tr>\n<td>Rueda: rueda de aleaci\u00f3n de 20 pulgadas con radios<\/td>\n<td>Horquilla delantera: aluminio con brazos de magnesio y suspensi\u00f3n neum\u00e1tica bloqueable; T: 120 mm<\/td>\n<\/tr>\n<tr>\n<td>Suspensi\u00f3n: Suspensi\u00f3n total<\/td>\n<td>Freno: Freno de disco mec\u00e1nico<\/td>\n<\/tr>\n<tr>\n<td>Desviador: Desviador trasero Shimano de 7 velocidades<\/td>\n<td>Pantalla: Pantalla LCD monocroma<\/td>\n<\/tr>\n<tr>\n<td>Acelerador: Acelerador<\/td>\n<td>Funciones adicionales: control de velocidad, modo Walk.<\/td>\n<\/tr>\n<tr>\n<td>Velocidad: 25-28 mph<\/td>\n<td>Autonom\u00eda: 30-35 millas (modo el\u00e9ctrico), 55-65 millas (modo PAS)<\/td>\n<\/tr>\n<tr>\n<td>Carga recomendada: 280 libras<\/td>\n<td>Peso neto\/peso bruto: 64 lb\/75 lb<\/td>\n<\/tr>\n<tr>\n<td>Tama\u00f1o del embalaje: 79 x 59 x 42 cm<\/td>\n<td>Tama\u00f1o plegado: 78 x 54 x 77 cm<\/td>\n<\/tr>\n<tr>\n<td><\/td>\n<td><\/td>\n<\/tr>\n<\/tbody>\n<\/table>\n<p>Aqu\u00ed puedes encontrar m\u00e1s videos de presentaci\u00f3n: <a href=\"https:\/\/www.youtube.com\/c\/LinksErideTech\" target=\"_blank\" rel=\"noopener\">https:\/\/www.youtube.com\/c\/LinksErideTech<\/a><\/p>\n<p>Si est\u00e1 buscando otros modelos de bicicletas el\u00e9ctricas plegables, puede encontrar informaci\u00f3n detallada. <a href=\"https:\/\/www.linkseride.com\/es_co\/electric-bike-manufacturer\/\" target=\"_blank\" rel=\"noopener\">aqu\u00ed<\/a>.<\/p>","protected":false},"excerpt":{"rendered":"<p>\u25cf Bicicleta plegable de 20 pulgadas con neum\u00e1ticos gruesos de 4 pulgadas aptos para todo tipo de terrenos<\/p>\n<p>\u25cf Potente motor sin escobillas de 750 W de alta velocidad integrado en el buje<\/p>\n<p>\u25cf Equipado con una bater\u00eda de iones de litio extra\u00edble de 48 V y 14 Ah, ofrece una autonom\u00eda de entre 96 y 105 km (PAS)<\/p>\n<p>\u25cf Env\u00edo local desde el almac\u00e9n de EE. UU. en California, puerta a puerta<\/p>\n<p>\u25cf Portabultos trasero opcional para que dispongas de m\u00e1s espacio de almacenamiento<\/p>\n<p>&nbsp;<\/p>","protected":false},"featured_media":5045,"template":"","meta":{"site-sidebar-layout":"default","site-content-layout":"default","ast-site-content-layout":"default","site-content-style":"default","site-sidebar-style":"default","ast-global-header-display":"","ast-banner-title-visibility":"","ast-main-header-display":"","ast-hfb-above-header-display":"","ast-hfb-below-header-display":"","ast-hfb-mobile-header-display":"","site-post-title":"","ast-breadcrumbs-content":"","ast-featured-img":"","footer-sml-layout":"","ast-disable-related-posts":"","theme-transparent-header-meta":"default","adv-header-id-meta":"","stick-header-meta":"","header-above-stick-meta":"","header-main-stick-meta":"","header-below-stick-meta":"","astra-migrate-meta-layouts":"default","ast-page-background-enabled":"default","ast-page-background-meta":{"desktop":{"background-color":"","background-image":"","background-repeat":"repeat","background-position":"center center","background-size":"auto","background-attachment":"scroll","background-type":"","background-media":"","overlay-type":"","overlay-color":"","overlay-opacity":"","overlay-gradient":""},"tablet":{"background-color":"","background-image":"","background-repeat":"repeat","background-position":"center center","background-size":"auto","background-attachment":"scroll","background-type":"","background-media":"","overlay-type":"","overlay-color":"","overlay-opacity":"","overlay-gradient":""},"mobile":{"background-color":"","background-image":"","background-repeat":"repeat","background-position":"center center","background-size":"auto","background-attachment":"scroll","background-type":"","background-media":"","overlay-type":"","overlay-color":"","overlay-opacity":"","overlay-gradient":""}},"ast-content-background-meta":{"desktop":{"background-color":"var(--ast-global-color-5)","background-image":"","background-repeat":"repeat","background-position":"center center","background-size":"auto","background-attachment":"scroll","background-type":"","background-media":"","overlay-type":"","overlay-color":"","overlay-opacity":"","overlay-gradient":""},"tablet":{"background-color":"var(--ast-global-color-5)","background-image":"","background-repeat":"repeat","background-position":"center center","background-size":"auto","background-attachment":"scroll","background-type":"","background-media":"","overlay-type":"","overlay-color":"","overlay-opacity":"","overlay-gradient":""},"mobile":{"background-color":"var(--ast-global-color-5)","background-image":"","background-repeat":"repeat","background-position":"center center","background-size":"auto","background-attachment":"scroll","background-type":"","background-media":"","overlay-type":"","overlay-color":"","overlay-opacity":"","overlay-gradient":""}}},"product_brand":[],"product_cat":[29],"product_tag":[],"class_list":{"0":"post-5041","1":"product","2":"type-product","3":"status-publish","4":"has-post-thumbnail","6":"product_cat-electric-bike","7":"desktop-align-left","8":"tablet-align-left","9":"mobile-align-left","11":"first","12":"instock","13":"shipping-taxable","14":"purchasable","15":"product-type-simple"},"_links":{"self":[{"href":"https:\/\/www.linkseride.com\/es_co\/wp-json\/wp\/v2\/product\/5041","targetHints":{"allow":["GET"]}}],"collection":[{"href":"https:\/\/www.linkseride.com\/es_co\/wp-json\/wp\/v2\/product"}],"about":[{"href":"https:\/\/www.linkseride.com\/es_co\/wp-json\/wp\/v2\/types\/product"}],"wp:featuredmedia":[{"embeddable":true,"href":"https:\/\/www.linkseride.com\/es_co\/wp-json\/wp\/v2\/media\/5045"}],"wp:attachment":[{"href":"https:\/\/www.linkseride.com\/es_co\/wp-json\/wp\/v2\/media?parent=5041"}],"wp:term":[{"taxonomy":"product_brand","embeddable":true,"href":"https:\/\/www.linkseride.com\/es_co\/wp-json\/wp\/v2\/product_brand?post=5041"},{"taxonomy":"product_cat","embeddable":true,"href":"https:\/\/www.linkseride.com\/es_co\/wp-json\/wp\/v2\/product_cat?post=5041"},{"taxonomy":"product_tag","embeddable":true,"href":"https:\/\/www.linkseride.com\/es_co\/wp-json\/wp\/v2\/product_tag?post=5041"}],"curies":[{"name":"wp","href":"https:\/\/api.w.org\/{rel}","templated":true}]}}