{"id":5107,"date":"2021-12-24T09:26:55","date_gmt":"2021-12-24T09:26:55","guid":{"rendered":"http:\/\/linkseride.com\/?post_type=product&#038;p=5107"},"modified":"2022-01-06T14:45:12","modified_gmt":"2022-01-06T14:45:12","slug":"60v30ah-electric-scooter-battery","status":"publish","type":"product","link":"https:\/\/www.linkseride.com\/es_co\/product\/60v30ah-electric-scooter-battery\/","title":{"rendered":"Bater\u00eda el\u00e9ctrica de 60 V y 30 Ah para scooter M1 M1P Chopper"},"content":{"rendered":"<h6>Linkseride 60V 30Ah Electric Scooter Battery M1 M1p scooter<\/h6>\n<p>Quick Swap Battery: 60V 30Ah capacity<\/p>\n<ol>\n<li>Fitment: Apply to 1500W &amp; 2000W &amp; 3000W Scooter Motor<\/li>\n<li>CE RoHS UN38.3 MSDS<\/li>\n<li>Ship from our USA &amp; EU warehouse, delivery to door in 5-7 days<\/li>\n<\/ol>\n<p>Voltaje de carga: 67,2 V Voltaje nominal: 60 V<br \/>\nPeso del paquete de bater\u00edas: aproximadamente 8,5 kg.<br \/>\nEntrada: 110 V-240 V<br \/>\nCapacity: Upgraded 30Ah<br \/>\nDischarging current : 40A<br \/>\nTipo de bater\u00eda: bater\u00eda recargable de iones de litio.<br \/>\nVoltaje de salida: 40-67,2 V CC<br \/>\nCorriente de carga: 5 A<br \/>\nCorriente de carga: est\u00e1ndar 5 A, m\u00e1xima 8,5 A.<br \/>\nVida \u00fatil del producto: Ciclo de vida M\u00e1s de 1000 veces, DOD a 80%<br \/>\nTemperatura de carga: 0~45 \u00b0C<br \/>\nTemperatura de descarga: -20~60 \u00b0C<br \/>\nTemperatura de almacenamiento: -20~45 \u00b0C<\/p>\n<h6>Charging of the electric scooter battery\uff1a<\/h6>\n<ul>\n<li>It takes 5-6 hours for a full charge for a completely empty battery<\/li>\n<li>Please always use the original charger that we offer together with the package to charge your battery<\/li>\n<li>Get your battery on charge first once you get your scooters<\/li>\n<li>Storage: Charge or discharge the battery to approximately 80% of capacity before storage. Charge the battery to approximately 80% of capacity at least once every three months. Store the battery at temperatures between 5 \u00b0C and 20 \u00b0C (41 \u00b0F and 68 \u00b0F). The discharge port and charging port should be clean at all times.<\/li>\n<\/ul>\n<h6>Precauciones de manejo:<\/h6>\n<ul>\n<li>Do not disassemble, crush, or puncture a battery.<\/li>\n<li>Do not short the external contacts on a battery.<\/li>\n<li>Do not dispose of a battery in fire or water.<\/li>\n<li>Do not expose a battery to temperatures above 60 \u00b0C (140 \u00b0F).<\/li>\n<li>Keep the battery away from children.<\/li>\n<li>Avoid exposing the battery to excessive shock or vibration. Do not use a damaged battery.<\/li>\n<\/ul>\n<h6>Transporte:<\/h6>\n<p>Verifique siempre todas las regulaciones locales, nacionales e internacionales aplicables antes de transportar productos con bater\u00edas de iones de litio. Cont\u00e1ctenos para obtener m\u00e1s detalles antes de realizar un pedido.<\/p>\n<p>Quick check here for videos:<\/p>\n<div class=\"ast-oembed-container\" style=\"height: 100%;\"><iframe title=\"C\u00f3mo instalar la funda para el sill\u00edn de tu scooter el\u00e9ctrico M1P Harley Citycoco\" width=\"500\" height=\"281\" src=\"https:\/\/www.youtube.com\/embed\/YvjtsWfO35I?feature=oembed\" frameborder=\"0\" allow=\"accelerometer; autoplay; clipboard-write; encrypted-media; gyroscope; picture-in-picture; web-share\" referrerpolicy=\"strict-origin-when-cross-origin\" allowfullscreen><\/iframe><\/div>\n<p class=\"p1\"><span class=\"s1\">M\u00e1s videos en nuestro canal de Youtube: <a href=\"https:\/\/www.youtube.com\/c\/LinksErideTech\" target=\"_blank\" rel=\"noopener\"><span class=\"s2\">https:\/\/www.youtube.com\/c\/LinksErideTech<\/span><\/a><\/span><\/p>\n<p>Si est\u00e1s buscando otros repuestos para las patinetas con llantas gruesas, consulta aqu\u00ed: <a href=\"https:\/\/www.linkseride.com\/es_co\/fat-tire-scooter-accessories-scooter-parts\/\" target=\"_blank\" rel=\"noopener\">http:\/\/linkseride.com\/fat-tire-scooter-accessories-scooter-parts\/<\/a><\/p>","protected":false},"excerpt":{"rendered":"<p>\u25cf 60V30Ah Electric Scooter Battery For model M1 M1P electric chopper scooter<\/p>\n<p>\u25cf <strong>Ajuste:<\/strong> Aplicable a motores de scooter de 1500 W, 2000 W y 3000 W.<\/p>\n<p>\u25cf <strong>Existencias en almac\u00e9n:<\/strong> Modelo M1P\/M2\/M8 patineta con llantas gruesas Disponible en almacenes de EE. UU. y la UE<\/p>","protected":false},"featured_media":5170,"template":"","meta":{"site-sidebar-layout":"default","site-content-layout":"default","ast-site-content-layout":"default","site-content-style":"default","site-sidebar-style":"default","ast-global-header-display":"","ast-banner-title-visibility":"","ast-main-header-display":"","ast-hfb-above-header-display":"","ast-hfb-below-header-display":"","ast-hfb-mobile-header-display":"","site-post-title":"","ast-breadcrumbs-content":"","ast-featured-img":"","footer-sml-layout":"","ast-disable-related-posts":"","theme-transparent-header-meta":"default","adv-header-id-meta":"","stick-header-meta":"","header-above-stick-meta":"","header-main-stick-meta":"","header-below-stick-meta":"","astra-migrate-meta-layouts":"default","ast-page-background-enabled":"default","ast-page-background-meta":{"desktop":{"background-color":"","background-image":"","background-repeat":"repeat","background-position":"center center","background-size":"auto","background-attachment":"scroll","background-type":"","background-media":"","overlay-type":"","overlay-color":"","overlay-opacity":"","overlay-gradient":""},"tablet":{"background-color":"","background-image":"","background-repeat":"repeat","background-position":"center center","background-size":"auto","background-attachment":"scroll","background-type":"","background-media":"","overlay-type":"","overlay-color":"","overlay-opacity":"","overlay-gradient":""},"mobile":{"background-color":"","background-image":"","background-repeat":"repeat","background-position":"center center","background-size":"auto","background-attachment":"scroll","background-type":"","background-media":"","overlay-type":"","overlay-color":"","overlay-opacity":"","overlay-gradient":""}},"ast-content-background-meta":{"desktop":{"background-color":"var(--ast-global-color-5)","background-image":"","background-repeat":"repeat","background-position":"center center","background-size":"auto","background-attachment":"scroll","background-type":"","background-media":"","overlay-type":"","overlay-color":"","overlay-opacity":"","overlay-gradient":""},"tablet":{"background-color":"var(--ast-global-color-5)","background-image":"","background-repeat":"repeat","background-position":"center center","background-size":"auto","background-attachment":"scroll","background-type":"","background-media":"","overlay-type":"","overlay-color":"","overlay-opacity":"","overlay-gradient":""},"mobile":{"background-color":"var(--ast-global-color-5)","background-image":"","background-repeat":"repeat","background-position":"center center","background-size":"auto","background-attachment":"scroll","background-type":"","background-media":"","overlay-type":"","overlay-color":"","overlay-opacity":"","overlay-gradient":""}}},"product_brand":[],"product_cat":[15],"product_tag":[],"class_list":{"0":"post-5107","1":"product","2":"type-product","3":"status-publish","4":"has-post-thumbnail","6":"product_cat-uncategorized","7":"desktop-align-left","8":"tablet-align-left","9":"mobile-align-left","11":"first","12":"instock","13":"shipping-taxable","14":"product-type-simple"},"_links":{"self":[{"href":"https:\/\/www.linkseride.com\/es_co\/wp-json\/wp\/v2\/product\/5107","targetHints":{"allow":["GET"]}}],"collection":[{"href":"https:\/\/www.linkseride.com\/es_co\/wp-json\/wp\/v2\/product"}],"about":[{"href":"https:\/\/www.linkseride.com\/es_co\/wp-json\/wp\/v2\/types\/product"}],"wp:featuredmedia":[{"embeddable":true,"href":"https:\/\/www.linkseride.com\/es_co\/wp-json\/wp\/v2\/media\/5170"}],"wp:attachment":[{"href":"https:\/\/www.linkseride.com\/es_co\/wp-json\/wp\/v2\/media?parent=5107"}],"wp:term":[{"taxonomy":"product_brand","embeddable":true,"href":"https:\/\/www.linkseride.com\/es_co\/wp-json\/wp\/v2\/product_brand?post=5107"},{"taxonomy":"product_cat","embeddable":true,"href":"https:\/\/www.linkseride.com\/es_co\/wp-json\/wp\/v2\/product_cat?post=5107"},{"taxonomy":"product_tag","embeddable":true,"href":"https:\/\/www.linkseride.com\/es_co\/wp-json\/wp\/v2\/product_tag?post=5107"}],"curies":[{"name":"wp","href":"https:\/\/api.w.org\/{rel}","templated":true}]}}